{"id":364,"date":"2019-09-21T00:51:00","date_gmt":"2019-09-21T03:51:00","guid":{"rendered":"https:\/\/www.facet.unt.edu.ar\/revistacet\/?page_id=364"},"modified":"2023-03-31T00:52:12","modified_gmt":"2023-03-31T03:52:12","slug":"revista-cet-39","status":"publish","type":"page","link":"https:\/\/www.facet.unt.edu.ar\/revistacet\/revista-cet-39\/","title":{"rendered":"Revista cet 39"},"content":{"rendered":"<p style=\"text-align: left;\">A\u00f1o 25 N\u00ba 39 \/ 2017 &#8211; 2018<br \/>\nRevista de propiedad de la<br \/>\nFacultad de Ciencias Exactas y Tecnolog\u00eda<br \/>\nUniversidad Nacional de Tucum\u00e1n<br \/>\nTucum\u00e1n \u2013 Argentina<\/p>\n<p style=\"text-align: center;\"><strong>CONTENIDO<\/strong><\/p>\n<p><span style=\"text-decoration: underline;\"><strong>Editorial<\/strong><\/span><br \/>\n&#8211; <a href=\"https:\/\/www.facet.unt.edu.ar\/revistacet\/wp-content\/uploads\/sites\/28\/2019\/09\/cet-39-Editorial.pdf\" target=\"_blank\" rel=\"noopener\">Ense\u00f1amos lo que investigamos<\/a><br \/>\nEscrito por <strong>Miguel \u00c1ngel Cabrera<\/strong><\/p>\n<p><strong><u>Investigaci\u00f3n y Desarrollo<\/u><\/strong><br \/>\n&#8211; <a href=\"https:\/\/www.facet.unt.edu.ar\/revistacet\/wp-content\/uploads\/sites\/28\/2023\/03\/cet-39-Inv-1.pdf\" target=\"_blank\" rel=\"noopener\">Sistemas Embebidos: Simplificaci\u00f3n de Descripci\u00f3n de M\u00e1quinas de Estado Finito<\/a><br \/>\nEscrito por <strong>Eduardo D. Cohen, Esteban D. Volentini y Juan Pablo Gruer<\/strong><\/p>\n<p>&#8211; <a href=\"https:\/\/www.facet.unt.edu.ar\/revistacet\/wp-content\/uploads\/sites\/28\/2023\/03\/cet-39-Inv-2.pdf\" target=\"_blank\" rel=\"noopener\">Consecuencias del uso de mochilas en ni\u00f1os<\/a><br \/>\nEscrito por <strong>Eduardo Bertini, Carlos E. Yamin Turbay, Fernando Belmonte y Pedro Bertini<\/strong><\/p>\n<p><strong><u>Docencia<\/u><\/strong><br \/>\n&#8211; <a href=\"https:\/\/www.facet.unt.edu.ar\/revistacet\/wp-content\/uploads\/sites\/28\/2023\/03\/cet-39-Docencia-1.pdf\" target=\"_blank\" rel=\"noopener\">Letras Griegas<\/a><br \/>\nEscrito por <strong>C\u00e9sar Francisco Medina<\/strong><\/p>\n<p>&#8211; <a href=\"https:\/\/www.facet.unt.edu.ar\/revistacet\/wp-content\/uploads\/sites\/28\/2023\/03\/cet-39-Docencia-2.pdf\" target=\"_blank\" rel=\"noopener\">Workshop en T\u00e9cnicas de Programaci\u00f3n Cient\u00edfica: Ense\u00f1ando a desarrollar software colaborativo para la ciencia<\/a><br \/>\nEscrito por <strong>Pablo Nicol\u00e1s Alcain, Cecilia Jarne, Rodrigo Lugones y Mar\u00eda Graciela Molina<\/strong><\/p>\n<p><strong><u>Homenaje<\/u><\/strong><br \/>\n&#8211; <a href=\"https:\/\/www.facet.unt.edu.ar\/revistacet\/wp-content\/uploads\/sites\/28\/2019\/09\/cet-39-Homenaje-Colombo.pdf\">Lic. Leonor Colombo de Cudmani<\/a><br \/>\nCompilaci\u00f3n del \u00c1rea de Comunicaci\u00f3n Institucional FACET<\/p>\n<hr \/>\n<div>Esta publicaci\u00f3n figura en el Directorio de Latindex<br \/>\nClasificaci\u00f3n Decimal Universal (CDU): 501- 62<br \/>\nDirector: TEL. +54-381-4364093 \u2013 Int. 7719.<br \/>\nCooperadora: TEL. +54-381-4364093 Int. 7803.<br \/>\nFAX: +54-381-4363004<br \/>\nE-mail: <a href=\"mailto:revista@herrera.unt.edu.ar\" target=\"_blank\" rel=\"noopener noreferrer\">revista@herrera.unt.edu.ar<\/a><br \/>\nEl contenido de los trabajos firmados no representa necesariamente la opini\u00f3n del editor, siendo de exclusiva responsabilidad de los autores.<br \/>\nRegistro de Propiedad Intelectual: N\u00ba 303943 \u2013 ISSN 1668-9178.<br \/>\nEste n\u00famero cerr\u00f3 el 30\/06\/2018 \u2013 Suscripci\u00f3n anual: $ 300.<\/div>\n","protected":false},"excerpt":{"rendered":"<p>A\u00f1o 25 N\u00ba 39 \/ 2017 &#8211; 2018 Revista de propiedad de la Facultad de Ciencias Exactas y Tecnolog\u00eda Universidad Nacional de Tucum\u00e1n Tucum\u00e1n \u2013 Argentina CONTENIDO Editorial &#8211; Ense\u00f1amos lo que investigamos Escrito por Miguel \u00c1ngel Cabrera Investigaci\u00f3n y Desarrollo &#8211; Sistemas Embebidos: Simplificaci\u00f3n de Descripci\u00f3n de M\u00e1quinas de Estado Finito Escrito por Eduardo [&hellip;]<\/p>\n","protected":false},"author":6,"featured_media":0,"parent":0,"menu_order":0,"comment_status":"closed","ping_status":"closed","template":"","meta":[],"_links":{"self":[{"href":"https:\/\/www.facet.unt.edu.ar\/revistacet\/wp-json\/wp\/v2\/pages\/364"}],"collection":[{"href":"https:\/\/www.facet.unt.edu.ar\/revistacet\/wp-json\/wp\/v2\/pages"}],"about":[{"href":"https:\/\/www.facet.unt.edu.ar\/revistacet\/wp-json\/wp\/v2\/types\/page"}],"author":[{"embeddable":true,"href":"https:\/\/www.facet.unt.edu.ar\/revistacet\/wp-json\/wp\/v2\/users\/6"}],"replies":[{"embeddable":true,"href":"https:\/\/www.facet.unt.edu.ar\/revistacet\/wp-json\/wp\/v2\/comments?post=364"}],"version-history":[{"count":7,"href":"https:\/\/www.facet.unt.edu.ar\/revistacet\/wp-json\/wp\/v2\/pages\/364\/revisions"}],"predecessor-version":[{"id":591,"href":"https:\/\/www.facet.unt.edu.ar\/revistacet\/wp-json\/wp\/v2\/pages\/364\/revisions\/591"}],"wp:attachment":[{"href":"https:\/\/www.facet.unt.edu.ar\/revistacet\/wp-json\/wp\/v2\/media?parent=364"}],"curies":[{"name":"wp","href":"https:\/\/api.w.org\/{rel}","templated":true}]}}