{"id":409,"date":"2021-11-02T20:19:48","date_gmt":"2021-11-02T23:19:48","guid":{"rendered":"https:\/\/www.facet.unt.edu.ar\/revistacet\/?page_id=409"},"modified":"2023-03-31T01:06:18","modified_gmt":"2023-03-31T04:06:18","slug":"revista-cet-40","status":"publish","type":"page","link":"https:\/\/www.facet.unt.edu.ar\/revistacet\/revista-cet-40\/","title":{"rendered":"Revista cet 40"},"content":{"rendered":"<p style=\"text-align: left;\">A\u00f1o 26 N\u00ba 40 \/ 2019<br \/>\nRevista de propiedad de la<br \/>\nFacultad de Ciencias Exactas y Tecnolog\u00eda<br \/>\nUniversidad Nacional de Tucum\u00e1n<br \/>\nTucum\u00e1n \u2013 Argentina<\/p>\n<p style=\"text-align: center;\"><strong>CONTENIDO<\/strong><\/p>\n<p><span style=\"text-decoration: underline;\"><strong>Editorial<\/strong><\/span><br \/>\n&#8211; <a href=\"https:\/\/www.facet.unt.edu.ar\/revistacet\/wp-content\/uploads\/sites\/28\/2021\/12\/EDITORIAL.pdf\" target=\"_blank\" rel=\"noopener noreferrer\">Vinculando FACET<\/a> &#8211; 2<br \/>\nEscrito por <strong>Eduardo Martel<\/strong><\/p>\n<p style=\"text-align: justify;\"><strong><u>Investigaci\u00f3n y Desarrollo<\/u><\/strong><br \/>\n&#8211; <a href=\"https:\/\/www.facet.unt.edu.ar\/revistacet\/wp-content\/uploads\/sites\/28\/2023\/03\/cet-40-IyD-01.pdf\" target=\"_blank\" rel=\"noopener noreferrer\">Riesgo S\u00edsmico en San Miguel de Tucum\u00e1n: modelizaci\u00f3n de la vulnerabilidad edilicia aplicando el Programa SELENA<\/a> &#8211; 3<br \/>\nEscrito por <strong>Liliana del Valle Abascal, Gustavo Gonz\u00e1lez Bonorino, Pablo Agust\u00edn Ar\u00e9valo, Lidia Mar\u00eda Ben\u00edtez y Sonia Bibiana Ben\u00edtez<\/strong><\/p>\n<p>&#8211; <a href=\"https:\/\/www.facet.unt.edu.ar\/revistacet\/wp-content\/uploads\/sites\/28\/2023\/03\/cet-40-IyD-02.pdf\" target=\"_blank\" rel=\"noopener noreferrer\">Arreglo de Antenas Parche con distribuci\u00f3n Dolph\u2013Tchebyscheff para la Banda de 2.4 Ghz<\/a> &#8211; 15<br \/>\nEscrito por <strong>Juan E. Ise, Diego Zimmerman y Alon Druck<\/strong><\/p>\n<p>&#8211; <a href=\"https:\/\/www.facet.unt.edu.ar\/revistacet\/wp-content\/uploads\/sites\/28\/2023\/03\/cet-40-IyD-03.pdf\" target=\"_blank\" rel=\"noopener noreferrer\">ScatterPE: una herramienta interactiva de apoyo al an\u00e1lisis bibliom\u00e9trico<\/a> &#8211; 25<br \/>\nEscrito por <strong>Jos\u00e9 Federico Medrano<\/strong><\/p>\n<p><strong><u>Docencia<\/u><\/strong><br \/>\n&#8211; <a href=\"https:\/\/www.facet.unt.edu.ar\/revistacet\/wp-content\/uploads\/sites\/28\/2023\/03\/cet-40-docencia-01.pdf\" target=\"_blank\" rel=\"noopener noreferrer\">Desempe\u00f1o de alumnos en una tarea de lectocomprensi\u00f3n en ingl\u00e9s<\/a> &#8211; 34<br \/>\nEscrito por <strong>Jorge A. Abboud, Mar\u00eda R. Bennasar y M. Bernarda Lau<\/strong><\/p>\n<p>&#8211; <a href=\"https:\/\/www.facet.unt.edu.ar\/revistacet\/wp-content\/uploads\/sites\/28\/2023\/03\/cet-40-docencia-02.pdf\" target=\"_blank\" rel=\"noopener noreferrer\">Fuerzas en el cuerpo humano. Una estimaci\u00f3n<\/a> &#8211; 42<br \/>\nEscrito por <strong>Carlos E. Yamin Turbay, Edgardo Bertini y Fernando Belmonte<\/strong><\/p>\n<p><strong><u>Arte y opini\u00f3n<\/u><\/strong><br \/>\n&#8211; <a href=\"https:\/\/www.facet.unt.edu.ar\/revistacet\/wp-content\/uploads\/sites\/28\/2021\/12\/6-e-sobre-m.pdf\" target=\"_blank\" rel=\"noopener noreferrer\">e\/m<\/a> &#8211; 50<br \/>\nEscrito por <strong>C\u00e9sar Francisco Medina<\/strong><\/p>\n<p>&#8211; <a href=\"https:\/\/www.facet.unt.edu.ar\/revistacet\/wp-content\/uploads\/sites\/28\/2021\/12\/7-ARTE-Y-OPINION-Concurso-Ingeniarte-DIGITAL.pdf\" target=\"_blank\" rel=\"noopener noreferrer\">Concurso Literario INGENIARTE<\/a> &#8211; 51<br \/>\nCompilaci\u00f3n realizada por la producci\u00f3n revista &#8220;cet&#8221;<\/p>\n<p><iframe loading=\"lazy\" src=\"https:\/\/www.yumpu.com\/es\/embed\/view\/tDNXfGZusIVTy92c\" width=\"620px\" height=\"604px\" frameborder=\"0\" allowfullscreen=\"allowfullscreen\"><\/iframe><br \/>\n<a title=\"CET 40\" href=\"https:\/\/www.yumpu.com\/es\/document\/view\/67744259\/cet-40\" target=\"_blank\" rel=\"noopener\">CET 40<\/a><\/p>\n<hr \/>\n<div>Esta publicaci\u00f3n figura en el Directorio de Latindex<br \/>\nClasificaci\u00f3n Decimal Universal (CDU): 501- 62<br \/>\nDirector: TEL. +54-381-4364093 \u2013 Int. 7719<br \/>\nCooperadora: TEL. +54-381-4364093 Int. 7803<br \/>\nFAX: +54-381-4363004<br \/>\nE-mail: <a href=\"mailto:revista@herrera.unt.edu.ar\" target=\"_blank\" rel=\"noopener noreferrer\">revista@herrera.unt.edu.ar<\/a><br \/>\nEl contenido de los trabajos firmados no representa necesariamente la opini\u00f3n del editor, siendo de exclusiva responsabilidad de los autores.<br \/>\nRegistro de Propiedad Intelectual: N\u00ba 303943 \u2013 ISSN 1668-9178<br \/>\nEste n\u00famero cerr\u00f3 el 30\/11\/2019 \u2013 Suscripci\u00f3n anual: $ 300<\/div>\n","protected":false},"excerpt":{"rendered":"<p>A\u00f1o 26 N\u00ba 40 \/ 2019 Revista de propiedad de la Facultad de Ciencias Exactas y Tecnolog\u00eda Universidad Nacional de Tucum\u00e1n Tucum\u00e1n \u2013 Argentina CONTENIDO Editorial &#8211; Vinculando FACET &#8211; 2 Escrito por Eduardo Martel Investigaci\u00f3n y Desarrollo &#8211; Riesgo S\u00edsmico en San Miguel de Tucum\u00e1n: modelizaci\u00f3n de la vulnerabilidad edilicia aplicando el Programa SELENA [&hellip;]<\/p>\n","protected":false},"author":6,"featured_media":0,"parent":0,"menu_order":0,"comment_status":"closed","ping_status":"closed","template":"","meta":[],"_links":{"self":[{"href":"https:\/\/www.facet.unt.edu.ar\/revistacet\/wp-json\/wp\/v2\/pages\/409"}],"collection":[{"href":"https:\/\/www.facet.unt.edu.ar\/revistacet\/wp-json\/wp\/v2\/pages"}],"about":[{"href":"https:\/\/www.facet.unt.edu.ar\/revistacet\/wp-json\/wp\/v2\/types\/page"}],"author":[{"embeddable":true,"href":"https:\/\/www.facet.unt.edu.ar\/revistacet\/wp-json\/wp\/v2\/users\/6"}],"replies":[{"embeddable":true,"href":"https:\/\/www.facet.unt.edu.ar\/revistacet\/wp-json\/wp\/v2\/comments?post=409"}],"version-history":[{"count":11,"href":"https:\/\/www.facet.unt.edu.ar\/revistacet\/wp-json\/wp\/v2\/pages\/409\/revisions"}],"predecessor-version":[{"id":597,"href":"https:\/\/www.facet.unt.edu.ar\/revistacet\/wp-json\/wp\/v2\/pages\/409\/revisions\/597"}],"wp:attachment":[{"href":"https:\/\/www.facet.unt.edu.ar\/revistacet\/wp-json\/wp\/v2\/media?parent=409"}],"curies":[{"name":"wp","href":"https:\/\/api.w.org\/{rel}","templated":true}]}}