{"id":440,"date":"2022-04-25T21:15:01","date_gmt":"2022-04-26T00:15:01","guid":{"rendered":"https:\/\/www.facet.unt.edu.ar\/revistacet\/?page_id=440"},"modified":"2022-10-20T22:42:39","modified_gmt":"2022-10-21T01:42:39","slug":"revista-cet-41","status":"publish","type":"page","link":"https:\/\/www.facet.unt.edu.ar\/revistacet\/revista-cet-41\/","title":{"rendered":"Revista cet 41"},"content":{"rendered":"<p style=\"text-align: left;\">A\u00f1o 29 N\u00ba 41 \/ 2020<br \/>\nRevista de propiedad de la<br \/>\nFacultad de Ciencias Exactas y Tecnolog\u00eda<br \/>\nUniversidad Nacional de Tucum\u00e1n<br \/>\nTucum\u00e1n \u2013 Argentina<\/p>\n<p style=\"text-align: center;\"><strong>CONTENIDO<\/strong><\/p>\n<p><a href=\"https:\/\/www.facet.unt.edu.ar\/revistacet\/wp-content\/uploads\/sites\/28\/2022\/04\/0-EDITORIAL-CET-41.pdf\" target=\"_blank\" rel=\"noopener\"><span style=\"text-decoration: underline;\"><strong>Editorial<\/strong><\/span><\/a>&#8211; 2<br \/>\nEscrito por <strong>Nicol\u00e1s Nieva<\/strong><\/p>\n<p style=\"text-align: justify;\"><strong><u>Investigaci\u00f3n y Desarrollo<\/u><\/strong><br \/>\n&#8211; <a href=\"https:\/\/www.facet.unt.edu.ar\/revistacet\/wp-content\/uploads\/sites\/28\/2022\/08\/1-IYD-Protocolo-IPv6-CET-41.pdf\" target=\"_blank\" rel=\"noopener\">Protocolo IPv6: fundamentos y aplicaciones<\/a> &#8211; 3<br \/>\nEscrito por <strong>Sergio Daniel Saade, Carlos Albaca Parav\u00e1n, Federico Herman Lutz y Javier Ignacio Bilbao<\/strong><\/p>\n<p>&#8211; <a href=\"https:\/\/www.facet.unt.edu.ar\/revistacet\/wp-content\/uploads\/sites\/28\/2022\/08\/2-IYD-Refactorizacion-del-modelo-de-navegacion-CET-41.pdf\" target=\"_blank\" rel=\"noopener\">Refactorizaci\u00f3n del modelo de navegaci\u00f3n en aplicaciones web de comercio electr\u00f3nico<\/a> &#8211; 15<br \/>\nEscrito por <strong>Carlos Albaca Parav\u00e1n<\/strong><\/p>\n<p><strong><u>Informe T\u00e9cnico<\/u><\/strong><br \/>\n&#8211; <a href=\"https:\/\/www.facet.unt.edu.ar\/revistacet\/wp-content\/uploads\/sites\/28\/2022\/08\/3-IT-Medicion-del-diametro-de-la-pupila-ocular-CET-41.pdf\" target=\"_blank\" rel=\"noopener\">Medici\u00f3n del di\u00e1metro de la pupila ocular con libertad de movimiento y flexibilidad t\u00e9cnica<\/a> &#8211; 27<br \/>\nEscrito por <strong>Juan Ignacio Contino y Andr\u00e9s Mart\u00edn<\/strong><\/p>\n<p>&#8211; <a href=\"https:\/\/www.facet.unt.edu.ar\/revistacet\/wp-content\/uploads\/sites\/28\/2022\/08\/4-IT-Metodologia-para-elaborar-un-plan-de-mantenimiento-preventivo-para-equipos-CET-41.pdf\" target=\"_blank\" rel=\"noopener\">Metodolog\u00eda para elaborar un plan de mantenimiento preventivo para equipos en un laboratorio de ensayos fisicoqu\u00edmicos<\/a> &#8211; 35<br \/>\nEscrito por <strong>Jos\u00e9 Federico Alfaro, Nancy Alves, Berta E. Bello, Susana Chauvet y Julieta Migliavacca<\/strong><\/p>\n<p><strong><u>Arte y Opini\u00f3n<\/u><\/strong><br \/>\n&#8211; <a href=\"https:\/\/www.facet.unt.edu.ar\/revistacet\/wp-content\/uploads\/sites\/28\/2022\/04\/5-AyO-CET-41-Un-soneto-escrito-en-Semana-Santa-de-2004.pdf\" target=\"_blank\" rel=\"noopener\">Un soneto escrito en Semana Santa de 2004<\/a> &#8211; 43<br \/>\nEscrito por <strong>Horacio Brizuela<\/strong><\/p>\n<p><iframe loading=\"lazy\" src=\"https:\/\/www.yumpu.com\/es\/embed\/view\/M4fq3GFehdrnsjK0\" width=\"620px\" height=\"570px\" frameborder=\"0\" allowfullscreen=\"allowfullscreen\"><\/iframe><br \/>\n<a title=\"CET 41\" href=\"https:\/\/www.yumpu.com\/es\/document\/view\/67110171\/cet-41\" target=\"_blank\" rel=\"noopener\">CET 41<\/a><\/p>\n<hr \/>\n<div>Esta publicaci\u00f3n figura en el Directorio de Latindex<br \/>\nClasificaci\u00f3n Decimal Universal (CDU): 501- 62<br \/>\nDirector: TEL. +54-381-4364093 \u2013 Int. 7719<br \/>\nCooperadora FACET: TEL. +54-381-4364093 Int. 7803<br \/>\nFAX: +54-381-4363004<br \/>\nE-mail: <a href=\"mailto:revista@herrera.unt.edu.ar\" target=\"_blank\" rel=\"noopener noreferrer\">revista@herrera.unt.edu.ar<\/a><br \/>\nEl contenido de los trabajos firmados no representa necesariamente la opini\u00f3n del editor, siendo de exclusiva responsabilidad de los autores.<br \/>\nRegistro de Propiedad Intelectual: N\u00ba 303943 \u2013 ISSN 1668-9178<br \/>\nEste n\u00famero cerr\u00f3 el 30\/11\/2020<\/div>\n","protected":false},"excerpt":{"rendered":"<p>A\u00f1o 29 N\u00ba 41 \/ 2020 Revista de propiedad de la Facultad de Ciencias Exactas y Tecnolog\u00eda Universidad Nacional de Tucum\u00e1n Tucum\u00e1n \u2013 Argentina CONTENIDO Editorial&#8211; 2 Escrito por Nicol\u00e1s Nieva Investigaci\u00f3n y Desarrollo &#8211; Protocolo IPv6: fundamentos y aplicaciones &#8211; 3 Escrito por Sergio Daniel Saade, Carlos Albaca Parav\u00e1n, Federico Herman Lutz y Javier [&hellip;]<\/p>\n","protected":false},"author":6,"featured_media":0,"parent":0,"menu_order":0,"comment_status":"closed","ping_status":"closed","template":"","meta":[],"_links":{"self":[{"href":"https:\/\/www.facet.unt.edu.ar\/revistacet\/wp-json\/wp\/v2\/pages\/440"}],"collection":[{"href":"https:\/\/www.facet.unt.edu.ar\/revistacet\/wp-json\/wp\/v2\/pages"}],"about":[{"href":"https:\/\/www.facet.unt.edu.ar\/revistacet\/wp-json\/wp\/v2\/types\/page"}],"author":[{"embeddable":true,"href":"https:\/\/www.facet.unt.edu.ar\/revistacet\/wp-json\/wp\/v2\/users\/6"}],"replies":[{"embeddable":true,"href":"https:\/\/www.facet.unt.edu.ar\/revistacet\/wp-json\/wp\/v2\/comments?post=440"}],"version-history":[{"count":8,"href":"https:\/\/www.facet.unt.edu.ar\/revistacet\/wp-json\/wp\/v2\/pages\/440\/revisions"}],"predecessor-version":[{"id":483,"href":"https:\/\/www.facet.unt.edu.ar\/revistacet\/wp-json\/wp\/v2\/pages\/440\/revisions\/483"}],"wp:attachment":[{"href":"https:\/\/www.facet.unt.edu.ar\/revistacet\/wp-json\/wp\/v2\/media?parent=440"}],"curies":[{"name":"wp","href":"https:\/\/api.w.org\/{rel}","templated":true}]}}