{"id":541,"date":"2023-03-16T18:02:28","date_gmt":"2023-03-16T21:02:28","guid":{"rendered":"https:\/\/www.facet.unt.edu.ar\/revistacet\/?page_id=541"},"modified":"2023-04-05T16:19:46","modified_gmt":"2023-04-05T19:19:46","slug":"revista-cet-33","status":"publish","type":"page","link":"https:\/\/www.facet.unt.edu.ar\/revistacet\/revista-cet-33\/","title":{"rendered":"Revista cet 33"},"content":{"rendered":"<p>A\u00f1o 20 N\u00ba 33 de Junio de 2011<br \/>\nRevista de Propiedad de la Facultad de<br \/>\nCiencias Exactas y Tecnolog\u00eda<br \/>\nUniversidad Nacional de Tucum\u00e1n<\/p>\n<p style=\"text-align: center;\"><strong><span style=\"text-decoration: underline;\">CONTENIDO<\/span><\/strong><\/p>\n<p style=\"text-align: justify;\"><span style=\"text-decoration: underline;\"><strong>Nota Editorial<\/strong>\u00a0<\/span><br \/>\n&#8211; <a href=\"https:\/\/www.facet.unt.edu.ar\/revistacet\/wp-content\/uploads\/sites\/28\/2023\/04\/cet-33-editorial.pdf\" target=\"_blank\" rel=\"noopener\">Acerca de las Actividades de Extensi\u00f3n y Transferencia<\/a> &#8211; 2<\/p>\n<p style=\"text-align: justify;\"><span style=\"text-decoration: underline;\"><strong><u>Investigaci\u00f3n y Desarrollo<br \/>\n<\/u><\/strong><\/span>&#8211; <a href=\"https:\/\/www.facet.unt.edu.ar\/revistacet\/wp-content\/uploads\/sites\/28\/2023\/04\/cet33inv01.pdf\" target=\"_blank\" rel=\"noopener\">An\u00e1lisis T\u00e9rmico de un Sistema de Cogeneraci\u00f3n de Fuerza Motriz y Vapor para Procesos de Calefacci\u00f3n en la Industria Azucarera<\/a> &#8211; 3<br \/>\nEscrito por <strong>Carlos Jos\u00e9 Ag\u00fcero, Jorge R. Pisa y Roberto L. Andina\u00a0<\/strong><br \/>\n&#8211; <a href=\"https:\/\/www.facet.unt.edu.ar\/revistacet\/wp-content\/uploads\/sites\/28\/2023\/04\/cet33inv02.pdf\" target=\"_blank\" rel=\"noopener\">Propiedades Reol\u00f3gicas de Melados de Ca\u00f1a de Az\u00facar<\/a> &#8211; 10<br \/>\nEscrito por <strong>Magdalena Mechetti, Azucena del R. G\u00f3mez L\u00f3pez y Alberto Balella<\/strong><\/p>\n<p style=\"text-align: justify;\"><strong><u>Docencia<\/u><\/strong><br \/>\n&#8211; <a href=\"https:\/\/www.facet.unt.edu.ar\/revistacet\/wp-content\/uploads\/sites\/28\/2023\/04\/cet33doc01.pdf\" target=\"_blank\" rel=\"noopener\">Software para el An\u00e1lisis Estad\u00edstico de Datos Acad\u00e9micos de la FACET<\/a> &#8211; 17<br \/>\nEscrito por <strong>Maximiliano Odstrcil, Estela Ruiz y Gabriel Ruiz\u00a0<\/strong><br \/>\n&#8211; <a href=\"https:\/\/www.facet.unt.edu.ar\/revistacet\/wp-content\/uploads\/sites\/28\/2023\/04\/cet33doc02.pdf\" target=\"_blank\" rel=\"noopener\">Hacia una Deconstrucci\u00f3n del Paradigma Educativo Tradicional: la Modalidad Virtual en la FACET<\/a> &#8211; 23<br \/>\nEscrito por <strong>Ricardo Garc\u00eda y L\u00eda Torres Auad\u00a0<\/strong><\/p>\n<p style=\"text-align: justify;\"><strong><u>Extensi\u00f3n<\/u><\/strong><br \/>\n&#8211; <a href=\"https:\/\/www.facet.unt.edu.ar\/revistacet\/wp-content\/uploads\/sites\/28\/2023\/04\/cet33ext01.pdf\" target=\"_blank\" rel=\"noopener\">Alumnos y Docentes de la Universidad Nacional de Tucum\u00e1n Disfrutamos al Compartir con Alumnos Primarios y Secundarios la Muestra Interactiva \u201c\u00bfPor qu\u00e9 las matem\u00e1ticas?\u201d<\/a> &#8211; 32<br \/>\nEscrito por <strong>Mar\u00eda de las Mercedes Ganim<\/strong><br \/>\n&#8211; <a href=\"https:\/\/www.facet.unt.edu.ar\/revistacet\/wp-content\/uploads\/sites\/28\/2023\/04\/cet33ext02.pdf\" target=\"_blank\" rel=\"noopener\">El Consumo de Combustible y Energ\u00eda en el Transporte<\/a> &#8211; 35<br \/>\nEscrito por Ricardo A. Marchese y Marcos A. Golato<\/p>\n<p style=\"text-align: justify;\"><strong><u>Informes T\u00e9cnicos<\/u><\/strong><br \/>\n&#8211; <a href=\"https:\/\/www.facet.unt.edu.ar\/revistacet\/wp-content\/uploads\/sites\/28\/2023\/04\/cet33inf01.pdf\" target=\"_blank\" rel=\"noopener\">Nueva Secci\u00f3n \u201cInformes T\u00e9cnicos&#8221; y\u00a0Presentaci\u00f3n del Primer Informe T\u00e9cnico<\/a>&#8211; 43<br \/>\n&#8211; <a href=\"https:\/\/www.facet.unt.edu.ar\/revistacet\/wp-content\/uploads\/sites\/28\/2023\/04\/cet33inf02.pdf\" target=\"_blank\" rel=\"noopener\">Mec\u00e1nica de Deformaci\u00f3n de Gaviones &#8211; F355 R1: Ensayos no Destructivos de Gaviones de Malla Romboidal y Hexagonal de Tipo Caja y Saco &#8211; Parte I<\/a> &#8211; 44<br \/>\nEscrito por <strong>Domingo A. Bravo\u00a0<\/strong><\/p>\n<p><strong><u>Noticias<\/u><\/strong><br \/>\n&#8211; <a href=\"https:\/\/www.facet.unt.edu.ar\/revistacet\/wp-content\/uploads\/sites\/28\/2023\/04\/cet33not01.pdf\" target=\"_blank\" rel=\"noopener\">Comisi\u00f3n de Seguridad y Salud Ocupacional (SySO) en la FACET<\/a> &#8211; 55<\/p>\n<p><a href=\"https:\/\/www.facet.unt.edu.ar\/revistacet\/wp-content\/uploads\/sites\/28\/2023\/03\/Tapa-cet-33-digital.jpg\"><img decoding=\"async\" loading=\"lazy\" class=\"aligncenter wp-image-544\" src=\"https:\/\/www.facet.unt.edu.ar\/revistacet\/wp-content\/uploads\/sites\/28\/2023\/03\/Tapa-cet-33-digital.jpg\" alt=\"\" width=\"368\" height=\"521\" data-wp-editing=\"1\" \/><\/a><\/p>\n<hr \/>\n<p>Esta publicaci\u00f3n figura en el Directorio de Latindex<br \/>\nPeriodicidad de la revista: Semestral<br \/>\nClasificaci\u00f3n decimal universal (CDU): 501- 62<br \/>\nDirector TE. +54-381-4364093 &#8211; Int. 7719 &#8211; Cooperadora TE. +54-381-4364093 &#8211; Int. 7803<br \/>\nFAX: +54-381-4363004<br \/>\nEl contenido de los trabajos firmados no representa necesariamente la opini\u00f3n del editor, siendo de exclusiva<br \/>\nresponsabilidad de los autores.<br \/>\nRegistro de Propiedad Intelectual: N\u00ba 303943 &#8211; ISSN 1668-9178<br \/>\nEste n\u00famero cerr\u00f3 el 30\/06\/2011<\/p>\n","protected":false},"excerpt":{"rendered":"<p>A\u00f1o 20 N\u00ba 33 de Junio de 2011 Revista de Propiedad de la Facultad de Ciencias Exactas y Tecnolog\u00eda Universidad Nacional de Tucum\u00e1n CONTENIDO Nota Editorial\u00a0 &#8211; Acerca de las Actividades de Extensi\u00f3n y Transferencia &#8211; 2 Investigaci\u00f3n y Desarrollo &#8211; An\u00e1lisis T\u00e9rmico de un Sistema de Cogeneraci\u00f3n de Fuerza Motriz y Vapor para Procesos [&hellip;]<\/p>\n","protected":false},"author":6,"featured_media":0,"parent":0,"menu_order":0,"comment_status":"closed","ping_status":"closed","template":"","meta":[],"_links":{"self":[{"href":"https:\/\/www.facet.unt.edu.ar\/revistacet\/wp-json\/wp\/v2\/pages\/541"}],"collection":[{"href":"https:\/\/www.facet.unt.edu.ar\/revistacet\/wp-json\/wp\/v2\/pages"}],"about":[{"href":"https:\/\/www.facet.unt.edu.ar\/revistacet\/wp-json\/wp\/v2\/types\/page"}],"author":[{"embeddable":true,"href":"https:\/\/www.facet.unt.edu.ar\/revistacet\/wp-json\/wp\/v2\/users\/6"}],"replies":[{"embeddable":true,"href":"https:\/\/www.facet.unt.edu.ar\/revistacet\/wp-json\/wp\/v2\/comments?post=541"}],"version-history":[{"count":8,"href":"https:\/\/www.facet.unt.edu.ar\/revistacet\/wp-json\/wp\/v2\/pages\/541\/revisions"}],"predecessor-version":[{"id":543,"href":"https:\/\/www.facet.unt.edu.ar\/revistacet\/wp-json\/wp\/v2\/pages\/541\/revisions\/543"}],"wp:attachment":[{"href":"https:\/\/www.facet.unt.edu.ar\/revistacet\/wp-json\/wp\/v2\/media?parent=541"}],"curies":[{"name":"wp","href":"https:\/\/api.w.org\/{rel}","templated":true}]}}