{"id":615,"date":"2023-04-04T22:47:45","date_gmt":"2023-04-05T01:47:45","guid":{"rendered":"https:\/\/www.facet.unt.edu.ar\/revistacet\/?page_id=615"},"modified":"2023-04-05T16:56:29","modified_gmt":"2023-04-05T19:56:29","slug":"revista-cet-32","status":"publish","type":"page","link":"https:\/\/www.facet.unt.edu.ar\/revistacet\/revista-cet-32\/","title":{"rendered":"Revista cet 32"},"content":{"rendered":"<p>A\u00f1o 19 N\u00ba 32 de Diciembre de 2010<br \/>\nRevista de Propiedad de la Facultad de<br \/>\nCiencias Exactas y Tecnolog\u00eda<br \/>\nUniversidad Nacional de Tucum\u00e1n<\/p>\n<p style=\"text-align: center;\"><strong><span style=\"text-decoration: underline;\">CONTENIDO<\/span><\/strong><\/p>\n<p style=\"text-align: justify;\"><strong><a href=\"https:\/\/www.facet.unt.edu.ar\/revistacet\/wp-content\/uploads\/sites\/28\/2023\/04\/cet-32-Editorial.pdf\" target=\"_blank\" rel=\"noopener\">Nota Editorial<\/a><\/strong> &#8211; 2<br \/>\nEscrito por<strong> Sergio Jos\u00e9 Pagani<\/strong><\/p>\n<p style=\"text-align: justify;\"><span style=\"text-decoration: underline;\"><strong>Investigaci\u00f3n y Desarrollo<\/strong><\/span><strong>\u00a0<\/strong><\/p>\n<p style=\"text-align: justify;\">&#8211; <a href=\"https:\/\/www.facet.unt.edu.ar\/revistacet\/wp-content\/uploads\/sites\/28\/2023\/04\/cet-32-IyD-01.pdf\" target=\"_blank\" rel=\"noopener\">C\u00e1lculo de la potencia reactiva en el dominio del tiempo con tensi\u00f3n senoidal pura aplicada a componentes lineales<\/a> &#8211; 3<br \/>\nEscrito por <strong>Miguel A. Est\u00e9vez, Ra\u00fal Pando y Santiago F. Bueso\u00a0<\/strong><br \/>\n&#8211; <a href=\"https:\/\/www.facet.unt.edu.ar\/revistacet\/wp-content\/uploads\/sites\/28\/2023\/04\/cet-32-IyD-02.pdf\" target=\"_blank\" rel=\"noopener\">Estudios de caracterizaci\u00f3n de aceites usados en frituras para ser utilizados en la obtenci\u00f3n de jab\u00f3n<\/a> &#8211; 9<br \/>\nEscrito por <strong>Patricia M. Albarrac\u00edn, Fernada Colqui Garay, Ver\u00f3nica Di Bacco, Mariela Gonz\u00e1lez, Mar\u00eda L. Tereschuk, Susana Chauvet y Hugo D. Genta<\/strong><br \/>\n&#8211; <a href=\"https:\/\/www.facet.unt.edu.ar\/revistacet\/wp-content\/uploads\/sites\/28\/2023\/04\/cet-32-IyD-03.pdf\" target=\"_blank\" rel=\"noopener\">Procesamiento de se\u00f1ales en tiempo discreto aplicadas a sensado remoto por ondas de radio<\/a> &#8211; 15<br \/>\nEscrito por <strong>Miguel A. Cabrera, M. G. Molina, J. M. L\u00f3pez, R. G. Ezquer, L. A. Scid\u00e1, E. Zuccheretti, M. G. Ferreyra, S. A. Grupalli y Carlos A. Iv\u00e1n\u00a0<\/strong><br \/>\n&#8211; <a href=\"https:\/\/www.facet.unt.edu.ar\/revistacet\/wp-content\/uploads\/sites\/28\/2023\/04\/cet-32-IyD-04.pdf\" target=\"_blank\" rel=\"noopener\">Desarrollo de \u00edndice vial de impacto visual<\/a> &#8211; 26<br \/>\nEscrito por <strong>Juli\u00e1n Rivera, Ariel Guerry y Carlos Perillo<\/strong><br \/>\n&#8211; <a href=\"https:\/\/www.facet.unt.edu.ar\/revistacet\/wp-content\/uploads\/sites\/28\/2023\/04\/cet-32-IyD-05.pdf\" target=\"_blank\" rel=\"noopener\">L\u00edmites en el uso de balances de exerg\u00eda en los sistemas de cogeneraci\u00f3n<\/a> &#8211; 32<br \/>\nEscrito por <strong>Jorge R. Pisa, Carlos Ag\u00fcero y Roberto L. Andina\u00a0<\/strong><\/p>\n<p><b><u>Docencia<\/u><\/b><\/p>\n<p>&#8211; <a href=\"https:\/\/www.facet.unt.edu.ar\/revistacet\/wp-content\/uploads\/sites\/28\/2023\/04\/cet-32-Docencia-01.pdf\" target=\"_blank\" rel=\"noopener\">El aprendizaje basado en problemas. Experiencia piloto en la ense\u00f1anza de un lenguaje de programaci\u00f3n<\/a> &#8211; 37<br \/>\nEscrito por <strong>F\u00e1tima del C. Mart\u00ednez y L\u00eda Torres Auad<\/strong><br \/>\n&#8211; <a href=\"https:\/\/www.facet.unt.edu.ar\/revistacet\/wp-content\/uploads\/sites\/28\/2023\/04\/cet-32-Docencia-02.pdf\" target=\"_blank\" rel=\"noopener\">Una propuesta para la ense\u00f1anza de la Astronom\u00eda: el recurso de la Arqueoastronom\u00eda<\/a> &#8211; 45<br \/>\nEscrito por <strong>L\u00eda Celinda Acosta y Leonor Colombo de Cudmani<\/strong><\/p>\n<p><b><u>Extensi\u00f3n<\/u><\/b><\/p>\n<p>&#8211; <a href=\"https:\/\/www.facet.unt.edu.ar\/revistacet\/wp-content\/uploads\/sites\/28\/2023\/04\/cet-32-Extension.pdf\" target=\"_blank\" rel=\"noopener\">Dise\u00f1o de un plan HACCP en la fabricaci\u00f3n de envases pl\u00e1sticos<\/a> &#8211; 51<br \/>\nEscrito por <strong>Nancy Alves, Pablo Eduardo Molina, Berta E. Bell\u00f3 y Susana B. Chauvet<\/strong><\/p>\n<p><b><u>Noticias<\/u><\/b><\/p>\n<p>&#8211;<a href=\"https:\/\/www.facet.unt.edu.ar\/revistacet\/wp-content\/uploads\/sites\/28\/2023\/04\/cet-32-Noticias-01.pdf\" target=\"_blank\" rel=\"noopener\">Gacetilla de Prensa<\/a> &#8211; 57<br \/>\n&#8211; <a href=\"https:\/\/www.facet.unt.edu.ar\/revistacet\/wp-content\/uploads\/sites\/28\/2023\/04\/cet-32-Noticias-02.pdf\" target=\"_blank\" rel=\"noopener\">Premio \u201cA los Mejores Egresados de Carreras de Ingenier\u00eda de Universidades Argentinas\u201d<\/a> &#8211; 57<br \/>\n&#8211; <a href=\"https:\/\/www.facet.unt.edu.ar\/revistacet\/wp-content\/uploads\/sites\/28\/2023\/04\/cet-32-Noticias-03.pdf\" target=\"_blank\" rel=\"noopener\">Capacitaci\u00f3n a trav\u00e9s de una Red Social (UNT &#8211; OSUM)<\/a> &#8211; 58<\/p>\n<hr \/>\n<p>Esta publicaci\u00f3n figura en el Directorio de Latindex<br \/>\nPeriodicidad de la revista: Semestral<br \/>\nClasificaci\u00f3n decimal universal (CDU): 501- 62<br \/>\nDirector TE. +54-381-4364093 &#8211; Int. 7719 &#8211; Cooperadora TE. +54-381-4364093 &#8211; Int. 7803<br \/>\nFAX: +54-381-4363004<br \/>\nEl contenido de los trabajos firmados no representa necesariamente la opini\u00f3n del editor, siendo de exclusiva<br \/>\nresponsabilidad de los autores.<br \/>\nRegistro de Propiedad Intelectual: N\u00ba 303943 &#8211; ISSN 1668-9178<br \/>\nEste n\u00famero cerr\u00f3 el 30\/06\/2011<\/p>\n","protected":false},"excerpt":{"rendered":"<p>A\u00f1o 19 N\u00ba 32 de Diciembre de 2010 Revista de Propiedad de la Facultad de Ciencias Exactas y Tecnolog\u00eda Universidad Nacional de Tucum\u00e1n CONTENIDO Nota Editorial &#8211; 2 Escrito por Sergio Jos\u00e9 Pagani Investigaci\u00f3n y Desarrollo\u00a0 &#8211; C\u00e1lculo de la potencia reactiva en el dominio del tiempo con tensi\u00f3n senoidal pura aplicada a componentes lineales [&hellip;]<\/p>\n","protected":false},"author":6,"featured_media":0,"parent":0,"menu_order":0,"comment_status":"closed","ping_status":"closed","template":"","meta":[],"_links":{"self":[{"href":"https:\/\/www.facet.unt.edu.ar\/revistacet\/wp-json\/wp\/v2\/pages\/615"}],"collection":[{"href":"https:\/\/www.facet.unt.edu.ar\/revistacet\/wp-json\/wp\/v2\/pages"}],"about":[{"href":"https:\/\/www.facet.unt.edu.ar\/revistacet\/wp-json\/wp\/v2\/types\/page"}],"author":[{"embeddable":true,"href":"https:\/\/www.facet.unt.edu.ar\/revistacet\/wp-json\/wp\/v2\/users\/6"}],"replies":[{"embeddable":true,"href":"https:\/\/www.facet.unt.edu.ar\/revistacet\/wp-json\/wp\/v2\/comments?post=615"}],"version-history":[{"count":4,"href":"https:\/\/www.facet.unt.edu.ar\/revistacet\/wp-json\/wp\/v2\/pages\/615\/revisions"}],"predecessor-version":[{"id":647,"href":"https:\/\/www.facet.unt.edu.ar\/revistacet\/wp-json\/wp\/v2\/pages\/615\/revisions\/647"}],"wp:attachment":[{"href":"https:\/\/www.facet.unt.edu.ar\/revistacet\/wp-json\/wp\/v2\/media?parent=615"}],"curies":[{"name":"wp","href":"https:\/\/api.w.org\/{rel}","templated":true}]}}