{"id":65,"date":"2014-08-04T09:14:33","date_gmt":"2014-08-04T12:14:33","guid":{"rendered":"https:\/\/www.facet.unt.edu.ar\/revistacet\/home\/"},"modified":"2025-07-02T14:41:18","modified_gmt":"2025-07-02T17:41:18","slug":"home","status":"publish","type":"page","link":"https:\/\/www.facet.unt.edu.ar\/revistacet\/","title":{"rendered":"Home"},"content":{"rendered":"<div id=\"pl-65\"  class=\"panel-layout\" ><div id=\"pg-65-0\"  class=\"panel-grid panel-has-style\" ><div style=\"background-color: #006bd6; \" class=\"panel-row-style panel-row-style-for-65-0\" ><div id=\"pgc-65-0-0\"  class=\"panel-grid-cell\" ><div id=\"panel-65-0-0-0\" class=\"so-panel widget widget_sow-editor panel-first-child panel-last-child\" data-index=\"0\" ><div\n\t\t\t\n\t\t\tclass=\"so-widget-sow-editor so-widget-sow-editor-base\"\n\t\t\t\n\t\t>\n<div class=\"siteorigin-widget-tinymce textwidget\">\n\t<h3 style=\"text-align: center;\"><span style=\"color: #ffffff;\"><strong>Bienvenidos a la revista de la FACET<\/strong><\/span><\/h3>\n<p style=\"text-align: justify;\"><span style=\"color: #ffffff;\">Publicaci\u00f3n editada por la Facultad de Ciencias Exactas y Tecnolog\u00eda de la Universidad Nacional de Tucum\u00e1n, San Miguel de Tucum\u00e1n, Argentina.<\/span><\/p>\n<p style=\"text-align: justify;\"><span style=\"color: #ffffff;\">CET est\u00e1 orientada a difundir en el NOA, en el pa\u00eds y en el extranjero art\u00edculos cient\u00edficos, de docencia y de extensi\u00f3n sobre temas de las ingenier\u00edas y sus ciencias b\u00e1sicas.<\/span><\/p>\n<p>&nbsp;<\/p>\n<\/div>\n<\/div><\/div><\/div><\/div><\/div><div id=\"pg-65-1\"  class=\"panel-grid panel-has-style\" ><div style=\"background-color: #09a6f4; \" class=\"panel-row-style panel-row-style-for-65-1\" ><div id=\"pgc-65-1-0\"  class=\"panel-grid-cell\" ><div id=\"panel-65-1-0-0\" class=\"so-panel widget widget_circleicon-widget panel-first-child panel-last-child\" data-index=\"1\" >\t\t<div class=\"circle-icon-box circle-icon-position-top circle-icon-hide-box circle-icon-size-small\">\n\t\t\t<div class=\"circle-icon-wrapper\">\n\t\t\t\t<a href=\"https:\/\/www.facet.unt.edu.ar\/revistacet\/?p=106\" class=\"link-icon\" >\t\t\t\t<div class=\"circle-icon icon-style-set\" style=\"background-color: #ffffff\">\n\t\t\t\t\t<div class=\"fa fa-book icon-color-set\" style=\"color: #1e73be\"><\/div>\t\t\t\t<\/div>\n\t\t\t\t<\/a>\t\t\t<\/div>\n\n\t\t\t<a href=\"https:\/\/www.facet.unt.edu.ar\/revistacet\/?p=106\" class=\"link-title\" >\t\t\t<h4 style=\"color: #ffffff\">Informaci\u00f3n para Autores<\/h4>\t\t\t<\/a>\n\t\t\t<p class=\"text\" style=\"color: #ffffff\">cet Revista de Ciencias Exactas e Ingenier\u00eda, es editada por la Facultad de Ciencias Exactas y Tecnolog\u00eda de la Universidad Nacional de Tucum\u00e1n<\/p>\t\t\t\t\t\t\t<a href=\"https:\/\/www.facet.unt.edu.ar\/revistacet\/?p=106\" class=\"more-button\" >M\u00e1s informaci\u00f3n <i><\/i><\/a>\n\t\t\t\t\t<\/div>\n\t\t<\/div><\/div><div id=\"pgc-65-1-1\"  class=\"panel-grid-cell\" ><div id=\"panel-65-1-1-0\" class=\"so-panel widget widget_circleicon-widget panel-first-child panel-last-child\" data-index=\"2\" >\t\t<div class=\"circle-icon-box circle-icon-position-top circle-icon-hide-box circle-icon-size-small\">\n\t\t\t<div class=\"circle-icon-wrapper\">\n\t\t\t\t<a href=\"https:\/\/www.facet.unt.edu.ar\/revistacet\/?p=108\" class=\"link-icon\" >\t\t\t\t<div class=\"circle-icon icon-style-set\" style=\"background-color: #ffffff\">\n\t\t\t\t\t<div class=\"fa fa-book icon-color-set\" style=\"color: #ce0fd8\"><\/div>\t\t\t\t<\/div>\n\t\t\t\t<\/a>\t\t\t<\/div>\n\n\t\t\t<a href=\"https:\/\/www.facet.unt.edu.ar\/revistacet\/?p=108\" class=\"link-title\" >\t\t\t<h4 style=\"color: #ffffff\">Instrucciones para Autores<\/h4>\t\t\t<\/a>\n\t\t\t<p class=\"text\" style=\"color: #ffffff\">Las instrucciones que se presentan a continuaci\u00f3n tienen el prop\u00f3sito de estandarizar la presentaci\u00f3n de trabajos<\/p>\t\t\t\t\t\t\t<a href=\"https:\/\/www.facet.unt.edu.ar\/revistacet\/?p=108\" class=\"more-button\" >M\u00e1s informaci\u00f3n <i><\/i><\/a>\n\t\t\t\t\t<\/div>\n\t\t<\/div><\/div><\/div><\/div><div id=\"pg-65-2\"  class=\"panel-grid panel-no-style\" ><div id=\"pgc-65-2-0\"  class=\"panel-grid-cell\" ><div id=\"panel-65-2-0-0\" class=\"so-panel widget widget_siteorigin-panels-postloop panel-first-child panel-last-child\" data-index=\"3\" >\n\t\t\n\t\t\n<article id=\"post-878\" class=\"post-878 post type-post status-publish format-standard hentry category-noticias\">\n\n\t\n\t<div class=\"entry-main\">\n\n\t\t\n\t\t<header class=\"entry-header\">\n\t\t\t\n\t\t\t<h1 class=\"entry-title\"><a href=\"https:\/\/www.facet.unt.edu.ar\/revistacet\/2025\/07\/02\/convocatoria-para-la-presentacion-de-trabajos-para-el-numero-47-ano-xxxiii-de-cet\/\" title=\"Enlace permanente a Convocatoria para la presentaci\u00f3n de trabajos para el n\u00famero 47 a\u00f1o XXXIII de cet\" rel=\"bookmark\">Convocatoria para la presentaci\u00f3n de trabajos para el n\u00famero 47 a\u00f1o XXXIII de cet<\/a><\/h1>\n\n\t\t\t\t\t\t\t<div class=\"entry-meta\">\n\t\t\t\t\tPublicado el <a href=\"https:\/\/www.facet.unt.edu.ar\/revistacet\/2025\/07\/02\/convocatoria-para-la-presentacion-de-trabajos-para-el-numero-47-ano-xxxiii-de-cet\/\" title=\"13:00\" rel=\"bookmark\"><time class=\"entry-date\" datetime=\"2025-07-02T13:00:04-03:00\">2 julio, 2025<\/time><\/a><time class=\"updated\" datetime=\"2025-07-02T14:39:21-03:00\">2 julio, 2025<\/time> <span class=\"byline\"> por <span class=\"author vcard\"><a class=\"url fn n\" href=\"https:\/\/www.facet.unt.edu.ar\/revistacet\/author\/svallejo\/\" title=\"Ver todos los art\u00edculos de admin\" rel=\"author\">admin<\/a><\/span><\/span> \t\t\t\t<\/div><!-- .entry-meta -->\n\t\t\t\n\t\t<\/header><!-- .entry-header -->\n\n\t\t\t\t\t<div class=\"entry-content\">\n\t\t\t\t<div id=\"pl-878\"  class=\"panel-layout\" ><div id=\"pg-878-0\"  class=\"panel-grid panel-no-style\" ><div id=\"pgc-878-0-0\"  class=\"panel-grid-cell\" ><div id=\"panel-878-0-0-0\" class=\"so-panel widget widget_black-studio-tinymce widget_black_studio_tinymce panel-first-child panel-last-child\" data-index=\"0\" ><div class=\"textwidget\"><p><a href=\"https:\/\/www.facet.unt.edu.ar\/revistacet\/wp-content\/uploads\/sites\/28\/2025\/06\/convocatoria_cet.jpg\"><img class=\"aligncenter wp-image-922 size-full\" src=\"https:\/\/www.facet.unt.edu.ar\/revistacet\/wp-content\/uploads\/sites\/28\/2025\/06\/convocatoria_cet.jpg\" alt=\"\" width=\"736\" height=\"654\" \/><\/a><\/p>\n<\/div><\/div><\/div><div id=\"pgc-878-0-1\"  class=\"panel-grid-cell\" ><div id=\"panel-878-0-1-0\" class=\"so-panel widget widget_sow-editor panel-first-child panel-last-child\" data-index=\"1\" ><div\n\t\t\t\n\t\t\tclass=\"so-widget-sow-editor so-widget-sow-editor-base\"\n\t\t\t\n\t\t>\n<div class=\"siteorigin-widget-tinymce textwidget\">\n\t<p style=\"text-align: justify;\">Se encuentra abierta la convocatoria para la presentaci\u00f3n de trabajos en la Revista \u201ccet\u201d.<\/p>\n<p style=\"text-align: justify;\">La direcci\u00f3n de la Revista cet y las autoridades de la FACET invitan a docentes, investigadores, graduados, becarios y tesistas a publicar art\u00edculos en la pr\u00f3xima edici\u00f3n de cet, \u201cRevista de Ciencias Exactas e Ingenier\u00eda\u201d, ISSN: 1668-9178, N\u00famero 47, A\u00f1o XXXIII.<\/p>\n<p style=\"text-align: justify;\">La revista cet es una publicaci\u00f3n de la Facultad de Ciencias Exactas y Tecnolog\u00eda de la UNT, orientada a difundir art\u00edculos de investigaci\u00f3n cient\u00edfica y tecnol\u00f3gica, de docencia y de extensi\u00f3n sobre temas de las ingenier\u00edas y sus ciencias b\u00e1sicas.<\/p>\n<p style=\"text-align: justify;\">Los art\u00edculos deber\u00e1n cumplir con las Instrucciones para Autores (<a href=\"https:\/\/www.facet.unt.edu.ar\/revistacet\/\" target=\"_blank\" rel=\"noopener\" data-saferedirecturl=\"https:\/\/www.google.com\/url?q=https:\/\/www.facet.unt.edu.ar\/revistacet\/&amp;source=gmail&amp;ust=1734020500074000&amp;usg=AOvVaw1i5iotj27GIal7-pptEeiH\">https:\/\/www.facet.unt.edu.ar\/<wbr \/>revistacet\/<\/a>)<\/p>\n<\/div>\n<\/div><\/div><\/div><\/div><\/div>\t\t\t\t\t\t\t\t\t\t\t\t\t\t\t<\/div><!-- .entry-content -->\n\t\t\n\t\t\n\t<\/div>\n\n<\/article><!-- #post-878 -->\n\n\t\n\t\t<nav role=\"navigation\" id=\"nav-below\" class=\"site-navigation paging-navigation\">\n\t\t<h1 class=\"assistive-text\">Navegador de art\u00edculos<\/h1>\n\n\t\n\t\t<div class='pagination'><span aria-current=\"page\" class=\"page-numbers current\">1<\/span>\n<a class=\"page-numbers\" href=\"https:\/\/www.facet.unt.edu.ar\/revistacet\/wp-json\/wp\/v2\/pages\/65\/page\/2\/\">2<\/a>\n<a class=\"next page-numbers\" href=\"https:\/\/www.facet.unt.edu.ar\/revistacet\/wp-json\/wp\/v2\/pages\/65\/page\/2\/\">Siguiente &raquo;<\/a><\/div>\n\n\t\n\t<\/nav><!-- #nav-below -->\n\t\n<\/div><\/div><\/div><div id=\"pg-65-3\"  class=\"panel-grid panel-has-style\" ><div style=\"background-color: #d8d8d8; \" class=\"panel-row-style panel-row-style-for-65-3\" ><div id=\"pgc-65-3-0\"  class=\"panel-grid-cell\" ><div id=\"panel-65-3-0-0\" class=\"so-panel widget widget_headline-widget panel-first-child\" data-index=\"4\" >\t\t<h1>UBICACI\u00d3N<\/h1>\n\t\t<div class=\"decoration\"><div class=\"decoration-inside\"><\/div><\/div>\n\t\t<h3><\/h3>\n\t\t<\/div><div id=\"panel-65-3-0-1\" class=\"widget_text so-panel widget widget_custom_html panel-last-child\" data-index=\"5\" ><div class=\"textwidget custom-html-widget\"><iframe src=\"https:\/\/www.google.com\/maps\/embed?pb=!1m18!1m12!1m3!1d3559.864604616682!2d-65.22976929999999!3d-26.844258400000008!2m3!1f0!2f0!3f0!3m2!1i1024!2i768!4f13.1!3m3!1m2!1s0x94225c790c497687%3A0x386a150698033b40!2sIngreso%20a%20Facultad%20de%20Ciencias%20Exactas%20y%20Tecnolog%C3%ADa!5e0!3m2!1ses-419!2sar!4v1661908652203!5m2!1ses-419!2sar\" width=\"600\" height=\"300\" style=\"border:0;\" allowfullscreen=\"\" loading=\"lazy\" referrerpolicy=\"no-referrer-when-downgrade\"><\/iframe><\/div><\/div><\/div><div id=\"pgc-65-3-1\"  class=\"panel-grid-cell\" ><div id=\"panel-65-3-1-0\" class=\"so-panel widget widget_headline-widget panel-first-child\" data-index=\"6\" >\t\t<h1>CONTACTO<\/h1>\n\t\t<div class=\"decoration\"><div class=\"decoration-inside\"><\/div><\/div>\n\t\t<h3><\/h3>\n\t\t<\/div><div id=\"panel-65-3-1-1\" class=\"so-panel widget widget_sow-editor panel-last-child\" data-index=\"7\" ><div\n\t\t\t\n\t\t\tclass=\"so-widget-sow-editor so-widget-sow-editor-base\"\n\t\t\t\n\t\t>\n<div class=\"siteorigin-widget-tinymce textwidget\">\n\t<p><a href=\"https:\/\/www.facet.unt.edu.ar\/revistacet\/wp-content\/uploads\/sites\/28\/2024\/08\/logo-mail.png\"><img decoding=\"async\" loading=\"lazy\" class=\"wp-image-851 alignleft\" src=\"https:\/\/www.facet.unt.edu.ar\/revistacet\/wp-content\/uploads\/sites\/28\/2024\/08\/logo-mail.png\" alt=\"\" width=\"59\" height=\"42\" \/><\/a><\/p>\n<p><a href=\"mailto:revista@herrera.unt.edu.ar\" target=\"_blank\" rel=\"noopener\">revista@herrera.unt.edu.ar<\/a><\/p>\n<p>&nbsp;<\/p>\n<p><a href=\"https:\/\/www.facet.unt.edu.ar\/revistacet\/wp-content\/uploads\/sites\/28\/2024\/08\/logo-direccion-1.png\"><img decoding=\"async\" loading=\"lazy\" class=\"wp-image-854 alignleft\" src=\"https:\/\/www.facet.unt.edu.ar\/revistacet\/wp-content\/uploads\/sites\/28\/2024\/08\/logo-direccion-1.png\" alt=\"\" width=\"49\" height=\"49\" \/><\/a> FACET, Av. Independencia 1800, Tucum\u00e1n.<\/p>\n<\/div>\n<\/div><\/div><\/div><\/div><\/div><\/div>","protected":false},"excerpt":{"rendered":"<p>Se encuentra abierta la convocatoria para la presentaci\u00f3n de trabajos en la Revista \u201ccet\u201d. La direcci\u00f3n de la Revista cet y las autoridades de la FACET invitan a docentes, investigadores, graduados, becarios y tesistas a publicar art\u00edculos en la pr\u00f3xima edici\u00f3n de cet, \u201cRevista de Ciencias Exactas e Ingenier\u00eda\u201d, ISSN: 1668-9178, N\u00famero 47, A\u00f1o XXXIII. [&hellip;]<\/p>\n","protected":false},"author":1,"featured_media":0,"parent":0,"menu_order":0,"comment_status":"closed","ping_status":"open","template":"home-panels.php","meta":[],"_links":{"self":[{"href":"https:\/\/www.facet.unt.edu.ar\/revistacet\/wp-json\/wp\/v2\/pages\/65"}],"collection":[{"href":"https:\/\/www.facet.unt.edu.ar\/revistacet\/wp-json\/wp\/v2\/pages"}],"about":[{"href":"https:\/\/www.facet.unt.edu.ar\/revistacet\/wp-json\/wp\/v2\/types\/page"}],"author":[{"embeddable":true,"href":"https:\/\/www.facet.unt.edu.ar\/revistacet\/wp-json\/wp\/v2\/users\/1"}],"replies":[{"embeddable":true,"href":"https:\/\/www.facet.unt.edu.ar\/revistacet\/wp-json\/wp\/v2\/comments?post=65"}],"version-history":[{"count":4,"href":"https:\/\/www.facet.unt.edu.ar\/revistacet\/wp-json\/wp\/v2\/pages\/65\/revisions"}],"predecessor-version":[{"id":913,"href":"https:\/\/www.facet.unt.edu.ar\/revistacet\/wp-json\/wp\/v2\/pages\/65\/revisions\/913"}],"wp:attachment":[{"href":"https:\/\/www.facet.unt.edu.ar\/revistacet\/wp-json\/wp\/v2\/media?parent=65"}],"curies":[{"name":"wp","href":"https:\/\/api.w.org\/{rel}","templated":true}]}}