{"id":650,"date":"2023-04-05T17:14:32","date_gmt":"2023-04-05T20:14:32","guid":{"rendered":"https:\/\/www.facet.unt.edu.ar\/revistacet\/?page_id=650"},"modified":"2023-04-12T01:19:11","modified_gmt":"2023-04-12T04:19:11","slug":"revista-cet-31","status":"publish","type":"page","link":"https:\/\/www.facet.unt.edu.ar\/revistacet\/revista-cet-31\/","title":{"rendered":"Revista cet 31"},"content":{"rendered":"<p>A\u00f1o 18 N\u00ba 31 &#8211; Octubre de 2009<br \/>\nRevista de Propiedad de la Facultad de<br \/>\nCiencias Exactas y Tecnolog\u00eda<br \/>\nUniversidad Nacional de Tucum\u00e1n<\/p>\n<p style=\"text-align: center;\"><strong><span style=\"text-decoration: underline;\">CONTENIDO<\/span><\/strong><\/p>\n<p style=\"text-align: justify;\"><span style=\"text-decoration: underline;\"><strong>Nota Editorial<\/strong>\u00a0<\/span><br \/>\n&#8211; <a href=\"https:\/\/www.facet.unt.edu.ar\/revistacet\/wp-content\/uploads\/sites\/28\/2023\/04\/cet-31-editorial.pdf\" target=\"_blank\" rel=\"noopener\">Algo m\u00e1s sobre qu\u00e9 ense\u00f1ar<\/a><br \/>\nEscrito por <strong>Roberto \u00c1ngel Rivero<\/strong><\/p>\n<p style=\"text-align: justify;\"><b><u>Investigaci\u00f3n y Desarrollo<\/u><br \/>\n<\/b>&#8211; <a href=\"https:\/\/www.facet.unt.edu.ar\/revistacet\/wp-content\/uploads\/sites\/28\/2023\/04\/cet-31-IyD-01.pdf\" target=\"_blank\" rel=\"noopener\">Control de Temperatura Basado en el Efecto Peltier para Estudios de Mecanismos de Formaci\u00f3n Molecular Mediante Espectroscop\u00eda Infrarroja<\/a> &#8211; 2 \/ 9<br \/>\nEscrito por <strong>Miguel A. Cabrera, Mart\u00edn G. Ferreyra, Rosana Chehin, Silvina A. Grupalli, y Leonardo Cort\u00e9z<\/strong><br \/>\n&#8211; <a href=\"https:\/\/www.facet.unt.edu.ar\/revistacet\/wp-content\/uploads\/sites\/28\/2023\/04\/cet-31-IyD-02.pdf\" target=\"_blank\" rel=\"noopener\">Un Material no Tradicional Usado de Manera Tradicional<\/a> &#8211; 10 \/ 15<br \/>\nEscrito por <strong>Mar\u00eda Rosa S\u00e1nchez de Colacelli y \u00c1ngel Marcelo Costilla<\/strong><br \/>\n&#8211; <a href=\"https:\/\/www.facet.unt.edu.ar\/revistacet\/wp-content\/uploads\/sites\/28\/2023\/04\/cet-31-IyD-03.pdf\" target=\"_blank\" rel=\"noopener\">Efecto de Gradientes de Temperatura en Afecciones Lumbares<\/a> &#8211; 16 \/ 21<br \/>\nEscrito por <strong>Edgardo Bertini, Carlos E. Yamin Turbay y Pedro Pablo Bertini<\/strong><\/p>\n<p><b><u>Extensi\u00f3n<\/u><\/b><br \/>\n&#8211; <a href=\"https:\/\/www.facet.unt.edu.ar\/revistacet\/wp-content\/uploads\/sites\/28\/2023\/04\/cet-31-Ext-01.pdf\" target=\"_blank\" rel=\"noopener\">El Desastre Natural de Tartagal (Provincia de Salta Argentina)<\/a> &#8211; 22 \/ 28<br \/>\nEscrito por <strong>Franklin Adler\u00a0<\/strong><br \/>\n&#8211; <a href=\"https:\/\/www.facet.unt.edu.ar\/revistacet\/wp-content\/uploads\/sites\/28\/2023\/04\/cet-31-Ext-02.pdf\" target=\"_blank\" rel=\"noopener\">Exactas para Todos<\/a> &#8211; 29 \/ 31<br \/>\nEscrito por <strong>Elio Ulises P\u00e9rez\u00a0<\/strong><\/p>\n<p><strong><span style=\"text-decoration: underline;\">Noticias<\/span><\/strong><br \/>\n&#8211; <a href=\"https:\/\/www.facet.unt.edu.ar\/revistacet\/wp-content\/uploads\/sites\/28\/2023\/04\/cet-31-Noticias-01.pdf\" target=\"_blank\" rel=\"noopener\">El ABP Como Estrategia de Ense\u00f1anza y Aprendizaje: capacitaci\u00f3n para docentes, nuevo curso de postgrado<\/a> &#8211; 32<br \/>\n&#8211; <a href=\"https:\/\/www.facet.unt.edu.ar\/revistacet\/wp-content\/uploads\/sites\/28\/2023\/04\/cet-31-Noticias-02.pdf\" target=\"_blank\" rel=\"noopener\">Estado Actual de los Procesos de Acreditaci\u00f3n en la FACET<\/a> &#8211; 33<br \/>\n&#8211; <a href=\"https:\/\/www.facet.unt.edu.ar\/revistacet\/wp-content\/uploads\/sites\/28\/2023\/04\/cet-31-Noticias-03.pdf\" target=\"_blank\" rel=\"noopener\">Alumnos de la FACET Obtienen 1er. Premio<\/a> &#8211; 34<br \/>\n&#8211; <a href=\"https:\/\/www.facet.unt.edu.ar\/revistacet\/wp-content\/uploads\/sites\/28\/2023\/04\/cet-31-Noticias-04.pdf\" target=\"_blank\" rel=\"noopener\">Reconocimiento a la Trayectoria<\/a> &#8211; 35<br \/>\n&#8211; <a href=\"https:\/\/www.facet.unt.edu.ar\/revistacet\/wp-content\/uploads\/sites\/28\/2023\/04\/cet-31-Noticias-05.pdf\" target=\"_blank\" rel=\"noopener\">Una FACET Mejorada<\/a> &#8211; 36 \/ 37<br \/>\n&#8211; <a href=\"https:\/\/www.facet.unt.edu.ar\/revistacet\/wp-content\/uploads\/sites\/28\/2023\/04\/cet-31-Noticias-06.pdf\" target=\"_blank\" rel=\"noopener\">Curso de Seguridad de la Informaci\u00f3n<\/a> &#8211; 38<\/p>\n<p><span style=\"text-decoration: underline;\"><strong>Homenajes<\/strong><\/span><br \/>\n&#8211; <a href=\"https:\/\/www.facet.unt.edu.ar\/revistacet\/wp-content\/uploads\/sites\/28\/2023\/04\/cet-31-Homenaje-01.pdf\" target=\"_blank\" rel=\"noopener\">Dr. Ing. Mario H. Acu\u00f1a<\/a> &#8211; 39 \/ 40<\/p>\n<hr \/>\n<p>Esta publicaci\u00f3n figura en el Directorio de Latindex<br \/>\nPeriodicidad de la revista: Semestral<br \/>\nClasificaci\u00f3n decimal universal (CDU): 501- 62<br \/>\nDirector TE. +54-381-4364093 &#8211; Int. 7719 &#8211; Cooperadora TE. +54-381-4364093 &#8211; Int. 7803<br \/>\nFAX: +54-381-4363004<br \/>\nEl contenido de los trabajos firmados no representa necesariamente la opini\u00f3n del editor, siendo de exclusiva<br \/>\nresponsabilidad de los autores.<br \/>\nRegistro de Propiedad Intelectual: N\u00ba 303943 &#8211; ISSN 1668-9178<br \/>\nEste n\u00famero cerr\u00f3 el 30\/08\/09<\/p>\n","protected":false},"excerpt":{"rendered":"<p>A\u00f1o 18 N\u00ba 31 &#8211; Octubre de 2009 Revista de Propiedad de la Facultad de Ciencias Exactas y Tecnolog\u00eda Universidad Nacional de Tucum\u00e1n CONTENIDO Nota Editorial\u00a0 &#8211; Algo m\u00e1s sobre qu\u00e9 ense\u00f1ar Escrito por Roberto \u00c1ngel Rivero Investigaci\u00f3n y Desarrollo &#8211; Control de Temperatura Basado en el Efecto Peltier para Estudios de Mecanismos de Formaci\u00f3n [&hellip;]<\/p>\n","protected":false},"author":6,"featured_media":0,"parent":0,"menu_order":0,"comment_status":"closed","ping_status":"closed","template":"","meta":[],"_links":{"self":[{"href":"https:\/\/www.facet.unt.edu.ar\/revistacet\/wp-json\/wp\/v2\/pages\/650"}],"collection":[{"href":"https:\/\/www.facet.unt.edu.ar\/revistacet\/wp-json\/wp\/v2\/pages"}],"about":[{"href":"https:\/\/www.facet.unt.edu.ar\/revistacet\/wp-json\/wp\/v2\/types\/page"}],"author":[{"embeddable":true,"href":"https:\/\/www.facet.unt.edu.ar\/revistacet\/wp-json\/wp\/v2\/users\/6"}],"replies":[{"embeddable":true,"href":"https:\/\/www.facet.unt.edu.ar\/revistacet\/wp-json\/wp\/v2\/comments?post=650"}],"version-history":[{"count":9,"href":"https:\/\/www.facet.unt.edu.ar\/revistacet\/wp-json\/wp\/v2\/pages\/650\/revisions"}],"predecessor-version":[{"id":657,"href":"https:\/\/www.facet.unt.edu.ar\/revistacet\/wp-json\/wp\/v2\/pages\/650\/revisions\/657"}],"wp:attachment":[{"href":"https:\/\/www.facet.unt.edu.ar\/revistacet\/wp-json\/wp\/v2\/media?parent=650"}],"curies":[{"name":"wp","href":"https:\/\/api.w.org\/{rel}","templated":true}]}}