{"id":659,"date":"2023-04-05T17:56:23","date_gmt":"2023-04-05T20:56:23","guid":{"rendered":"https:\/\/www.facet.unt.edu.ar\/revistacet\/?page_id=659"},"modified":"2023-04-05T18:17:54","modified_gmt":"2023-04-05T21:17:54","slug":"revista-cet-30","status":"publish","type":"page","link":"https:\/\/www.facet.unt.edu.ar\/revistacet\/revista-cet-30\/","title":{"rendered":"Revista cet 30"},"content":{"rendered":"<p>A\u00f1o 17 N\u00ba 30 &#8211; Octubre de 2008<br \/>\nRevista de Propiedad de la Facultad de<br \/>\nCiencias Exactas y Tecnolog\u00eda<br \/>\nUniversidad Nacional de Tucum\u00e1n<\/p>\n<p style=\"text-align: center;\"><strong><span style=\"text-decoration: underline;\">CONTENIDO<\/span><\/strong><\/p>\n<p><b><u>Investigaci\u00f3n y Desarrollo<\/u><\/b><br \/>\n&#8211; <a href=\"https:\/\/www.facet.unt.edu.ar\/revistacet\/wp-content\/uploads\/sites\/28\/2023\/04\/cet-30-inv01.pdf\" target=\"_blank\" rel=\"noopener\">Una Tecnolog\u00eda Alternativa Ambientalmente Apropiada &#8211; Puentes Peatonales de Bamb\u00fa<\/a> &#8211; 2\/7<br \/>\nEscrito por <strong>Susana Comoglio y Jos\u00e9 M\u00e9ndez Mu\u00f1oz\u00a0<\/strong><br \/>\n&#8211; <a href=\"https:\/\/www.facet.unt.edu.ar\/revistacet\/wp-content\/uploads\/sites\/28\/2023\/04\/cet-30-inv02.pdf\" target=\"_blank\" rel=\"noopener\">Estaciones para Medici\u00f3n de Descargas Atmosf\u00e9ricas<\/a> &#8211; 8\/17<br \/>\nEscrito por <strong>N\u00e9stor E. Arias, Juan Ise y Jos\u00e9 I. Cangemi\u00a0<\/strong><br \/>\n&#8211; <a href=\"https:\/\/www.facet.unt.edu.ar\/revistacet\/wp-content\/uploads\/sites\/28\/2023\/04\/cet-30-inv03.pdf\" target=\"_blank\" rel=\"noopener\">Sobre el Valor de las Monedas: El Caso de la Libra Esterlina<\/a> &#8211; 18\/20<br \/>\nEscrito por <strong>Franco Eugenio Nanni\u00a0<\/strong><br \/>\n&#8211; Interfase Digital de un Conduct\u00edmetro Multicanal &#8211; 21\/28<br \/>\nEscrito por <strong>Mar\u00eda de los A. G\u00f3mez L\u00f3pez y Myriam C. Herrera\u00a0<\/strong><\/p>\n<p style=\"text-align: justify;\"><b><u>Extensi\u00f3n<\/u><\/b>&#8211; <a href=\"https:\/\/www.facet.unt.edu.ar\/revistacet\/wp-content\/uploads\/sites\/28\/2023\/04\/cet-30-ext01.pdf\" target=\"_blank\" rel=\"noopener\">Inundaciones Urbanas Planes Directores en la Argentina<\/a> &#8211; 29\/36<br \/>\nEscrito por <strong>Franklin J. Adler<\/strong><\/p>\n<p style=\"text-align: justify;\"><b><u>Docencia<\/u><\/b><br \/>\n&#8211; <a href=\"https:\/\/www.facet.unt.edu.ar\/revistacet\/wp-content\/uploads\/sites\/28\/2023\/04\/cet-30-doc01.pdf\" target=\"_blank\" rel=\"noopener\">Grado de Satisfacci\u00f3n del Alumno de Ingenier\u00eda con la Infraestructura de la FACET<\/a> &#8211; 37\/45<br \/>\nEscrito por <strong>Ana M. Sfer, Mar\u00eda I. Giannini,Lorena Naidicz, V\u00edctor F. Lazarte y Adriana I. P\u00e9rez\u00a0<\/strong><\/p>\n<p><b><u>Informaci\u00f3n<\/u><\/b><br \/>\n&#8211; <a href=\"https:\/\/www.facet.unt.edu.ar\/revistacet\/wp-content\/uploads\/sites\/28\/2023\/04\/cet-30-inf01.pdf\" target=\"_blank\" rel=\"noopener\">Informaci\u00f3n Referente a los Estudios de Posgrado Organizados en la FACET UNT<\/a> &#8211; 46\/47<\/p>\n<p><span style=\"text-decoration: underline;\"><strong>Noticias<\/strong><\/span><br \/>\n&#8211; <a href=\"https:\/\/www.facet.unt.edu.ar\/revistacet\/wp-content\/uploads\/sites\/28\/2023\/04\/cet-30-not01.pdf\" target=\"_blank\" rel=\"noopener\">III Jornadas Regionales de Ciencia y Tecnolog\u00eda de Facultades de Ingenier\u00eda del NOA<\/a> &#8211; 48\/50<br \/>\nEscrito por <strong>Nieves Ortiz de Adler, Ana G. Elias y Teresita Heredia\u00a0<\/strong><br \/>\n&#8211; <a href=\"https:\/\/www.facet.unt.edu.ar\/revistacet\/wp-content\/uploads\/sites\/28\/2023\/04\/cet-30-not02.pdf\" target=\"_blank\" rel=\"noopener\">La Educaci\u00f3n a Distancia se Abre Camino en la FACET<\/a> &#8211; 51<br \/>\nEscrito por<strong> Beatriz Ju\u00e1rez Torres y L\u00eda Torres Auad\u00a0<\/strong><br \/>\n&#8211; <a href=\"https:\/\/www.facet.unt.edu.ar\/revistacet\/wp-content\/uploads\/sites\/28\/2023\/04\/cet-30-not03.pdf\" target=\"_blank\" rel=\"noopener\">Nueva Publicaci\u00f3n del Departamento Luminotecnia, Luz y Visi\u00f3n<\/a> &#8211; 52\/53<br \/>\nEscrito por <strong>Eduardo R. Manzano y Alberto J. Cabello\u00a0<\/strong><br \/>\n&#8211; <a href=\"https:\/\/www.facet.unt.edu.ar\/revistacet\/wp-content\/uploads\/sites\/28\/2023\/04\/cet-30-not04.pdf\" target=\"_blank\" rel=\"noopener\">Optimizaci\u00f3n de Sistemas Log\u00edsticos<\/a> &#8211; 54\/59<br \/>\nEscrito por V\u00edctor Horacio Rodr\u00edguez<br \/>\n&#8211; <a href=\"https:\/\/www.facet.unt.edu.ar\/revistacet\/wp-content\/uploads\/sites\/28\/2023\/04\/cet-30-not05.pdf\" target=\"_blank\" rel=\"noopener\">La FACET y su Aporte a la Reuni\u00f3n Cumbre del Mercosur<\/a> &#8211; 60<\/p>\n<hr \/>\n<p>Esta publicaci\u00f3n figura en el Directorio de Latindex<br \/>\nPeriodicidad de la revista: Semestral<br \/>\nClasificaci\u00f3n decimal universal (CDU): 501- 62<br \/>\nDirector TE. +54-381-4364093 &#8211; Int. 7719 &#8211; Cooperadora TE. +54-381-4364093 &#8211; Int. 7803<br \/>\nFAX: +54-381-4363004<br \/>\nEl contenido de los trabajos firmados no representa necesariamente la opini\u00f3n del editor, siendo de exclusiva<br \/>\nresponsabilidad de los autores.<br \/>\nRegistro de Propiedad Intelectual: N\u00ba 303943 &#8211; ISSN 1668-9178<br \/>\nEste n\u00famero cerr\u00f3 el 30\/09\/08<\/p>\n","protected":false},"excerpt":{"rendered":"<p>A\u00f1o 17 N\u00ba 30 &#8211; Octubre de 2008 Revista de Propiedad de la Facultad de Ciencias Exactas y Tecnolog\u00eda Universidad Nacional de Tucum\u00e1n CONTENIDO Investigaci\u00f3n y Desarrollo &#8211; Una Tecnolog\u00eda Alternativa Ambientalmente Apropiada &#8211; Puentes Peatonales de Bamb\u00fa &#8211; 2\/7 Escrito por Susana Comoglio y Jos\u00e9 M\u00e9ndez Mu\u00f1oz\u00a0 &#8211; Estaciones para Medici\u00f3n de Descargas Atmosf\u00e9ricas [&hellip;]<\/p>\n","protected":false},"author":6,"featured_media":0,"parent":0,"menu_order":0,"comment_status":"closed","ping_status":"closed","template":"","meta":[],"_links":{"self":[{"href":"https:\/\/www.facet.unt.edu.ar\/revistacet\/wp-json\/wp\/v2\/pages\/659"}],"collection":[{"href":"https:\/\/www.facet.unt.edu.ar\/revistacet\/wp-json\/wp\/v2\/pages"}],"about":[{"href":"https:\/\/www.facet.unt.edu.ar\/revistacet\/wp-json\/wp\/v2\/types\/page"}],"author":[{"embeddable":true,"href":"https:\/\/www.facet.unt.edu.ar\/revistacet\/wp-json\/wp\/v2\/users\/6"}],"replies":[{"embeddable":true,"href":"https:\/\/www.facet.unt.edu.ar\/revistacet\/wp-json\/wp\/v2\/comments?post=659"}],"version-history":[{"count":7,"href":"https:\/\/www.facet.unt.edu.ar\/revistacet\/wp-json\/wp\/v2\/pages\/659\/revisions"}],"predecessor-version":[{"id":679,"href":"https:\/\/www.facet.unt.edu.ar\/revistacet\/wp-json\/wp\/v2\/pages\/659\/revisions\/679"}],"wp:attachment":[{"href":"https:\/\/www.facet.unt.edu.ar\/revistacet\/wp-json\/wp\/v2\/media?parent=659"}],"curies":[{"name":"wp","href":"https:\/\/api.w.org\/{rel}","templated":true}]}}