{"id":681,"date":"2023-04-11T23:23:23","date_gmt":"2023-04-12T02:23:23","guid":{"rendered":"https:\/\/www.facet.unt.edu.ar\/revistacet\/?page_id=681"},"modified":"2023-04-12T00:46:13","modified_gmt":"2023-04-12T03:46:13","slug":"revista-cet-29","status":"publish","type":"page","link":"https:\/\/www.facet.unt.edu.ar\/revistacet\/revista-cet-29\/","title":{"rendered":"Revista cet 29"},"content":{"rendered":"<p>A\u00f1o 16 N\u00ba 29 &#8211; Julio de 2007<br \/>\nRevista de Propiedad de la Facultad de<br \/>\nCiencias Exactas y Tecnolog\u00eda<br \/>\nUniversidad Nacional de Tucum\u00e1n<\/p>\n<p style=\"text-align: center;\"><strong><span style=\"text-decoration: underline;\">\u00cdNDICE<\/span><\/strong><\/p>\n<p style=\"text-align: justify;\"><b><u>Investigaci\u00f3n y Desarrollo<\/u><\/b><br \/>\n&#8211;<a href=\"https:\/\/www.facet.unt.edu.ar\/revistacet\/wp-content\/uploads\/sites\/28\/2023\/04\/cet-29-IyD-01.pdf\" target=\"_blank\" rel=\"noopener\">Equipo para Medici\u00f3n de Volumen Card\u00edaco Basado en Dispositivo L\u00f3gico Programable<\/a> &#8211; 2\/8<br \/>\nEscrito por <strong>Mar\u00eda de los A. G\u00f3mez L\u00f3pez y Myriam C. Herrera\u00a0<\/strong><br \/>\n&#8211;<a href=\"https:\/\/www.facet.unt.edu.ar\/revistacet\/wp-content\/uploads\/sites\/28\/2023\/04\/cet-29-IyD-02.pdf\" target=\"_blank\" rel=\"noopener\">Un Oscilador Electr\u00f3nico Anal\u00f3gico de R\u00e1fagas<\/a> &#8211; 9\/17<br \/>\nEscrito por <strong>Guillermo V. Savino, Carlos M. Formigli y Ana M. Ju\u00e1rez Fern\u00e1ndez\u00a0<\/strong><br \/>\n&#8211;<a href=\"https:\/\/www.facet.unt.edu.ar\/revistacet\/wp-content\/uploads\/sites\/28\/2023\/04\/cet-29-IyD-03.pdf\" target=\"_blank\" rel=\"noopener\">Los Campos Electromagn\u00e9ticos de Frecuencia Industrial y los Riesgos para la Salud<\/a> &#8211; 18\/25<br \/>\nEscrito por <strong>Ricardo R. D\u00edaz\u00a0<\/strong><br \/>\n&#8211;<a href=\"https:\/\/www.facet.unt.edu.ar\/revistacet\/wp-content\/uploads\/sites\/28\/2023\/04\/cet-29-IyD-04.pdf\" target=\"_blank\" rel=\"noopener\">Comportamiento de Sustancias de Cambio de Fase con Condici\u00f3n de Borde de Temperatura Constante<\/a>&#8211; 26\/32<br \/>\nEscrito por <strong>Jos\u00e9 Gonz\u00e1lez y Ang\u00e9lica Bouc\u00edguez\u00a0<\/strong><\/p>\n<p><span style=\"text-decoration: underline;\"><strong>Docencia<\/strong><\/span><br \/>\n&#8211;<a href=\"https:\/\/www.facet.unt.edu.ar\/revistacet\/wp-content\/uploads\/sites\/28\/2023\/04\/cet-29-Docencia-01.pdf\" target=\"_blank\" rel=\"noopener\">Di\u00e1logos Sobre el Valor<\/a> &#8211; 33\/36<br \/>\nEscrito por <strong>Franco Eugenio Nanni\u00a0<\/strong><br \/>\n&#8211;<a href=\"https:\/\/www.facet.unt.edu.ar\/revistacet\/wp-content\/uploads\/sites\/28\/2023\/04\/cet-29-Docencia-02.pdf\" target=\"_blank\" rel=\"noopener\">Una reflexi\u00f3n sobre la Ense\u00f1anza de las Estructuras de Hormig\u00f3n Armado y sus Reglamentos en la Carrera de Arquitectura<\/a> &#8211; 37\/41<br \/>\nEscrito por <strong>Arturo Ter\u00e1n Navarro<\/strong><br \/>\n&#8211;<a href=\"https:\/\/www.facet.unt.edu.ar\/revistacet\/wp-content\/uploads\/sites\/28\/2023\/04\/cet-29-Docencia-03.pdf\" target=\"_blank\" rel=\"noopener\">Vinculaci\u00f3n de Objetos Gr\u00e1ficos desde Programa Cada Registros de Base de Datos<\/a> &#8211; 42\/46<br \/>\nEscrito por <strong>Silvana Elisa Guti\u00e9rrez<\/strong><\/p>\n<p><span style=\"text-decoration: underline;\"><strong>1917 &#8211; 90\u00ba Aniversario<\/strong><\/span><br \/>\n&#8211;<a href=\"https:\/\/www.facet.unt.edu.ar\/revistacet\/wp-content\/uploads\/sites\/28\/2023\/04\/cet-29-Aniversario-01.pdf\" target=\"_blank\" rel=\"noopener\">Los 90 A\u00f1os de la Facultad de Ciencias Exactas y Tecnolog\u00eda<\/a> &#8211; 47\/50<br \/>\nEscrito por <strong>Mar\u00eda A. Maidana de Lazarte\u00a0<\/strong><br \/>\n&#8211;<a href=\"https:\/\/www.facet.unt.edu.ar\/revistacet\/wp-content\/uploads\/sites\/28\/2023\/04\/cet-29-Aniversario-02.pdf\" target=\"_blank\" rel=\"noopener\">Aquellos Profesores Alemanes<\/a> &#8211; 51\/53<br \/>\nEscrito por <strong>Leonor Colombo de Cudmani<\/strong><br \/>\n&#8211;<a href=\"https:\/\/www.facet.unt.edu.ar\/revistacet\/wp-content\/uploads\/sites\/28\/2023\/04\/cet-29-Aniversario-03.pdf\" target=\"_blank\" rel=\"noopener\">A Carlota, la Pionera<\/a> &#8211; 54\/55<br \/>\nEscrito por <strong>Ana Mar\u00eda Ju\u00e1rez Fern\u00e1ndez\u00a0<\/strong><br \/>\n&#8211;<a href=\"https:\/\/www.facet.unt.edu.ar\/revistacet\/wp-content\/uploads\/sites\/28\/2023\/04\/cet-29-Aniversario-04.pdf\" target=\"_blank\" rel=\"noopener\">Los 50 A\u00f1os del Laboratorio de Ion\u00f3sfera<\/a> &#8211; 56\/58<br \/>\nEscrito por <strong>Rodolfo Gerardo Ezquer\u00a0<\/strong><br \/>\n&#8211;<a href=\"https:\/\/www.facet.unt.edu.ar\/revistacet\/wp-content\/uploads\/sites\/28\/2023\/04\/cet-29-Aniversario-05.pdf\" target=\"_blank\" rel=\"noopener\">Noventa (a\u00f1os)<\/a> &#8211; 59<br \/>\nEscrito por <strong>Juan Angel Cuellar<\/strong><\/p>\n<hr \/>\n<p>Esta publicaci\u00f3n figura en el Directorio de Latindex<br \/>\nClasificaci\u00f3n decimal universal (CDU): 501:62<br \/>\nDirector TE. +54-381-4364093 &#8211; Int. 7719 &#8211; Cooperadora TE. +54-381-4364093 &#8211; Int. 7803<br \/>\nE-mail: revista@herrera.unt.edu.ar- FAX: +54-381-4364157<br \/>\nEl contenido de los trabajos firmados no representa necesariamente la opini\u00f3n del editor, siendo de<br \/>\nexclusiva responsabilidad de los autores.<br \/>\nRegistro de Propiedad Intelectual: N\u00ba 303943 &#8211; ISSN 1668-9178<br \/>\nEste n\u00famero cerr\u00f3 el 30\/08\/07 &#8211; Suscripci\u00f3n anual: $ 42<\/p>\n","protected":false},"excerpt":{"rendered":"<p>A\u00f1o 16 N\u00ba 29 &#8211; Julio de 2007 Revista de Propiedad de la Facultad de Ciencias Exactas y Tecnolog\u00eda Universidad Nacional de Tucum\u00e1n \u00cdNDICE Investigaci\u00f3n y Desarrollo &#8211;Equipo para Medici\u00f3n de Volumen Card\u00edaco Basado en Dispositivo L\u00f3gico Programable &#8211; 2\/8 Escrito por Mar\u00eda de los A. G\u00f3mez L\u00f3pez y Myriam C. Herrera\u00a0 &#8211;Un Oscilador Electr\u00f3nico [&hellip;]<\/p>\n","protected":false},"author":6,"featured_media":0,"parent":0,"menu_order":0,"comment_status":"closed","ping_status":"closed","template":"","meta":[],"_links":{"self":[{"href":"https:\/\/www.facet.unt.edu.ar\/revistacet\/wp-json\/wp\/v2\/pages\/681"}],"collection":[{"href":"https:\/\/www.facet.unt.edu.ar\/revistacet\/wp-json\/wp\/v2\/pages"}],"about":[{"href":"https:\/\/www.facet.unt.edu.ar\/revistacet\/wp-json\/wp\/v2\/types\/page"}],"author":[{"embeddable":true,"href":"https:\/\/www.facet.unt.edu.ar\/revistacet\/wp-json\/wp\/v2\/users\/6"}],"replies":[{"embeddable":true,"href":"https:\/\/www.facet.unt.edu.ar\/revistacet\/wp-json\/wp\/v2\/comments?post=681"}],"version-history":[{"count":6,"href":"https:\/\/www.facet.unt.edu.ar\/revistacet\/wp-json\/wp\/v2\/pages\/681\/revisions"}],"predecessor-version":[{"id":700,"href":"https:\/\/www.facet.unt.edu.ar\/revistacet\/wp-json\/wp\/v2\/pages\/681\/revisions\/700"}],"wp:attachment":[{"href":"https:\/\/www.facet.unt.edu.ar\/revistacet\/wp-json\/wp\/v2\/media?parent=681"}],"curies":[{"name":"wp","href":"https:\/\/api.w.org\/{rel}","templated":true}]}}