{"id":734,"date":"2023-08-30T15:48:30","date_gmt":"2023-08-30T18:48:30","guid":{"rendered":"https:\/\/www.facet.unt.edu.ar\/revistacet\/?page_id=734"},"modified":"2024-09-12T09:07:58","modified_gmt":"2024-09-12T12:07:58","slug":"revista-cet-43","status":"publish","type":"page","link":"https:\/\/www.facet.unt.edu.ar\/revistacet\/revista-cet-43\/","title":{"rendered":"Revista cet 43"},"content":{"rendered":"<div id=\"pl-734\"  class=\"panel-layout\" ><div id=\"pg-734-0\"  class=\"panel-grid panel-no-style\" ><div id=\"pgc-734-0-0\"  class=\"panel-grid-cell\" ><div id=\"panel-734-0-0-0\" class=\"so-panel widget widget_sow-editor panel-first-child panel-last-child\" data-index=\"0\" ><div\n\t\t\t\n\t\t\tclass=\"so-widget-sow-editor so-widget-sow-editor-base\"\n\t\t\t\n\t\t>\n<div class=\"siteorigin-widget-tinymce textwidget\">\n\t<p style=\"text-align: left;\">A\u00f1o 31 N\u00ba 43 \/ 2022<br \/>\nRevista de propiedad de la<br \/>\nFacultad de Ciencias Exactas y Tecnolog\u00eda<br \/>\nUniversidad Nacional de Tucum\u00e1n<br \/>\nTucum\u00e1n \u2013 Argentina<\/p>\n<p style=\"text-align: center;\"><strong>CONTENIDO<\/strong><\/p>\n<p>&nbsp;<\/p>\n<p><strong>EDITORIAL<\/strong><\/p>\n<p><a href=\"https:\/\/www.facet.unt.edu.ar\/revistacet\/wp-content\/uploads\/sites\/28\/2023\/09\/04_EDITORIAL_CET_43_2022.pdf\" target=\"_blank\" rel=\"noopener\">La utilidad de la ciencia y la tecnolog\u00eda - 3<\/a><br \/>\nEscrito por\u00a0<strong>Nicol\u00e1s NIEVA<\/strong><\/p>\n<p>&nbsp;<\/p>\n<p><strong>INVESTIGACI\u00d3N, DESARROLLO E INNOVACI\u00d3N<\/strong><\/p>\n<p><a href=\"https:\/\/www.facet.unt.edu.ar\/revistacet\/wp-content\/uploads\/sites\/28\/2023\/09\/06_PAZ_SFER_CET_43_2022.pdf\" target=\"_blank\" rel=\"noopener\">Duraci\u00f3n real de las carreras de la Facultad de Ciencias Exactas y Tecnolog\u00eda de la Universidad Nacional de Tucum\u00e1n. - 6<\/a><br \/>\nEscrito por\u00a0<strong>Ana S. PAZ y Ana M. SFER<\/strong><\/p>\n<p>&nbsp;<\/p>\n<p><strong>DOCENCIA<\/strong><\/p>\n<p><a href=\"https:\/\/www.facet.unt.edu.ar\/revistacet\/wp-content\/uploads\/sites\/28\/2023\/09\/14_SORIA_ET_AL_CET_43_2022.pdf\" target=\"_blank\" rel=\"noopener\">ChatGPT: \u00bfestar o no estar? - 14<\/a><br \/>\nEscrito por <strong>Marcos E. G. SORIA, Marcelo A. M\u00c1S VALDECANTOS, Nicol\u00e1s G. AUVIEUX, L\u00eda F. TORRES AUAD<\/strong><\/p>\n<p>&nbsp;<\/p>\n<p><strong>INFORME T\u00c9CNICO<\/strong><\/p>\n<p><a href=\"https:\/\/www.facet.unt.edu.ar\/revistacet\/wp-content\/uploads\/sites\/28\/2023\/09\/21_FERNANDEZ_TIRAO_CET_43_2022.pdf\" target=\"_blank\" rel=\"noopener\">Deformaciones r\u00edgidas de \u00e1lgebras de Lie perfectas m\u00e1s un factor abeliano. - 21<\/a><br \/>\nEscrito por <strong>Estela F. FERN\u00c1NDEZ y Paulo A. TIRAO<\/strong><\/p>\n<p>&nbsp;<\/p>\n<p><strong>NOTAS, ARTE Y OPINI\u00d3N<\/strong><\/p>\n<p><a href=\"https:\/\/www.facet.unt.edu.ar\/revistacet\/wp-content\/uploads\/sites\/28\/2023\/09\/27_AVILA_CET_43_2022.pdf\" target=\"_blank\" rel=\"noopener\">10 buenas razones para emprender una formaci\u00f3n doctoral en ingenier\u00eda. - 27<\/a><br \/>\nEscrito por Adolfo <strong>M. \u00c1VILA<\/strong><\/p>\n<p><a href=\"https:\/\/www.facet.unt.edu.ar\/revistacet\/wp-content\/uploads\/sites\/28\/2023\/09\/31_WEYERSTALL_CET_43_2022.pdf\" target=\"_blank\" rel=\"noopener\">Repensando tecnolog\u00eda e ingenier\u00eda - 31<\/a><br \/>\nEscrito por <strong>Walter M. WEYERSTALL<\/strong><\/p>\n<p>&nbsp;<\/p>\n<p><strong>HOMENAJES<\/strong><\/p>\n<p><a href=\"https:\/\/www.facet.unt.edu.ar\/revistacet\/wp-content\/uploads\/sites\/28\/2023\/09\/33_LAU_CET_43_2022.pdf\" target=\"_blank\" rel=\"noopener\">La Profesora Estela Lindholm de Moris: el origen de la Lectocomprensi\u00f3n en ingl\u00e9s en la FACET. - 33<\/a><br \/>\nEscrito por <strong>Mar\u00eda B. LAU<\/strong><\/p>\n<p>&nbsp;<\/p>\n<p><strong>PARA AUTORES<\/strong><\/p>\n<p><a href=\"https:\/\/www.facet.unt.edu.ar\/revistacet\/wp-content\/uploads\/sites\/28\/2023\/09\/42_INSTRUCCIONES_AUTORES_CET_43_2022.pdf\" target=\"_blank\" rel=\"noopener\">Instrucciones para autores - 42<\/a><\/p>\n<p>&nbsp;<\/p>\n<p><a href=\"https:\/\/www.facet.unt.edu.ar\/revistacet\/wp-content\/uploads\/sites\/28\/2024\/09\/CET-Revista-N-43-DIC-2022.pdf\" target=\"_blank\" rel=\"noopener\"><strong>N\u00daMERO COMPLETO<\/strong><\/a><\/p>\n<p>&nbsp;<\/p>\n<hr \/>\n<div>Esta publicaci\u00f3n figura en el Directorio de Latindex<br \/>\nClasificaci\u00f3n Decimal Universal (CDU): 501- 62<br \/>\nDirector: Tel. +54-381-4364093 \u2013 Int. 7719<br \/>\nE-mail: <a href=\"mailto:revista@herrera.unt.edu.ar\" target=\"_blank\" rel=\"noopener noreferrer\">revista@herrera.unt.edu.ar<\/a><br \/>\nEl contenido de los trabajos firmados no representa necesariamente la opini\u00f3n del editor, siendo de exclusiva responsabilidad de los autores.<br \/>\nRegistro de Propiedad Intelectual: N\u00ba 303943 \u2013 ISSN 1668-9178<br \/>\nEste n\u00famero cerr\u00f3 el 31\/12\/2022<\/div>\n<\/div>\n<\/div><\/div><\/div><\/div><\/div>","protected":false},"excerpt":{"rendered":"<p>A\u00f1o 31 N\u00ba 43 \/ 2022 Revista de propiedad de la Facultad de Ciencias Exactas y Tecnolog\u00eda Universidad Nacional de Tucum\u00e1n Tucum\u00e1n \u2013 Argentina CONTENIDO &nbsp; EDITORIAL La utilidad de la ciencia y la tecnolog\u00eda &#8211; 3 Escrito por\u00a0Nicol\u00e1s NIEVA &nbsp; INVESTIGACI\u00d3N, DESARROLLO E INNOVACI\u00d3N Duraci\u00f3n real de las carreras de la Facultad de Ciencias [&hellip;]<\/p>\n","protected":false},"author":123501,"featured_media":0,"parent":0,"menu_order":0,"comment_status":"closed","ping_status":"closed","template":"","meta":[],"_links":{"self":[{"href":"https:\/\/www.facet.unt.edu.ar\/revistacet\/wp-json\/wp\/v2\/pages\/734"}],"collection":[{"href":"https:\/\/www.facet.unt.edu.ar\/revistacet\/wp-json\/wp\/v2\/pages"}],"about":[{"href":"https:\/\/www.facet.unt.edu.ar\/revistacet\/wp-json\/wp\/v2\/types\/page"}],"author":[{"embeddable":true,"href":"https:\/\/www.facet.unt.edu.ar\/revistacet\/wp-json\/wp\/v2\/users\/123501"}],"replies":[{"embeddable":true,"href":"https:\/\/www.facet.unt.edu.ar\/revistacet\/wp-json\/wp\/v2\/comments?post=734"}],"version-history":[{"count":16,"href":"https:\/\/www.facet.unt.edu.ar\/revistacet\/wp-json\/wp\/v2\/pages\/734\/revisions"}],"predecessor-version":[{"id":803,"href":"https:\/\/www.facet.unt.edu.ar\/revistacet\/wp-json\/wp\/v2\/pages\/734\/revisions\/803"}],"wp:attachment":[{"href":"https:\/\/www.facet.unt.edu.ar\/revistacet\/wp-json\/wp\/v2\/media?parent=734"}],"curies":[{"name":"wp","href":"https:\/\/api.w.org\/{rel}","templated":true}]}}