{"id":87,"date":"2013-11-08T18:27:00","date_gmt":"2013-11-08T21:27:00","guid":{"rendered":"https:\/\/www.facet.unt.edu.ar\/revistacet\/?page_id=87"},"modified":"2023-03-30T23:57:05","modified_gmt":"2023-03-31T02:57:05","slug":"cet36","status":"publish","type":"page","link":"https:\/\/www.facet.unt.edu.ar\/revistacet\/cet36\/","title":{"rendered":"Revista cet 36"},"content":{"rendered":"<p style=\"text-align: left;\">A\u00f1o 22 N\u00ba 36 Marzo de 2013<br \/>\nRevista de propiedad de la<br \/>\nFacultad de Ciencias Exactas y Tecnolog\u00eda<br \/>\nUniversidad Nacional de Tucum\u00e1n<br \/>\nTucum\u00e1n \u2013 Argentina<\/p>\n<p style=\"text-align: center;\"><strong>Contenido<\/strong><\/p>\n<p><strong>Editorial<\/strong><br \/>\n&#8211; <a href=\"https:\/\/www.facet.unt.edu.ar\/revistacet\/wp-content\/uploads\/sites\/28\/2023\/03\/editorial-1.pdf\" target=\"_blank\" rel=\"noopener\">Un ejercicio mental<\/a><\/p>\n<p><strong>Investigaci\u00f3n y Desarrollo<\/strong><br \/>\n&#8211; <a href=\"https:\/\/www.facet.unt.edu.ar\/revistacet\/wp-content\/uploads\/sites\/28\/2023\/03\/n36inv01.pdf\" target=\"_blank\" rel=\"noopener\">Mapa de la desigualdad en Argentina<\/a><br \/>\nV. Fabio Lazarte y P. Lorena Naidicz<\/p>\n<p>&#8211; <a href=\"https:\/\/www.facet.unt.edu.ar\/revistacet\/wp-content\/uploads\/sites\/28\/2023\/03\/n36inv02.pdf\" target=\"_blank\" rel=\"noopener\">Tratamiento electrol\u00edtico y por ozonizaci\u00f3n de efluentes c\u00edtricos<\/a><br \/>\nLiza M. Olivera, Malco A. Mackay, Sergio L. Jorrat, Ricardo R. Ferrari y Alejandro R. \u00c1lvarez<\/p>\n<p>&#8211; <a href=\"https:\/\/www.facet.unt.edu.ar\/revistacet\/wp-content\/uploads\/sites\/28\/2023\/03\/n36inv03.pdf\" target=\"_blank\" rel=\"noopener\">Cogeneraci\u00f3n en la industria azucarera<\/a><br \/>\nCarlos J.\u00a0 Ag\u00fcero, Jorge R. Pisa, Roberto L. Andina y Franco E. Nanni<\/p>\n<p>&#8211; <a href=\"https:\/\/www.facet.unt.edu.ar\/revistacet\/wp-content\/uploads\/sites\/28\/2023\/03\/n36inv04.pdf\" target=\"_blank\" rel=\"noopener\">Evaluaci\u00f3n de la din\u00e1mica de aprovisionamiento de PYMES proveedoras de la cadena alimentaria en el NOA<\/a><br \/>\nJulio Rodr\u00edguez Rey y Susana Chauvet<\/p>\n<p><strong>Docencia<\/strong><br \/>\n&#8211; <a href=\"https:\/\/www.facet.unt.edu.ar\/revistacet\/wp-content\/uploads\/sites\/28\/2023\/03\/n36doc01.pdf\" target=\"_blank\" rel=\"noopener\">Arquitectura y Regionalismo. La obra de Eladio Dieste<\/a><br \/>\nSusana Comoglio<\/p>\n<p>&#8211; <a href=\"https:\/\/www.facet.unt.edu.ar\/revistacet\/wp-content\/uploads\/sites\/28\/2023\/03\/n36doc02.pdf\" target=\"_blank\" rel=\"noopener\">Entornos virtuales de aprendizaje en la educaci\u00f3n superior: riesgos y promesas. Claves para el dise\u00f1o e implementaci\u00f3n de aulas virtuales y extendidas<\/a><br \/>\nL\u00eda Torres Auad, Ricardo Garc\u00eda, Eduardo Martel, Pablo Rodr\u00edguez Rey, Mar\u00eda F. Guzm\u00e1n, Julio Escalante Figueroa y Nicol\u00e1s Auvieux<\/p>\n<p><strong>Extensi\u00f3n<\/strong><br \/>\n&#8211; <a href=\"https:\/\/www.facet.unt.edu.ar\/revistacet\/wp-content\/uploads\/sites\/28\/2023\/03\/n36ext.pdf\" target=\"_blank\" rel=\"noopener\">Las deficiencias en la aplicaci\u00f3n de la ley en los sistemas semaf\u00f3ricos en Argentina como factor adicional de inseguridad vial<\/a><br \/>\nJuli\u00e1n Rivera, Gustavo Das Neves y Luciano Brizuela<\/p>\n<p><strong>Informes T\u00e9cnicos<\/strong><br \/>\n&#8211; <a href=\"https:\/\/www.facet.unt.edu.ar\/revistacet\/wp-content\/uploads\/sites\/28\/2023\/03\/n36inftec.pdf\" target=\"_blank\" rel=\"noopener\">Desarrollo y\u00a0 montaje de un sistema de doble paso para la medici\u00f3n de la calidad de im\u00e1genes retinianas<\/a><br \/>\nAn\u00edbal de Paul, Roberto S\u00e1nchez, Diego Corregidor, Gustavo Jim\u00e9nez y Luis Issolio<\/p>\n<p><strong>Tutoriales<\/strong><br \/>\n&#8211; <a href=\"https:\/\/www.facet.unt.edu.ar\/revistacet\/wp-content\/uploads\/sites\/28\/2023\/03\/n36tut01.pdf\" target=\"_blank\" rel=\"noopener\">Fundamentos de Radar. Parte I: Fundamentos f\u00edsicos. Determinaci\u00f3n de las coordenadas espaciales y la velocidad radial del blanco. Tipos de radares<\/a><br \/>\nNelson Ch\u00e1vez Ferry y Miguel A. Cabrera<\/p>\n<p>&#8211; <a href=\"https:\/\/www.facet.unt.edu.ar\/revistacet\/wp-content\/uploads\/sites\/28\/2023\/03\/n36tut02.pdf\" target=\"_blank\" rel=\"noopener\">Gu\u00eda r\u00e1pida de instalaci\u00f3n de herramientas libres para programar en C\/C++<\/a><br \/>\nH\u00e9ctor Adri\u00e1n Valdecantos<\/p>\n<p><strong>Notas<\/strong><br \/>\n&#8211; <a href=\"https:\/\/www.facet.unt.edu.ar\/revistacet\/wp-content\/uploads\/sites\/28\/2023\/03\/n36nota.pdf\" target=\"_blank\" rel=\"noopener\">Un paseo musical<\/a><br \/>\nMar\u00eda Eugenia Marquetti<\/p>\n<hr \/>\n<p>Esta publicaci\u00f3n figura en el Directorio de Latindex<br \/>\nPeriodicidad de la revista: Semestral<br \/>\nClasificaci\u00f3n Decimal Universal (CDU): 501- 62.<br \/>\nDirector: TEL. +54-381-4364093 &#8211; Int. 7719.<br \/>\nCooperadora: TEL. +54-381-4364093 Int. 7803.<br \/>\nFAX: +54-381-4363004<br \/>\nE-mail: <a href=\"mailto:revista@herrera.unt.edu.ar\" target=\"_blank\" rel=\"noopener\">revista@herrera.unt.edu.ar<\/a><br \/>\nEl contenido de los trabajos firmados no representa necesariamente la opini\u00f3n del editor, siendo de exclusiva responsabilidad de los autores.<br \/>\nRegistro de Propiedad Intelectual: N\u00ba 303943 &#8211; ISSN 1668-9178.<br \/>\nEste n\u00famero cerr\u00f3 el 31\/12\/2012 &#8211; Suscripci\u00f3n anual: $ 60.<\/p>\n","protected":false},"excerpt":{"rendered":"<p>A\u00f1o 22 N\u00ba 36 Marzo de 2013 Revista de propiedad de la Facultad de Ciencias Exactas y Tecnolog\u00eda Universidad Nacional de Tucum\u00e1n Tucum\u00e1n \u2013 Argentina Contenido Editorial &#8211; Un ejercicio mental Investigaci\u00f3n y Desarrollo &#8211; Mapa de la desigualdad en Argentina V. Fabio Lazarte y P. Lorena Naidicz &#8211; Tratamiento electrol\u00edtico y por ozonizaci\u00f3n de [&hellip;]<\/p>\n","protected":false},"author":6,"featured_media":0,"parent":0,"menu_order":0,"comment_status":"closed","ping_status":"closed","template":"","meta":[],"_links":{"self":[{"href":"https:\/\/www.facet.unt.edu.ar\/revistacet\/wp-json\/wp\/v2\/pages\/87"}],"collection":[{"href":"https:\/\/www.facet.unt.edu.ar\/revistacet\/wp-json\/wp\/v2\/pages"}],"about":[{"href":"https:\/\/www.facet.unt.edu.ar\/revistacet\/wp-json\/wp\/v2\/types\/page"}],"author":[{"embeddable":true,"href":"https:\/\/www.facet.unt.edu.ar\/revistacet\/wp-json\/wp\/v2\/users\/6"}],"replies":[{"embeddable":true,"href":"https:\/\/www.facet.unt.edu.ar\/revistacet\/wp-json\/wp\/v2\/comments?post=87"}],"version-history":[{"count":12,"href":"https:\/\/www.facet.unt.edu.ar\/revistacet\/wp-json\/wp\/v2\/pages\/87\/revisions"}],"predecessor-version":[{"id":212,"href":"https:\/\/www.facet.unt.edu.ar\/revistacet\/wp-json\/wp\/v2\/pages\/87\/revisions\/212"}],"wp:attachment":[{"href":"https:\/\/www.facet.unt.edu.ar\/revistacet\/wp-json\/wp\/v2\/media?parent=87"}],"curies":[{"name":"wp","href":"https:\/\/api.w.org\/{rel}","templated":true}]}}