{"id":885,"date":"2025-02-13T12:34:41","date_gmt":"2025-02-13T15:34:41","guid":{"rendered":"https:\/\/www.facet.unt.edu.ar\/revistacet\/?page_id=885"},"modified":"2025-07-02T14:25:36","modified_gmt":"2025-07-02T17:25:36","slug":"revista-cet-46","status":"publish","type":"page","link":"https:\/\/www.facet.unt.edu.ar\/revistacet\/revista-cet-46\/","title":{"rendered":"Revista cet 46"},"content":{"rendered":"<p>A\u00f1o 33 N\u00ba 46 \/ 2024<br \/>\nRevista de propiedad de la<br \/>\nFacultad de Ciencias Exactas y Tecnolog\u00eda<br \/>\nUniversidad Nacional de Tucum\u00e1n<br \/>\nTucum\u00e1n \u2013 Argentina<\/p>\n<p><strong>EDITORIAL<\/strong><br \/>\n&#8211; <a href=\"https:\/\/www.facet.unt.edu.ar\/revistacet\/wp-content\/uploads\/sites\/28\/2025\/02\/01_EDITORIAL_CET_46_2024.pdf\" target=\"_blank\" rel=\"noopener\">Homenaje al DR. RODOLFO FRANCISCO DANESI<\/a> &#8211; 4<br \/>\n<em>Escrito por Gustavo PEREZ<\/em><\/p>\n<p><strong>INVESTIGACI\u00d3N, DESARROLLO E INNOVACI\u00d3N<\/strong><br \/>\n&#8211; <a href=\"https:\/\/www.facet.unt.edu.ar\/revistacet\/wp-content\/uploads\/sites\/28\/2025\/02\/02_Nuevos-desarrollos-en-sistemas-de-control-de-vibraciones_CET_46_2024.pdf\" target=\"_blank\" rel=\"noopener\">Nuevos desarrollos en sistemas de control de vibraciones<\/a> &#8211; 5<br \/>\n<em>Escrito por Daniel AMBROSINI, Mart\u00edn DOMIZIO, Andr\u00e9s CAMPI, Facundo CUERVO, <\/em><em>Pablo BARLEK y Bibiana LUCCIONI<\/em><br \/>\n&#8211; <a href=\"https:\/\/www.facet.unt.edu.ar\/revistacet\/wp-content\/uploads\/sites\/28\/2025\/02\/03_Diseno-basado-en-desempeno-para-el-refuerzo-de-edificios-escolares_CET_46_2024.pdf\" target=\"_blank\" rel=\"noopener\">Dise\u00f1o basado en desempe\u00f1o para el refuerzo de edificios escolares<\/a> &#8211; 15<br \/>\n<em>Escrito por por Gustavo Luis PALAZZO<\/em><br \/>\n&#8211; <a href=\"https:\/\/www.facet.unt.edu.ar\/revistacet\/wp-content\/uploads\/sites\/28\/2025\/02\/04_Aspectos-dinamicos-en-la-obra-de-Joao-Filgueiras_CET_46_2024.pdf\" target=\"_blank\" rel=\"noopener\">Aspectos din\u00e1micos en la obra de Jo\u00e3o Filgueiras (Lel\u00ea): El caso de las pasarelas peatonales<\/a> &#8211; 22<br \/>\n<em>Escrito por Thiago Gon\u00e7alves MOREIRA, Graciela N. DOZ<\/em><br \/>\n&#8211; <a href=\"https:\/\/www.facet.unt.edu.ar\/revistacet\/wp-content\/uploads\/sites\/28\/2025\/02\/05_Vientos-descendentes-extremos-en-el-analisis-y-diseno-de-estructuras_CET_46_2024.pdf\" target=\"_blank\" rel=\"noopener\">Vientos descendentes extremos en el an\u00e1lisis y dise\u00f1o de estructuras<\/a> &#8211; 31<br \/>\n<em>Escrito por Jorge D. RIERA<\/em><br \/>\n&#8211; <a href=\"https:\/\/www.facet.unt.edu.ar\/revistacet\/wp-content\/uploads\/sites\/28\/2025\/02\/07_Estudio-CFD-aplicado-al-diseno-de-una-microvalvula-intravesical-para-tratar-afecciones-de-la-via-urinaria_CET_46_2024.pdf\" target=\"_blank\" rel=\"noopener\">Estudio CFD aplicado al dise\u00f1o de una microv\u00e1lvula intravesical para tratar afecciones de la v\u00eda urinaria <\/a>&#8211; 44<br \/>\n<em>Escrito por Mart\u00edn REARTE, Joaqu\u00edn BOL\u00cdVAR<\/em><\/p>\n<p><strong>INFORME T\u00c9CNICO<\/strong><br \/>\n&#8211; <a href=\"https:\/\/www.facet.unt.edu.ar\/revistacet\/wp-content\/uploads\/sites\/28\/2025\/02\/06_Una-resena-de-30-anos-de-investigacion-sobre-el-comportamiento-y-falla-de-tanques-_CET_46_2024.pdf\" target=\"_blank\" rel=\"noopener\">Una rese\u00f1a de (casi) 30 a\u00f1os de investigaci\u00f3n sobre el comportamiento y falla de tanques de almacenamiento de petr\u00f3leo<\/a> &#8211; 54<br \/>\n<em>Escrito por Luis A. GODOY<\/em><\/p>\n<p><strong>NOTAS, ARTE Y OPINI\u00d3N<\/strong><br \/>\n&#8211; <a href=\"https:\/\/www.facet.unt.edu.ar\/revistacet\/wp-content\/uploads\/sites\/28\/2025\/02\/08_Breve-CV-del-Dr-Rodolfo-Francisco-Danesi_CET_46_2024-1.pdf\" target=\"_blank\" rel=\"noopener\">Breve CV del Dr. Rodolfo Francisco Danesi<\/a> &#8211; 60<br \/>\n<em>Escrito por Bibiana Mar\u00eda LUCCIONI<\/em><\/p>\n<p><strong>HOMENAJE<\/strong><br \/>\n&#8211; <a href=\"https:\/\/www.facet.unt.edu.ar\/revistacet\/wp-content\/uploads\/sites\/28\/2025\/02\/10_RECUERDOS-DEL-DR.-RODOLFO-DANESI_CET_46_2024.pdf\" target=\"_blank\" rel=\"noopener\">Recuerdos del Dr. Rodolfo DANESI<\/a> &#8211; 64<br \/>\n<em>Escrito por Bibiana Mar\u00eda LUCCIONI<\/em><\/p>\n<p><strong>PARA AUTORES<\/strong><br \/>\n<a href=\"https:\/\/www.facet.unt.edu.ar\/revistacet\/wp-content\/uploads\/sites\/28\/2025\/02\/11_Instrucciones-para-Autores-_CET_46_2024.pdf\" target=\"_blank\" rel=\"noopener\">Instrucciones para autores<\/a> &#8211; 67<\/p>\n<p style=\"text-align: center;\"><a href=\"https:\/\/www.facet.unt.edu.ar\/revistacet\/wp-content\/uploads\/sites\/28\/2025\/02\/REVISTA-CET-46-JUNIO-2024.pdf\" target=\"_blank\" rel=\"noopener\">N\u00daMERO COMPLETO<\/a><\/p>\n<p style=\"text-align: center;\"><iframe loading=\"lazy\" src=\"https:\/\/www.facet.unt.edu.ar\/revistacet\/wp-content\/uploads\/sites\/28\/2025\/02\/REVISTA-CET-46-JUNIO-2024.pdf\" width=\"1400\" height=\"1000\" frameborder=\"0\"><span data-mce-type=\"bookmark\" style=\"display: inline-block; width: 0px; overflow: hidden; line-height: 0;\" class=\"mce_SELRES_start\">\ufeff<\/span><span data-mce-type=\"bookmark\" style=\"display: inline-block; width: 0px; overflow: hidden; line-height: 0;\" class=\"mce_SELRES_start\">\ufeff<\/span><span data-mce-type=\"bookmark\" style=\"display: inline-block; width: 0px; overflow: hidden; line-height: 0;\" class=\"mce_SELRES_start\">\ufeff<\/span><span data-mce-type=\"bookmark\" style=\"display: inline-block; width: 0px; overflow: hidden; line-height: 0;\" class=\"mce_SELRES_start\">\ufeff<\/span><span data-mce-type=\"bookmark\" style=\"display: inline-block; width: 0px; overflow: hidden; line-height: 0;\" class=\"mce_SELRES_start\">\ufeff<\/span><span data-mce-type=\"bookmark\" style=\"display: inline-block; width: 0px; overflow: hidden; line-height: 0;\" class=\"mce_SELRES_start\">\ufeff<\/span><span data-mce-type=\"bookmark\" style=\"display: inline-block; width: 0px; overflow: hidden; line-height: 0;\" class=\"mce_SELRES_start\">\ufeff<\/span><span data-mce-type=\"bookmark\" style=\"display: inline-block; width: 0px; overflow: hidden; line-height: 0;\" class=\"mce_SELRES_start\"><span data-mce-type=\"bookmark\" style=\"display: inline-block; width: 0px; overflow: hidden; line-height: 0;\" class=\"mce_SELRES_start\">\ufeff<\/span>\ufeff<\/span><span data-mce-type=\"bookmark\" style=\"display: inline-block; width: 0px; overflow: hidden; line-height: 0;\" class=\"mce_SELRES_start\">\ufeff<\/span><span data-mce-type=\"bookmark\" style=\"display: inline-block; width: 0px; overflow: hidden; line-height: 0;\" class=\"mce_SELRES_start\"><span data-mce-type=\"bookmark\" style=\"display: inline-block; width: 0px; overflow: hidden; line-height: 0;\" class=\"mce_SELRES_start\">\ufeff<\/span><span data-mce-type=\"bookmark\" style=\"display: inline-block; width: 0px; overflow: hidden; line-height: 0;\" class=\"mce_SELRES_start\">\ufeff<\/span><span data-mce-type=\"bookmark\" style=\"display: inline-block; width: 0px; overflow: hidden; line-height: 0;\" class=\"mce_SELRES_start\">\ufeff<\/span>\ufeff<\/span><span data-mce-type=\"bookmark\" style=\"display: inline-block; width: 0px; overflow: hidden; line-height: 0;\" class=\"mce_SELRES_start\">\ufeff<\/span><span data-mce-type=\"bookmark\" style=\"display: inline-block; width: 0px; overflow: hidden; line-height: 0;\" class=\"mce_SELRES_start\">\ufeff<\/span><span data-mce-type=\"bookmark\" style=\"display: inline-block; width: 0px; overflow: hidden; line-height: 0;\" class=\"mce_SELRES_start\">\ufeff<\/span><span data-mce-type=\"bookmark\" style=\"display: inline-block; width: 0px; overflow: hidden; line-height: 0;\" class=\"mce_SELRES_start\">\ufeff<\/span><\/iframe><\/p>\n<hr \/>\n<div>Esta publicaci\u00f3n figura en el Directorio de Latindex<br \/>\nClasificaci\u00f3n Decimal Universal (CDU): 501- 62<br \/>\nDirector: Tel. +54-381-4364093 \u2013 Int. 7719<br \/>\nE-mail:\u00a0<a href=\"mailto:revista@herrera.unt.edu.ar\" target=\"_blank\" rel=\"noopener noreferrer\">revista@herrera.unt.edu.ar<\/a><br \/>\nEl contenido de los trabajos firmados no representa necesariamente la opini\u00f3n del editor, siendo de exclusiva responsabilidad de los autores.<br \/>\nRegistro de Propiedad Intelectual: N\u00ba 303943 \u2013 ISSN 1668-9178<br \/>\nEste n\u00famero cerr\u00f3 el 30\/06\/2024<\/div>\n","protected":false},"excerpt":{"rendered":"<p>A\u00f1o 33 N\u00ba 46 \/ 2024 Revista de propiedad de la Facultad de Ciencias Exactas y Tecnolog\u00eda Universidad Nacional de Tucum\u00e1n Tucum\u00e1n \u2013 Argentina EDITORIAL &#8211; Homenaje al DR. RODOLFO FRANCISCO DANESI &#8211; 4 Escrito por Gustavo PEREZ INVESTIGACI\u00d3N, DESARROLLO E INNOVACI\u00d3N &#8211; Nuevos desarrollos en sistemas de control de vibraciones &#8211; 5 Escrito por [&hellip;]<\/p>\n","protected":false},"author":6,"featured_media":0,"parent":0,"menu_order":0,"comment_status":"closed","ping_status":"closed","template":"","meta":[],"_links":{"self":[{"href":"https:\/\/www.facet.unt.edu.ar\/revistacet\/wp-json\/wp\/v2\/pages\/885"}],"collection":[{"href":"https:\/\/www.facet.unt.edu.ar\/revistacet\/wp-json\/wp\/v2\/pages"}],"about":[{"href":"https:\/\/www.facet.unt.edu.ar\/revistacet\/wp-json\/wp\/v2\/types\/page"}],"author":[{"embeddable":true,"href":"https:\/\/www.facet.unt.edu.ar\/revistacet\/wp-json\/wp\/v2\/users\/6"}],"replies":[{"embeddable":true,"href":"https:\/\/www.facet.unt.edu.ar\/revistacet\/wp-json\/wp\/v2\/comments?post=885"}],"version-history":[{"count":8,"href":"https:\/\/www.facet.unt.edu.ar\/revistacet\/wp-json\/wp\/v2\/pages\/885\/revisions"}],"predecessor-version":[{"id":928,"href":"https:\/\/www.facet.unt.edu.ar\/revistacet\/wp-json\/wp\/v2\/pages\/885\/revisions\/928"}],"wp:attachment":[{"href":"https:\/\/www.facet.unt.edu.ar\/revistacet\/wp-json\/wp\/v2\/media?parent=885"}],"curies":[{"name":"wp","href":"https:\/\/api.w.org\/{rel}","templated":true}]}}