{"id":92,"date":"2015-04-08T18:35:54","date_gmt":"2015-04-08T21:35:54","guid":{"rendered":"https:\/\/www.facet.unt.edu.ar\/revistacet\/?page_id=92"},"modified":"2023-02-28T22:58:59","modified_gmt":"2023-03-01T01:58:59","slug":"staff","status":"publish","type":"page","link":"https:\/\/www.facet.unt.edu.ar\/revistacet\/staff\/","title":{"rendered":"PERSONAL"},"content":{"rendered":"<p><strong>Direcci\u00f3n Cient\u00edfica<\/strong>: Ing. Nicol\u00e1s Nieva<\/p>\n<p><strong>Direcci\u00f3n Ejecutiva<\/strong>: Prog. Universitaria Fanny D\u00edaz<\/p>\n<p><strong>E-mail<\/strong>: <a href=\"mailto:revista@herrera.unt.edu.ar\" target=\"_blank\" rel=\"noopener noreferrer\">revista@herrera.unt.edu.ar<\/a><\/p>\n<p style=\"text-align: center;\"><strong>Autoridades de la Universidad Nacional de Tucum\u00e1n<\/strong><br \/>\nRector Ing. Sergio Jos\u00e9 Pagani<br \/>\nVicerrectora Dra. Mercedes Leal<\/p>\n<p style=\"text-align: center;\"><strong>Autoridades de la Facultad de Ciencias Exactas y Tecnolog\u00eda<\/strong><br \/>\nDecano Dr. Ing. Miguel \u00c1ngel Cabrera<br \/>\nVicedecano Mg. Ing. Eduardo Martel<\/p>\n<p style=\"text-align: left;\"><strong>cet\u00a0 Revista de Ciencias Exactas e Ingenier\u00eda<\/strong><\/p>\n<p style=\"text-align: justify;\"><strong>Comisi\u00f3n Asesora: <\/strong>Dra. Paula Araujo, Dra. Georgina El\u00edas, Dra. Cecilia Zapata.<\/p>\n<p><strong>Comit\u00e9 Editorial:<\/strong><\/p>\n<p style=\"text-align: justify;\">Dra. Liliana del Valle Abascal<br \/>\nMg. Carlos Albaca Parav\u00e1n<br \/>\nDr. Carlos Albarrac\u00edn<br \/>\nDra. Paula Araujo<br \/>\nDr. Adolfo Mar\u00eda \u00c1vila<br \/>\nDra. Georgina El\u00edas<br \/>\nMg. Mar\u00eda Isabel Giannini<br \/>\nDra. Mariela Gonz\u00e1lez<br \/>\nIng. Gustavo Eduardo Ju\u00e1rez<br \/>\nIng. Nicol\u00e1s Majorel Padilla<br \/>\nDr. Eduardo Manzano<br \/>\nDr. Oscar Alonso Mar\u00edn Ram\u00edrez<br \/>\nIng. Nora Perotti<br \/>\nDr. Antonio Orlando<br \/>\nIng. Jos\u00e9 Antonio Palacios<br \/>\nDra. Sonia Vrech<br \/>\nDra. Cecilia Zapata<\/p>\n","protected":false},"excerpt":{"rendered":"<p>Direcci\u00f3n Cient\u00edfica: Ing. Nicol\u00e1s Nieva Direcci\u00f3n Ejecutiva: Prog. Universitaria Fanny D\u00edaz E-mail: revista@herrera.unt.edu.ar Autoridades de la Universidad Nacional de Tucum\u00e1n Rector Ing. Sergio Jos\u00e9 Pagani Vicerrectora Dra. Mercedes Leal Autoridades de la Facultad de Ciencias Exactas y Tecnolog\u00eda Decano Dr. Ing. Miguel \u00c1ngel Cabrera Vicedecano Mg. Ing. Eduardo Martel cet\u00a0 Revista de Ciencias Exactas e [&hellip;]<\/p>\n","protected":false},"author":6,"featured_media":0,"parent":0,"menu_order":0,"comment_status":"closed","ping_status":"closed","template":"","meta":[],"_links":{"self":[{"href":"https:\/\/www.facet.unt.edu.ar\/revistacet\/wp-json\/wp\/v2\/pages\/92"}],"collection":[{"href":"https:\/\/www.facet.unt.edu.ar\/revistacet\/wp-json\/wp\/v2\/pages"}],"about":[{"href":"https:\/\/www.facet.unt.edu.ar\/revistacet\/wp-json\/wp\/v2\/types\/page"}],"author":[{"embeddable":true,"href":"https:\/\/www.facet.unt.edu.ar\/revistacet\/wp-json\/wp\/v2\/users\/6"}],"replies":[{"embeddable":true,"href":"https:\/\/www.facet.unt.edu.ar\/revistacet\/wp-json\/wp\/v2\/comments?post=92"}],"version-history":[{"count":23,"href":"https:\/\/www.facet.unt.edu.ar\/revistacet\/wp-json\/wp\/v2\/pages\/92\/revisions"}],"predecessor-version":[{"id":516,"href":"https:\/\/www.facet.unt.edu.ar\/revistacet\/wp-json\/wp\/v2\/pages\/92\/revisions\/516"}],"wp:attachment":[{"href":"https:\/\/www.facet.unt.edu.ar\/revistacet\/wp-json\/wp\/v2\/media?parent=92"}],"curies":[{"name":"wp","href":"https:\/\/api.w.org\/{rel}","templated":true}]}}