{"id":966,"date":"2025-11-07T17:52:05","date_gmt":"2025-11-07T20:52:05","guid":{"rendered":"https:\/\/www.facet.unt.edu.ar\/revistacet\/?page_id=966"},"modified":"2025-11-08T21:44:58","modified_gmt":"2025-11-09T00:44:58","slug":"revista-cet-47","status":"publish","type":"page","link":"https:\/\/www.facet.unt.edu.ar\/revistacet\/revista-cet-47\/","title":{"rendered":"Revista cet 47"},"content":{"rendered":"<p>A\u00f1o 33 N\u00ba 47 \/ 2024<br \/>\nRevista de propiedad de la<br \/>\nFacultad de Ciencias Exactas y Tecnolog\u00eda<br \/>\nUniversidad Nacional de Tucum\u00e1n<br \/>\nTucum\u00e1n \u2013 R. Argentina<\/p>\n<p><strong>CONTENIDO<\/strong><br \/>\n<a href=\"https:\/\/www.facet.unt.edu.ar\/revistacet\/wp-content\/uploads\/sites\/28\/2025\/11\/Pag-01-TAPA-cet-REVISTA-47-2024.pdf\">TAPA<\/a> &#8211; 1<br \/>\n<a href=\"https:\/\/www.facet.unt.edu.ar\/revistacet\/wp-content\/uploads\/sites\/28\/2025\/11\/Pag-02-CREDITOS-cet-REVISTA-47-2024.pdf\">CR\u00c9DITOS<\/a> &#8211; 2<br \/>\nEDITORIAL<br \/>\n&#8211; <a href=\"https:\/\/www.facet.unt.edu.ar\/revistacet\/wp-content\/uploads\/sites\/28\/2025\/11\/Pag-04-EDITORIAL-cet-REVISTA-47-2024.pdf\">N\u00famero 47<\/a> &#8211; 4<\/p>\n<p><strong>INVESTIGACI\u00d3N, DESARROLLO E INNOVACI\u00d3N<\/strong><br \/>\n&#8211;\u00a0<strong><em><a href=\"https:\/\/www.facet.unt.edu.ar\/revistacet\/wp-content\/uploads\/sites\/28\/2025\/11\/Pag-05-MARTIN-cet-REVISTA-47-2024.pdf\">Dise\u00f1o de un transistor de efecto campo empleando resina fotosensible como diel\u00e9ctrico de compuerta<\/a><\/em><\/strong> &#8211; 5<br \/>\nAutores: MART\u00cdN, Balthazar; ZAPATA, Cecilia; FIGUEROA, Cristian; BRIDOUX, German; VILLAFUERTE, Manuel; JIM\u00c9NEZ, Gustavo<br \/>\n&#8211; <strong><em><a href=\"https:\/\/www.facet.unt.edu.ar\/revistacet\/wp-content\/uploads\/sites\/28\/2025\/11\/Pag-14-BUSI-cet-REVISTA-47-2024.pdf\">Efecto de la polilisina y N-acetilciste\u00edna sobre mantas de policaprolactona en cultivo celular<\/a><\/em><\/strong> &#8211; 14<br \/>\nAutores: BUSI, Aldana; ARGA\u00d1ARAZ AYBAR, Julio; KOZUSZKO, Silvia; MONSALVE, Leandro; RODRIGUEZ, Andrea<br \/>\n&#8211; <strong><a href=\"https:\/\/www.facet.unt.edu.ar\/revistacet\/wp-content\/uploads\/sites\/28\/2025\/11\/Pag-24-CORDERO-cet-REVISTA-47-2024.pdf\"><em>Optimizaci\u00f3n de anclajes y acopladores para sistemas de postensado mediante modelos num\u00e9ricos<\/em><\/a><\/strong> &#8211; 24<br \/>\nAutores: CORDERO, Mariela; APARICIO BENGOECHEA, \u00c1ngel<br \/>\n&#8211; <strong><a href=\"https:\/\/www.facet.unt.edu.ar\/revistacet\/wp-content\/uploads\/sites\/28\/2025\/11\/Pag-32-SILVERO-cet-REVISTA-47-2024.pdf\"><em>Atlas de radiaci\u00f3n solar en la regi\u00f3n del Noroeste Argentino basado en datos de rean\u00e1lisis<\/em><\/a> <\/strong>&#8211; 32<br \/>\nAutores: SILVERO, Crist\u00f3bal; MEDINA, Franco; ZOSSI, Bruno; EL\u00cdAS, Ana<\/p>\n<p><strong>NOTAS, ARTE Y OPINI\u00d3N<\/strong><br \/>\n&#8211; <a href=\"https:\/\/www.facet.unt.edu.ar\/revistacet\/wp-content\/uploads\/sites\/28\/2025\/11\/Pag-40-NIEVA-cet-REVISTA-47-2024.pdf\"><em><strong>Universidades en transformaci\u00f3n. El modelo humboldtiano, entre tradici\u00f3n y adaptaci\u00f3n<\/strong><\/em><\/a> &#8211; 40<br \/>\nAutores: NIEVA, Nicol\u00e1s; CABRERA, Miguel<\/p>\n<p><a href=\"https:\/\/www.facet.unt.edu.ar\/revistacet\/wp-content\/uploads\/sites\/28\/2025\/11\/Pag-48-cet-cet-REVISTA-47-2024.pdf\"><strong>cet &#8211; REVISTA DE CIENCIAS EXACTAS E INGENIER\u00cdA<\/strong><\/a>\u00a0&#8211; 48<\/p>\n<p><a href=\"https:\/\/www.facet.unt.edu.ar\/revistacet\/wp-content\/uploads\/sites\/28\/2025\/11\/Pag-49-INSTRUCIONES-cet-REVISTA-47-2024.pdf\"><strong>INSTRUCCIONES PARA AUTORES<\/strong><\/a> &#8211; 49<\/p>\n<p>&nbsp;<\/p>\n<p style=\"text-align: center;\"><a href=\"https:\/\/www.facet.unt.edu.ar\/revistacet\/wp-content\/uploads\/sites\/28\/2025\/11\/REVISTA-CET-47-DICIEMBRE-2024.pdf\"><strong>N\u00daMERO COMPLETO<\/strong><\/a><\/p>\n<p><iframe loading=\"lazy\" src=\"https:\/\/www.facet.unt.edu.ar\/revistacet\/wp-content\/uploads\/sites\/28\/2025\/11\/REVISTA-CET-47-DICIEMBRE-2024.pdf\" width=\"1400\" height=\"1000\" frameborder=\"0\"><span data-mce-type=\"bookmark\" style=\"display: inline-block; width: 0px; overflow: hidden; line-height: 0;\" class=\"mce_SELRES_start\">\ufeff<\/span><span data-mce-type=\"bookmark\" style=\"display: inline-block; width: 0px; overflow: hidden; line-height: 0;\" class=\"mce_SELRES_start\">\ufeff<\/span><span data-mce-type=\"bookmark\" style=\"display: inline-block; width: 0px; overflow: hidden; line-height: 0;\" class=\"mce_SELRES_start\">\ufeff<\/span><span data-mce-type=\"bookmark\" style=\"display: inline-block; width: 0px; overflow: hidden; line-height: 0;\" class=\"mce_SELRES_start\">\ufeff<\/span><span data-mce-type=\"bookmark\" style=\"display: inline-block; width: 0px; overflow: hidden; line-height: 0;\" class=\"mce_SELRES_start\">\ufeff<\/span><span data-mce-type=\"bookmark\" style=\"display: inline-block; width: 0px; overflow: hidden; line-height: 0;\" class=\"mce_SELRES_start\">\ufeff<\/span><span data-mce-type=\"bookmark\" style=\"display: inline-block; width: 0px; overflow: hidden; line-height: 0;\" class=\"mce_SELRES_start\">\ufeff<\/span><span data-mce-type=\"bookmark\" style=\"display: inline-block; width: 0px; overflow: hidden; line-height: 0;\" class=\"mce_SELRES_start\">\ufeff<\/span><span data-mce-type=\"bookmark\" style=\"display: inline-block; width: 0px; overflow: hidden; line-height: 0;\" class=\"mce_SELRES_start\">\ufeff<\/span><span data-mce-type=\"bookmark\" style=\"display: inline-block; width: 0px; overflow: hidden; line-height: 0;\" class=\"mce_SELRES_start\"><span data-mce-type=\"bookmark\" style=\"display: inline-block; width: 0px; overflow: hidden; line-height: 0;\" class=\"mce_SELRES_start\">\ufeff<\/span>\ufeff<\/span><span data-mce-type=\"bookmark\" style=\"display: inline-block; width: 0px; overflow: hidden; line-height: 0;\" class=\"mce_SELRES_start\">\ufeff<\/span><span data-mce-type=\"bookmark\" style=\"display: inline-block; width: 0px; overflow: hidden; line-height: 0;\" class=\"mce_SELRES_start\"><span data-mce-type=\"bookmark\" style=\"display: inline-block; width: 0px; overflow: hidden; line-height: 0;\" class=\"mce_SELRES_start\">\ufeff<\/span><span data-mce-type=\"bookmark\" style=\"display: inline-block; width: 0px; overflow: hidden; line-height: 0;\" class=\"mce_SELRES_start\">\ufeff<\/span><span data-mce-type=\"bookmark\" style=\"display: inline-block; width: 0px; overflow: hidden; line-height: 0;\" class=\"mce_SELRES_start\">\ufeff<\/span>\ufeff<\/span><span data-mce-type=\"bookmark\" style=\"display: inline-block; width: 0px; overflow: hidden; line-height: 0;\" class=\"mce_SELRES_start\">\ufeff<\/span><span data-mce-type=\"bookmark\" style=\"display: inline-block; width: 0px; overflow: hidden; line-height: 0;\" class=\"mce_SELRES_start\">\ufeff<\/span><span data-mce-type=\"bookmark\" style=\"display: inline-block; width: 0px; overflow: hidden; line-height: 0;\" class=\"mce_SELRES_start\">\ufeff<\/span><span data-mce-type=\"bookmark\" style=\"display: inline-block; width: 0px; overflow: hidden; line-height: 0;\" class=\"mce_SELRES_start\">\ufeff<\/span><\/iframe><\/p>\n<p>Esta publicaci\u00f3n figura en el Directorio de Latindex<br \/>\nClasificaci\u00f3n Decimal Universal (CDU): 501- 62<br \/>\nE-mail:\u00a0<a href=\"mailto:revista@herrera.unt.edu.ar\">revista@herrera.unt.edu.ar<\/a><br \/>\nEl contenido de los trabajos firmados no representa necesariamente la opini\u00f3n del editor, siendo de exclusiva responsabilidad de los autores.<br \/>\nRegistro de Propiedad Intelectual: N\u00ba 303943 \u2013 ISSN 1668-9178<br \/>\nEste n\u00famero cerr\u00f3 el 31\/12\/2024<\/p>\n","protected":false},"excerpt":{"rendered":"<p>A\u00f1o 33 N\u00ba 47 \/ 2024 Revista de propiedad de la Facultad de Ciencias Exactas y Tecnolog\u00eda Universidad Nacional de Tucum\u00e1n Tucum\u00e1n \u2013 R. Argentina CONTENIDO TAPA &#8211; 1 CR\u00c9DITOS &#8211; 2 EDITORIAL &#8211; N\u00famero 47 &#8211; 4 INVESTIGACI\u00d3N, DESARROLLO E INNOVACI\u00d3N &#8211;\u00a0Dise\u00f1o de un transistor de efecto campo empleando resina fotosensible como diel\u00e9ctrico de [&hellip;]<\/p>\n","protected":false},"author":123507,"featured_media":0,"parent":0,"menu_order":0,"comment_status":"closed","ping_status":"closed","template":"","meta":[],"_links":{"self":[{"href":"https:\/\/www.facet.unt.edu.ar\/revistacet\/wp-json\/wp\/v2\/pages\/966"}],"collection":[{"href":"https:\/\/www.facet.unt.edu.ar\/revistacet\/wp-json\/wp\/v2\/pages"}],"about":[{"href":"https:\/\/www.facet.unt.edu.ar\/revistacet\/wp-json\/wp\/v2\/types\/page"}],"author":[{"embeddable":true,"href":"https:\/\/www.facet.unt.edu.ar\/revistacet\/wp-json\/wp\/v2\/users\/123507"}],"replies":[{"embeddable":true,"href":"https:\/\/www.facet.unt.edu.ar\/revistacet\/wp-json\/wp\/v2\/comments?post=966"}],"version-history":[{"count":23,"href":"https:\/\/www.facet.unt.edu.ar\/revistacet\/wp-json\/wp\/v2\/pages\/966\/revisions"}],"predecessor-version":[{"id":1004,"href":"https:\/\/www.facet.unt.edu.ar\/revistacet\/wp-json\/wp\/v2\/pages\/966\/revisions\/1004"}],"wp:attachment":[{"href":"https:\/\/www.facet.unt.edu.ar\/revistacet\/wp-json\/wp\/v2\/media?parent=966"}],"curies":[{"name":"wp","href":"https:\/\/api.w.org\/{rel}","templated":true}]}}