{"id":101,"date":"2021-09-30T00:34:39","date_gmt":"2021-09-30T00:34:39","guid":{"rendered":"https:\/\/www.facet.unt.edu.ar\/sbe\/?page_id=101"},"modified":"2024-10-24T08:31:40","modified_gmt":"2024-10-24T11:31:40","slug":"direccion-alumnos-facet","status":"publish","type":"page","link":"https:\/\/www.facet.unt.edu.ar\/sbe\/direccion-alumnos-facet\/","title":{"rendered":"Direcci\u00f3n Alumnos FACET"},"content":{"rendered":"<p align=\"justify\">Direcci\u00f3n de Alumnos de la FACET es la oficina encargada de llevar adelante tr\u00e1mites administrativos relacionados con actividades de desarrollo acad\u00e9mico tanto de las carreras de grado como de pregrado, siendo garante de la documentaci\u00f3n a trav\u00e9s de la coordinaci\u00f3n de recursos para la planificaci\u00f3n, la organizaci\u00f3n, el control, el archivo y el registro de la misma.<\/p>\n<p align=\"justify\">Su objetivo es asegurar la adecuada calidad de atenci\u00f3n y resoluci\u00f3n de necesidades de aspirantes, alumnos, graduados e interesados que concurren a nuestra Facultad.<\/p>\n<p align=\"justify\">\u00c1reas que dependen de Direcci\u00f3n Alumnos:<\/p>\n<ul>\n<li style=\"text-align: justify;\"><strong>Despacho<\/strong>: aqu\u00ed se tratan temas relacionados a inscripciones en carreras, cursados simult\u00e1neos\/cambios de carrera, solicitudes: inscripci\u00f3n fuera de t\u00e9rmino, excepci\u00f3n de correlativas, extensi\u00f3n de regularidad, equiparaci\u00f3n de materias y legalizaciones. E-mail: <a href=\"mailto:despachoalumnos_facet@herrera.unt.edu.ar\" target=\"_blank\" rel=\"noopener noreferrer\">despachoalumnos_facet@herrera.<wbr \/>unt.edu.ar<\/a><\/li>\n<li style=\"text-align: justify;\"><strong>C\u00f3mputos<\/strong>: aqu\u00ed se tratan temas relacionados a cierre de actas de regularidades y promociones, carga de notas de ex\u00e1menes finales, inscripciones a ex\u00e1menes libres y especiales, carga de aprobaciones por boleta y trabajos finales. E-mail: <a href=\"mailto:computosalumnos_facet@herrera.unt.edu.ar\" target=\"_blank\" rel=\"noopener noreferrer\">computosalumnos_facet@herrera.<wbr \/>unt.edu.ar<\/a><\/li>\n<li style=\"text-align: justify;\"><strong>Egresados<\/strong>: aqu\u00ed se tratan temas relacionados a tr\u00e1mites en general de alumnos que han completado el cursado de su carrera y han obtenido su t\u00edtulo. E-mail: <a href=\"mailto:egresadosfacet@herrera.unt.edu.ar\" target=\"_blank\" rel=\"noopener noreferrer\">egresadosfacet@herrera.unt.<wbr \/>edu.ar<\/a><\/li>\n<\/ul>\n<p><strong>Ubicaci\u00f3n<\/strong>: Planta Baja, Block 3, FACET \u2013 UNT.<\/p>\n<p><strong>Tel\u00e9fono<\/strong>: 4364093 Interno: 7571<\/p>\n<p><strong>P\u00e1gina web<\/strong>: <a href=\"https:\/\/www.facet.unt.edu.ar\/direccionalumnos\/\" target=\"_blank\" rel=\"noopener\">https:\/\/www.facet.unt.edu.ar\/direccionalumnos\/<\/a><\/p>\n","protected":false},"excerpt":{"rendered":"<p>Direcci\u00f3n de Alumnos de la FACET es la oficina encargada de llevar adelante tr\u00e1mites administrativos relacionados con actividades de desarrollo acad\u00e9mico tanto de las carreras de grado como de pregrado, siendo garante de la documentaci\u00f3n a trav\u00e9s de la coordinaci\u00f3n de recursos para la planificaci\u00f3n, la organizaci\u00f3n, el control, el archivo y el registro de [&hellip;]<\/p>\n","protected":false},"author":6,"featured_media":0,"parent":0,"menu_order":0,"comment_status":"closed","ping_status":"closed","template":"","meta":[],"_links":{"self":[{"href":"https:\/\/www.facet.unt.edu.ar\/sbe\/wp-json\/wp\/v2\/pages\/101"}],"collection":[{"href":"https:\/\/www.facet.unt.edu.ar\/sbe\/wp-json\/wp\/v2\/pages"}],"about":[{"href":"https:\/\/www.facet.unt.edu.ar\/sbe\/wp-json\/wp\/v2\/types\/page"}],"author":[{"embeddable":true,"href":"https:\/\/www.facet.unt.edu.ar\/sbe\/wp-json\/wp\/v2\/users\/6"}],"replies":[{"embeddable":true,"href":"https:\/\/www.facet.unt.edu.ar\/sbe\/wp-json\/wp\/v2\/comments?post=101"}],"version-history":[{"count":9,"href":"https:\/\/www.facet.unt.edu.ar\/sbe\/wp-json\/wp\/v2\/pages\/101\/revisions"}],"predecessor-version":[{"id":3754,"href":"https:\/\/www.facet.unt.edu.ar\/sbe\/wp-json\/wp\/v2\/pages\/101\/revisions\/3754"}],"wp:attachment":[{"href":"https:\/\/www.facet.unt.edu.ar\/sbe\/wp-json\/wp\/v2\/media?parent=101"}],"curies":[{"name":"wp","href":"https:\/\/api.w.org\/{rel}","templated":true}]}}