{"id":1180,"date":"2022-07-27T00:01:28","date_gmt":"2022-07-27T03:01:28","guid":{"rendered":"https:\/\/www.facet.unt.edu.ar\/sbe\/?page_id=1180"},"modified":"2025-03-10T18:04:23","modified_gmt":"2025-03-10T21:04:23","slug":"notas","status":"publish","type":"page","link":"https:\/\/www.facet.unt.edu.ar\/sbe\/notas\/","title":{"rendered":"Notas"},"content":{"rendered":"<div id=\"pl-1180\"  class=\"panel-layout\" ><div id=\"pg-1180-0\"  class=\"panel-grid panel-no-style\" ><div id=\"pgc-1180-0-0\"  class=\"panel-grid-cell\" ><div id=\"panel-1180-0-0-0\" class=\"so-panel widget widget_sow-editor panel-first-child panel-last-child\" data-index=\"0\" ><div\n\t\t\t\n\t\t\tclass=\"so-widget-sow-editor so-widget-sow-editor-base\"\n\t\t\t\n\t\t>\n<div class=\"siteorigin-widget-tinymce textwidget\">\n\t<p style=\"text-align: justify;\">Ponemos a disposici\u00f3n de los alumnos las <strong>notas modelos oficializadas<\/strong> que se deben presentar escaneadas v\u00eda mail a <strong>Mesa de Entradas: <a href=\"mailto:mesaentradas.facet@herrera.unt.edu.ar\" target=\"_blank\" rel=\"noopener\">mesaentradas.facet@herrera.unt.edu.ar<\/a>,\u00a0<\/strong>para tramitar las siguientes solicitudes:<\/p>\n<ul>\n<li><a href=\"https:\/\/www.facet.unt.edu.ar\/sbe\/wp-content\/uploads\/sites\/77\/2022\/07\/Modelo-de-nota-Rev-07.pdf\">Notas Generales (equiparaci\u00f3n de materias, eximici\u00f3n de ingreso, alumno vocacional, etc.)<\/a><\/li>\n<li><a href=\"https:\/\/www.facet.unt.edu.ar\/sbe\/wp-content\/uploads\/sites\/77\/2022\/07\/Cursado-Simultaneo-Cambio-de-Carrera.pdf\">Nota Cursado Simult\u00e1neo y Cambio de Carrera<\/a><\/li>\n<li><a href=\"https:\/\/www.facet.unt.edu.ar\/sbe\/wp-content\/uploads\/sites\/77\/2022\/07\/Inscripcion-fuera-de-ternimo.pdf\">Nota Inscripci\u00f3n fuera de t\u00e9rmino<\/a><\/li>\n<li><a href=\"https:\/\/www.facet.unt.edu.ar\/sbe\/wp-content\/uploads\/sites\/77\/2022\/07\/Extension-de-Regularidad.pdf\">Nota Extensi\u00f3n de Regularidad<\/a><\/li>\n<li><a href=\"https:\/\/www.facet.unt.edu.ar\/sbe\/wp-content\/uploads\/sites\/77\/2022\/07\/Excepcion-de-Correlativas.pdf\">Nota Excepci\u00f3n de Correlativas<\/a><\/li>\n<\/ul>\n<p style=\"text-align: justify;\">El tr\u00e1mite de eximici\u00f3n de ingreso y equiparaci\u00f3n de materias se debe realizar de forma f\u00edsica.<\/p>\n<p style=\"text-align: justify;\">A partir del <strong>19\/02\/24<\/strong>, todos los tr\u00e1mites deben abonarse en <strong>Tesorer\u00eda de la Facultad<\/strong>, Block 3, Planta Baja, de lunes a viernes, de 8 a 12 hs. S\u00f3lo se abona en efectivo.<\/p>\n<p style=\"text-align: justify;\">La <strong>Solicitud de la Constancia de Ingreso Aprobado<\/strong> y los <strong>Pagos de las Instancias del Ingreso<\/strong> se realizan de manera virtual, a trav\u00e9s de Mi Tienda Nube: <a href=\"https:\/\/acoopfacet.mitiendanube.com\/ingreso-a-facet\/\">https:\/\/acoopfacet.mitiendanube.com\/ingreso-a-facet\/<\/a>. <em><span style=\"text-decoration: underline;\">Procedimiento de Pago<\/span>: Selecciona \u00abAGREGAR AL CARRITO\u00bb (Cantidad 1) y selecciona en \u00abINICIAR COMPRA\u00bb. Luego contin\u00faa con los pasos del proceso de compra para poder abonar tu solicitud (Notas dirigidas al Decano: $ 1.000). Cuando soliciten los datos de facturaci\u00f3n se debe ingresar los datos del alumno, independientemente de que el titular de la tarjeta con la que se pague sea de otra persona.<\/em><\/p>\n<\/div>\n<\/div><\/div><\/div><\/div><\/div>","protected":false},"excerpt":{"rendered":"<p>Ponemos a disposici\u00f3n de los alumnos las notas modelos oficializadas que se deben presentar escaneadas v\u00eda mail a Mesa de Entradas: mesaentradas.facet@herrera.unt.edu.ar,\u00a0para tramitar las siguientes solicitudes: Notas Generales (equiparaci\u00f3n de materias, eximici\u00f3n de ingreso, alumno vocacional, etc.) Nota Cursado Simult\u00e1neo y Cambio de Carrera Nota Inscripci\u00f3n fuera de t\u00e9rmino Nota Extensi\u00f3n de Regularidad Nota Excepci\u00f3n [&hellip;]<\/p>\n","protected":false},"author":6,"featured_media":0,"parent":0,"menu_order":0,"comment_status":"closed","ping_status":"closed","template":"","meta":[],"_links":{"self":[{"href":"https:\/\/www.facet.unt.edu.ar\/sbe\/wp-json\/wp\/v2\/pages\/1180"}],"collection":[{"href":"https:\/\/www.facet.unt.edu.ar\/sbe\/wp-json\/wp\/v2\/pages"}],"about":[{"href":"https:\/\/www.facet.unt.edu.ar\/sbe\/wp-json\/wp\/v2\/types\/page"}],"author":[{"embeddable":true,"href":"https:\/\/www.facet.unt.edu.ar\/sbe\/wp-json\/wp\/v2\/users\/6"}],"replies":[{"embeddable":true,"href":"https:\/\/www.facet.unt.edu.ar\/sbe\/wp-json\/wp\/v2\/comments?post=1180"}],"version-history":[{"count":45,"href":"https:\/\/www.facet.unt.edu.ar\/sbe\/wp-json\/wp\/v2\/pages\/1180\/revisions"}],"predecessor-version":[{"id":4171,"href":"https:\/\/www.facet.unt.edu.ar\/sbe\/wp-json\/wp\/v2\/pages\/1180\/revisions\/4171"}],"wp:attachment":[{"href":"https:\/\/www.facet.unt.edu.ar\/sbe\/wp-json\/wp\/v2\/media?parent=1180"}],"curies":[{"name":"wp","href":"https:\/\/api.w.org\/{rel}","templated":true}]}}