{"id":1370,"date":"2022-08-24T18:39:24","date_gmt":"2022-08-24T21:39:24","guid":{"rendered":"https:\/\/www.facet.unt.edu.ar\/sbe\/?page_id=1370"},"modified":"2022-10-25T12:18:06","modified_gmt":"2022-10-25T15:18:06","slug":"muestra-exactas-para-todos-2022","status":"publish","type":"page","link":"https:\/\/www.facet.unt.edu.ar\/sbe\/muestra-exactas-para-todos-2022\/","title":{"rendered":"Muestra \u201cExactas para Todos 2022\u201d"},"content":{"rendered":"<div id=\"pl-1370\"  class=\"panel-layout\" ><div id=\"pg-1370-0\"  class=\"panel-grid panel-no-style\" ><div id=\"pgc-1370-0-0\"  class=\"panel-grid-cell\" ><div id=\"panel-1370-0-0-0\" class=\"so-panel widget widget_sow-editor panel-first-child\" data-index=\"0\" ><div\n\t\t\t\n\t\t\tclass=\"so-widget-sow-editor so-widget-sow-editor-base\"\n\t\t\t\n\t\t>\n<div class=\"siteorigin-widget-tinymce textwidget\">\n\t<p style=\"text-align: justify;\">La edici\u00f3n 2022 de la tradicional Muestra \u201cExactas para Todos\u201d se desarrollar\u00e1 los d\u00edas<strong> 19, 20 y 21 de Octubre,<\/strong> en el Block 3, de la FACET, Centro Herrera, Av. Independencia N\u00b0 1800.<\/p>\n<ul>\n<li><strong>Mi\u00e9rcoles 19 de octubr<\/strong>e: de 9 a 13 y de 14 a 18 hs<\/li>\n<li><strong>Jueves 20 de octubre<\/strong>: de 9 a 13 y de 14 a 18 hs<\/li>\n<li><strong>Viernes 21 de octubre<\/strong>: de 9 a 13 hs<\/li>\n<\/ul>\n<p style=\"text-align: justify;\">El prop\u00f3sito central de \u00e9ste evento, es dar a conocer a los futuros ingresantes la <a href=\"https:\/\/www.facet.unt.edu.ar\/sbe\/oferta-academica-facet\/\" target=\"_blank\" rel=\"noopener\"><strong>Oferta Acad\u00e9mica<\/strong><\/a> que nuestra Facultad dispone, como as\u00ed tambi\u00e9n propiciar la vinculaci\u00f3n entre \u00e9sta y el sector empresarial. En esta edici\u00f3n tambi\u00e9n podr\u00e1n visitar el\u00a0<strong>Museo de la Luz<\/strong>, y el<strong> \u00c1rea Ingreso <\/strong>brindar\u00e1 informaci\u00f3n sobre las instancias del Ingreso 2023.<\/p>\n<p>El <strong>evento<\/strong>, <strong>libre y gratuito<\/strong>, est\u00e1 destinado a estudiantes de los \u00faltimos a\u00f1os del nivel secundario, j\u00f3venes, profesionales y p\u00fablico en general.<\/p>\n<\/div>\n<\/div><\/div><div id=\"panel-1370-0-0-1\" class=\"so-panel widget widget_sow-editor\" data-index=\"1\" ><div\n\t\t\t\n\t\t\tclass=\"so-widget-sow-editor so-widget-sow-editor-base\"\n\t\t\t\n\t\t>\n<div class=\"siteorigin-widget-tinymce textwidget\">\n\t<h2 style=\"text-align: center;\"><strong>Charlas sobre carreras y presentaci\u00f3n de prototipo<\/strong><\/h2>\n<p style=\"text-align: justify;\">Los docentes y alumnos avanzados de las carreras brindar\u00e1n a los visitantes <strong>charlas sobre las carreras<\/strong>, como as\u00ed tambi\u00e9n se har\u00e1 la <strong>presentaci\u00f3n de prototipos dise\u00f1ados para ense\u00f1anza de programaci\u00f3n digit<\/strong>al. Las mismas se realizar\u00e1n en el <strong>Aula A<\/strong> (Block 3, PB). El cronograma es el siguiente:<\/p>\n<p>&nbsp;<\/p>\n<p><img decoding=\"async\" loading=\"lazy\" class=\"aligncenter size-full wp-image-1696\" src=\"https:\/\/www.facet.unt.edu.ar\/sbe\/wp-content\/uploads\/sites\/77\/2022\/10\/charlas-carreras-y-presentacion-prototipo-EPT.png\" alt=\"\" width=\"3634\" height=\"3118\" \/><\/p>\n<\/div>\n<\/div><\/div><div id=\"panel-1370-0-0-2\" class=\"so-panel widget widget_sow-editor\" data-index=\"2\" ><div\n\t\t\t\n\t\t\tclass=\"so-widget-sow-editor so-widget-sow-editor-base\"\n\t\t\t\n\t\t>\n<div class=\"siteorigin-widget-tinymce textwidget\">\n\t<h2 style=\"text-align: center;\"><strong>Charlas sobre \"Orientaci\u00f3n Vocacional: una herramienta para la toma de decisiones\"<\/strong><\/h2>\n<\/div>\n<\/div><\/div><div id=\"panel-1370-0-0-3\" class=\"so-panel widget widget_siteorigin-panels-builder\" data-index=\"3\" ><div class=\"panel-widget-style panel-widget-style-for-1370-0-0-3\" ><div id=\"pl-w63520e2eeeb01\"  class=\"panel-layout\" ><div id=\"pg-w63520e2eeeb01-0\"  class=\"panel-grid panel-no-style\" ><div id=\"pgc-w63520e2eeeb01-0-0\"  class=\"panel-grid-cell\" ><div id=\"panel-w63520e2eeeb01-0-0-0\" class=\"so-panel widget widget_black-studio-tinymce widget_black_studio_tinymce panel-first-child panel-last-child\" data-index=\"0\" ><div class=\"textwidget\"><p><img class=\"aligncenter size-full wp-image-1693\" src=\"https:\/\/www.facet.unt.edu.ar\/sbe\/wp-content\/uploads\/sites\/77\/2022\/10\/CHARLA-ORIENTACION-VOCACIONAL.png\" alt=\"\" width=\"1300\" height=\"1300\" \/><\/p>\n<\/div><\/div><\/div><div id=\"pgc-w63520e2eeeb01-0-1\"  class=\"panel-grid-cell\" ><div id=\"panel-w63520e2eeeb01-0-1-0\" class=\"so-panel widget widget_sow-editor panel-first-child panel-last-child\" data-index=\"1\" ><div\n\t\t\t\n\t\t\tclass=\"so-widget-sow-editor so-widget-sow-editor-base\"\n\t\t\t\n\t\t>\n<div class=\"siteorigin-widget-tinymce textwidget\">\n\t<p style=\"text-align: justify;\">En esta edici\u00f3n, ofreceremos a los visitantes\u00a0<strong>Charlas sobre \"Orientaci\u00f3n Vocacional: una herramienta para la toma de decisiones\"<\/strong>, a cargo del\u00a0<strong>Psic. Esteban Angeli.\u00a0<\/strong>Las mismas se llevar\u00e1n a cabo d\u00edas:<\/p>\n<ul>\n<li style=\"text-align: justify;\"><strong>Jueves 20\/10,<\/strong>\u00a0a las\u00a0<strong>16:00 hs <\/strong>- Lugar: Sala de Medios Audiovisuales, Block 3, 1er Piso de la FACET<\/li>\n<li style=\"text-align: justify;\"><strong>Viernes 21\/10<\/strong>, a las\u00a0<strong>11:00 hs <\/strong>- Lugar: Anfiteatro A2,\u00a0FACET<\/li>\n<\/ul>\n<p style=\"text-align: justify;\">\n<\/div>\n<\/div><\/div><\/div><\/div><\/div><\/div><\/div><div id=\"panel-1370-0-0-4\" class=\"so-panel widget widget_sow-editor\" data-index=\"4\" ><div\n\t\t\t\n\t\t\tclass=\"so-widget-sow-editor so-widget-sow-editor-base\"\n\t\t\t\n\t\t>\n<div class=\"siteorigin-widget-tinymce textwidget\">\n\t<h2 style=\"text-align: center;\"><strong>Visitas a Laboratorios<\/strong><\/h2>\n<p style=\"text-align: justify;\">Los visitantes tambi\u00e9n podr\u00e1n recorrer los Laboratorios y asistir a talleres sobre temas de actualidad, donde tienen la oportunidad de realizar ensayos y probar nuevas tecnolog\u00edas, ya que su objetivo es que los alumnos del nivel medio puedan experimentar una porci\u00f3n de las actividades que desarrollan los estudiantes de cada carrera.<\/p>\n<\/div>\n<\/div><\/div><div id=\"panel-1370-0-0-5\" class=\"so-panel widget widget_siteorigin-panels-builder\" data-index=\"5\" ><div id=\"pl-w63574f7920438\"  class=\"panel-layout\" ><div id=\"pg-w63574f7920438-0\"  class=\"panel-grid panel-has-style\" ><div style=\"background-color: #dbdbdb; \" class=\"panel-row-style panel-row-style-for-w63574f7920438-0\" ><div id=\"pgc-w63574f7920438-0-0\"  class=\"panel-grid-cell\" ><div id=\"panel-w63574f7920438-0-0-0\" class=\"so-panel widget widget_black-studio-tinymce widget_black_studio_tinymce panel-first-child panel-last-child\" data-index=\"0\" ><div class=\"textwidget\"><p><img class=\"aligncenter size-full wp-image-1719\" src=\"https:\/\/www.facet.unt.edu.ar\/sbe\/wp-content\/uploads\/sites\/77\/2022\/10\/Visitas-al-Taller-de-Mecanica.png\" alt=\"\" width=\"1300\" height=\"1300\" \/><\/p>\n<\/div><\/div><\/div><div id=\"pgc-w63574f7920438-0-1\"  class=\"panel-grid-cell\" ><div id=\"panel-w63574f7920438-0-1-0\" class=\"so-panel widget widget_sow-editor panel-first-child panel-last-child\" data-index=\"1\" ><div\n\t\t\t\n\t\t\tclass=\"so-widget-sow-editor so-widget-sow-editor-base\"\n\t\t\t\n\t\t>\n<div class=\"siteorigin-widget-tinymce textwidget\">\n\t<p><strong>Visitas al Taller de Ing. Mec\u00e1nica<\/strong><\/p>\n<p style=\"text-align: justify;\">Invitamos a los alumnos e interesados a visitar el Taller de Ingenier\u00eda Mec\u00e1nica los d\u00edas <strong>mi\u00e9rcoles 19 de octubre<\/strong>, <strong>jueves 20 de octubre\u00a0<\/strong> y <strong>viernes 21 de octubre<\/strong>, de <strong>10:30 a 11:00 hs<\/strong>.<\/p>\n<p style=\"text-align: justify;\">M\u00e1ximo de 20 personas.<\/p>\n<p>&nbsp;<\/p>\n<\/div>\n<\/div><\/div><\/div><\/div><\/div><div id=\"pg-w63574f7920438-1\"  class=\"panel-grid panel-no-style\" ><div id=\"pgc-w63574f7920438-1-0\"  class=\"panel-grid-cell\" ><div id=\"panel-w63574f7920438-1-0-0\" class=\"so-panel widget widget_black-studio-tinymce widget_black_studio_tinymce panel-first-child panel-last-child\" data-index=\"2\" ><div class=\"textwidget\"><p><img class=\"aligncenter size-full wp-image-1720\" src=\"https:\/\/www.facet.unt.edu.ar\/sbe\/wp-content\/uploads\/sites\/77\/2022\/10\/Visitas-al-Laboratorios-Ing-Electrica.png\" alt=\"\" width=\"1300\" height=\"1300\" \/><\/p>\n<\/div><\/div><\/div><div id=\"pgc-w63574f7920438-1-1\"  class=\"panel-grid-cell\" ><div id=\"panel-w63574f7920438-1-1-0\" class=\"so-panel widget widget_sow-editor panel-first-child panel-last-child\" data-index=\"3\" ><div\n\t\t\t\n\t\t\tclass=\"so-widget-sow-editor so-widget-sow-editor-base\"\n\t\t\t\n\t\t>\n<div class=\"siteorigin-widget-tinymce textwidget\">\n\t<p><strong>Visitas a Laboratorios de Ingenier\u00eda El\u00e9ctrica<\/strong><\/p>\n<p style=\"text-align: justify;\">Invitamos a los alumnos e interesados a visitar el <strong>Laboratorio de Alta Tensi\u00f3n - IATE<\/strong> (<span style=\"font-weight: 400;\">Block Potencia El\u00e9ctrica<\/span>), el <strong>Laboratorio <\/strong><span style=\"font-weight: 400;\"><strong>Electr\u00f3nica Industrial<\/strong>\u00a0(Block 1, 4\u00b0 Piso esquina SE) y a <strong>SFCR estacionamiento<\/strong>.<\/span><\/p>\n<p>Las visitas se pueden realizar los d\u00edas <strong>mi\u00e9rcoles 19 de octubre<\/strong>, <strong>jueves 20 de octubre\u00a0<\/strong> y <strong>viernes 21 de octubre<\/strong>.<\/p>\n<p>M\u00e1s informaci\u00f3n <a href=\"https:\/\/www.facet.unt.edu.ar\/sbe\/wp-content\/uploads\/sites\/77\/2022\/10\/VisitasIE-EPT2022.pdf\" target=\"_blank\" rel=\"noopener\"><strong>aqu\u00ed<\/strong><\/a>.<\/p>\n<p>&nbsp;<\/p>\n<\/div>\n<\/div><\/div><\/div><\/div><div id=\"pg-w63574f7920438-2\"  class=\"panel-grid panel-has-style\" ><div style=\"background-color: #dbdbdb; \" class=\"panel-row-style panel-row-style-for-w63574f7920438-2\" ><div id=\"pgc-w63574f7920438-2-0\"  class=\"panel-grid-cell\" ><div id=\"panel-w63574f7920438-2-0-0\" class=\"so-panel widget widget_black-studio-tinymce widget_black_studio_tinymce panel-first-child panel-last-child\" data-index=\"4\" ><div class=\"textwidget\"><p><img src=\"https:\/\/www.facet.unt.edu.ar\/sbe\/wp-content\/uploads\/sites\/77\/2022\/10\/Visitas-al-Laboratorio-de-Transductores-y-Fisica-Nuclear.png\" alt=\"\" width=\"1300\" height=\"1300\" class=\"aligncenter size-full wp-image-1721\" \/><\/p>\n<\/div><\/div><\/div><div id=\"pgc-w63574f7920438-2-1\"  class=\"panel-grid-cell\" ><div id=\"panel-w63574f7920438-2-1-0\" class=\"so-panel widget widget_sow-editor panel-first-child panel-last-child\" data-index=\"5\" ><div\n\t\t\t\n\t\t\tclass=\"so-widget-sow-editor so-widget-sow-editor-base\"\n\t\t\t\n\t\t>\n<div class=\"siteorigin-widget-tinymce textwidget\">\n\t<p style=\"text-align: justify;\"><strong>Visitas al Laboratorio de Transductores y F\u00edsica Nuclear<\/strong><\/p>\n<p style=\"text-align: justify;\">Invitamos a los alumnos e interesados a realizar visitas al <strong>Laboratorio de Transductores y F\u00edsica Nuclear<\/strong> (Block 2 \u2013 3er piso \u2013 Local 07); en el mismo se realizar\u00e1n Aplicaciones de la F\u00edsica Nuclear,\u00a0 Charlas Interactivas y se contar\u00e1n Experiencias.<\/p>\n<p style=\"text-align: justify;\">Las visitas al laboratorio se pueden realizar los d\u00edas <strong>mi\u00e9rcoles 19 de octubre<\/strong> y <strong>jueves 20 de octubre<\/strong>, en los siguientes horarios: <strong>15:00<\/strong>, <strong>16:00<\/strong> y <strong>17:00 hs<\/strong>.<\/p>\n<p style=\"text-align: justify;\">La asignatura F\u00edsica Nuclear es optativa de Licenciatura en F\u00edsica, Ingenier\u00eda Biom\u00e9dica, Ingenier\u00eda Industrial y Tecnicatura en F\u00edsica Ambiental.<\/p>\n<\/div>\n<\/div><\/div><\/div><\/div><\/div><div id=\"pg-w63574f7920438-3\"  class=\"panel-grid panel-has-style\" ><div style=\"background-color: #ffffff; \" class=\"panel-row-style panel-row-style-for-w63574f7920438-3\" ><div id=\"pgc-w63574f7920438-3-0\"  class=\"panel-grid-cell\" ><div id=\"panel-w63574f7920438-3-0-0\" class=\"so-panel widget widget_black-studio-tinymce widget_black_studio_tinymce panel-first-child panel-last-child\" data-index=\"6\" ><div class=\"textwidget\"><p><img class=\"aligncenter size-full wp-image-1894\" src=\"https:\/\/www.facet.unt.edu.ar\/sbe\/wp-content\/uploads\/sites\/77\/2022\/10\/VISITAS-A-LA-PLANTA-PILOTO.png\" alt=\"\" width=\"1300\" height=\"1300\" \/><\/p>\n<\/div><\/div><\/div><div id=\"pgc-w63574f7920438-3-1\"  class=\"panel-grid-cell\" ><div id=\"panel-w63574f7920438-3-1-0\" class=\"so-panel widget widget_sow-editor panel-first-child panel-last-child\" data-index=\"7\" ><div\n\t\t\t\n\t\t\tclass=\"so-widget-sow-editor so-widget-sow-editor-base\"\n\t\t\t\n\t\t>\n<div class=\"siteorigin-widget-tinymce textwidget\">\n\t<div dir=\"auto\"><strong>Visitas guiadas a la Planta Piloto de Ing. Qu\u00edmica<\/strong><\/div>\n<div dir=\"auto\"><\/div>\n<div dir=\"auto\">Invitamos a los alumnos e interesados a realizar visitas la <strong>Planta Piloto de Ing. Qu\u00edmica<\/strong>. Consultar en el stand.<\/div>\n<div dir=\"auto\"><\/div>\n<div dir=\"auto\">Adem\u00e1s invitamos al <strong>Aula 4-0-5<\/strong> (Block 4,\u00a0 Planta Baja, al lado de la Fotocopiadora), donde encontrar\u00e1n juegos y m\u00e1s informaci\u00f3n sobre la carrera.<\/div>\n<div dir=\"auto\"><\/div>\n<\/div>\n<\/div><\/div><\/div><\/div><\/div><\/div><\/div><div id=\"panel-1370-0-0-6\" class=\"so-panel widget widget_sow-editor\" data-index=\"6\" ><div\n\t\t\t\n\t\t\tclass=\"so-widget-sow-editor so-widget-sow-editor-base\"\n\t\t\t\n\t\t>\n<div class=\"siteorigin-widget-tinymce textwidget\">\n\t<h2 style=\"text-align: center;\"><strong>Charlas de Oferta de Posgrado, Actividades Acad\u00e9micas de Estudiantes con el Exterior y Empresa TN&amp;Platex<\/strong><\/h2>\n<p style=\"text-align: justify;\">En el marco de la Muestra \u201cExactas para Todos 2022\u201d, se invita a los alumnos, graduados e interesados a participar de las charlas que brindar\u00e1n el <strong>Dpto de Posgrado<\/strong>, el <strong>\u00c1rea de Relaciones Internacionales<\/strong> y la <strong>Empresa TN&amp;Platex<\/strong>, en la <strong>Sala de Audiovisuales, Block 3, 1er Piso, FACET<\/strong>:<\/p>\n<\/div>\n<\/div><\/div><div id=\"panel-1370-0-0-7\" class=\"so-panel widget widget_siteorigin-panels-builder panel-last-child\" data-index=\"7\" ><div id=\"pl-w6350221dc2c27\"  class=\"panel-layout\" ><div id=\"pg-w6350221dc2c27-0\"  class=\"panel-grid panel-has-style\" ><div style=\"background-color: #dbdbdb; \" class=\"panel-row-style panel-row-style-for-w6350221dc2c27-0\" ><div id=\"pgc-w6350221dc2c27-0-0\"  class=\"panel-grid-cell\" ><div id=\"panel-w6350221dc2c27-0-0-0\" class=\"so-panel widget widget_black-studio-tinymce widget_black_studio_tinymce panel-first-child panel-last-child\" data-index=\"0\" ><div class=\"textwidget\"><p><img class=\"aligncenter size-full wp-image-1701\" src=\"https:\/\/www.facet.unt.edu.ar\/sbe\/wp-content\/uploads\/sites\/77\/2022\/10\/AFICHE-CHARLA-POSGRADO.png\" alt=\"\" width=\"3544\" height=\"3544\" \/><\/p>\n<\/div><\/div><\/div><div id=\"pgc-w6350221dc2c27-0-1\"  class=\"panel-grid-cell\" ><div id=\"panel-w6350221dc2c27-0-1-0\" class=\"so-panel widget widget_sow-editor panel-first-child panel-last-child\" data-index=\"1\" ><div\n\t\t\t\n\t\t\tclass=\"so-widget-sow-editor so-widget-sow-editor-base\"\n\t\t\t\n\t\t>\n<div class=\"siteorigin-widget-tinymce textwidget\">\n\t<p><strong>Charla sobre Oferta de Postgrado de la FACET<\/strong><\/p>\n<p style=\"text-align: justify;\">La charla se realizar\u00e1 el d\u00eda <strong>mi\u00e9rcoles 19 de octubre<\/strong>, a las <strong>15:00 hs<\/strong>, en la <strong>Sala de Medios Audiovisuales<\/strong>, Block 3, 1er Piso,FACET.<\/p>\n<p style=\"text-align: justify;\">La misma estar\u00e1 a cargo de los siguientes docentes:<br \/>\n\u2022 <strong>Dr. Adolfo \u00c1vila<\/strong> (Doctor en Ingenier\u00eda Qu\u00edmica - Investigador Independiente CONICET )<br \/>\n\u2022 <strong>Mg. Maximiliano Malinar<\/strong> (Ing. Civil - Director de la carrera Maestr\u00eda en Proyectos de Ingenier\u00eda)<br \/>\n\u2022 <strong>Dra. Graciela Molina<\/strong> (Licenciada en Inform\u00e1tica - Directora de la carrera Ingenier\u00eda en Inform\u00e1tica )<br \/>\n\u2022 <strong>Mg. Pablo Ruiz Danegger<\/strong> (Ing. Mec\u00e1nico UNT. Cohorte 2013 Maestr\u00eda en Proyectos de Ingenier\u00eda. Es m\u00e1ster con la doble titulaci\u00f3n)<br \/>\n\u2022 <strong>Dra. Sonia Vrech<\/strong> (Directora Departamento de postgrado de la FACET - Investigadora Adjunta CONICET)<\/p>\n<p style=\"text-align: justify;\">La formaci\u00f3n de postgrado tiene como principales objetivos la ampliaci\u00f3n de conocimientos, la mejora de las competencias espec\u00edficas y la especializaci\u00f3n en distintas disciplinas relacionadas o no con la carrera universitaria que hayas cursado. Mejora la empleabilidad y tus perspectivas salariales, sum\u00e1s valor agregado para tu desarrollo profesional, adquir\u00eds habilidades transferibles, asum\u00eds un reto intelectual y personal, es un logro personal.<\/p>\n<p style=\"text-align: justify;\">En la FACET pod\u00e9s hacerlo, te contaremos c\u00f3mo y te informaremos sobre las carreras de postgrado que ofrecemos.<\/p>\n<\/div>\n<\/div><\/div><\/div><\/div><\/div><div id=\"pg-w6350221dc2c27-1\"  class=\"panel-grid panel-no-style\" ><div id=\"pgc-w6350221dc2c27-1-0\"  class=\"panel-grid-cell\" ><div id=\"panel-w6350221dc2c27-1-0-0\" class=\"so-panel widget widget_black-studio-tinymce widget_black_studio_tinymce panel-first-child panel-last-child\" data-index=\"2\" ><div class=\"textwidget\"><p><img class=\"aligncenter size-full wp-image-1739\" src=\"https:\/\/www.facet.unt.edu.ar\/sbe\/wp-content\/uploads\/sites\/77\/2022\/10\/AFICHE-CHARLA-ACTIVIDADES-EXTERIOR-20-10.png\" alt=\"\" width=\"3546\" height=\"3546\" \/><\/p>\n<\/div><\/div><\/div><div id=\"pgc-w6350221dc2c27-1-1\"  class=\"panel-grid-cell\" ><div id=\"panel-w6350221dc2c27-1-1-0\" class=\"so-panel widget widget_sow-editor panel-first-child panel-last-child\" data-index=\"3\" ><div\n\t\t\t\n\t\t\tclass=\"so-widget-sow-editor so-widget-sow-editor-base\"\n\t\t\t\n\t\t>\n<div class=\"siteorigin-widget-tinymce textwidget\">\n\t<p><strong>Charla Informativa de Actividades Acad\u00e9micas de Estudiantes con el Exterior<\/strong><\/p>\n<p style=\"text-align: justify;\">La charla se llevar\u00e1 a cabo el d\u00eda j<strong>ueves 20 de octubre<\/strong>, a<strong> las 12:00 hs<\/strong>, en la<strong> Sala de Medios Audiovisuales<\/strong>, Block 3, 1er Piso, FACET.<\/p>\n<p style=\"text-align: justify;\">La misma estar\u00e1 a cargo del responsable del \u00c1rea de Relaciones Internacionales de la FACET, <strong>Ing. Jorge G\u00f3nzalez <\/strong>y del Vicedecano de la FACET,<strong> Ing. Eduardo Martel.<\/strong><\/p>\n<p style=\"text-align: justify;\">Dirigida: a todos los alumnos de la FACET.<\/p>\n<p style=\"text-align: justify;\">El objetivo del \u00c1rea de Relaciones Internacionales es vincular la FACET con Instituciones extranjeras propendiendo a la internacionalizaci\u00f3n de las actividades acad\u00e9micas universitarias, tanto del tipo presencial, como virtual. Para esto, se llevan adelante programas de movilidad e intercambio de estudiantes, egresados, docentes e investigadores, desarrollo de proyectos conjuntos y cursos virtuales.<\/p>\n<p>En la charla se informar\u00e1 todo sobre los programas de movilidad e intercambio.<\/p>\n<\/div>\n<\/div><\/div><\/div><\/div><div id=\"pg-w6350221dc2c27-2\"  class=\"panel-grid panel-has-style\" ><div style=\"background-color: #dbdbdb; \" class=\"panel-row-style panel-row-style-for-w6350221dc2c27-2\" ><div id=\"pgc-w6350221dc2c27-2-0\"  class=\"panel-grid-cell\" ><div id=\"panel-w6350221dc2c27-2-0-0\" class=\"so-panel widget widget_black-studio-tinymce widget_black_studio_tinymce panel-first-child panel-last-child\" data-index=\"4\" ><div class=\"textwidget\"><p><img class=\"aligncenter size-full wp-image-1703\" src=\"https:\/\/www.facet.unt.edu.ar\/sbe\/wp-content\/uploads\/sites\/77\/2022\/10\/AFICHE-CHARLA-TNPLATEX.png\" alt=\"\" width=\"3544\" height=\"3544\" \/><\/p>\n<\/div><\/div><\/div><div id=\"pgc-w6350221dc2c27-2-1\"  class=\"panel-grid-cell\" ><div id=\"panel-w6350221dc2c27-2-1-0\" class=\"so-panel widget widget_sow-editor panel-first-child panel-last-child\" data-index=\"5\" ><div\n\t\t\t\n\t\t\tclass=\"so-widget-sow-editor so-widget-sow-editor-base\"\n\t\t\t\n\t\t>\n<div class=\"siteorigin-widget-tinymce textwidget\">\n\t<p><strong>Charla de TN&amp;Platex sobre la empresa, Programas de Pasant\u00edas y Proceso de Reclutamiento<\/strong><\/p>\n<p style=\"text-align: justify;\">La charla y el reclutamiento se llevar\u00e1 a cabo el d\u00eda viernes 21 de octubre, a las 10:00 hs,\u00a0 en la Sala de Medios Audiovisuales, Block 3, 1er Piso, FACET:<\/p>\n<p style=\"text-align: justify;\">La misma estar\u00e1 a cargo de directivos de la empresa:<\/p>\n<p style=\"text-align: justify;\">- Santiago Bonatti (Gerente de RRHH)<br \/>\n- Ezequiel Lichtmajer (Jefe de RRHH)<br \/>\n- Bel\u00e9n Romero (Responsable Selecci\u00f3n de Personal)<\/p>\n<p style=\"text-align: justify;\">Esta charla est\u00e1 dirigida a alumnos y graduados de las carreras de\u00a0<strong>Ingenier\u00eda Mec\u00e1nica, Industrial, El\u00e9ctrica, Electr\u00f3nica y Qu\u00edmica de la FACET<\/strong>.<\/p>\n<\/div>\n<\/div><\/div><\/div><\/div><\/div><\/div><\/div><\/div><\/div><\/div>","protected":false},"excerpt":{"rendered":"<p>La edici\u00f3n 2022 de la tradicional Muestra \u201cExactas para Todos\u201d se desarrollar\u00e1 los d\u00edas 19, 20 y 21 de Octubre, en el Block 3, de la FACET, Centro Herrera, Av. Independencia N\u00b0 1800. Mi\u00e9rcoles 19 de octubre: de 9 a 13 y de 14 a 18 hs Jueves 20 de octubre: de 9 a 13 [&hellip;]<\/p>\n","protected":false},"author":6,"featured_media":0,"parent":0,"menu_order":0,"comment_status":"closed","ping_status":"closed","template":"","meta":[],"_links":{"self":[{"href":"https:\/\/www.facet.unt.edu.ar\/sbe\/wp-json\/wp\/v2\/pages\/1370"}],"collection":[{"href":"https:\/\/www.facet.unt.edu.ar\/sbe\/wp-json\/wp\/v2\/pages"}],"about":[{"href":"https:\/\/www.facet.unt.edu.ar\/sbe\/wp-json\/wp\/v2\/types\/page"}],"author":[{"embeddable":true,"href":"https:\/\/www.facet.unt.edu.ar\/sbe\/wp-json\/wp\/v2\/users\/6"}],"replies":[{"embeddable":true,"href":"https:\/\/www.facet.unt.edu.ar\/sbe\/wp-json\/wp\/v2\/comments?post=1370"}],"version-history":[{"count":141,"href":"https:\/\/www.facet.unt.edu.ar\/sbe\/wp-json\/wp\/v2\/pages\/1370\/revisions"}],"predecessor-version":[{"id":1383,"href":"https:\/\/www.facet.unt.edu.ar\/sbe\/wp-json\/wp\/v2\/pages\/1370\/revisions\/1383"}],"wp:attachment":[{"href":"https:\/\/www.facet.unt.edu.ar\/sbe\/wp-json\/wp\/v2\/media?parent=1370"}],"curies":[{"name":"wp","href":"https:\/\/api.w.org\/{rel}","templated":true}]}}