{"id":138,"date":"2021-10-14T22:36:34","date_gmt":"2021-10-14T22:36:34","guid":{"rendered":"https:\/\/www.facet.unt.edu.ar\/sbe\/?page_id=138"},"modified":"2025-09-17T12:04:08","modified_gmt":"2025-09-17T15:04:08","slug":"seguro-para-estudiantes-facet","status":"publish","type":"page","link":"https:\/\/www.facet.unt.edu.ar\/sbe\/seguro-para-estudiantes-facet\/","title":{"rendered":"Seguro para Estudiantes FACET"},"content":{"rendered":"<div id=\"pl-138\"  class=\"panel-layout\" ><div id=\"pg-138-0\"  class=\"panel-grid panel-no-style\" ><div id=\"pgc-138-0-0\"  class=\"panel-grid-cell\" ><div id=\"panel-138-0-0-0\" class=\"so-panel widget widget_sow-editor panel-first-child\" data-index=\"0\" ><div\n\t\t\t\n\t\t\tclass=\"so-widget-sow-editor so-widget-sow-editor-base\"\n\t\t\t\n\t\t>\n<div class=\"siteorigin-widget-tinymce textwidget\">\n\t<p style=\"text-align: justify;\">Los estudiantes de la Facultad de Ciencias Exactas y Tecnolog\u00eda de la Universidad Nacional de Tucum\u00e1n (UNT) que desarrollan sus estudios de grado y pregrado, cuentan con un Servicio de Emergencias y Cobertura M\u00e9dica por accidentes sufridos en el \u00e1mbito educativo, contratado mediante Licitaci\u00f3n, por la UNT. Dicho servicio m\u00e9dico est\u00e1 a cargo de la empresa COMFYE SRL, quien brinda un sistema coordinado de prestaci\u00f3n de salud, desarrollando un sistema de cobertura responsable, seguro y en forma inmediata y cuya sede central se encuentra en calle Laprida N\u00b0 637.<\/p>\n<p style=\"text-align: justify;\">El estudiante, en ocasi\u00f3n de un accidente leve, moderado o grave, producido en el \u00e1mbito universitario, puede gestionar su propia denuncia de accidente, llamando al <strong>08108884689<\/strong>.\u00a0 A esta denuncia tambi\u00e9n la puede gestionar cualquier persona que se encuentre en el momento del accidente (docentes, no docentes, compa\u00f1eros del estudiante u otros).<\/p>\n<p style=\"text-align: justify;\">Tambi\u00e9n se puede contactar con nuestra Secretar\u00eda al 4364093 - interno: 7718 para informar del accidente o de cualquier otra afecci\u00f3n que sufra el estudiante (en el horario de las 8 a las 13 hs).<\/p>\n<p style=\"text-align: justify;\">Esta cobertura se extiende tambi\u00e9n para los <strong>estudiantes que realizan viajes<\/strong> <strong>propuestos por los docentes de su respectiva carrera<\/strong>, como as\u00ed tambi\u00e9n para las <strong>Pr\u00e1cticas Profesionales Supervisadas - PPS<\/strong> (alumnos del \u00faltimo a\u00f1o de las ingenier\u00edas). En este caso, la Secretar\u00eda de Bienestar Estudiantil se encarga del proceso de habilitaci\u00f3n del <strong>seguro de viajes y PPS<\/strong>.<\/p>\n<p>&nbsp;<\/p>\n<\/div>\n<\/div><\/div><div id=\"panel-138-0-0-1\" class=\"so-panel widget widget_siteorigin-panels-builder\" data-index=\"1\" ><div id=\"pl-w67adfe66c87fa\"  class=\"panel-layout\" ><div id=\"pg-w67adfe66c87fa-0\"  class=\"panel-grid panel-no-style\" ><div id=\"pgc-w67adfe66c87fa-0-0\"  class=\"panel-grid-cell\" ><div id=\"panel-w67adfe66c87fa-0-0-0\" class=\"so-panel widget widget_sow-button panel-first-child panel-last-child\" data-index=\"0\" ><div\n\t\t\t\n\t\t\tclass=\"so-widget-sow-button so-widget-sow-button-atom-ae2cdf233e13\"\n\t\t\t\n\t\t><div class=\"ow-button-base ow-button-align-center\">\n\t<a href=\"https:\/\/www.facet.unt.edu.ar\/sbe\/wp-content\/uploads\/sites\/77\/2025\/02\/TRAMITE-SEGURO-ESTUDIANTES-FUERA-DEL-ESTABLECIMIENTO.pdf\" class=\"ow-icon-placement-left ow-button-hover\" \t\t>\n\t\t<span>\n\t\t\t\n\t\t\tTR\u00c1MITE PARA SEGURO ESTUDIANTIL FUERA DEL ESTABLECIMIENTO\t\t<\/span>\n\t<\/a>\n<\/div>\n<\/div><\/div><\/div><div id=\"pgc-w67adfe66c87fa-0-1\"  class=\"panel-grid-cell\" ><div id=\"panel-w67adfe66c87fa-0-1-0\" class=\"so-panel widget widget_sow-button panel-first-child panel-last-child\" data-index=\"1\" ><div\n\t\t\t\n\t\t\tclass=\"so-widget-sow-button so-widget-sow-button-atom-8c4f662f473c\"\n\t\t\t\n\t\t><div class=\"ow-button-base ow-button-align-center\">\n\t<a href=\"#\" class=\"ow-icon-placement-left ow-button-hover\" \t\t>\n\t\t<span>\n\t\t\t\n\t\t\tCALL DE ASISTENCIA 24 HS - 08104440124\t\t<\/span>\n\t<\/a>\n<\/div>\n<\/div><\/div><\/div><div id=\"pgc-w67adfe66c87fa-0-2\"  class=\"panel-grid-cell\" ><div id=\"panel-w67adfe66c87fa-0-2-0\" class=\"so-panel widget widget_sow-button panel-first-child panel-last-child\" data-index=\"2\" ><div\n\t\t\t\n\t\t\tclass=\"so-widget-sow-button so-widget-sow-button-atom-0bda467805a4\"\n\t\t\t\n\t\t><div class=\"ow-button-base ow-button-align-center\">\n\t<a href=\"#\" class=\"ow-icon-placement-left ow-button-hover\" \t\t>\n\t\t<span>\n\t\t\t\n\t\t\tEMERGENCIAS M\u00c9DICAS 08108884689\t\t<\/span>\n\t<\/a>\n<\/div>\n<\/div><\/div><\/div><\/div><\/div><\/div><div id=\"panel-138-0-0-2\" class=\"so-panel widget widget_media_video panel-last-child\" data-index=\"2\" ><h3 class=\"widget-title\">\u00bfC\u00f3mo actuar ante un accidente?<\/h3><iframe title=\"UNIVERSIDADES COMFYE - \u00bfC\u00f3mo actuar ante un Accidente?\" src=\"https:\/\/www.youtube.com\/embed\/eG7UAFBodMU?feature=oembed\" frameborder=\"0\" allow=\"accelerometer; autoplay; clipboard-write; encrypted-media; gyroscope; picture-in-picture; web-share\" referrerpolicy=\"strict-origin-when-cross-origin\" allowfullscreen><\/iframe><\/div><\/div><\/div><\/div>","protected":false},"excerpt":{"rendered":"<p>Los estudiantes de la Facultad de Ciencias Exactas y Tecnolog\u00eda de la Universidad Nacional de Tucum\u00e1n (UNT) que desarrollan sus estudios de grado y pregrado, cuentan con un Servicio de Emergencias y Cobertura M\u00e9dica por accidentes sufridos en el \u00e1mbito educativo, contratado mediante Licitaci\u00f3n, por la UNT. Dicho servicio m\u00e9dico est\u00e1 a cargo de la [&hellip;]<\/p>\n","protected":false},"author":6,"featured_media":0,"parent":0,"menu_order":0,"comment_status":"closed","ping_status":"closed","template":"","meta":[],"_links":{"self":[{"href":"https:\/\/www.facet.unt.edu.ar\/sbe\/wp-json\/wp\/v2\/pages\/138"}],"collection":[{"href":"https:\/\/www.facet.unt.edu.ar\/sbe\/wp-json\/wp\/v2\/pages"}],"about":[{"href":"https:\/\/www.facet.unt.edu.ar\/sbe\/wp-json\/wp\/v2\/types\/page"}],"author":[{"embeddable":true,"href":"https:\/\/www.facet.unt.edu.ar\/sbe\/wp-json\/wp\/v2\/users\/6"}],"replies":[{"embeddable":true,"href":"https:\/\/www.facet.unt.edu.ar\/sbe\/wp-json\/wp\/v2\/comments?post=138"}],"version-history":[{"count":20,"href":"https:\/\/www.facet.unt.edu.ar\/sbe\/wp-json\/wp\/v2\/pages\/138\/revisions"}],"predecessor-version":[{"id":4787,"href":"https:\/\/www.facet.unt.edu.ar\/sbe\/wp-json\/wp\/v2\/pages\/138\/revisions\/4787"}],"wp:attachment":[{"href":"https:\/\/www.facet.unt.edu.ar\/sbe\/wp-json\/wp\/v2\/media?parent=138"}],"curies":[{"name":"wp","href":"https:\/\/api.w.org\/{rel}","templated":true}]}}