{"id":1745,"date":"2022-10-24T18:32:42","date_gmt":"2022-10-24T21:32:42","guid":{"rendered":"https:\/\/www.facet.unt.edu.ar\/sbe\/?page_id=1745"},"modified":"2022-10-25T13:44:50","modified_gmt":"2022-10-25T16:44:50","slug":"exactas-para-todos-2022","status":"publish","type":"page","link":"https:\/\/www.facet.unt.edu.ar\/sbe\/exactas-para-todos-2022\/","title":{"rendered":"Muestra \u201cExactas para Todos 2022\u201d"},"content":{"rendered":"<p style=\"text-align: justify;\">Con 25 a\u00f1os de trayectoria y consagrada como una de las exposiciones m\u00e1s importantes en el \u00e1mbito acad\u00e9mico, nuestra Secretar\u00eda present\u00f3 una nueva edici\u00f3n de la muestra <strong>\u201cExactas para Todos\u201d<\/strong>. La misma se realiz\u00f3 del <strong>19 al 21 de Octubre<\/strong>, en instalaciones de la FACET.<\/p>\n<p style=\"text-align: justify;\">Como cada a\u00f1o, las <a href=\"https:\/\/www.facet.unt.edu.ar\/sbe\/oferta-academica-facet\/\" target=\"_blank\" rel=\"noopener\"><strong>20 carreras<\/strong><\/a> (16 de grado y 4 de pregrado) que se dictan en esta Facultad, estuvieron representadas por stands interactivos, posters gr\u00e1ficos, muestras experimentales, equipos en funcionamientos, etc., atendidos por docentes y por <strong>estudiantes avanzados<\/strong> de las mismas, que brindaron al alumno una idea clara y precisa de las bondades de cada carrera, su aplicaci\u00f3n pr\u00e1ctica y su salida laboral.<\/p>\n<p style=\"text-align: justify;\">En esta oportunidad, visitaron la muestra m\u00e1s de 3000 estudiantes del nivel secundario y p\u00fablico en general, quienes pudieron recorrer los <strong>Laboratorios y Talleres de la FACET<\/strong> (<strong>Laboratorio de Transductores y F\u00edsica Nuclear, Taller de Ing. Mec\u00e1nica, Laboratorio de Alta Tensi\u00f3n &#8211; IATTE, Laboratorio Electr\u00f3nica Industrial, SFCR estacionamiento, Planta Piloto de Ingenier\u00eda Qu\u00edmica, entre otros<\/strong>), visitaron el Museo de La Luz y participaron de Talleres y Charlas que les permitieron tener una visi\u00f3n m\u00e1s clara de las actividades de investigaci\u00f3n, docencia y extensi\u00f3n que se desarrollan en la FACET.<\/p>\n<p style=\"text-align: justify;\"><strong>Tutor\u00eda Estudiantil<\/strong>, <strong>CUECET<\/strong> y <strong>becarios de la Becas Belgrano<\/strong> (alumnos de la FACET), fueron los anfitriones, quienes guiaron en el recorrido y respondieron las inquietudes sobre la vida universitaria a los j\u00f3venes del Nivel Secundario que participaron y al p\u00fablico en general.<\/p>\n<p style=\"text-align: justify;\">Tambi\u00e9n participaron de esta edici\u00f3n las empresas <strong>TN&amp;Platex<\/strong>, <strong>SERMETAL SRL<\/strong>, <strong>Face Uniformes<\/strong> e <strong>Industrial Metalmec\u00e1nica S.A.<\/strong>; el <strong>\u00c1rea Ingreso<\/strong> de la FACET; <strong>Gabinete Psicopedag\u00f3gico de la FACET<\/strong>; <strong>Museo de La Luz<\/strong>; <strong>Integrantes del Proyecto LeperCom<\/strong>; <strong>\u00c1rea de Relaciones Internacionales<\/strong>; \u00a0<strong>Departamento de Posgrado de la FACET<\/strong>; <strong>Seguro COMFYE<\/strong> y <strong>Secretar\u00eda de Asuntos Estudiantiles (SAE) de la UN<\/strong>T.<\/p>\n<p style=\"text-align: justify;\">Tambi\u00e9n se brind\u00f3 talleres y charlas de orientaci\u00f3n vocacional, a cargo de las P<strong>sic\u00f3logas Mariana Madozzo<\/strong> y <strong>Ver\u00f3nica Lobo<\/strong>s, pertenecientes al Gabinete Psicopedag\u00f3gico de la FACET, y a cargo del <strong>Psic. Esteban Angel<\/strong>i de la Facultad de Psicolog\u00eda de la UNT.<\/p>\n<p>Compartimos con Uds algunas fotos de la muestra:<\/p>\n<p style=\"text-align: center;\"><div id=\"metaslider-id-1751\" style=\"width: 100%;\" class=\"ml-slider-3-27-5 metaslider metaslider-nivo metaslider-1751 ml-slider\">\n    <div id=\"metaslider_container_1751\">\n        <div class='slider-wrapper theme-default'><div class='ribbon'><\/div><div id='metaslider_1751' class='nivoSlider'><img src=\"https:\/\/www.facet.unt.edu.ar\/sbe\/wp-content\/uploads\/sites\/77\/2022\/10\/IMG_20221021_100139.jpg\" height=\"350\" width=\"550\" title=\"IMG_20221021_100139\" alt=\"\" class=\"slider-1751 slide-1783\" \/><img src=\"https:\/\/www.facet.unt.edu.ar\/sbe\/wp-content\/uploads\/sites\/77\/2022\/10\/IMG_20221021_103017.jpg\" height=\"350\" width=\"550\" title=\"IMG_20221021_103017\" alt=\"\" class=\"slider-1751 slide-1784\" \/><img src=\"https:\/\/www.facet.unt.edu.ar\/sbe\/wp-content\/uploads\/sites\/77\/2022\/10\/IMG_20221021_103025.jpg\" height=\"350\" width=\"550\" title=\"IMG_20221021_103025\" alt=\"\" class=\"slider-1751 slide-1785\" \/><img src=\"https:\/\/www.facet.unt.edu.ar\/sbe\/wp-content\/uploads\/sites\/77\/2022\/10\/IMG-20221020-WA0010.jpg\" height=\"350\" width=\"550\" title=\"IMG-20221020-WA0010\" alt=\"\" class=\"slider-1751 slide-1786\" \/><img src=\"https:\/\/www.facet.unt.edu.ar\/sbe\/wp-content\/uploads\/sites\/77\/2022\/10\/IMG-20221020-WA0031.jpg\" height=\"350\" width=\"550\" title=\"IMG-20221020-WA0031\" alt=\"\" class=\"slider-1751 slide-1787\" \/><img src=\"https:\/\/www.facet.unt.edu.ar\/sbe\/wp-content\/uploads\/sites\/77\/2022\/10\/IMG-20221020-WA0035.jpg\" height=\"350\" width=\"550\" title=\"IMG-20221020-WA0035\" alt=\"\" class=\"slider-1751 slide-1788\" \/><img src=\"https:\/\/www.facet.unt.edu.ar\/sbe\/wp-content\/uploads\/sites\/77\/2022\/10\/IMG-20221021-WA0008.jpg\" height=\"350\" width=\"550\" title=\"IMG-20221021-WA0008\" alt=\"\" class=\"slider-1751 slide-1789\" \/><img src=\"https:\/\/www.facet.unt.edu.ar\/sbe\/wp-content\/uploads\/sites\/77\/2022\/10\/IMG-20221022-WA0010.jpg\" height=\"350\" width=\"550\" title=\"IMG-20221022-WA0010\" alt=\"\" class=\"slider-1751 slide-1790\" \/><img src=\"https:\/\/www.facet.unt.edu.ar\/sbe\/wp-content\/uploads\/sites\/77\/2022\/10\/IMG-20221024-WA0006.jpg\" height=\"350\" width=\"550\" title=\"IMG-20221024-WA0006\" alt=\"\" class=\"slider-1751 slide-1791\" \/><img src=\"https:\/\/www.facet.unt.edu.ar\/sbe\/wp-content\/uploads\/sites\/77\/2022\/10\/IMG-20221024-WA0007.jpg\" height=\"350\" width=\"550\" title=\"IMG-20221024-WA0007\" alt=\"\" class=\"slider-1751 slide-1792\" \/><img src=\"https:\/\/www.facet.unt.edu.ar\/sbe\/wp-content\/uploads\/sites\/77\/2022\/10\/PHOTO-2022-10-20-09-44-15.jpg\" height=\"350\" width=\"550\" title=\"PHOTO-2022-10-20-09-44-15\" alt=\"\" class=\"slider-1751 slide-1793\" \/><img src=\"https:\/\/www.facet.unt.edu.ar\/sbe\/wp-content\/uploads\/sites\/77\/2022\/10\/PHOTO-2022-10-21-10-18-03.jpg\" height=\"350\" width=\"550\" title=\"PHOTO-2022-10-21-10-18-03\" alt=\"\" class=\"slider-1751 slide-1794\" \/><img src=\"https:\/\/www.facet.unt.edu.ar\/sbe\/wp-content\/uploads\/sites\/77\/2022\/10\/PHOTO-2022-10-21-10-19-31-1.jpg\" height=\"350\" width=\"550\" title=\"PHOTO-2022-10-21-10-19-31 (1)\" alt=\"\" class=\"slider-1751 slide-1795\" \/><img src=\"https:\/\/www.facet.unt.edu.ar\/sbe\/wp-content\/uploads\/sites\/77\/2022\/10\/PHOTO-2022-10-21-10-22-15.jpg\" height=\"350\" width=\"550\" title=\"PHOTO-2022-10-21-10-22-15\" alt=\"\" class=\"slider-1751 slide-1797\" \/><img src=\"https:\/\/www.facet.unt.edu.ar\/sbe\/wp-content\/uploads\/sites\/77\/2022\/10\/PHOTO-2022-10-21-10-22-15-1.jpg\" height=\"350\" width=\"550\" title=\"PHOTO-2022-10-21-10-22-15 (1)\" alt=\"\" class=\"slider-1751 slide-1796\" \/><img src=\"https:\/\/www.facet.unt.edu.ar\/sbe\/wp-content\/uploads\/sites\/77\/2022\/10\/STAND-AZUCARERA-3.jpeg\" height=\"350\" width=\"550\" title=\"STAND AZUCARERA 3\" alt=\"\" class=\"slider-1751 slide-1911\" \/><img src=\"https:\/\/www.facet.unt.edu.ar\/sbe\/wp-content\/uploads\/sites\/77\/2022\/10\/PHOTO-2022-10-21-19-40-18.jpg\" height=\"350\" width=\"550\" title=\"PHOTO-2022-10-21-19-40-18\" alt=\"\" class=\"slider-1751 slide-1798\" \/><img src=\"https:\/\/www.facet.unt.edu.ar\/sbe\/wp-content\/uploads\/sites\/77\/2022\/10\/PHOTO-2022-10-21-19-40-19.jpg\" height=\"350\" width=\"550\" title=\"PHOTO-2022-10-21-19-40-19\" alt=\"\" class=\"slider-1751 slide-1799\" \/><img src=\"https:\/\/www.facet.unt.edu.ar\/sbe\/wp-content\/uploads\/sites\/77\/2022\/10\/PHOTO-2022-10-21-19-40-20.jpg\" height=\"350\" width=\"550\" title=\"PHOTO-2022-10-21-19-40-20\" alt=\"\" class=\"slider-1751 slide-1800\" \/><img src=\"https:\/\/www.facet.unt.edu.ar\/sbe\/wp-content\/uploads\/sites\/77\/2022\/10\/PHOTO-2022-10-21-19-40-21.jpg\" height=\"350\" width=\"550\" title=\"PHOTO-2022-10-21-19-40-21\" alt=\"\" class=\"slider-1751 slide-1801\" \/><img src=\"https:\/\/www.facet.unt.edu.ar\/sbe\/wp-content\/uploads\/sites\/77\/2022\/10\/PHOTO-2022-10-22-19-20-57-1.jpg\" height=\"350\" width=\"550\" title=\"PHOTO-2022-10-22-19-20-57 (1)\" alt=\"\" class=\"slider-1751 slide-1802\" \/><img src=\"https:\/\/www.facet.unt.edu.ar\/sbe\/wp-content\/uploads\/sites\/77\/2022\/10\/PHOTO-2022-10-22-19-20-57.jpg\" height=\"350\" width=\"550\" title=\"PHOTO-2022-10-22-19-20-57\" alt=\"\" class=\"slider-1751 slide-1803\" \/><img src=\"https:\/\/www.facet.unt.edu.ar\/sbe\/wp-content\/uploads\/sites\/77\/2022\/10\/Visitas-al-LTFN-1.jpeg\" height=\"350\" width=\"550\" title=\"Visitas al LTFN 1\" alt=\"\" class=\"slider-1751 slide-1804\" \/><img src=\"https:\/\/www.facet.unt.edu.ar\/sbe\/wp-content\/uploads\/sites\/77\/2022\/10\/Visitas-al-LTFN-2.jpg\" height=\"350\" width=\"550\" title=\"Visitas al LTFN 2\" alt=\"\" class=\"slider-1751 slide-1805\" \/><img src=\"https:\/\/www.facet.unt.edu.ar\/sbe\/wp-content\/uploads\/sites\/77\/2022\/10\/WhatsApp-Image-2022-10-24-at-2.39.05-PM.jpeg\" height=\"350\" width=\"550\" title=\"WhatsApp Image 2022-10-24 at 2.39.05 PM\" alt=\"\" class=\"slider-1751 slide-1807\" \/><img src=\"https:\/\/www.facet.unt.edu.ar\/sbe\/wp-content\/uploads\/sites\/77\/2022\/10\/WhatsApp-Image-2022-10-24-at-2.39.08-PM.jpeg\" height=\"350\" width=\"550\" title=\"WhatsApp Image 2022-10-24 at 2.39.08 PM\" alt=\"\" class=\"slider-1751 slide-1808\" \/><img src=\"https:\/\/www.facet.unt.edu.ar\/sbe\/wp-content\/uploads\/sites\/77\/2022\/10\/WhatsApp-Image-2022-10-24-at-2.39.11-PM.jpeg\" height=\"350\" width=\"550\" title=\"WhatsApp Image 2022-10-24 at 2.39.11 PM\" alt=\"\" class=\"slider-1751 slide-1809\" \/><img src=\"https:\/\/www.facet.unt.edu.ar\/sbe\/wp-content\/uploads\/sites\/77\/2022\/10\/WhatsApp-Image-2022-10-24-at-2.39.12-PM.jpeg\" height=\"350\" width=\"550\" title=\"WhatsApp Image 2022-10-24 at 2.39.12 PM\" alt=\"\" class=\"slider-1751 slide-1810\" \/><img src=\"https:\/\/www.facet.unt.edu.ar\/sbe\/wp-content\/uploads\/sites\/77\/2022\/10\/WhatsApp-Image-2022-10-24-at-2.39.13-PM-1.jpeg\" height=\"350\" width=\"550\" title=\"WhatsApp Image 2022-10-24 at 2.39.13 PM (1)\" alt=\"\" class=\"slider-1751 slide-1811\" \/><img src=\"https:\/\/www.facet.unt.edu.ar\/sbe\/wp-content\/uploads\/sites\/77\/2022\/10\/WhatsApp-Image-2022-10-24-at-2.39.13-PM.jpeg\" height=\"350\" width=\"550\" title=\"WhatsApp Image 2022-10-24 at 2.39.13 PM\" alt=\"\" class=\"slider-1751 slide-1812\" \/><img src=\"https:\/\/www.facet.unt.edu.ar\/sbe\/wp-content\/uploads\/sites\/77\/2022\/10\/WhatsApp-Image-2022-10-24-at-2.42.34-PM.jpeg\" height=\"350\" width=\"550\" title=\"WhatsApp Image 2022-10-24 at 2.42.34 PM\" alt=\"\" class=\"slider-1751 slide-1813\" \/><img src=\"https:\/\/www.facet.unt.edu.ar\/sbe\/wp-content\/uploads\/sites\/77\/2022\/10\/20221019_161025.jpg\" height=\"350\" width=\"550\" title=\"20221019_161025\" alt=\"\" class=\"slider-1751 slide-1833\" \/><img src=\"https:\/\/www.facet.unt.edu.ar\/sbe\/wp-content\/uploads\/sites\/77\/2022\/10\/20221019_165505.jpg\" height=\"350\" width=\"550\" title=\"20221019_165505\" alt=\"\" class=\"slider-1751 slide-1834\" \/><img src=\"https:\/\/www.facet.unt.edu.ar\/sbe\/wp-content\/uploads\/sites\/77\/2022\/10\/20221019_165520.jpg\" height=\"350\" width=\"550\" title=\"20221019_165520\" alt=\"\" class=\"slider-1751 slide-1835\" \/><img src=\"https:\/\/www.facet.unt.edu.ar\/sbe\/wp-content\/uploads\/sites\/77\/2022\/10\/20221019_182912.jpg\" height=\"350\" width=\"550\" title=\"20221019_182912\" alt=\"\" class=\"slider-1751 slide-1836\" \/><img src=\"https:\/\/www.facet.unt.edu.ar\/sbe\/wp-content\/uploads\/sites\/77\/2022\/10\/20221020_160925.jpg\" height=\"350\" width=\"550\" title=\"20221020_160925\" alt=\"\" class=\"slider-1751 slide-1837\" \/><img src=\"https:\/\/www.facet.unt.edu.ar\/sbe\/wp-content\/uploads\/sites\/77\/2022\/10\/20221020_160947.jpg\" height=\"350\" width=\"550\" title=\"20221020_160947\" alt=\"\" class=\"slider-1751 slide-1838\" \/><img src=\"https:\/\/www.facet.unt.edu.ar\/sbe\/wp-content\/uploads\/sites\/77\/2022\/10\/20221020_182325.jpg\" height=\"350\" width=\"550\" title=\"20221020_182325\" alt=\"\" class=\"slider-1751 slide-1839\" \/><img src=\"https:\/\/www.facet.unt.edu.ar\/sbe\/wp-content\/uploads\/sites\/77\/2022\/10\/IMG-20221019-WA0011.jpg\" height=\"350\" width=\"550\" title=\"IMG-20221019-WA0011\" alt=\"\" class=\"slider-1751 slide-1840\" \/><img src=\"https:\/\/www.facet.unt.edu.ar\/sbe\/wp-content\/uploads\/sites\/77\/2022\/10\/IMG-20221019-WA0037.jpg\" height=\"350\" width=\"550\" title=\"IMG-20221019-WA0037\" alt=\"\" class=\"slider-1751 slide-1841\" \/><img src=\"https:\/\/www.facet.unt.edu.ar\/sbe\/wp-content\/uploads\/sites\/77\/2022\/10\/IMG-20221020-WA0005.jpg\" height=\"350\" width=\"550\" title=\"IMG-20221020-WA0005\" alt=\"\" class=\"slider-1751 slide-1842\" \/><img src=\"https:\/\/www.facet.unt.edu.ar\/sbe\/wp-content\/uploads\/sites\/77\/2022\/10\/IMG-20221020-WA0008.jpg\" height=\"350\" width=\"550\" title=\"IMG-20221020-WA0008\" alt=\"\" class=\"slider-1751 slide-1843\" \/><img src=\"https:\/\/www.facet.unt.edu.ar\/sbe\/wp-content\/uploads\/sites\/77\/2022\/10\/IMG-20221020-WA0012.jpg\" height=\"350\" width=\"550\" title=\"IMG-20221020-WA0012\" alt=\"\" class=\"slider-1751 slide-1844\" \/><img src=\"https:\/\/www.facet.unt.edu.ar\/sbe\/wp-content\/uploads\/sites\/77\/2022\/10\/IMG-20221020-WA0014.jpg\" height=\"350\" width=\"550\" title=\"IMG-20221020-WA0014\" alt=\"\" class=\"slider-1751 slide-1845\" \/><img src=\"https:\/\/www.facet.unt.edu.ar\/sbe\/wp-content\/uploads\/sites\/77\/2022\/10\/IMG-20221020-WA0015.jpg\" height=\"350\" width=\"550\" title=\"IMG-20221020-WA0015\" alt=\"\" class=\"slider-1751 slide-1846\" \/><img src=\"https:\/\/www.facet.unt.edu.ar\/sbe\/wp-content\/uploads\/sites\/77\/2022\/10\/IMG-20221020-WA0029.jpg\" height=\"350\" width=\"550\" title=\"IMG-20221020-WA0029\" alt=\"\" class=\"slider-1751 slide-1847\" \/><img src=\"https:\/\/www.facet.unt.edu.ar\/sbe\/wp-content\/uploads\/sites\/77\/2022\/10\/IMG-20221021-WA0013.jpg\" height=\"350\" width=\"550\" title=\"IMG-20221021-WA0013\" alt=\"\" class=\"slider-1751 slide-1848\" \/><img src=\"https:\/\/www.facet.unt.edu.ar\/sbe\/wp-content\/uploads\/sites\/77\/2022\/10\/IMG-20221022-WA0013.jpg\" height=\"350\" width=\"550\" title=\"IMG-20221022-WA0013\" alt=\"\" class=\"slider-1751 slide-1849\" \/><img src=\"https:\/\/www.facet.unt.edu.ar\/sbe\/wp-content\/uploads\/sites\/77\/2022\/10\/IMG-20221022-WA0014.jpg\" height=\"350\" width=\"550\" title=\"IMG-20221022-WA0014\" alt=\"\" class=\"slider-1751 slide-1850\" \/><img src=\"https:\/\/www.facet.unt.edu.ar\/sbe\/wp-content\/uploads\/sites\/77\/2022\/10\/IMG-20221024-WA0010.jpg\" height=\"350\" width=\"550\" title=\"IMG-20221024-WA0010\" alt=\"\" class=\"slider-1751 slide-1851\" \/><img src=\"https:\/\/www.facet.unt.edu.ar\/sbe\/wp-content\/uploads\/sites\/77\/2022\/10\/PHOTO-2022-10-24-10-57-27-4.jpg\" height=\"350\" width=\"550\" title=\"PHOTO-2022-10-24-10-57-27 (4)\" alt=\"\" class=\"slider-1751 slide-1869\" \/><img src=\"https:\/\/www.facet.unt.edu.ar\/sbe\/wp-content\/uploads\/sites\/77\/2022\/10\/PHOTO-2022-10-24-10-57-27.jpg\" height=\"350\" width=\"550\" title=\"PHOTO-2022-10-24-10-57-27\" alt=\"\" class=\"slider-1751 slide-1870\" \/><img src=\"https:\/\/www.facet.unt.edu.ar\/sbe\/wp-content\/uploads\/sites\/77\/2022\/10\/PHOTO-2022-10-24-10-57-28.jpg\" height=\"350\" width=\"550\" title=\"PHOTO-2022-10-24-10-57-28\" alt=\"\" class=\"slider-1751 slide-1871\" \/><img src=\"https:\/\/www.facet.unt.edu.ar\/sbe\/wp-content\/uploads\/sites\/77\/2022\/10\/AZUCARERA-1.jpeg\" height=\"350\" width=\"550\" title=\"AZUCARERA 1\" alt=\"\" class=\"slider-1751 slide-1909\" \/><img src=\"https:\/\/www.facet.unt.edu.ar\/sbe\/wp-content\/uploads\/sites\/77\/2022\/10\/AZUCARERA-2.jpeg\" height=\"350\" width=\"550\" title=\"AZUCARERA 2\" alt=\"\" class=\"slider-1751 slide-1910\" \/><img src=\"https:\/\/www.facet.unt.edu.ar\/sbe\/wp-content\/uploads\/sites\/77\/2022\/10\/PHOTO-2022-10-24-10-57-27-1.jpg\" height=\"350\" width=\"550\" title=\"PHOTO-2022-10-24-10-57-27 (1)\" alt=\"\" class=\"slider-1751 slide-1868\" \/><img src=\"https:\/\/www.facet.unt.edu.ar\/sbe\/wp-content\/uploads\/sites\/77\/2022\/10\/IMG-20221020-WA0012-1.jpg\" height=\"350\" width=\"550\" title=\"IMG-20221020-WA0012\" alt=\"\" class=\"slider-1751 slide-1924\" \/><img src=\"https:\/\/www.facet.unt.edu.ar\/sbe\/wp-content\/uploads\/sites\/77\/2022\/10\/IMG-20221019-WA0007.jpg\" height=\"350\" width=\"550\" title=\"IMG-20221019-WA0007\" alt=\"\" class=\"slider-1751 slide-1925\" \/><img src=\"https:\/\/www.facet.unt.edu.ar\/sbe\/wp-content\/uploads\/sites\/77\/2022\/10\/IMG-20221019-WA0014.jpg\" height=\"350\" width=\"550\" title=\"IMG-20221019-WA0014\" alt=\"\" class=\"slider-1751 slide-1926\" \/><img src=\"https:\/\/www.facet.unt.edu.ar\/sbe\/wp-content\/uploads\/sites\/77\/2022\/10\/IMG-20221019-WA0009.jpg\" height=\"350\" width=\"550\" title=\"IMG-20221019-WA0009\" alt=\"\" class=\"slider-1751 slide-1927\" \/><\/div><\/div>\n        \n    <\/div>\n<\/div><\/p>\n<h3 style=\"text-align: center;\"><strong>\u00a1Desde SBE agradecemos a todos por participar! \u00a1Hasta la pr\u00f3xima edici\u00f3n!<\/strong><\/h3>\n<p><a href=\"https:\/\/www.facet.unt.edu.ar\/sbe\/muestra-exactas-para-todos-2022\/\" target=\"_blank\" rel=\"noopener\">Actividades que se realizaron en la Muestra Exactas para Todos 2022<\/a><\/p>\n","protected":false},"excerpt":{"rendered":"<p>Con 25 a\u00f1os de trayectoria y consagrada como una de las exposiciones m\u00e1s importantes en el \u00e1mbito acad\u00e9mico, nuestra Secretar\u00eda present\u00f3 una nueva edici\u00f3n de la muestra \u201cExactas para Todos\u201d. La misma se realiz\u00f3 del 19 al 21 de Octubre, en instalaciones de la FACET. Como cada a\u00f1o, las 20 carreras (16 de grado y [&hellip;]<\/p>\n","protected":false},"author":6,"featured_media":0,"parent":0,"menu_order":0,"comment_status":"closed","ping_status":"closed","template":"","meta":[],"_links":{"self":[{"href":"https:\/\/www.facet.unt.edu.ar\/sbe\/wp-json\/wp\/v2\/pages\/1745"}],"collection":[{"href":"https:\/\/www.facet.unt.edu.ar\/sbe\/wp-json\/wp\/v2\/pages"}],"about":[{"href":"https:\/\/www.facet.unt.edu.ar\/sbe\/wp-json\/wp\/v2\/types\/page"}],"author":[{"embeddable":true,"href":"https:\/\/www.facet.unt.edu.ar\/sbe\/wp-json\/wp\/v2\/users\/6"}],"replies":[{"embeddable":true,"href":"https:\/\/www.facet.unt.edu.ar\/sbe\/wp-json\/wp\/v2\/comments?post=1745"}],"version-history":[{"count":13,"href":"https:\/\/www.facet.unt.edu.ar\/sbe\/wp-json\/wp\/v2\/pages\/1745\/revisions"}],"predecessor-version":[{"id":1905,"href":"https:\/\/www.facet.unt.edu.ar\/sbe\/wp-json\/wp\/v2\/pages\/1745\/revisions\/1905"}],"wp:attachment":[{"href":"https:\/\/www.facet.unt.edu.ar\/sbe\/wp-json\/wp\/v2\/media?parent=1745"}],"curies":[{"name":"wp","href":"https:\/\/api.w.org\/{rel}","templated":true}]}}