{"id":187,"date":"2021-10-20T21:53:46","date_gmt":"2021-10-20T21:53:46","guid":{"rendered":"https:\/\/www.facet.unt.edu.ar\/sbe\/?page_id=187"},"modified":"2026-03-03T09:55:28","modified_gmt":"2026-03-03T12:55:28","slug":"oferta-academica-facet","status":"publish","type":"page","link":"https:\/\/www.facet.unt.edu.ar\/sbe\/oferta-academica-facet\/","title":{"rendered":"Oferta Acad\u00e9mica FACET"},"content":{"rendered":"<div id=\"pl-187\"  class=\"panel-layout\" ><div id=\"pg-187-0\"  class=\"panel-grid panel-no-style\" ><div id=\"pgc-187-0-0\"  class=\"panel-grid-cell\" ><div id=\"panel-187-0-0-0\" class=\"so-panel widget widget_sow-editor panel-first-child panel-last-child\" data-index=\"0\" ><div\n\t\t\t\n\t\t\tclass=\"so-widget-sow-editor so-widget-sow-editor-base\"\n\t\t\t\n\t\t>\n<div class=\"siteorigin-widget-tinymce textwidget\">\n\t<p style=\"text-align: justify;\">La Facultad de Ciencias Exactas y Tecnolog\u00eda de la Universidad Nacional de Tucum\u00e1n cuenta con una extensa oferta acad\u00e9mica que abarca distintas \u00e1reas disciplinares de la Ciencia y la Tecnolog\u00eda, permitiendo al ingresante optar por 16 carreras de grado y 4 carreras de pregrado o cortas:<\/p>\n<p><strong>Carreras de Grado<\/strong><\/p>\n<ul>\n<li><a href=\"https:\/\/www.facet.unt.edu.ar\/diseno-de-iluminacion-facet\/\" target=\"_blank\" rel=\"noopener noreferrer\">Di\u00adse\u00ad\u00f1o de Ilu\u00admi\u00adna\u00adci\u00f3n<\/a> (4 a\u00f1os)<\/li>\n<li><a href=\"https:\/\/www.facet.unt.edu.ar\/ingenieria-azucarera\/\" target=\"_blank\" rel=\"noopener noreferrer\">In\u00adge\u00adnie\u00adr\u00eda Azu\u00adca\u00adre\u00adra<\/a> (5 a\u00f1os)<\/li>\n<li><a href=\"https:\/\/www.facet.unt.edu.ar\/ingenieria-biomedica\/\" target=\"_blank\" rel=\"noopener noreferrer\">In\u00adge\u00adnie\u00adr\u00eda Bio\u00adm\u00e9\u00addi\u00adca<\/a> (5 a\u00f1os)<\/li>\n<li><a href=\"https:\/\/www.facet.unt.edu.ar\/ingenieria-civil\/\" target=\"_blank\" rel=\"noopener noreferrer\">In\u00adge\u00adnie\u00adr\u00eda Civil<\/a> (5 y 1\/2 a\u00f1os)<\/li>\n<li><a href=\"https:\/\/www.facet.unt.edu.ar\/ingenieria-electrica\/\" target=\"_blank\" rel=\"noopener noreferrer\">In\u00adge\u00adnie\u00adr\u00eda El\u00e9c\u00adtri\u00adca<\/a>\u00a0(5 a\u00f1os)<\/li>\n<li><a href=\"https:\/\/www.facet.unt.edu.ar\/ingenieria-electronica\" target=\"_blank\" rel=\"noopener noreferrer\">In\u00adge\u00adnie\u00adr\u00eda Elec\u00adtr\u00f3\u00adni\u00adca<\/a> (5 a\u00f1os)<\/li>\n<li><a href=\"https:\/\/www.facet.unt.edu.ar\/agrimensura-facet\/\" target=\"_blank\" rel=\"noopener noreferrer\">Ingenier\u00eda en Agri\u00admen\u00adsu\u00adra<\/a>\u00a0(5 a\u00f1os)<\/li>\n<li><a href=\"https:\/\/www.facet.unt.edu.ar\/ingenieria-en-computacion\/\" target=\"_blank\" rel=\"noopener noreferrer\">In\u00adge\u00adnie\u00adr\u00eda en Compu\u00adtaci\u00f3n<\/a> (4\u00a0y \u00bd a\u00f1os)<\/li>\n<li><a href=\"https:\/\/www.facet.unt.edu.ar\/ingenieria-en-informatica-facet\/\" target=\"_blank\" rel=\"noopener noreferrer\">Ingenier\u00eda en Inform\u00e1tica<\/a> (5 a\u00f1os)<\/li>\n<li><a href=\"https:\/\/www.facet.unt.edu.ar\/ingenieria-geodesica-y-geofisica\/\" target=\"_blank\" rel=\"noopener noreferrer\">In\u00adge\u00adnie\u00adr\u00eda Geo\u00add\u00e9\u00adsi\u00adca y Geo\u00adf\u00ed\u00adsi\u00adca<\/a> (5 a\u00f1os)<\/li>\n<li><a href=\"https:\/\/www.facet.unt.edu.ar\/ingenieria-industrial\/\" target=\"_blank\" rel=\"noopener noreferrer\">In\u00adge\u00adnie\u00adr\u00eda In\u00addus\u00adtrial<\/a> (5 a\u00f1os)<\/li>\n<li><a href=\"https:\/\/www.facet.unt.edu.ar\/ingenieria-mecanica\/\" target=\"_blank\" rel=\"noopener noreferrer\">In\u00adge\u00adnie\u00adr\u00eda Me\u00adc\u00e1\u00adni\u00adca<\/a> (5 a\u00f1os)<\/li>\n<li><a href=\"https:\/\/www.facet.unt.edu.ar\/ingenieria-quimica\/\" target=\"_blank\" rel=\"noopener noreferrer\">In\u00adge\u00adnie\u00adr\u00eda Qu\u00ed\u00admi\u00adca<\/a> (5 a\u00f1os)<\/li>\n<li><a href=\"https:\/\/www.facet.unt.edu.ar\/licenciatura-fisica\/\" target=\"_blank\" rel=\"noopener noreferrer\">Li\u00adcen\u00adcia\u00adtu\u00adra en F\u00ed\u00adsi\u00adca<\/a> (5 a\u00f1os)<\/li>\n<li><a href=\"https:\/\/www.facet.unt.edu.ar\/licenciatura-en-informatica\/\" target=\"_blank\" rel=\"noopener noreferrer\">Licenciatura en Inform\u00e1tica<\/a> (5 a\u00f1os)<\/li>\n<li><a href=\"https:\/\/www.facet.unt.edu.ar\/licenciatura-en-matematica\/\" target=\"_blank\" rel=\"noopener noreferrer\">Li\u00adcen\u00adcia\u00adtu\u00adra en Ma\u00adte\u00adm\u00e1\u00adti\u00adca<\/a> (5 a\u00f1os)<\/li>\n<\/ul>\n<p><strong>Carreras de Pregrado o Cortas<\/strong><\/p>\n<ul>\n<li><a href=\"https:\/\/www.facet.unt.edu.ar\/programador-universitario\/\" target=\"_blank\" rel=\"noopener noreferrer\">Pro\u00adgra\u00adma\u00addor Uni\u00adver\u00adsi\u00adta\u00adrio<\/a>\u00a0(3 a\u00f1os)<\/li>\n<li><a href=\"https:\/\/www.facet.unt.edu.ar\/tecnicatura-universitaria-en-tecnologia-azucarera-e-industrias-derivadas\/\" target=\"_blank\" rel=\"noopener noreferrer\">Tecnicatura Universitaria en Tecnolog\u00eda Azucarera e Industrias Derivadas<\/a> (3 a\u00f1os)<\/li>\n<li><a href=\"https:\/\/www.facet.unt.edu.ar\/tecnicatura-universitaria-en-fisica\/\" target=\"_blank\" rel=\"noopener noreferrer\">Tecnicatura Universitaria en F\u00edsica<\/a> (3 a\u00f1os)<\/li>\n<li><a href=\"https:\/\/www.facet.unt.edu.ar\/tecnicatura-universitaria-en-fisica-ambiental\/\" target=\"_blank\" rel=\"noopener noreferrer\">Tecnicatura Universitaria en F\u00edsica Ambiental<\/a> (2 y \u00bd a\u00f1os)<\/li>\n<\/ul>\n<p style=\"text-align: center;\"><strong>Ingreso FACET\u00a0<\/strong><\/p>\n<p style=\"text-align: justify;\">El aspirante que desee inscribirse en cualquier carrera de la FACET, deber\u00e1 superar la nivelaci\u00f3n en matem\u00e1tica. Para ello la facultad ofrece distintas instancias:<\/p>\n<ul style=\"text-align: justify;\">\n<li>Cursos de Nivelaci\u00f3n en Matem\u00e1tica<\/li>\n<li>Pruebas de Suficiencia<\/li>\n<\/ul>\n<p style=\"text-align: justify;\">Para m\u00e1s informaci\u00f3n sobre las instancias del ingreso, acced\u00e9 al siguiente link: <a href=\"https:\/\/www.facet.unt.edu.ar\/ingreso\/\" target=\"_blank\" rel=\"noopener\">https:\/\/www.facet.unt.edu.ar\/ingreso\/<\/a><\/p>\n<p style=\"text-align: justify;\"><span style=\"text-decoration: underline;\">Nota<\/span>: Quedan eximidos de superar la nivelaci\u00f3n en matem\u00e1tica los egresados de las Escuelas Experimentales de la UNT.<\/p>\n<\/div>\n<\/div><\/div><\/div><\/div><\/div>","protected":false},"excerpt":{"rendered":"<p>La Facultad de Ciencias Exactas y Tecnolog\u00eda de la Universidad Nacional de Tucum\u00e1n cuenta con una extensa oferta acad\u00e9mica que abarca distintas \u00e1reas disciplinares de la Ciencia y la Tecnolog\u00eda, permitiendo al ingresante optar por 16 carreras de grado y 4 carreras de pregrado o cortas: Carreras de Grado Di\u00adse\u00ad\u00f1o de Ilu\u00admi\u00adna\u00adci\u00f3n (4 a\u00f1os) In\u00adge\u00adnie\u00adr\u00eda [&hellip;]<\/p>\n","protected":false},"author":6,"featured_media":0,"parent":0,"menu_order":0,"comment_status":"closed","ping_status":"closed","template":"","meta":[],"_links":{"self":[{"href":"https:\/\/www.facet.unt.edu.ar\/sbe\/wp-json\/wp\/v2\/pages\/187"}],"collection":[{"href":"https:\/\/www.facet.unt.edu.ar\/sbe\/wp-json\/wp\/v2\/pages"}],"about":[{"href":"https:\/\/www.facet.unt.edu.ar\/sbe\/wp-json\/wp\/v2\/types\/page"}],"author":[{"embeddable":true,"href":"https:\/\/www.facet.unt.edu.ar\/sbe\/wp-json\/wp\/v2\/users\/6"}],"replies":[{"embeddable":true,"href":"https:\/\/www.facet.unt.edu.ar\/sbe\/wp-json\/wp\/v2\/comments?post=187"}],"version-history":[{"count":15,"href":"https:\/\/www.facet.unt.edu.ar\/sbe\/wp-json\/wp\/v2\/pages\/187\/revisions"}],"predecessor-version":[{"id":1535,"href":"https:\/\/www.facet.unt.edu.ar\/sbe\/wp-json\/wp\/v2\/pages\/187\/revisions\/1535"}],"wp:attachment":[{"href":"https:\/\/www.facet.unt.edu.ar\/sbe\/wp-json\/wp\/v2\/media?parent=187"}],"curies":[{"name":"wp","href":"https:\/\/api.w.org\/{rel}","templated":true}]}}