{"id":1872,"date":"2022-02-24T21:28:07","date_gmt":"2022-02-25T00:28:07","guid":{"rendered":"https:\/\/www.facet.unt.edu.ar\/sbe\/?page_id=1872"},"modified":"2022-10-24T21:36:11","modified_gmt":"2022-10-25T00:36:11","slug":"exactas-para-todos-2019","status":"publish","type":"page","link":"https:\/\/www.facet.unt.edu.ar\/sbe\/exactas-para-todos-2019\/","title":{"rendered":"Muestra &#8220;Exactas para Todos 2019&#8221;"},"content":{"rendered":"<div id=\"pl-1872\"  class=\"panel-layout\" ><div id=\"pg-1872-0\"  class=\"panel-grid panel-no-style\" ><div id=\"pgc-1872-0-0\"  class=\"panel-grid-cell\" ><div id=\"panel-1872-0-0-0\" class=\"so-panel widget widget_sow-editor panel-first-child\" data-index=\"0\" ><div\n\t\t\t\n\t\t\tclass=\"so-widget-sow-editor so-widget-sow-editor-base\"\n\t\t\t\n\t\t>\n<div class=\"siteorigin-widget-tinymce textwidget\">\n\t<p style=\"text-align: justify;\">Del 12 al 14 de junio se llev\u00f3 a cabo una nueva edici\u00f3n de la Muestra de la Oferta Acad\u00e9mica \u201cExactas para Todos\u201d en las instalaciones de la Facultad de Ciencias Exactas y Tecnolog\u00eda de la UNT. El objetivo fue dar a conocer la amplia oferta acad\u00e9mica que la FACET ofrece, como as\u00ed tambi\u00e9n propiciar la vinculaci\u00f3n entre \u00e9sta y el sector empresarial.<\/p>\n<p style=\"text-align: justify;\">Como cada a\u00f1o, las 19 carreras (15 de grado y 4 de pregrado) que se dictan en esta Facultad, estuvieron representadas por stands interactivos, posters gr\u00e1ficos, muestras experimentales, equipos en funcionamientos, etc., atendidos por docentes y por estudiantes avanzados de las mismas, que brindaron al alumno una idea clara y precisa de las bondades de cada carrera, su aplicaci\u00f3n pr\u00e1ctica y su salida laboral. Los alumnos de Tutor\u00eda Estudiantil se ocuparon de guiar en el recorrido a los estudiantes y responder las inquietudes de los chicos.<\/p>\n<p style=\"text-align: justify;\">En esta oportunidad, visitaron la muestra m\u00e1s de 3500 estudiantes del nivel secundario y p\u00fablico en general, quienes pudieron recorrer los Laboratorios de la FACET, visitaron el Museo de La Luz y participaron de Talleres y Charlas que les permitieron tener una visi\u00f3n m\u00e1s clara de las actividades de investigaci\u00f3n, docencia y extensi\u00f3n que se desarrollan en la FACET.<\/p>\n<p style=\"text-align: justify;\">El acto de cierre se realiz\u00f3 al finalizar las actividades previstas para esta edici\u00f3n, en la Sala de Medios Audiovisuales de la FACET. Estuvo presidido por el Decano de la FACET, <strong>Dr. Ing. Miguel A. Cabrera<\/strong>, el Secretario de Bienestar Estudiantil, <strong>Sr. Fabi\u00e1n Ayarde<\/strong>, el Secretario de Asuntos Administrativos, <strong>Ing. Carlos Iv\u00e1n <\/strong>y el Secretario Acad\u00e9mico,<strong> Dr. Ing. Nicol\u00e1s Nieva<\/strong>. Tambi\u00e9n se cont\u00f3 con la presencia del Vicerrector de la UNT, <strong>Ing. Sergio Pagani<\/strong>, el Secretario de Bienestar Universitario, <strong>Ing. Agr. Gustavo Adolfo Vitulli<\/strong>, el Secretario de Proyectos y Obras de la UNT, <strong>Mg. Ing. Sergio Mohamed<\/strong>, el Subsecretario de Proyectos y Obras de la UNT, <strong>Ing. Gerardo Madariaga<\/strong>, la Subsecretaria de Extensi\u00f3n Universitaria de la UNT, <strong>Mg. Lic. Patricia Fern\u00e1ndez<\/strong>, alumnos, docentes, no docentes y p\u00fablico en general.<\/p>\n<p style=\"text-align: justify;\">El Decano de la FACET, hizo un especial agradecimiento al Secretario de Bienestar Estudiantil, Sr. Fabi\u00e1n Ayarde, y a todo su equipo, por la organizaci\u00f3n de la Muestra; y tambi\u00e9n agradeci\u00f3 la colaboraci\u00f3n de todos los presentes en el desarrollo de estas jornadas.<\/p>\n<p style=\"text-align: justify;\">Despu\u00e9s se hizo entrega de vouchers a las 19 carreras y se entregaron presentes a las asociaciones de estudiantes ATEIM, ATEIQ, IEEE y a Tutor\u00eda Estudiantil. Adem\u00e1s se dio a conocer los 4 stands ganadores: 1\u00b0) Agrimensura, 2\u00b0) Ing. en Computaci\u00f3n, 3\u00b0) Ing. Qu\u00edmica y 4\u00b0) Licenciatura en Matem\u00e1tica; y al finalizar el acto se ofreci\u00f3 un \u00e1gape para agasajar a los presentes.<\/p>\n<!-- MetaSlider 18636 not found -->\n<\/div>\n<\/div><\/div><div id=\"panel-1872-0-0-1\" class=\"so-panel widget widget_media_video panel-last-child\" data-index=\"1\" ><h3 class=\"widget-title\">Conoc\u00e9 el proyecto del stand ganador<\/h3><div style=\"width:100%;\" class=\"wp-video\"><!--[if lt IE 9]><script>document.createElement('video');<\/script><![endif]-->\n<video class=\"wp-video-shortcode\" id=\"video-1872-1\" preload=\"metadata\" controls=\"controls\"><source type=\"video\/youtube\" src=\"https:\/\/www.youtube.com\/watch?time_continue=53&#038;v=hFciG4oyS6g&#038;_=1\" \/><a href=\"https:\/\/www.youtube.com\/watch?time_continue=53&#038;v=hFciG4oyS6g\">https:\/\/www.youtube.com\/watch?time_continue=53&#038;v=hFciG4oyS6g<\/a><\/video><\/div><\/div><\/div><\/div><\/div>","protected":false},"excerpt":{"rendered":"<p>Del 12 al 14 de junio se llev\u00f3 a cabo una nueva edici\u00f3n de la Muestra de la Oferta Acad\u00e9mica \u201cExactas para Todos\u201d en las instalaciones de la Facultad de Ciencias Exactas y Tecnolog\u00eda de la UNT. El objetivo fue dar a conocer la amplia oferta acad\u00e9mica que la FACET ofrece, como as\u00ed tambi\u00e9n propiciar [&hellip;]<\/p>\n","protected":false},"author":6,"featured_media":0,"parent":0,"menu_order":0,"comment_status":"closed","ping_status":"closed","template":"","meta":[],"_links":{"self":[{"href":"https:\/\/www.facet.unt.edu.ar\/sbe\/wp-json\/wp\/v2\/pages\/1872"}],"collection":[{"href":"https:\/\/www.facet.unt.edu.ar\/sbe\/wp-json\/wp\/v2\/pages"}],"about":[{"href":"https:\/\/www.facet.unt.edu.ar\/sbe\/wp-json\/wp\/v2\/types\/page"}],"author":[{"embeddable":true,"href":"https:\/\/www.facet.unt.edu.ar\/sbe\/wp-json\/wp\/v2\/users\/6"}],"replies":[{"embeddable":true,"href":"https:\/\/www.facet.unt.edu.ar\/sbe\/wp-json\/wp\/v2\/comments?post=1872"}],"version-history":[{"count":6,"href":"https:\/\/www.facet.unt.edu.ar\/sbe\/wp-json\/wp\/v2\/pages\/1872\/revisions"}],"predecessor-version":[{"id":1882,"href":"https:\/\/www.facet.unt.edu.ar\/sbe\/wp-json\/wp\/v2\/pages\/1872\/revisions\/1882"}],"wp:attachment":[{"href":"https:\/\/www.facet.unt.edu.ar\/sbe\/wp-json\/wp\/v2\/media?parent=1872"}],"curies":[{"name":"wp","href":"https:\/\/api.w.org\/{rel}","templated":true}]}}