{"id":2390,"date":"2023-05-02T19:39:49","date_gmt":"2023-05-02T22:39:49","guid":{"rendered":"https:\/\/www.facet.unt.edu.ar\/sbe\/?page_id=2390"},"modified":"2023-06-15T08:19:26","modified_gmt":"2023-06-15T11:19:26","slug":"muestra-oferta-academica-exactas-para-todos-2023","status":"publish","type":"page","link":"https:\/\/www.facet.unt.edu.ar\/sbe\/muestra-oferta-academica-exactas-para-todos-2023\/","title":{"rendered":"Muestra \u201cExactas para Todos 2023\u201d"},"content":{"rendered":"<div id=\"pl-2390\"  class=\"panel-layout\" ><div id=\"pg-2390-0\"  class=\"panel-grid panel-no-style\" ><div id=\"pgc-2390-0-0\"  class=\"panel-grid-cell\" ><div id=\"panel-2390-0-0-0\" class=\"so-panel widget widget_sow-editor panel-first-child panel-last-child\" data-index=\"0\" ><div\n\t\t\t\n\t\t\tclass=\"so-widget-sow-editor so-widget-sow-editor-base\"\n\t\t\t\n\t\t>\n<div class=\"siteorigin-widget-tinymce textwidget\">\n\t<p style=\"text-align: justify;\">Del 14 al 16 de Junio, se desarrollar\u00e1 una nueva edici\u00f3n de la tradicional Muestra \u201cExactas para Todos\u201d<strong>,<\/strong>\u00a0en el Block 3, de la FACET, Centro Herrera, Av. Independencia N\u00b0 1800.<\/p>\n<ul style=\"text-align: justify;\">\n<li><strong>Mi\u00e9rcoles 14 de junio<\/strong>: de 9 a 13 y de 14 a 18 hs<\/li>\n<li><strong>Jueves 15 de junio<\/strong>: de 9 a 13 y de 14 a 18 hs<\/li>\n<li><strong>Viernes 16 de junio<\/strong>: de 9 a 13 hs<\/li>\n<\/ul>\n<p style=\"text-align: justify;\">El prop\u00f3sito central de \u00e9ste evento, es dar a conocer a los futuros ingresantes la\u00a0<a href=\"https:\/\/www.facet.unt.edu.ar\/sbe\/oferta-academica-facet\/\" target=\"_blank\" rel=\"noopener\"><strong>Oferta Acad\u00e9mica<\/strong><\/a>\u00a0que nuestra Facultad dispone, como as\u00ed tambi\u00e9n propiciar la vinculaci\u00f3n entre \u00e9sta y el sector empresarial.<\/p>\n<p style=\"text-align: justify;\">El\u00a0<strong>evento<\/strong>,\u00a0<strong>libre y gratuito<\/strong>, est\u00e1 destinado a estudiantes de los \u00faltimos a\u00f1os del nivel secundario, j\u00f3venes, profesionales y p\u00fablico en general.<\/p>\n<p style=\"text-align: justify;\">Los visitantes podr\u00e1n recorrer Laboratorios y participar de Talleres y Charlas que permitir\u00e1n tener una visi\u00f3n m\u00e1s clara de las actividades de investigaci\u00f3n, docencia y extensi\u00f3n que se desarrollan en la FACET. El \u00c1rea Ingreso tambi\u00e9n brindar\u00e1 informaci\u00f3n sobre las instancias del Ingreso 2024.<\/p>\n<h2 style=\"text-align: center;\"><strong>Cronograma de Actividades <\/strong><strong><br \/>\n\u201cExactas\u00a0para\u00a0Todos 2023\u201d<\/strong><\/h2>\n<h3 style=\"text-align: center;\"><span style=\"color: #3366ff;\"><strong>\u00a0<\/strong><strong>MI\u00c9RCOLES 14 DE JUNIO<\/strong><\/span><\/h3>\n<h3 style=\"text-align: center;\"><strong>Charlas<\/strong><\/h3>\n<p style=\"text-align: center;\"><strong>TURNO MA\u00d1ANA<\/strong><\/p>\n<p style=\"text-align: justify;\">10:00 hs: <strong><em>Peritaje Inform\u00e1tico: Una rama poco difundida de la inform\u00e1tica<\/em><\/strong>, a cargo del Lic. en Inform\u00e1tica Daniel Melucci. Lugar: Sala de Audiovisuales, Block 3, 1er Piso.<\/p>\n<p style=\"text-align: justify;\">11:00 hs: <strong>Charla sobre Ingenier\u00eda Industrial.<\/strong>\u00a0 Lugar: Sala de Audiovisuales, Block 3, 1er Piso.<\/p>\n<p style=\"text-align: justify;\">12:00 hs: <strong><em>\u00bfPor qu\u00e9 estudiar Ingenier\u00eda Mec\u00e1nica?<\/em><\/strong>. Lugar: Sala de Audiovisuales, Block 3, 1er Piso.<\/p>\n<p style=\"text-align: center;\"><strong>TURNO TARDE<\/strong><\/p>\n<p style=\"text-align: justify;\">15:00 hs: <em><strong>Charla sobre Ingenier\u00eda Electr\u00f3nica<\/strong><\/em>, a cargo del Ing. Juan Ise. Lugar: Sala de Audiovisuales, Block 3, 1er Piso.<\/p>\n<p style=\"text-align: justify;\">16:00 hs: <strong><em>Los superh\u00e9roes y la Ingenier\u00eda en Computaci\u00f3n<\/em><\/strong>, a cargo de los Ingenieros Carlos Albaca Parav\u00e1n y Franco Men\u00e9ndez. Lugar: Sala de Audiovisuales, Block 3, 1er Piso.<\/p>\n<p>&nbsp;<\/p>\n<h3 style=\"text-align: center;\"><strong>Visitas guiadas a Talleres \/ Laboratorios \/ Institutos<\/strong><\/h3>\n<p style=\"text-align: center;\"><strong>TURNO MA\u00d1ANA<\/strong><\/p>\n<p style=\"text-align: justify;\">10:00 a 12:00 hs: <strong><em>Instituto de Alta Tensi\u00f3n y Transmisi\u00f3n de Energ\u00eda (IATTE) y Laboratorios de Ingenier\u00eda El\u00e9ctrica<\/em><\/strong> (sector sureste del predio Centro Herrera).<\/p>\n<p style=\"text-align: justify;\">10:00 hs: <strong><em>Laboratorio de Estructuras<\/em><\/strong>. Sector noreste del predio Centro Herrera (detr\u00e1s block 4), o bien, preguntar ubicaci\u00f3n en el stand de la carrera de Ing. Civil.<\/p>\n<p style=\"text-align: justify;\">10:00 a 13:00 hs: <strong><em>Laboratorio Planta Piloto<\/em><\/strong> (preguntar ubicaci\u00f3n en el stand de la carrera de Ing. Qu\u00edmica).<\/p>\n<p style=\"text-align: justify;\">11:00 hs: <strong>Visita al Taller de Mec\u00e1nica <\/strong>(preguntar ubicaci\u00f3n en el stand de la carrera Ing. Mec\u00e1nica).<\/p>\n<p style=\"text-align: justify;\">12:00 hs: <strong>Laboratorio de Ensayo de Materiales<\/strong>. Sector noreste del predio Centro Herrera (detr\u00e1s block 4), o bien, preguntar ubicaci\u00f3n en el stand de la carrera de Ing. Civil.<\/p>\n<p style=\"text-align: center;\"><strong>TURNO TARDE<\/strong><\/p>\n<p style=\"text-align: justify;\">15:00 a 18:00 hs: <strong><em>Laboratorio de Transductores y F\u00edsica Nuclear<\/em><\/strong> - Block 2 \u2013 3er piso \u2013 Local 07 \u2013 Departamento de F\u00edsica.<\/p>\n<p style=\"text-align: justify;\">15:00 hs: <strong><em>Laboratorio de Hidra\u00falica<\/em><\/strong>, Sector noreste del predio Centro Herrera (detr\u00e1s block 4), o bien, preguntar ubicaci\u00f3n en el stand de la carrera de Ing. Civil.<\/p>\n<p style=\"text-align: justify;\">15:00 a 16:00 hs: <strong><em>Laboratorio de la C\u00e1tedra de Qu\u00edmica General<\/em><\/strong> - Block 4, 3er Piso, Local: 4-3-25.<\/p>\n<p style=\"text-align: justify;\">15:00 a 17:00 hs: <strong>Laboratorio de Luminotecnia, Luz y Visi\u00f3n<\/strong> (preguntar ubicaci\u00f3n en el stand de la carrera Dise\u00f1o de iluminaci\u00f3n).<\/p>\n<p style=\"text-align: justify;\">15:00 a 18:00 hs: <strong><em>Laboratorio Planta Piloto<\/em><\/strong> (preguntar ubicaci\u00f3n en el stand de la carrera de Ing. Qu\u00edmica)<\/p>\n<p style=\"text-align: justify;\">17:00 hs: <strong><em>Laboratorio de V\u00edas de Comunicaci\u00f3n<\/em><\/strong>. Sector noreste del predio Centro Herrera (detr\u00e1s block 4), o bien, preguntar ubicaci\u00f3n en el stand de la carrera de Ing. Civil.<\/p>\n<h3 style=\"text-align: center;\"><span style=\"color: #3366ff;\"><strong>\u00a0<\/strong><strong>JUEVES 15 DE JUNIO<\/strong><\/span><\/h3>\n<h3 style=\"text-align: center;\"><strong>Charlas<\/strong><\/h3>\n<p style=\"text-align: center;\"><strong>TURNO MA\u00d1ANA<\/strong><\/p>\n<p style=\"text-align: justify;\">10:00 hs: <strong><em>\u201cChat GPT, Como pueden cambiar al mundo las IAs?\u201d<\/em><\/strong>, a cargo del Ing. Gustavo Ju\u00e1rez, Alejandro Grellet, Mateo S\u00e1nchez y Pablo Voto. Lugar: Sala de Audiovisuales, Block 3, 1er Piso.<\/p>\n<p style=\"text-align: justify;\">11:00 hs: <strong><em>Diario de un pasante: un d\u00eda trabajando en la industria<\/em><\/strong>, contada por los alumnos Valentina Garcia Palacios, Paula Middagh y Rodrigo Chac\u00f3n. Lugar: Sala de Audiovisuales, Block 3, 1er Piso.<\/p>\n<p style=\"text-align: justify;\">11:30 hs: <strong><em>\u00bfPor qu\u00e9 estudiar Ingenier\u00eda Mec\u00e1nica?.<\/em><\/strong>\u00a0Lugar: Sala de Audiovisuales, Block 3, 1er Piso.<\/p>\n<p style=\"text-align: center;\"><strong>TURNO TARDE<\/strong><\/p>\n<p style=\"text-align: justify;\">15:00 hs: <em><strong>Charla sobre Ingenier\u00eda Electr\u00f3nica<\/strong><\/em>, a cargo del Ing. Juan Ise. Lugar: Sala de Audiovisuales, Block 3, 1er Piso.<\/p>\n<p style=\"text-align: justify;\">15:30 hs: <strong><em>Experiencia de Pasant\u00edas: \"De estudiante a joven profesional\"<\/em><\/strong><em>,<\/em> contada por los alumnos Valentina Garcia Palacios, Paula Middagh y Rodrigo Chac\u00f3n. Lugar: Sala de Audiovisuales, Block 3, 1er Piso.<\/p>\n<p style=\"text-align: justify;\">16:00 hs: <strong><em>Charla sobre Carreras en Inform\u00e1tica<\/em><\/strong>, a cargo del Ing. Ticiano Torres Peralta. Lugar: Sala de Audiovisuales, Block 3, 1er Piso.<\/p>\n<p style=\"text-align: justify;\">16:30 hs: <strong><em>Charla \"Club de Programaci\u00f3n Competitiva\"<\/em><\/strong>, a cargo del Lic. Jorge Namour. Lugar: Sala de Audiovisuales, Block 3, 1er Piso.<\/p>\n<p style=\"text-align: justify;\">16:40 hs: <strong><em>Charla \"Club de Programaci\u00f3n de Videojuegos\"<\/em><\/strong>, a cargo de Octavio Lanillo, Mariano Girbau, Tomas Heredia. Lugar: Sala de Audiovisuales, Block 3, 1er Piso.<\/p>\n<p style=\"text-align: justify;\">16:50 hs: <strong><em>Charla \"Club de Rob\u00f3tica\"<\/em><\/strong>, a cargo del Ing. Ticiano Torres Peralta. Lugar: Sala de Audiovisuales, Block 3, 1er Piso.<\/p>\n<p>&nbsp;<\/p>\n<h3 style=\"text-align: center;\"><strong>Visitas guiadas a Talleres \/ Laboratorios \/ Institutos<\/strong><\/h3>\n<p style=\"text-align: center;\"><strong>TURNO MA\u00d1ANA<\/strong><\/p>\n<p style=\"text-align: justify;\">10:00 a 12:00 hs: <strong><em>Instituto de Alta Tensi\u00f3n y Transmisi\u00f3n de Energ\u00eda (IATTE) y Laboratorios de Ingenier\u00eda El\u00e9ctrica<\/em><\/strong> (sector sureste del predio Centro Herrera).<\/p>\n<p style=\"text-align: justify;\">10:00 a 12:00 hs: <em><strong>Laboratorio de Luminotecnia, Luz y Visi\u00f3n<\/strong><\/em> (preguntar ubicaci\u00f3n en el stand de la carrera Dise\u00f1o de iluminaci\u00f3n).<\/p>\n<p style=\"text-align: justify;\">10:00 hs: <strong><em>Laboratorio de Ensayo de Materiales<\/em><\/strong>. Sector noreste del predio Centro Herrera (detr\u00e1s block 4), o bien, preguntar ubicaci\u00f3n en el stand de la carrera de Ing. Civil.<\/p>\n<p style=\"text-align: justify;\">11:00 hs: <strong><em>Visita al Taller de Mec\u00e1nica<\/em><\/strong> (preguntar ubicaci\u00f3n en el stand de la carrera Ing. Mec\u00e1nica).<\/p>\n<p>11:00 hs: <strong><em>Laboratorio Planta Piloto<\/em><\/strong> (preguntar ubicaci\u00f3n en el stand de la carrera de Ing. Qu\u00edmica).<\/p>\n<p>12:00 hs: <strong><em>Laboratorio Planta Piloto<\/em><\/strong> (preguntar ubicaci\u00f3n en el stand de la carrera de Ing. Qu\u00edmica).<\/p>\n<p style=\"text-align: center;\"><strong>TURNO TARDE<\/strong><\/p>\n<p style=\"text-align: justify;\">15:00 a 18:00 hs: <strong><em>Laboratorio de Transductores y F\u00edsica<\/em><\/strong> Nuclear - Block 2 \u2013 3er piso \u2013 Local 07 \u2013 Departamento de F\u00edsica.<\/p>\n<p style=\"text-align: justify;\">15:00 a 17:00 hs: <strong><em>Laboratorio de Luminotecnia, Luz y Visi\u00f3n<\/em><\/strong> (preguntar ubicaci\u00f3n en el stand de la carrera Dise\u00f1o de iluminaci\u00f3n).<\/p>\n<p style=\"text-align: justify;\">16:00 hs: <strong><em>Laboratorio Planta Piloto<\/em><\/strong> (preguntar ubicaci\u00f3n en el stand de la carrera de Ing. Qu\u00edmica).<\/p>\n<p style=\"text-align: justify;\">17:00 hs: <strong><em>Laboratorio de V\u00edas de Comunicaci\u00f3n<\/em><\/strong>. Sector noreste del predio Centro Herrera (detr\u00e1s block 4), o bien, preguntar ubicaci\u00f3n en el stand de la carrera de Ing. Civil.<\/p>\n<p>17:00 hs: <strong><em>Laboratorio Planta Piloto<\/em><\/strong> (preguntar ubicaci\u00f3n en el stand de la carrera de Ing. Qu\u00edmica).<\/p>\n<p>&nbsp;<\/p>\n<h3 style=\"text-align: center;\"><span style=\"color: #3366ff;\"><strong>VIERNES 16 DE JUNIO<\/strong><\/span><\/h3>\n<h3 style=\"text-align: center;\"><strong>Charlas<\/strong><\/h3>\n<p style=\"text-align: center;\"><strong>TURNO MA\u00d1ANA<\/strong><\/p>\n<p style=\"text-align: justify;\">10:00 hs: <strong><em>Taller \"La elecci\u00f3n como un proceso para la construcci\u00f3n de un proyecto de vida<\/em><\/strong>\", a cargo de Prof. Mariana Madozzo y Psic. Ver\u00f3nica Lobos. Lugar: Sala de Audiovisuales, Block 3, 1er Piso.<\/p>\n<p style=\"text-align: justify;\">11:00 hs: <strong><em>Resoluci\u00f3n de Problemas en Inform\u00e1tica<\/em><\/strong>, a cargo del Ing. Dante Fern\u00e1ndez<\/p>\n<p style=\"text-align: justify;\">11:30 hs: <strong><em>\u00bfPor qu\u00e9 estudiar Ingenier\u00eda Mec\u00e1nica?.<\/em><\/strong>\u00a0Lugar: Sala de Audiovisuales, Block 3, 1er Piso.<\/p>\n<p>&nbsp;<\/p>\n<h3 style=\"text-align: center;\"><strong>Visitas guiadas a Talleres \/ Laboratorios \/ Institutos<\/strong><\/h3>\n<p style=\"text-align: center;\"><strong>TURNO MA\u00d1ANA<\/strong><\/p>\n<p style=\"text-align: justify;\">10:00 hs: <strong><em>Laboratorio de Estructuras<\/em><\/strong>. Sector noreste del predio Centro Herrera (detr\u00e1s block 4), o bien, preguntar ubicaci\u00f3n en el stand de la carrera de Ing. Civil.<\/p>\n<p style=\"text-align: justify;\">10:00 a 12:00 hs: <strong><em>Laboratorio de Luminotecnia, Luz y Visi\u00f3n<\/em><\/strong> (preguntar ubicaci\u00f3n en el stand de la carrera Dise\u00f1o de iluminaci\u00f3n).<\/p>\n<p style=\"text-align: justify;\">11:00 hs: <strong><em>Laboratorio Planta Piloto<\/em><\/strong> (preguntar ubicaci\u00f3n en el stand de la carrera de Ing. Qu\u00edmica).<\/p>\n<p style=\"text-align: justify;\">11:00 hs: <strong><em>Visita al Taller de Mec\u00e1nica<\/em><\/strong> (preguntar ubicaci\u00f3n en el stand de la carrera Ing. Mec\u00e1nica).<\/p>\n<p>12:00 hs: <strong><em>Laboratorio Planta Piloto<\/em><\/strong> (preguntar ubicaci\u00f3n en el stand de la carrera de Ing. Qu\u00edmica)<\/p>\n<p style=\"text-align: justify;\">12:00 hs: <strong><em>Laboratorio de Hidra\u00falica<\/em><\/strong>. Sector noreste del predio Centro Herrera (detr\u00e1s block 4), o bien, preguntar ubicaci\u00f3n en el stand de la carrera de Ing. Civil.<\/p>\n<\/div>\n<\/div><\/div><\/div><div id=\"pgc-2390-0-1\"  class=\"panel-grid-cell\" ><div id=\"panel-2390-0-1-0\" class=\"so-panel widget widget_black-studio-tinymce widget_black_studio_tinymce panel-first-child panel-last-child\" data-index=\"1\" ><div class=\"textwidget\"><p style=\"text-align: center;\"><strong>Auspiciantes de la Muestra<\/strong><\/p>\n<p><a href=\"http:\/\/www.scania.com.ar\/\" target=\"_blank\" rel=\"noopener\"><img class=\"wp-image-2473\" src=\"https:\/\/www.facet.unt.edu.ar\/sbe\/wp-content\/uploads\/sites\/77\/2023\/06\/LOGO-SCANIA.jpg\" alt=\"\" width=\"583\" height=\"302\" \/><\/a><\/p>\n<p>&nbsp;<\/p>\n<p><img class=\"aligncenter size-full wp-image-2474\" src=\"https:\/\/www.facet.unt.edu.ar\/sbe\/wp-content\/uploads\/sites\/77\/2023\/06\/LOGO-ELECTROMONTAJES-NOA.png\" alt=\"\" width=\"594\" height=\"220\" \/><\/p>\n<\/div><\/div><\/div><\/div><div id=\"pg-2390-1\"  class=\"panel-grid panel-no-style\" ><div id=\"pgc-2390-1-0\"  class=\"panel-grid-cell\" ><div id=\"panel-2390-1-0-0\" class=\"so-panel widget widget_media_video panel-first-child panel-last-child\" data-index=\"2\" ><div style=\"width:100%;\" class=\"wp-video\"><!--[if lt IE 9]><script>document.createElement('video');<\/script><![endif]-->\n<video class=\"wp-video-shortcode\" id=\"video-2390-1\" preload=\"metadata\" controls=\"controls\"><source type=\"video\/youtube\" src=\"https:\/\/youtu.be\/_N_KqUZJDls?_=1\" \/><a href=\"https:\/\/youtu.be\/_N_KqUZJDls\">https:\/\/youtu.be\/_N_KqUZJDls<\/a><\/video><\/div><\/div><\/div><div id=\"pgc-2390-1-1\"  class=\"panel-grid-cell\" ><div id=\"panel-2390-1-1-0\" class=\"so-panel widget widget_sow-editor panel-first-child panel-last-child\" data-index=\"3\" ><div\n\t\t\t\n\t\t\tclass=\"so-widget-sow-editor so-widget-sow-editor-base\"\n\t\t\t\n\t\t>\n<div class=\"siteorigin-widget-tinymce textwidget\">\n\t<p><iframe loading=\"lazy\" src=\"https:\/\/docs.google.com\/forms\/d\/e\/1FAIpQLSfErdzeb-Q9-Kt8IoBFQSC3vQIO-vuqM17o4PcDCLsUwnBXjQ\/viewform?embedded=true\" width=\"700\" height=\"320\" frameborder=\"0\" marginwidth=\"0\" marginheight=\"0\">Cargando\u2026<\/iframe><\/p>\n<\/div>\n<\/div><\/div><\/div><\/div><\/div>","protected":false},"excerpt":{"rendered":"<p>Del 14 al 16 de Junio, se desarrollar\u00e1 una nueva edici\u00f3n de la tradicional Muestra \u201cExactas para Todos\u201d,\u00a0en el Block 3, de la FACET, Centro Herrera, Av. Independencia N\u00b0 1800. Mi\u00e9rcoles 14 de junio: de 9 a 13 y de 14 a 18 hs Jueves 15 de junio: de 9 a 13 y de 14 [&hellip;]<\/p>\n","protected":false},"author":6,"featured_media":0,"parent":0,"menu_order":0,"comment_status":"closed","ping_status":"closed","template":"","meta":[],"_links":{"self":[{"href":"https:\/\/www.facet.unt.edu.ar\/sbe\/wp-json\/wp\/v2\/pages\/2390"}],"collection":[{"href":"https:\/\/www.facet.unt.edu.ar\/sbe\/wp-json\/wp\/v2\/pages"}],"about":[{"href":"https:\/\/www.facet.unt.edu.ar\/sbe\/wp-json\/wp\/v2\/types\/page"}],"author":[{"embeddable":true,"href":"https:\/\/www.facet.unt.edu.ar\/sbe\/wp-json\/wp\/v2\/users\/6"}],"replies":[{"embeddable":true,"href":"https:\/\/www.facet.unt.edu.ar\/sbe\/wp-json\/wp\/v2\/comments?post=2390"}],"version-history":[{"count":80,"href":"https:\/\/www.facet.unt.edu.ar\/sbe\/wp-json\/wp\/v2\/pages\/2390\/revisions"}],"predecessor-version":[{"id":2567,"href":"https:\/\/www.facet.unt.edu.ar\/sbe\/wp-json\/wp\/v2\/pages\/2390\/revisions\/2567"}],"wp:attachment":[{"href":"https:\/\/www.facet.unt.edu.ar\/sbe\/wp-json\/wp\/v2\/media?parent=2390"}],"curies":[{"name":"wp","href":"https:\/\/api.w.org\/{rel}","templated":true}]}}