{"id":2817,"date":"2023-09-19T11:57:25","date_gmt":"2023-09-19T14:57:25","guid":{"rendered":"https:\/\/www.facet.unt.edu.ar\/sbe\/?page_id=2817"},"modified":"2026-02-23T10:28:07","modified_gmt":"2026-02-23T13:28:07","slug":"documentos-y-resoluciones","status":"publish","type":"page","link":"https:\/\/www.facet.unt.edu.ar\/sbe\/documentos-y-resoluciones\/","title":{"rendered":"Documentos y Resoluciones"},"content":{"rendered":"<table style=\"border-collapse: collapse; width: 100%; height: 1045px;\" border=\"1\">\n<tbody>\n<tr style=\"height: 90px;\">\n<td style=\"width: 80.6653%; vertical-align: top; text-align: left; height: 90px;\">\n<h4><span style=\"color: #000000;\"><strong>Reglamento de Ingreso a la UNT para personas mayores de 25 a\u00f1os sin t\u00edtulo secundario &#8211; Res. Rectoral N\u00ba 1708\/2019<\/strong><\/span><\/h4>\n<\/td>\n<td style=\"width: 19.3347%; text-align: center; vertical-align: middle; height: 90px;\"><a href=\"https:\/\/www.facet.unt.edu.ar\/sbe\/wp-content\/uploads\/sites\/77\/2025\/02\/Res.-1.708-19-ingreso-personas-mayores-de-25-anos.pdf\" target=\"_blank\" rel=\"noopener\"><img decoding=\"async\" loading=\"lazy\" class=\"alignnone wp-image-9859\" src=\"https:\/\/www.facet.unt.edu.ar\/wp-content\/uploads\/2022\/09\/Imagen-PDF.png\" alt=\"\" width=\"57\" height=\"57\" \/><\/a><\/td>\n<\/tr>\n<tr style=\"height: 64px;\">\n<td style=\"width: 80.6653%; text-align: center; vertical-align: top; height: 64px;\">\n<h4 style=\"text-align: justify; line-height: 115%; background: white; margin: 0cm 0cm 6.0pt 0cm;\"><span style=\"color: #000000;\"><strong style=\"text-align: left; font-family: inherit; font-size: inherit;\">Reglamentaci\u00f3n Estudiantil Laboral &#8211; RES-FACET-DDAC- N\u00ba 4346\/2024<\/strong><\/span><\/h4>\n<\/td>\n<td style=\"width: 19.3347%; text-align: center; vertical-align: middle; height: 64px;\"><a href=\"https:\/\/www.facet.unt.edu.ar\/sbe\/wp-content\/uploads\/sites\/77\/2024\/08\/RES-FACET-DDAC-4346-2024-REGLAMENTACION-ESTUDIANTIL-LABORAL.pdf\" target=\"_blank\" rel=\"noopener\"><img decoding=\"async\" loading=\"lazy\" class=\"alignnone wp-image-9859\" src=\"https:\/\/www.facet.unt.edu.ar\/wp-content\/uploads\/2022\/09\/Imagen-PDF.png\" alt=\"\" width=\"57\" height=\"57\" \/><\/a><\/td>\n<\/tr>\n<tr style=\"height: 66px;\">\n<td style=\"width: 80.6653%; text-align: center; vertical-align: top; height: 66px;\">\n<h4 style=\"text-align: left;\"><span style=\"color: #000000;\"><strong>Licencias Estudiantiles &#8211; Res. Rectoral N\u00ba 545\/2020\u00a0<\/strong><\/span><\/h4>\n<\/td>\n<td style=\"width: 19.3347%; text-align: center; vertical-align: middle; height: 66px;\"><a href=\"https:\/\/www.facet.unt.edu.ar\/wp-content\/uploads\/2022\/10\/LICENCIAS-ESTUDIANTILES-2020-11-25.pdf\" target=\"_blank\" rel=\"noopener\"><img decoding=\"async\" loading=\"lazy\" class=\"alignnone wp-image-9859\" src=\"https:\/\/www.facet.unt.edu.ar\/wp-content\/uploads\/2022\/09\/Imagen-PDF.png\" alt=\"\" width=\"57\" height=\"57\" \/><\/a><\/td>\n<\/tr>\n<tr style=\"height: 66px;\">\n<td style=\"width: 80.6653%; text-align: center; vertical-align: top; height: 66px;\">\n<h4 style=\"text-align: left;\"><span style=\"color: #000000;\"><strong>Licencias Estudiantiles &#8211; Res. FACET N\u00ba 255\/2023<\/strong><\/span><\/h4>\n<\/td>\n<td style=\"width: 19.3347%; text-align: center; vertical-align: middle; height: 66px;\"><a href=\"https:\/\/www.facet.unt.edu.ar\/sbe\/wp-content\/uploads\/sites\/77\/2023\/09\/licencia-estudiantil-facet.pdf\" target=\"_blank\" rel=\"noopener\"><img decoding=\"async\" loading=\"lazy\" class=\"alignnone wp-image-9859\" src=\"https:\/\/www.facet.unt.edu.ar\/wp-content\/uploads\/2022\/09\/Imagen-PDF.png\" alt=\"\" width=\"57\" height=\"57\" \/><\/a><\/td>\n<\/tr>\n<tr style=\"height: 90px;\">\n<td style=\"width: 80.6653%; text-align: center; vertical-align: top; height: 90px;\">\n<h4 style=\"text-align: left;\"><span style=\"color: #000000;\"><strong>Aprobaci\u00f3n procedimiento de inscripci\u00f3n a Mesas Especiales &#8211; Res. FACET N\u00ba 1195\/2022<\/strong><\/span><\/h4>\n<\/td>\n<td style=\"width: 19.3347%; text-align: center; vertical-align: middle; height: 90px;\"><a href=\"https:\/\/www.facet.unt.edu.ar\/wp-content\/uploads\/2022\/10\/Res_1195_22-baja-de-la-Resolucion-N\u00b0-706-2022.pdf\" target=\"_blank\" rel=\"noopener\"><img decoding=\"async\" loading=\"lazy\" class=\"alignnone wp-image-9859\" src=\"https:\/\/www.facet.unt.edu.ar\/wp-content\/uploads\/2022\/09\/Imagen-PDF.png\" alt=\"\" width=\"57\" height=\"57\" \/><\/a><\/td>\n<\/tr>\n<tr style=\"height: 66px;\">\n<td style=\"width: 80.6653%; text-align: center; vertical-align: top; height: 66px;\">\n<h4 style=\"text-align: left;\"><span style=\"color: #000000;\"><strong>Concurso para Ayudantes Estudiantiles &#8211; Res. N\u00ba 0995\/2022<\/strong><\/span><\/h4>\n<\/td>\n<td style=\"width: 19.3347%; text-align: center; vertical-align: middle; height: 66px;\"><a href=\"https:\/\/www.facet.unt.edu.ar\/wp-content\/uploads\/2022\/09\/Res_0995_22_AyudantesEstudiantiles.pdf\" target=\"_blank\" rel=\"noopener\"><img decoding=\"async\" loading=\"lazy\" class=\"alignnone wp-image-9859\" src=\"https:\/\/www.facet.unt.edu.ar\/wp-content\/uploads\/2022\/09\/Imagen-PDF.png\" alt=\"\" width=\"57\" height=\"57\" \/><\/a><\/td>\n<\/tr>\n<tr style=\"height: 66px;\">\n<td style=\"width: 80.6653%; text-align: center; vertical-align: top; height: 66px;\">\n<h4 style=\"text-align: left;\"><span style=\"color: #000000;\"><strong>Documentaci\u00f3n para Designaci\u00f3n &#8211; Res. Dec N\u00b0 1105\/2013<\/strong><\/span><\/h4>\n<\/td>\n<td style=\"width: 19.3347%; text-align: center; vertical-align: middle; height: 66px;\"><a href=\"https:\/\/www.facet.unt.edu.ar\/wp-content\/uploads\/2022\/10\/Res_Dec_1105-2013_Documentacion.pdf\" target=\"_blank\" rel=\"noopener\"><img decoding=\"async\" loading=\"lazy\" class=\"alignnone wp-image-9859\" src=\"https:\/\/www.facet.unt.edu.ar\/wp-content\/uploads\/2022\/09\/Imagen-PDF.png\" alt=\"\" width=\"57\" height=\"57\" \/><\/a><\/td>\n<\/tr>\n<tr style=\"height: 66px;\">\n<td style=\"width: 80.6653%; text-align: center; vertical-align: top; height: 66px;\">\n<h4 style=\"text-align: left;\"><span style=\"color: #000000;\"><strong>Concursos Cargos Interinos &#8211; Res. N\u00b0 544\/2005<\/strong><\/span><\/h4>\n<\/td>\n<td style=\"width: 19.3347%; text-align: center; vertical-align: middle; height: 66px;\"><a href=\"https:\/\/www.facet.unt.edu.ar\/wp-content\/uploads\/2022\/10\/Res_CD_544-2005_ConcursosCargosInterinos.pdf\" target=\"_blank\" rel=\"noopener\"><img decoding=\"async\" loading=\"lazy\" class=\"alignnone wp-image-9859\" src=\"https:\/\/www.facet.unt.edu.ar\/wp-content\/uploads\/2022\/09\/Imagen-PDF.png\" alt=\"\" width=\"57\" height=\"57\" \/><\/a><\/td>\n<\/tr>\n<tr style=\"height: 66px;\">\n<td style=\"width: 80.6653%; text-align: center; vertical-align: top; height: 66px;\">\n<h4 style=\"text-align: left;\"><span style=\"color: #000000;\"><strong>Modificatoria N-5 a N-6 &#8211; Resoluci\u00f3n\u00a0\u00a0FACET N\u00ba 640\/2023<\/strong><\/span><\/h4>\n<\/td>\n<td style=\"width: 19.3347%; text-align: center; vertical-align: middle; height: 66px;\"><a href=\"https:\/\/www.facet.unt.edu.ar\/sbe\/wp-content\/uploads\/sites\/77\/2023\/09\/Res_FACET_DDAC_640-2023.pdf\" target=\"_blank\" rel=\"noopener\"><img decoding=\"async\" loading=\"lazy\" class=\"alignnone wp-image-9859\" src=\"https:\/\/www.facet.unt.edu.ar\/wp-content\/uploads\/2022\/09\/Imagen-PDF.png\" alt=\"\" width=\"57\" height=\"57\" \/><\/a><\/td>\n<\/tr>\n<tr>\n<td style=\"width: 80.6653%; vertical-align: top; text-align: left;\">\n<h4><span style=\"color: #000000;\"><strong>Plan de Transici\u00f3n FACET que regir\u00e1 entre la Reglamentaci\u00f3n actual y la nueva Reglamentaci\u00f3n Interna de las Actividades Acad\u00e9micas de Pregrado y Grado aprobada por RES-FACET-DDAC-<span class=\"il\">2845\/2023<\/span><\/strong><\/span><\/h4>\n<\/td>\n<td style=\"width: 19.3347%; text-align: center; vertical-align: middle;\"><a href=\"https:\/\/www.facet.unt.edu.ar\/sbe\/wp-content\/uploads\/sites\/77\/2025\/08\/2_10-11-2023_Resolucion_RES_FACET__DDAC_2845_2023.pdf\" target=\"_blank\" rel=\"noopener\"><img decoding=\"async\" loading=\"lazy\" class=\"alignnone wp-image-9859\" src=\"https:\/\/www.facet.unt.edu.ar\/wp-content\/uploads\/2022\/09\/Imagen-PDF.png\" alt=\"\" width=\"57\" height=\"57\" \/><\/a><\/td>\n<\/tr>\n<tr style=\"height: 135px;\">\n<td style=\"width: 80.6653%; text-align: center; vertical-align: top; height: 135px;\">\n<h4 style=\"text-align: left;\"><span style=\"color: #000000;\"><b>Plan de Transici\u00f3n de la Reglamentaci\u00f3n Interna de las Actividades Acad\u00e9micas de Pregrado y Grado (FACET) aprobada por RES &#8211; FACET &#8211; DDAC &#8211; 5758 \/ 2024<\/b><strong>\u00a0<\/strong><\/span><\/h4>\n<h4 style=\"text-align: left;\"><strong>\u00a0<\/strong><\/h4>\n<\/td>\n<td style=\"width: 19.3347%; text-align: center; vertical-align: middle; height: 135px;\">\n<h4><a href=\"https:\/\/www.facet.unt.edu.ar\/wp-content\/uploads\/2024\/07\/Reglamento_Funcionamiento_Academico_y_Plan_Transicion_Res_5758-2024-1.pdf\" target=\"_blank\" rel=\"noopener\"><img decoding=\"async\" loading=\"lazy\" class=\"alignnone wp-image-9859\" src=\"https:\/\/www.facet.unt.edu.ar\/wp-content\/uploads\/2022\/09\/Imagen-PDF.png\" alt=\"\" width=\"57\" height=\"57\" \/><\/a><\/h4>\n<\/td>\n<\/tr>\n<tr style=\"height: 135px;\">\n<td style=\"width: 80.6653%; text-align: center; vertical-align: top; height: 135px;\">\n<h4 style=\"text-align: left;\"><span style=\"color: #000000;\"><b>Mesas de Ex\u00e1menes<br \/>\nLibres durante los meses de Marzo, Mayo, Julio, Septiembre, y Octubre, aprobada por RES &#8211; FACET &#8211; DDAC &#8211; 12641 \/ 2024<\/b><strong>\u00a0<\/strong><\/span><\/h4>\n<h4 style=\"text-align: left;\"><strong>\u00a0<\/strong><\/h4>\n<\/td>\n<td style=\"width: 19.3347%; text-align: center; vertical-align: middle; height: 135px;\">\n<h4><a href=\"https:\/\/www.facet.unt.edu.ar\/sbe\/wp-content\/uploads\/sites\/77\/2025\/02\/RES-FACET-DDAC-12641-2024.pdf\" target=\"_blank\" rel=\"noopener\"><img decoding=\"async\" loading=\"lazy\" class=\"alignnone wp-image-9859\" src=\"https:\/\/www.facet.unt.edu.ar\/wp-content\/uploads\/2022\/09\/Imagen-PDF.png\" alt=\"\" width=\"57\" height=\"57\" \/><\/a><\/h4>\n<\/td>\n<\/tr>\n<\/tbody>\n<\/table>\n","protected":false},"excerpt":{"rendered":"<p>Reglamento de Ingreso a la UNT para personas mayores de 25 a\u00f1os sin t\u00edtulo secundario &#8211; Res. Rectoral N\u00ba 1708\/2019 Reglamentaci\u00f3n Estudiantil Laboral &#8211; RES-FACET-DDAC- N\u00ba 4346\/2024 Licencias Estudiantiles &#8211; Res. Rectoral N\u00ba 545\/2020\u00a0 Licencias Estudiantiles &#8211; Res. FACET N\u00ba 255\/2023 Aprobaci\u00f3n procedimiento de inscripci\u00f3n a Mesas Especiales &#8211; Res. FACET N\u00ba 1195\/2022 Concurso para [&hellip;]<\/p>\n","protected":false},"author":6,"featured_media":0,"parent":0,"menu_order":0,"comment_status":"closed","ping_status":"closed","template":"","meta":[],"_links":{"self":[{"href":"https:\/\/www.facet.unt.edu.ar\/sbe\/wp-json\/wp\/v2\/pages\/2817"}],"collection":[{"href":"https:\/\/www.facet.unt.edu.ar\/sbe\/wp-json\/wp\/v2\/pages"}],"about":[{"href":"https:\/\/www.facet.unt.edu.ar\/sbe\/wp-json\/wp\/v2\/types\/page"}],"author":[{"embeddable":true,"href":"https:\/\/www.facet.unt.edu.ar\/sbe\/wp-json\/wp\/v2\/users\/6"}],"replies":[{"embeddable":true,"href":"https:\/\/www.facet.unt.edu.ar\/sbe\/wp-json\/wp\/v2\/comments?post=2817"}],"version-history":[{"count":33,"href":"https:\/\/www.facet.unt.edu.ar\/sbe\/wp-json\/wp\/v2\/pages\/2817\/revisions"}],"predecessor-version":[{"id":4950,"href":"https:\/\/www.facet.unt.edu.ar\/sbe\/wp-json\/wp\/v2\/pages\/2817\/revisions\/4950"}],"wp:attachment":[{"href":"https:\/\/www.facet.unt.edu.ar\/sbe\/wp-json\/wp\/v2\/media?parent=2817"}],"curies":[{"name":"wp","href":"https:\/\/api.w.org\/{rel}","templated":true}]}}