{"id":3065,"date":"2023-12-27T13:46:07","date_gmt":"2023-12-27T16:46:07","guid":{"rendered":"https:\/\/www.facet.unt.edu.ar\/sbe\/?page_id=3065"},"modified":"2024-02-27T13:50:31","modified_gmt":"2024-02-27T16:50:31","slug":"ingresantes-2024","status":"publish","type":"page","link":"https:\/\/www.facet.unt.edu.ar\/sbe\/ingresantes-2024\/","title":{"rendered":"Ingresantes 2024"},"content":{"rendered":"<div class=\"x11i5rnm xat24cr x1mh8g0r x1vvkbs xtlvy1s x126k92a\">\n<h3 dir=\"auto\" style=\"text-align: justify;\"><strong>Pre-inscripci\u00f3n SIU Guaran\u00ed y Presentaci\u00f3n de Documentaci\u00f3n &#8211; Online<\/strong><\/h3>\n<div dir=\"auto\" style=\"text-align: justify;\"><span style=\"text-align: justify;\">Si ya has superado la \u201cNivelaci\u00f3n en Matem\u00e1tica\u201d en cualquiera de sus instancias del Ingreso (cursos o pruebas de suficiencia), o bien, eres egresado de una Escuela Experimental de la UNT, te informamos que <\/span>la<strong style=\"text-align: justify;\"> fecha de pre-inscripci\u00f3n y presentaci\u00f3n de la documentaci\u00f3n<\/strong><span style=\"text-align: justify;\">, para ingresar a la Facultad de Ciencias Exactas y Tecnolog\u00eda de la UNT e inscribirse en la carrera deseada, se encuentra abierta del <strong>11\/12\/2023 al 17\/03\/2024<\/strong><\/span><span style=\"text-align: justify;\">.<\/span><\/div>\n<div dir=\"auto\" style=\"text-align: justify;\">\n<p>&nbsp;<\/p>\n<p>Los pasos que debes realizar son los siguientes:<\/p>\n<\/div>\n<\/div>\n<div class=\"x11i5rnm xat24cr x1mh8g0r x1vvkbs xtlvy1s x126k92a\">\n<ol>\n<li dir=\"auto\" style=\"text-align: justify;\"><strong>Pre-inscribirte en el sistema SIU Guaran\u00ed<\/strong> ingresando al siguiente link: <a class=\"x1i10hfl xjbqb8w x6umtig x1b1mbwd xaqea5y xav7gou x9f619 x1ypdohk xt0psk2 xe8uvvx xdj266r x11i5rnm xat24cr x1mh8g0r xexx8yu x4uap5 x18d9i69 xkhd6sd x16tdsg8 x1hl2dhg xggy1nq x1a2a7pz xt0b8zv x1fey0fg\" tabindex=\"0\" role=\"link\" href=\"https:\/\/l.facebook.com\/l.php?u=https%3A%2F%2Fguarani.unt.edu.ar%2Fpreinscripciones%2Ffacet%3Ffbclid%3DIwAR3kvXtkJ_oTNnUdL01rrCvvvJIdWMgg4pqvXyew8zxzVlozEBfqpr37kI0&amp;h=AT30eqkN_a814Sf7kebHwdbu9vc6m44AvhaN8JeeE09tc93ghC9dmx7rRtKqsn9Z1JKR6WKF4pAOilpVIIaH2hJphY6gOYOWFuDQYVitTT4aBoin1z6JBnzNFSUXbg5B&amp;__tn__=-UK-R&amp;c[0]=AT3tMWgZzHcibbh_mHtSx8-xbYMftnWaAmprvncgIUrN6YR6liiIGewmAcF2Vc8r6kePETrfCNSIrHw0a2izWuhT_jcIlOHOx0H5GWEMlSD-XchH2P2mq-UZ1uJx0D-vI2YuVVc1gFHD6kpyFJGkvAfCBQqx9yRs5njCPcrH1H-hhxatKpNBcm--nRXrYE0cB0HuEyJby2n3\" target=\"_blank\" rel=\"nofollow noopener\">https:\/\/guarani.unt.edu.ar\/preinscripciones\/facet<\/a> <strong>(*)<\/strong><\/li>\n<li dir=\"auto\"><strong style=\"text-align: justify;\">Pagar Inscripci\u00f3n a la Carrera<\/strong><span style=\"text-align: justify;\">: $2.000 en<strong style=\"text-align: justify;\"> Tesorer\u00eda <\/strong>(block 3, PB, de lunes a viernes, de 9 a 12 hs). Solamente en efectivo.<\/span><\/li>\n<li dir=\"auto\"><strong style=\"text-align: justify;\">Presentar la Documentaci\u00f3n<\/strong><span style=\"text-align: justify;\"> que se menciona abajo, de manera virtual, a trav\u00e9s del siguiente formulario: <\/span><a class=\"x1i10hfl xjbqb8w x6umtig x1b1mbwd xaqea5y xav7gou x9f619 x1ypdohk xt0psk2 xe8uvvx xdj266r x11i5rnm xat24cr x1mh8g0r xexx8yu x4uap5 x18d9i69 xkhd6sd x16tdsg8 x1hl2dhg xggy1nq x1a2a7pz xt0b8zv x1fey0fg\" style=\"text-align: justify;\" tabindex=\"0\" role=\"link\" href=\"https:\/\/forms.gle\/tFXGzbjSfHRjiP1G9\" target=\"_blank\" rel=\"nofollow noopener\">https:\/\/forms.gle\/tFXGzbjSfHRjiP1G9<\/a><\/li>\n<\/ol>\n<blockquote>\n<div dir=\"auto\" style=\"text-align: justify;\">a) Ficha de pre-inscripci\u00f3n (*)<\/div>\n<div dir=\"auto\" style=\"text-align: justify;\">b) Comprobante de Pago de Inscripci\u00f3n (**)<\/div>\n<div dir=\"auto\" style=\"text-align: justify;\">c) DNI (escaneado de ambos lados)<\/div>\n<div dir=\"auto\" style=\"text-align: justify;\">d) Acta de Nacimiento Legalizada y Actualizada<\/div>\n<div dir=\"auto\" style=\"text-align: justify;\">e) Certificado Anal\u00edtico de Estudios Secundarios \u00f3 Constancia que acredite que su T\u00edtulo est\u00e1 en tr\u00e1mite y que no adeuda materias.<\/div>\n<div dir=\"auto\" style=\"text-align: justify;\">f) Foto (3\/4 perfil derecho)<\/div>\n<\/blockquote>\n<div dir=\"auto\" style=\"text-align: justify;\">\n<div class=\"x11i5rnm xat24cr x1mh8g0r x1vvkbs xtlvy1s x126k92a\" style=\"text-align: justify;\"><\/div>\n<\/div>\n<\/div>\n","protected":false},"excerpt":{"rendered":"<p>Pre-inscripci\u00f3n SIU Guaran\u00ed y Presentaci\u00f3n de Documentaci\u00f3n &#8211; Online Si ya has superado la \u201cNivelaci\u00f3n en Matem\u00e1tica\u201d en cualquiera de sus instancias del Ingreso (cursos o pruebas de suficiencia), o bien, eres egresado de una Escuela Experimental de la UNT, te informamos que la fecha de pre-inscripci\u00f3n y presentaci\u00f3n de la documentaci\u00f3n, para ingresar a [&hellip;]<\/p>\n","protected":false},"author":6,"featured_media":0,"parent":0,"menu_order":0,"comment_status":"closed","ping_status":"closed","template":"","meta":[],"_links":{"self":[{"href":"https:\/\/www.facet.unt.edu.ar\/sbe\/wp-json\/wp\/v2\/pages\/3065"}],"collection":[{"href":"https:\/\/www.facet.unt.edu.ar\/sbe\/wp-json\/wp\/v2\/pages"}],"about":[{"href":"https:\/\/www.facet.unt.edu.ar\/sbe\/wp-json\/wp\/v2\/types\/page"}],"author":[{"embeddable":true,"href":"https:\/\/www.facet.unt.edu.ar\/sbe\/wp-json\/wp\/v2\/users\/6"}],"replies":[{"embeddable":true,"href":"https:\/\/www.facet.unt.edu.ar\/sbe\/wp-json\/wp\/v2\/comments?post=3065"}],"version-history":[{"count":4,"href":"https:\/\/www.facet.unt.edu.ar\/sbe\/wp-json\/wp\/v2\/pages\/3065\/revisions"}],"predecessor-version":[{"id":3070,"href":"https:\/\/www.facet.unt.edu.ar\/sbe\/wp-json\/wp\/v2\/pages\/3065\/revisions\/3070"}],"wp:attachment":[{"href":"https:\/\/www.facet.unt.edu.ar\/sbe\/wp-json\/wp\/v2\/media?parent=3065"}],"curies":[{"name":"wp","href":"https:\/\/api.w.org\/{rel}","templated":true}]}}