{"id":3156,"date":"2024-04-16T12:37:11","date_gmt":"2024-04-16T15:37:11","guid":{"rendered":"https:\/\/www.facet.unt.edu.ar\/sbe\/?page_id=3156"},"modified":"2025-12-03T09:28:22","modified_gmt":"2025-12-03T12:28:22","slug":"convenios-vigentes-con-empresas-e-instituciones","status":"publish","type":"page","link":"https:\/\/www.facet.unt.edu.ar\/sbe\/convenios-vigentes-con-empresas-e-instituciones\/","title":{"rendered":"Convenios vigentes con Empresas e Instituciones"},"content":{"rendered":"<div id=\"pl-3156\"  class=\"panel-layout\" ><div id=\"pg-3156-0\"  class=\"panel-grid panel-no-style\" ><div id=\"pgc-3156-0-0\"  class=\"panel-grid-cell\" ><div id=\"panel-3156-0-0-0\" class=\"so-panel widget widget_sow-editor panel-first-child panel-last-child\" data-index=\"0\" ><div\n\t\t\t\n\t\t\tclass=\"so-widget-sow-editor so-widget-sow-editor-base\"\n\t\t\t\n\t\t>\n<div class=\"siteorigin-widget-tinymce textwidget\">\n\t<ul>\n<li>ABB TUCUM\u00c1N<\/li>\n<li>AEROPUERTOS ARGENTINA<\/li>\n<li>AGUAS DEL TUCUM\u00c1N<\/li>\n<li>AGRO ALIANZA<\/li>\n<li>ALBIERO S.R.L.<\/li>\n<li>ALUMBRA S.R.L.<\/li>\n<li>ARBOLAR CITRUS S.A.<\/li>\n<li>ARCOR<\/li>\n<li>ARGENTI LEMON S.A.<\/li>\n<li>AR\u00c9VALO SRL<\/li>\n<li>AUSTIN POWDER<\/li>\n<li>AUTINO HIERROS S.R.L.<\/li>\n<li>AZLEPI S.R.L. (LINK)<\/li>\n<li>BATCON S.R.L.<\/li>\n<li>BERCOVICH<\/li>\n<li>BUDEGUER<\/li>\n<li>CALSA S.A<\/li>\n<li>CB DESIGN S.A.<\/li>\n<li>CEMYA ARGENTINA<\/li>\n<li>CER\u00c1MICA MARCOS PAZ<\/li>\n<li>CERVECER\u00cdA QUILMES<\/li>\n<li>CERROS TUCUMANOS<\/li>\n<li>CIIDEPT - Centro de Innovaci\u00f3n e Investigaci\u00f3n para el Desarrollo Educativo, Productivo y Tecnol\u00f3gico<\/li>\n<li>CITROMAX<\/li>\n<li>COFARAL<\/li>\n<li>CONCISA SRL<\/li>\n<li>CONTROL ANDINA S.A.S.<\/li>\n<li>CONSTRUCTORA ING. MARCELO HOPRACIO ZARIF<\/li>\n<li>DEL ZAPLA S.R.L.<\/li>\n<li>DIRECCI\u00d3N ESTAD\u00cdSTICA DE LA PROVINCIA DE TUCUM\u00c1N<\/li>\n<li>DIRECCI\u00d3N GENERAL DE CATASTRO<\/li>\n<li>DJV S.R.L. (provincia Salta)<\/li>\n<li>DROGUER\u00cdA PHARMA CENTER S.R.L<\/li>\n<li>DYCASA S.A.<\/li>\n<li>DULKY<\/li>\n<li>EDET S.A.<\/li>\n<li>EJESA<\/li>\n<li>EL CARMEN S.A.<\/li>\n<li>Electromontajes NOA (Jujuy)<\/li>\n<li>EMC ARAS SRL<\/li>\n<li>ENTROPY LABS<\/li>\n<li>ERSEPT<\/li>\n<li>ESTUDIO RAFAEL BLANCA Y ASOCIADOS S.A.S.<\/li>\n<li>FERTIL<\/li>\n<li>FLOR DEL NORTE<\/li>\n<li>GEMSA Automotores S.A.<\/li>\n<li>GLOBANT TUCUM\u00c1N<\/li>\n<li>GRUPO BUDEGUER<\/li>\n<li>GRUPO CARGO<\/li>\n<li>GRUPO SIT<\/li>\n<li>IBACO<\/li>\n<li>IMERYS<\/li>\n<li>INSTITUTO DE ESTUDIOS SUPERIORES SANTA MAR\u00cdA<\/li>\n<li>ISI S.R.L. - INSUMOS Y SERVICIOS INDUSTRIALES S.R.L<\/li>\n<li>IPAAT - Instituto de Promoci\u00f3n del Az\u00facar y Alcohol de Tucum\u00e1n<\/li>\n<li>IPSST - Instituto de Previsi\u00f3n y Seguridad Social de Tucum\u00e1n<\/li>\n<li>Jos\u00e9 Minetti y C\u00eda. Ltda. SACI<\/li>\n<li>JOS\u00c9 V. PAOLETTI &amp; CIA.<\/li>\n<li>JUGOS CITRIC<\/li>\n<li>KAYAK Y TREKKING<\/li>\n<li>KINETIC<\/li>\n<li>LA GACETA<\/li>\n<li>LA MARIPOSA S.A.<\/li>\n<li>LA PANERITA<\/li>\n<li>LAPCON S.A.S<\/li>\n<li>LEDESMA<\/li>\n<li>LOS BALCANES<\/li>\n<li>MARKET ONE<\/li>\n<li>MADERPLACK<\/li>\n<li>MINISTERIO DE DESARROLLO PRODUCTIVO<\/li>\n<li>MINISTERIO DE EDUCACI\u00d3N<\/li>\n<li>MOTO SAENZ PE\u00d1A - MSP<\/li>\n<li>MUNDO DE BEBIDAS S.R.L.<\/li>\n<li>MUNICIPALIDAD DE TAF\u00cd VIEJO<\/li>\n<li>MUNICIPALIDAD DE TRANCAS<\/li>\n<li>MUNICIPALIDAD DE SIMOCA<\/li>\n<li>MUNICIPALIDAD DE YERBA BUENA<\/li>\n<li>NOANET S.A.<\/li>\n<li>OSCAR BARBIERI<\/li>\n<li>OSYM SRL<\/li>\n<li>PAPELERA TUCUM\u00c1N<\/li>\n<li>PAUND SRL<\/li>\n<li>PRAGMASOFT<\/li>\n<li>PROVIDERS<\/li>\n<li>Proyectar Ingenier\u00eda S.A.S<\/li>\n<li>REFINOR<\/li>\n<li>REINGENIO RGN S.A.S<\/li>\n<li>RIVOLI S.A.<\/li>\n<li>ROMBO DESARROLLOS INMOBILIARIOS S.A.S.<\/li>\n<li>ROMEVA TRANSPORTE Y LOG\u00cdSTICA<\/li>\n<li>ROLCAR S.A.<\/li>\n<li>S.A. VERACRUZ<\/li>\n<li>SAN MIGUEL<\/li>\n<li>SANTISTA<\/li>\n<li>SAXUM<\/li>\n<li>SALTA REFRESCOS S.A.<\/li>\n<li>SCANIA ARGENTINA<\/li>\n<li>SECRETAR\u00cdA DE ESTADO DE GESTI\u00d3N P\u00daBLICA Y PLANEAMIENTO<\/li>\n<li>SEGUMAK<\/li>\n<li>SERMETAL SRL<\/li>\n<li>SIEMPRE VERDE<\/li>\n<li>SIPROSA<\/li>\n<li>SOCIEDAD DANTE ALIGHIERI<\/li>\n<li>SYLICE S.A.S<\/li>\n<li>SUNDAY S.R.L.<\/li>\n<li>TALLER COQUITO SRL<\/li>\n<li>TRAPANI<\/li>\n<li>TECOTEX<\/li>\n<li>TECHINT<\/li>\n<li>TIERRA DE AR\u00c1NDANOS S.R.L.<\/li>\n<li>TRANSNOA S.A.<\/li>\n<li>TUCUM\u00c1N VIDEOJUEGOS COPERATIVA<\/li>\n<li>UNIBER<\/li>\n<li>VIDRIAL SRL<\/li>\n<li>VIRTUAL<\/li>\n<li>VORTEX<\/li>\n<li>WCL<\/li>\n<li>XIBEI SRL<\/li>\n<li>YPF<\/li>\n<li>YUHMAK SA<\/li>\n<li>ZAFRA S.A.<\/li>\n<\/ul>\n<p style=\"text-align: justify;\">Si quer\u00e9s saber m\u00e1s o no encontr\u00e1s tu empresa o instituci\u00f3n, contactarse con: <a href=\"mailto:sbe.facet@herrera.unt.edu.ar\" target=\"_blank\" rel=\"noopener\">sbe.facet@herrera.unt.edu.ar<\/a><\/p>\n<\/div>\n<\/div><\/div><\/div><\/div><\/div>","protected":false},"excerpt":{"rendered":"<p>ABB TUCUM\u00c1N AEROPUERTOS ARGENTINA AGUAS DEL TUCUM\u00c1N AGRO ALIANZA ALBIERO S.R.L. ALUMBRA S.R.L. ARBOLAR CITRUS S.A. ARCOR ARGENTI LEMON S.A. AR\u00c9VALO SRL AUSTIN POWDER AUTINO HIERROS S.R.L. AZLEPI S.R.L. (LINK) BATCON S.R.L. BERCOVICH BUDEGUER CALSA S.A CB DESIGN S.A. CEMYA ARGENTINA CER\u00c1MICA MARCOS PAZ CERVECER\u00cdA QUILMES CERROS TUCUMANOS CIIDEPT &#8211; Centro de Innovaci\u00f3n e Investigaci\u00f3n [&hellip;]<\/p>\n","protected":false},"author":6,"featured_media":0,"parent":0,"menu_order":0,"comment_status":"closed","ping_status":"closed","template":"","meta":[],"_links":{"self":[{"href":"https:\/\/www.facet.unt.edu.ar\/sbe\/wp-json\/wp\/v2\/pages\/3156"}],"collection":[{"href":"https:\/\/www.facet.unt.edu.ar\/sbe\/wp-json\/wp\/v2\/pages"}],"about":[{"href":"https:\/\/www.facet.unt.edu.ar\/sbe\/wp-json\/wp\/v2\/types\/page"}],"author":[{"embeddable":true,"href":"https:\/\/www.facet.unt.edu.ar\/sbe\/wp-json\/wp\/v2\/users\/6"}],"replies":[{"embeddable":true,"href":"https:\/\/www.facet.unt.edu.ar\/sbe\/wp-json\/wp\/v2\/comments?post=3156"}],"version-history":[{"count":31,"href":"https:\/\/www.facet.unt.edu.ar\/sbe\/wp-json\/wp\/v2\/pages\/3156\/revisions"}],"predecessor-version":[{"id":4895,"href":"https:\/\/www.facet.unt.edu.ar\/sbe\/wp-json\/wp\/v2\/pages\/3156\/revisions\/4895"}],"wp:attachment":[{"href":"https:\/\/www.facet.unt.edu.ar\/sbe\/wp-json\/wp\/v2\/media?parent=3156"}],"curies":[{"name":"wp","href":"https:\/\/api.w.org\/{rel}","templated":true}]}}