{"id":3178,"date":"2024-04-29T11:07:31","date_gmt":"2024-04-29T14:07:31","guid":{"rendered":"https:\/\/www.facet.unt.edu.ar\/sbe\/?page_id=3178"},"modified":"2024-11-25T11:48:50","modified_gmt":"2024-11-25T14:48:50","slug":"muestra-exactas-para-todos-2024","status":"publish","type":"page","link":"https:\/\/www.facet.unt.edu.ar\/sbe\/muestra-exactas-para-todos-2024\/","title":{"rendered":"Muestra \u201cExactas para Todos 2024\u201d"},"content":{"rendered":"<div id=\"pl-3178\"  class=\"panel-layout\" ><div id=\"pg-3178-0\"  class=\"panel-grid panel-no-style\" ><div id=\"pgc-3178-0-0\"  class=\"panel-grid-cell\" ><div id=\"panel-3178-0-0-0\" class=\"so-panel widget widget_sow-editor panel-first-child\" data-index=\"0\" ><div\n\t\t\t\n\t\t\tclass=\"so-widget-sow-editor so-widget-sow-editor-base\"\n\t\t\t\n\t\t>\n<div class=\"siteorigin-widget-tinymce textwidget\">\n\t<p style=\"text-align: justify;\">Del <strong>12 al 14 de Junio<\/strong> se desarroll\u00f3 una nueva edici\u00f3n de la tradicional Muestra de la oferta acad\u00e9mica \u201cExactas para Todos\u201d<strong>,<\/strong> en instalaciones de la FACET, Centro Herrera, Av. Independencia N\u00b0 1800.<\/p>\n<p style=\"text-align: justify;\">El prop\u00f3sito central de \u00e9ste evento, que se lleva a cabo hace 26 a\u00f1os, es dar a conocer a los futuros ingresantes la <a href=\"https:\/\/www.facet.unt.edu.ar\/sbe\/oferta-academica-facet\/\" target=\"_blank\" rel=\"noopener\"><strong>Oferta Acad\u00e9mica<\/strong><\/a>\u00a0que nuestra Facultad dispone, como as\u00ed tambi\u00e9n propiciar la vinculaci\u00f3n entre \u00e9sta y el sector empresarial.<\/p>\n<p style=\"text-align: justify;\">El\u00a0<strong>evento<\/strong>,\u00a0<strong>libre y gratuito<\/strong>, est\u00e1 destinado a estudiantes de los \u00faltimos a\u00f1os del nivel secundario, j\u00f3venes, profesionales y p\u00fablico en general.<\/p>\n<p style=\"text-align: justify;\">Las 20 carreras que se dictan en nuestra facultad estuvieron representadas por stands, p\u00f3sters gr\u00e1ficos, muestras experimentales, equipos en funcionamientos, etc. Los encargados de recibir a los visitantes fueron docentes y estudiantes avanzados de las carreras, quienes dieron a conocer caracter\u00edsticas destacadas,tales como: duraci\u00f3n, modalidad del cursado, cantidad de asignaturas, incumbencias profesionales, inserci\u00f3n laboral, perfil del egresado, etc.<\/p>\n<p>En esta oportunidad, cientos de estudiantes del nivel secundario y p\u00fablico en general, se dieron cita en la Expo Acad\u00e9mica\u00a0<span class=\"il\">para<\/span>\u00a0conocer dichas carreras.<\/p>\n<p style=\"text-align: justify;\">Los visitantes tambi\u00e9n pudieron recorrer Laboratorios e Institutos y participar de Talleres y Charlas los cuales les permiten tener una visi\u00f3n m\u00e1s clara de las actividades de investigaci\u00f3n, docencia y extensi\u00f3n que se desarrollan en la FACET. El \u00c1rea Ingreso tambi\u00e9n se encuentra presente este evento, brindando informaci\u00f3n sobre las instancias del Ingreso a la Facultad.<\/p>\n<p style=\"text-align: justify;\">Adem\u00e1s contamos con la participaci\u00f3n de empresas que tienen convenio con nuestra facultad. Las mismas brindan charlas de presentaci\u00f3n de la empresa y sobre el programa de j\u00f3venes profesionales que ofrecen, adem\u00e1s realizan reclutamiento de alumnos. Este a\u00f1o contamos con la participaci\u00f3n de las siguientes empresas:<\/p>\n<\/div>\n<\/div><\/div><div id=\"panel-3178-0-0-1\" class=\"so-panel widget widget_siteorigin-panels-builder panel-last-child\" data-index=\"1\" ><div id=\"pl-w6663c94fcc4c3\"  class=\"panel-layout\" ><div id=\"pg-w6663c94fcc4c3-0\"  class=\"panel-grid panel-no-style\" ><div id=\"pgc-w6663c94fcc4c3-0-0\"  class=\"panel-grid-cell\" ><div id=\"panel-w6663c94fcc4c3-0-0-0\" class=\"so-panel widget widget_black-studio-tinymce widget_black_studio_tinymce panel-first-child panel-last-child\" data-index=\"0\" ><div class=\"textwidget\"><p><img class=\"aligncenter size-full wp-image-3305\" src=\"https:\/\/www.facet.unt.edu.ar\/sbe\/wp-content\/uploads\/sites\/77\/2024\/06\/logo-scania.png\" alt=\"\" width=\"299\" height=\"168\" \/><\/p>\n<\/div><\/div><\/div><div id=\"pgc-w6663c94fcc4c3-0-1\"  class=\"panel-grid-cell\" ><div id=\"panel-w6663c94fcc4c3-0-1-0\" class=\"so-panel widget widget_black-studio-tinymce widget_black_studio_tinymce panel-first-child panel-last-child\" data-index=\"1\" ><div class=\"textwidget\"><p><a href=\"https:\/\/ar.linkedin.com\/company\/romarargentina\"><img class=\"aligncenter size-full wp-image-3291\" src=\"https:\/\/www.facet.unt.edu.ar\/sbe\/wp-content\/uploads\/sites\/77\/2024\/06\/1-logo-Vertical-ROMAR-Negro.png\" alt=\"\" width=\"4430\" height=\"2707\" \/><\/a><\/p>\n<\/div><\/div><\/div><div id=\"pgc-w6663c94fcc4c3-0-2\"  class=\"panel-grid-cell\" ><div id=\"panel-w6663c94fcc4c3-0-2-0\" class=\"so-panel widget widget_black-studio-tinymce widget_black_studio_tinymce panel-first-child panel-last-child\" data-index=\"2\" ><div class=\"textwidget\"><p><img class=\"aligncenter size-full wp-image-3293\" src=\"https:\/\/www.facet.unt.edu.ar\/sbe\/wp-content\/uploads\/sites\/77\/2024\/06\/2-logo-SSI.jpeg\" alt=\"\" width=\"766\" height=\"532\" \/><\/p>\n<\/div><\/div><\/div><div id=\"pgc-w6663c94fcc4c3-0-3\"  class=\"panel-grid-cell\" ><div id=\"panel-w6663c94fcc4c3-0-3-0\" class=\"so-panel widget widget_black-studio-tinymce widget_black_studio_tinymce panel-first-child panel-last-child\" data-index=\"3\" ><div class=\"textwidget\"><p><img class=\"aligncenter size-full wp-image-3294\" src=\"https:\/\/www.facet.unt.edu.ar\/sbe\/wp-content\/uploads\/sites\/77\/2024\/06\/3-logo-proingenieria-SA.jpeg\" alt=\"\" width=\"651\" height=\"393\" \/><\/p>\n<\/div><\/div><\/div><div id=\"pgc-w6663c94fcc4c3-0-4\"  class=\"panel-grid-cell\" ><div id=\"panel-w6663c94fcc4c3-0-4-0\" class=\"so-panel widget widget_black-studio-tinymce widget_black_studio_tinymce panel-first-child panel-last-child\" data-index=\"4\" ><div class=\"textwidget\"><p><img class=\"aligncenter size-full wp-image-3295\" src=\"https:\/\/www.facet.unt.edu.ar\/sbe\/wp-content\/uploads\/sites\/77\/2024\/06\/4-logo-arcor.png\" alt=\"\" width=\"3000\" height=\"2000\" \/><\/p>\n<\/div><\/div><\/div><div id=\"pgc-w6663c94fcc4c3-0-5\"  class=\"panel-grid-cell\" ><div id=\"panel-w6663c94fcc4c3-0-5-0\" class=\"so-panel widget widget_black-studio-tinymce widget_black_studio_tinymce panel-first-child panel-last-child\" data-index=\"5\" ><div class=\"textwidget\"><p><img class=\"aligncenter size-full wp-image-3308\" src=\"https:\/\/www.facet.unt.edu.ar\/sbe\/wp-content\/uploads\/sites\/77\/2024\/06\/logo-mi-entrada-digital.jpg\" alt=\"\" width=\"620\" height=\"394\" \/><\/p>\n<\/div><\/div><\/div><div id=\"pgc-w6663c94fcc4c3-0-6\"  class=\"panel-grid-cell\" ><div id=\"panel-w6663c94fcc4c3-0-6-0\" class=\"so-panel widget widget_black-studio-tinymce widget_black_studio_tinymce panel-first-child panel-last-child\" data-index=\"6\" ><div class=\"textwidget\"><p><img class=\"aligncenter size-full wp-image-3296\" src=\"https:\/\/www.facet.unt.edu.ar\/sbe\/wp-content\/uploads\/sites\/77\/2024\/06\/5-logo-ypf-luz.png\" alt=\"\" width=\"500\" height=\"300\" \/><\/p>\n<\/div><\/div><\/div><\/div><\/div><\/div><\/div><\/div><\/div>","protected":false},"excerpt":{"rendered":"<p>Del 12 al 14 de Junio se desarroll\u00f3 una nueva edici\u00f3n de la tradicional Muestra de la oferta acad\u00e9mica \u201cExactas para Todos\u201d, en instalaciones de la FACET, Centro Herrera, Av. Independencia N\u00b0 1800. El prop\u00f3sito central de \u00e9ste evento, que se lleva a cabo hace 26 a\u00f1os, es dar a conocer a los futuros ingresantes [&hellip;]<\/p>\n","protected":false},"author":6,"featured_media":0,"parent":0,"menu_order":0,"comment_status":"closed","ping_status":"closed","template":"","meta":[],"_links":{"self":[{"href":"https:\/\/www.facet.unt.edu.ar\/sbe\/wp-json\/wp\/v2\/pages\/3178"}],"collection":[{"href":"https:\/\/www.facet.unt.edu.ar\/sbe\/wp-json\/wp\/v2\/pages"}],"about":[{"href":"https:\/\/www.facet.unt.edu.ar\/sbe\/wp-json\/wp\/v2\/types\/page"}],"author":[{"embeddable":true,"href":"https:\/\/www.facet.unt.edu.ar\/sbe\/wp-json\/wp\/v2\/users\/6"}],"replies":[{"embeddable":true,"href":"https:\/\/www.facet.unt.edu.ar\/sbe\/wp-json\/wp\/v2\/comments?post=3178"}],"version-history":[{"count":105,"href":"https:\/\/www.facet.unt.edu.ar\/sbe\/wp-json\/wp\/v2\/pages\/3178\/revisions"}],"predecessor-version":[{"id":3825,"href":"https:\/\/www.facet.unt.edu.ar\/sbe\/wp-json\/wp\/v2\/pages\/3178\/revisions\/3825"}],"wp:attachment":[{"href":"https:\/\/www.facet.unt.edu.ar\/sbe\/wp-json\/wp\/v2\/media?parent=3178"}],"curies":[{"name":"wp","href":"https:\/\/api.w.org\/{rel}","templated":true}]}}