{"id":3610,"date":"2024-09-04T11:11:41","date_gmt":"2024-09-04T14:11:41","guid":{"rendered":"https:\/\/www.facet.unt.edu.ar\/sbe\/?page_id=3610"},"modified":"2026-04-15T22:04:54","modified_gmt":"2026-04-16T01:04:54","slug":"fechas-importantes-facet","status":"publish","type":"page","link":"https:\/\/www.facet.unt.edu.ar\/sbe\/fechas-importantes-facet\/","title":{"rendered":"Fechas Importantes"},"content":{"rendered":"<div id=\"pl-3610\"  class=\"panel-layout\" ><div id=\"pg-3610-0\"  class=\"panel-grid panel-no-style\" ><div id=\"pgc-3610-0-0\"  class=\"panel-grid-cell\" ><div id=\"panel-3610-0-0-0\" class=\"so-panel widget widget_sow-button panel-first-child\" data-index=\"0\" ><div\n\t\t\t\n\t\t\tclass=\"so-widget-sow-button so-widget-sow-button-flat-60541f875ab4-3610\"\n\t\t\t\n\t\t><div class=\"ow-button-base ow-button-align-center\">\n\t<a href=\"https:\/\/www.facet.unt.edu.ar\/sbe\/wp-content\/uploads\/sites\/77\/2025\/12\/CalendarioAcademico2026-FACET.pdf\" class=\"ow-icon-placement-top ow-button-hover\" target=\"_blank\" rel=\"noopener noreferrer\" \t\t>\n\t\t<span>\n\t\t\t<span class=\"sow-icon-fontawesome sow-far\" data-sow-icon=\"&#xf073;\"\n\t\tstyle=\"color: #000000\" \n\t\taria-hidden=\"true\"><\/span>\n\t\t\tCALENDARIO ACAD\u00c9MICO FACET - PER\u00cdODO LECTIVO 2026\t\t<\/span>\n\t<\/a>\n<\/div>\n<\/div><\/div><div id=\"panel-3610-0-0-1\" class=\"so-panel widget widget_sow-button\" data-index=\"1\" ><div\n\t\t\t\n\t\t\tclass=\"so-widget-sow-button so-widget-sow-button-flat-6f788858c29d-3610\"\n\t\t\t\n\t\t><div class=\"ow-button-base ow-button-align-center\">\n\t<a href=\"https:\/\/www.facet.unt.edu.ar\/sbe\/concursos-de-ayudantes-estudiantiles-2026\/\" class=\"ow-icon-placement-top ow-button-hover\" target=\"_blank\" rel=\"noopener noreferrer\" \t\t>\n\t\t<span>\n\t\t\t<span class=\"sow-icon-fontawesome sow-far\" data-sow-icon=\"&#xf2bb;\"\n\t\tstyle=\"color: #ffffff\" \n\t\taria-hidden=\"true\"><\/span>\n\t\t\tCONCURSOS DE AYUDANTES ESTUDIANTILES 2026\t\t<\/span>\n\t<\/a>\n<\/div>\n<\/div><\/div><div id=\"panel-3610-0-0-2\" class=\"so-panel widget widget_sow-editor\" data-index=\"2\" ><div\n\t\t\t\n\t\t\tclass=\"so-widget-sow-editor so-widget-sow-editor-base\"\n\t\t\t\n\t\t><h3 class=\"widget-title\">Tr\u00e1mites por Mesa de Entradas<\/h3>\n<div class=\"siteorigin-widget-tinymce textwidget\">\n\t<table style=\"height: 120px; width: 98.2049%; border-collapse: collapse; background-color: #c8cacc;\" border=\"1\">\n<tbody>\n<tr style=\"height: 24px; background-color: #0f64db;\">\n<td style=\"width: 33.3333%; height: 24px;\"><strong><span style=\"color: #ffffff;\" data-sheets-value=\"{&quot;1&quot;:2,&quot;2&quot;:&quot;Fechas Tramites adicionales&quot;}\" data-sheets-userformat=\"{&quot;2&quot;:17089,&quot;3&quot;:{&quot;1&quot;:0},&quot;9&quot;:1,&quot;10&quot;:1,&quot;12&quot;:0,&quot;17&quot;:1}\">Fechas Tr\u00e1mites adicionales<\/span><\/strong><\/td>\n<td style=\"width: 33.3333%; height: 24px;\"><strong><span style=\"color: #ffffff;\">1\u00ba cuatrimestre 2026<\/span><\/strong><\/td>\n<\/tr>\n<tr style=\"background-color: #c2eef9;\">\n<td style=\"width: 33.3333%; height: 24px;\"><strong>Solicitud Cambio de <\/strong><strong>Carrera y\/o cursado Simult\u00e1neo (en este cuatrimestre el tr\u00e1mite se gestionar\u00e1 por mesa de entradas)<\/strong><\/td>\n<td style=\"width: 33.3333%; height: 24px;\">23\/02\/2026 al 13\/03\/2026<\/td>\n<\/tr>\n<tr style=\"background-color: #aed9f5;\">\n<td style=\"width: 33.3333%; height: 24px;\"><strong>Solicitud\u00a0 Inscripci\u00f3n a cursadas fuera de t\u00e9rmino mediante el siguiente formulario: <a href=\"https:\/\/forms.gle\/nfnm2oYfSbHpZPag9\" target=\"_blank\" rel=\"noopener\">https:\/\/forms.gle\/nfnm2oYfSbHpZPag9<\/a><\/strong><\/td>\n<td style=\"width: 33.3333%; height: 24px;\">15\/04\/2026 al 29\/04\/2026<\/td>\n<\/tr>\n<tr style=\"background-color: #c2eef9;\">\n<td style=\"width: 33.3333%; height: 24px;\"><strong>Solicitud\u00a0 Baja de Inscripciones mediante el siguiente formulario: <a href=\"https:\/\/forms.gle\/5MhgrK9RKPmUWG5s5\" target=\"_blank\" rel=\"noopener\">https:\/\/forms.gle\/5MhgrK9RKPmUWG5s5<\/a><\/strong><\/td>\n<td style=\"width: 33.3333%; height: 24px;\">15\/04\/2026 al 29\/04\/2026<\/td>\n<\/tr>\n<tr style=\"background-color: #aed9f5;\">\n<td style=\"width: 33.3333%; height: 24px;\"><strong>Solicitud Excepci\u00f3n de Correlativa mediante el siguiente formulario:<\/strong>\n<p><a href=\"https:\/\/forms.gle\/zeMs1WTgPpGJ97J19\" target=\"_blank\" rel=\"noopener\">https:\/\/forms.gle\/zeMs1WTgPpGJ97J19<\/a><\/p>\n<p>&nbsp;<\/p>\n<\/td>\n<td style=\"width: 33.3333%; height: 24px;\">16\/03\/2026 al 30\/03\/2026<\/td>\n<\/tr>\n<tr style=\"background-color: #c2eef9;\">\n<td style=\"width: 33.3333%;\"><span style=\"color: #000000;\"><strong>Solicitud Extensi\u00f3n de Regularidad<\/strong><\/span><\/td>\n<td style=\"width: 33.3333%;\"><span style=\"color: #000000;\">No habr\u00e1 solicitudes por vigencia del Plan de Transici\u00f3n de<\/span><br \/>\n<span style=\"color: #000000;\">reglamentos<\/span><\/td>\n<\/tr>\n<\/tbody>\n<\/table>\n<\/div>\n<\/div><\/div><div id=\"panel-3610-0-0-3\" class=\"so-panel widget widget_sow-editor\" data-index=\"3\" ><div\n\t\t\t\n\t\t\tclass=\"so-widget-sow-editor so-widget-sow-editor-base\"\n\t\t\t\n\t\t><h3 class=\"widget-title\">Inscripciones por SIU Guaran\u00ed<\/h3>\n<div class=\"siteorigin-widget-tinymce textwidget\">\n\t<p style=\"text-align: justify;\"><strong>Per\u00edodo de Inscripci\u00f3n asignaturas del 1\u00b0 cuatrimestre de 2026 y materias anuales<\/strong>: 09\/03\/2026 al 29\/03\/2026<\/p>\n<p style=\"text-align: center;\"><img decoding=\"async\" loading=\"lazy\" class=\"aligncenter wp-image-4934\" src=\"https:\/\/www.facet.unt.edu.ar\/sbe\/wp-content\/uploads\/sites\/77\/2025\/12\/TURNOS-FEBRERO-MARZO-2026-1.png\" alt=\"\" width=\"491\" height=\"491\" \/><\/p>\n<div dir=\"auto\">\n<div dir=\"auto\" style=\"text-align: center;\">\n<p>\u00a0\ud835\udfcf9\/\ud835\udfce\ud835\udfd0\/\ud835\udfd0\ud835\udfce\ud835\udfd0\ud835\udfd4: para todos los m\u00f3dulos.<\/p>\n<p>\ud835\udfd0\ud835\udfd4\/\ud835\udfce\ud835\udfd0\/\ud835\udfd0\ud835\udfce\ud835\udfd0\ud835\udfd4: para todos los m\u00f3dulos.<\/p>\n<p>\ud835\udfce\ud835\udfd3\/\ud835\udfce\ud835\udfd1\/\ud835\udfd0\ud835\udfce\ud835\udfd0\ud835\udfd4: para todos los m\u00f3dulos.<\/p>\n<p>\ud835\udfcf\ud835\udfd1\u00a0\/\ud835\udfce\ud835\udfd1\/\ud835\udfd0\ud835\udfce\ud835\udfd0\ud835\udfd4: para m\u00f3dulo III en adelante.<\/p>\n<\/div>\n<\/div>\n<\/div>\n<\/div><\/div><div id=\"panel-3610-0-0-4\" class=\"so-panel widget widget_sow-editor panel-last-child\" data-index=\"4\" ><div\n\t\t\t\n\t\t\tclass=\"so-widget-sow-editor so-widget-sow-editor-base\"\n\t\t\t\n\t\t><h3 class=\"widget-title\">Inscripciones por formulario y SIU Guaran\u00ed<\/h3>\n<div class=\"siteorigin-widget-tinymce textwidget\">\n\t<p><strong>Cronograma de Mesas libres<\/strong><\/p>\n<table style=\"border-collapse: collapse; width: 97.1765%; height: 791px;\" border=\"1\">\n<tbody>\n<tr style=\"background-color: #061b78;\">\n<td style=\"width: 14.7059%; text-align: center; height: 96px;\"><span style=\"color: #ffffff;\"><strong>Mesas<\/strong><\/span><br \/>\n<span style=\"color: #ffffff;\"><strong>Libres<\/strong><\/span><br \/>\n<span style=\"color: #ffffff;\"><strong>per\u00edodo<\/strong><\/span><br \/>\n<span style=\"color: #ffffff;\"><strong>2026<\/strong><\/span><\/td>\n<td style=\"width: 20.8235%; text-align: center; height: 96px;\"><span style=\"color: #ffffff;\"><strong>Inicio<\/strong><\/span><br \/>\n<span style=\"color: #ffffff;\"><strong>inscripci\u00f3n <\/strong><\/span><\/td>\n<td style=\"width: 19.7647%; text-align: center; height: 96px;\"><span style=\"color: #ffffff;\"><strong>Fin<\/strong><\/span><br \/>\n<span style=\"color: #ffffff;\"><strong>inscripci\u00f3n<\/strong><\/span><\/td>\n<td style=\"width: 19.8824%; text-align: center; height: 96px;\"><span style=\"color: #ffffff;\"><strong>Actas<\/strong><\/span><br \/>\n<span style=\"color: #ffffff;\"><strong>disponibles<\/strong><\/span><br \/>\n<span style=\"color: #ffffff;\"><strong>desde <\/strong><\/span><\/td>\n<td style=\"width: 22%; text-align: center; height: 96px;\"><span style=\"color: #ffffff;\"><strong>Resoluci\u00f3n<\/strong><\/span><\/td>\n<\/tr>\n<tr style=\"height: 72px;\">\n<td style=\"width: 14.7059%; background-color: #e0dcdc; height: 72px; text-align: center;\"><strong>ABRIL<\/strong><\/td>\n<td style=\"width: 20.8235%; height: 72px;\">S\u00e1bado 21 de<br \/>\nMarzo de 2026<\/td>\n<td style=\"width: 19.7647%; height: 72px;\">Jueves 26 de<br \/>\nMarzo de 2026<\/td>\n<td style=\"width: 19.8824%; height: 72px;\">Martes 1 de Abril de 2026<\/td>\n<td style=\"width: 22%; height: 72px;\">5758\/2024<br \/>\n(Inscripci\u00f3n en SIU Guaran\u00ed)<\/td>\n<\/tr>\n<tr style=\"height: 48px;\">\n<td style=\"width: 14.7059%; background-color: #e0dcdc; height: 48px; text-align: center;\"><strong>MAYO<\/strong><\/td>\n<td style=\"width: 20.8235%; height: 48px;\">Lunes 21 de Abril de<br \/>\n2026<\/td>\n<td style=\"width: 19.7647%; height: 48px;\">S\u00e1bado 26 de Abril de<br \/>\n2026<\/td>\n<td style=\"width: 19.8824%; height: 48px;\">Viernes 1 de Mayo de<br \/>\n2026<\/td>\n<td style=\"width: 22%; height: 48px;\">12641\/2024<br \/>\n(Con Aval Docente)<\/td>\n<\/tr>\n<tr style=\"height: 72px;\">\n<td style=\"width: 14.7059%; background-color: #e0dcdc; height: 72px; text-align: center;\"><strong>JUNIO<\/strong><\/td>\n<td style=\"width: 20.8235%; height: 72px;\">Jueves 21 de<br \/>\nMayo de 2026<\/td>\n<td style=\"width: 19.7647%; height: 72px;\">Martes 26 de Mayo de<br \/>\n2026<\/td>\n<td style=\"width: 19.8824%; height: 72px;\">Lunes 1 de Junio de 2026<\/td>\n<td style=\"width: 22%; height: 72px;\">5758\/2024<br \/>\n(Inscripci\u00f3n en SIU Guaran\u00ed)<\/td>\n<\/tr>\n<tr style=\"height: 48px;\">\n<td style=\"width: 14.7059%; background-color: #e0dcdc; height: 48px; text-align: center;\"><strong>JULIO<\/strong><\/td>\n<td style=\"width: 20.8235%; height: 48px;\">Domingo 21 de Junio de 2026<\/td>\n<td style=\"width: 19.7647%; height: 48px;\">Viernes 26 de Junio de<br \/>\n2026<\/td>\n<td style=\"width: 19.8824%; height: 48px;\">Mi\u00e9rcoles 1 de Julio de<br \/>\n2026<\/td>\n<td style=\"width: 22%; height: 48px;\">12641\/2024<br \/>\n(Con Aval Docente)<\/td>\n<\/tr>\n<tr style=\"height: 72px;\">\n<td style=\"width: 14.7059%; background-color: #e0dcdc; height: 72px; text-align: center;\"><strong>AGOSTO*<\/strong><\/td>\n<td style=\"width: 20.8235%; height: 72px;\">Martes 4 de Agosto<br \/>\nde 2026<\/td>\n<td style=\"width: 19.7647%; height: 72px;\">Lunes 10 de Agosto<br \/>\nde 2026<\/td>\n<td style=\"width: 19.8824%; height: 72px;\">Martes 11 de Agosto<br \/>\nde 2026<\/td>\n<td style=\"width: 22%; height: 72px;\">5758\/2024<br \/>\n(Inscripci\u00f3n en SIU Guaran\u00ed)<\/td>\n<\/tr>\n<tr style=\"height: 48px;\">\n<td style=\"width: 14.7059%; background-color: #e0dcdc; height: 47px; text-align: center;\"><strong>SEPTIEMBRE<\/strong><\/td>\n<td style=\"width: 20.8235%; height: 47px;\">Viernes 21 de<br \/>\nAgosto de 2026<\/td>\n<td style=\"width: 19.7647%; height: 47px;\">Mi\u00e9rcoles 26 de Agosto<br \/>\nde 2026<\/td>\n<td style=\"width: 19.8824%; height: 47px;\">Martes 1 de Septiembre de<br \/>\n2026<\/td>\n<td style=\"width: 22%; height: 47px;\">5758\/2024<br \/>\n(Inscripci\u00f3n en SIU Guaran\u00ed)<\/td>\n<\/tr>\n<tr style=\"height: 72px;\">\n<td style=\"width: 14.7059%; background-color: #e0dcdc; height: 72px; text-align: center;\"><strong>OCTUBRE<\/strong><\/td>\n<td style=\"width: 20.8235%; height: 72px;\">Lunes 21 de<br \/>\nSeptiembre de<br \/>\n2026<\/td>\n<td style=\"width: 19.7647%; height: 72px;\">S\u00e1bado 26 de Septiembre de 2026<\/td>\n<td style=\"width: 19.8824%; height: 72px;\">Jueves 1 de Octubre<br \/>\nde 2026<\/td>\n<td style=\"width: 22%; height: 72px;\">12641\/2024<br \/>\n(Con Aval Docente)<\/td>\n<\/tr>\n<tr style=\"height: 72px;\">\n<td style=\"width: 14.7059%; background-color: #e0dcdc; height: 72px; text-align: center;\"><strong>NOVIEMBRE<\/strong><\/td>\n<td style=\"width: 20.8235%; height: 72px;\">Mi\u00e9rcoles 21 de<br \/>\nOctubre de 2026<\/td>\n<td style=\"width: 19.7647%; height: 72px;\">Lunes 26 de Octubre de<br \/>\n2026<\/td>\n<td style=\"width: 19.8824%; height: 72px;\">Domingo 1 de Noviembre<br \/>\nde 2026<\/td>\n<td style=\"width: 22%; height: 72px;\">5758\/2024<br \/>\n(Inscripci\u00f3n en SIU Guaran\u00ed)<\/td>\n<\/tr>\n<tr style=\"height: 72px;\">\n<td style=\"width: 14.7059%; background-color: #e0dcdc; height: 72px; text-align: center;\"><strong>DICIEMBRE**<\/strong><\/td>\n<td style=\"width: 20.8235%; height: 72px;\">Martes 1 de<br \/>\nDiciembre de 2026<\/td>\n<td style=\"width: 19.7647%; height: 72px;\">Mi\u00e9rcoles 9 de<br \/>\nDiciembre de 2026<\/td>\n<td style=\"width: 19.8824%; height: 72px;\">Jueves 10 de<br \/>\nDiciembre de 2026<\/td>\n<td style=\"width: 22%; height: 72px;\">5758\/2024<br \/>\n(Inscripci\u00f3n en SIU Guaran\u00ed)<\/td>\n<\/tr>\n<tr style=\"height: 72px;\">\n<td style=\"width: 14.7059%; background-color: #e0dcdc; height: 72px; text-align: center;\"><strong>FEBRERO***<\/strong><\/td>\n<td style=\"width: 20.8235%; height: 72px;\">Jueves 1 de Febrero<br \/>\ndel 2027<\/td>\n<td style=\"width: 19.7647%; height: 72px;\">Jueves 11 de Febrero<br \/>\ndel 2027<\/td>\n<td style=\"width: 19.8824%; height: 72px;\">Viernes 12 de Febrero<br \/>\ndel 2027<\/td>\n<td style=\"width: 22%; height: 72px;\">5758\/2024<br \/>\n(Inscripci\u00f3n en SIU Guaran\u00ed)<\/td>\n<\/tr>\n<tr style=\"height: 48px;\">\n<td style=\"width: 14.7059%; background-color: #e0dcdc; height: 48px; text-align: center;\"><strong>MARZO<\/strong><\/td>\n<td style=\"width: 20.8235%; height: 48px;\">Domingo 21 de<br \/>\nFebrero de 2027<\/td>\n<td style=\"width: 19.7647%; height: 48px;\">Viernes 26 de Febrero<br \/>\ndel 2027<\/td>\n<td style=\"width: 19.8824%; height: 48px;\">Lunes 01 de Marzo<br \/>\ndel 2027<\/td>\n<td style=\"width: 22%; height: 48px;\">12641\/2024<br \/>\n(Con Aval Docente)<\/td>\n<\/tr>\n<\/tbody>\n<\/table>\n<p><strong>Observaciones<\/strong>:<br \/>\n*La mesa se tomar\u00e1 el d\u00eda Jueves 13 de Agosto del 2026<br \/>\n**La mesa se tomar\u00e1 el d\u00eda 14 de Diciembre del 2026<br \/>\n*** La mesa se tomar\u00e1 el d\u00eda Martes 16 de Febrero del 2027<\/p>\n<p><strong>Inscripciones por formulario: <\/strong><a href=\"https:\/\/forms.gle\/zciaDmQNMH7LHyPm8\">https:\/\/forms.gle\/zciaDmQNMH7LHyPm8<\/a> (con aval docente)<\/p>\n<p><strong>Inscripciones por SIU GUARAN\u00cd: <\/strong><a href=\"https:\/\/guarani.unt.edu.ar\/autogestion\/\" target=\"_blank\" rel=\"noopener\">https:\/\/guarani.unt.edu.ar\/autogestion\/<\/a><\/p>\n<\/div>\n<\/div><\/div><\/div><\/div><\/div>","protected":false},"excerpt":{"rendered":"<p>Fechas Tr\u00e1mites adicionales 1\u00ba cuatrimestre 2026 Solicitud Cambio de Carrera y\/o cursado Simult\u00e1neo (en este cuatrimestre el tr\u00e1mite se gestionar\u00e1 por mesa de entradas) 23\/02\/2026 al 13\/03\/2026 Solicitud\u00a0 Inscripci\u00f3n a cursadas fuera de t\u00e9rmino mediante el siguiente formulario: https:\/\/forms.gle\/nfnm2oYfSbHpZPag9 15\/04\/2026 al 29\/04\/2026 Solicitud\u00a0 Baja de Inscripciones mediante el siguiente formulario: https:\/\/forms.gle\/5MhgrK9RKPmUWG5s5 15\/04\/2026 al 29\/04\/2026 Solicitud [&hellip;]<\/p>\n","protected":false},"author":6,"featured_media":0,"parent":0,"menu_order":0,"comment_status":"closed","ping_status":"closed","template":"","meta":[],"_links":{"self":[{"href":"https:\/\/www.facet.unt.edu.ar\/sbe\/wp-json\/wp\/v2\/pages\/3610"}],"collection":[{"href":"https:\/\/www.facet.unt.edu.ar\/sbe\/wp-json\/wp\/v2\/pages"}],"about":[{"href":"https:\/\/www.facet.unt.edu.ar\/sbe\/wp-json\/wp\/v2\/types\/page"}],"author":[{"embeddable":true,"href":"https:\/\/www.facet.unt.edu.ar\/sbe\/wp-json\/wp\/v2\/users\/6"}],"replies":[{"embeddable":true,"href":"https:\/\/www.facet.unt.edu.ar\/sbe\/wp-json\/wp\/v2\/comments?post=3610"}],"version-history":[{"count":90,"href":"https:\/\/www.facet.unt.edu.ar\/sbe\/wp-json\/wp\/v2\/pages\/3610\/revisions"}],"predecessor-version":[{"id":3618,"href":"https:\/\/www.facet.unt.edu.ar\/sbe\/wp-json\/wp\/v2\/pages\/3610\/revisions\/3618"}],"wp:attachment":[{"href":"https:\/\/www.facet.unt.edu.ar\/sbe\/wp-json\/wp\/v2\/media?parent=3610"}],"curies":[{"name":"wp","href":"https:\/\/api.w.org\/{rel}","templated":true}]}}