{"id":5059,"date":"2026-04-15T21:26:08","date_gmt":"2026-04-16T00:26:08","guid":{"rendered":"https:\/\/www.facet.unt.edu.ar\/sbe\/?page_id=5059"},"modified":"2026-04-15T21:59:13","modified_gmt":"2026-04-16T00:59:13","slug":"concursos-de-ayudantes-estudiantiles-2026","status":"publish","type":"page","link":"https:\/\/www.facet.unt.edu.ar\/sbe\/concursos-de-ayudantes-estudiantiles-2026\/","title":{"rendered":"Concursos de Ayudantes Estudiantiles 2026"},"content":{"rendered":"<h3 style=\"text-align: center;\">Primer llamado<\/h3>\n<p style=\"text-align: justify;\"><span style=\"font-weight: 400;\">Las inscripciones de los postulantes se realizar\u00e1 a trav\u00e9s de un <\/span><span style=\"font-weight: 400;\">\u00fanico formulario <\/span><span style=\"font-weight: 400;\">que se confecciona desde la Secretar\u00eda Acad\u00e9mica: <\/span><a href=\"https:\/\/forms.gle\/v5gcn123Yw3sQmta8\"><span style=\"font-weight: 400;\">https:\/\/forms.gle\/v5gcn123Yw3sQmta8<\/span><\/a><span style=\"font-weight: 400;\">, a partir del <strong>20 de abril.<\/strong><\/span><\/p>\n<p style=\"text-align: justify;\">Documentaci\u00f3n Requerida para inscripci\u00f3n:<\/p>\n<blockquote>\n<p style=\"text-align: justify;\">1. Ser Alumno Regular de la UNT<br \/>\n2. Presentar constancia de alumno regular con firma de director de Direcci\u00f3n Alumnos<br \/>\n3. Presentar Estado acad\u00e9mico con firma de director de Direcci\u00f3n Alumnos<br \/>\n4. Un Archivo PDF con Curriculum Vitae<br \/>\n5. Un Archivo PDF con documentaci\u00f3n probatoria de lo informado en el Curriculum Vitae<br \/>\n6. Nota dirigida al Sr, Decano solicitando inscripci\u00f3n al concurso.<\/p>\n<\/blockquote>\n<p>Reglamento de Concurso en:\u00a0<a href=\"https:\/\/www.google.com\/url?q=https:\/\/www.facet.unt.edu.ar\/wp-content\/uploads\/2022\/09\/Res_0995_22_AyudantesEstudiantiles.pdf&amp;sa=D&amp;source=editors&amp;ust=1776302783677940&amp;usg=AOvVaw3JpEabtfLcUc3h6bprxquy\">https:\/\/www.facet.unt.edu.ar\/wp-content\/uploads\/2022\/09\/Res_0995_22_AyudantesEstudiantiles.pdf<\/a><\/p>\n<p>&nbsp;<\/p>\n<table>\n<tbody>\n<tr>\n<td rowspan=\"2\"><b>2026<\/b><\/td>\n<td colspan=\"2\"><b>Primer Llamado<\/b><\/td>\n<td rowspan=\"2\"><b>Feriados<\/b><\/td>\n<\/tr>\n<tr>\n<td><b>inicio<\/b><\/td>\n<td><b>fin<\/b><\/td>\n<\/tr>\n<tr>\n<td><span style=\"font-weight: 400;\">Per\u00edodo de Inscripciones:<\/span><\/td>\n<td><span style=\"font-weight: 400;\">lunes, 20 de abril<\/span><\/td>\n<td><span style=\"font-weight: 400;\">jueves, 30 de abril hasta las 13.00 hrs<\/span><\/td>\n<td><span style=\"font-weight: 400;\">tenemos paro no docente el 23\/04\/2026<\/span><\/td>\n<\/tr>\n<tr>\n<td><span style=\"font-weight: 400;\">Per\u00edodo de Notificaciones de fechas de sorteos:<\/span><\/td>\n<td><span style=\"font-weight: 400;\">lunes, 4 de mayo<\/span><\/td>\n<td><span style=\"font-weight: 400;\">martes, 5 de mayo<\/span><\/td>\n<td><span style=\"font-weight: 400;\">1\/5\/2026 feriado<\/span><\/td>\n<\/tr>\n<\/tbody>\n<\/table>\n<table>\n<tbody>\n<tr>\n<td><\/td>\n<td><\/td>\n<td><\/td>\n<td colspan=\"7\"><b>Fechas L\u00edmites<\/b><\/td>\n<\/tr>\n<tr>\n<td><\/td>\n<td><b>Sorteo Temas<\/b><\/td>\n<td><b>Sustanciaci\u00f3n<\/b><\/td>\n<td><b>Elevaci\u00f3n Dict\u00e1menes<\/b><\/p>\n<p><b>(3 d\u00edas h\u00e1biles)<\/b><\/td>\n<td><b>Notificaci\u00f3n de dictamen<\/b><\/p>\n<p><b>(3 d\u00edas h\u00e1biles)<\/b><\/td>\n<td><b>Presentaci\u00f3n de impugnaciones<\/b><\/p>\n<p><b>(3 d\u00edas h\u00e1biles)<\/b><\/td>\n<td><b>Env\u00edo tr\u00e1mites a Mesa de Entradas<\/b><\/td>\n<td><b>mesa a concurso<\/b><\/td>\n<td><b>concurso a consejo<\/b><\/td>\n<td><b>CD para resolver<\/b><\/p>\n<p><b>hasta el<\/b><\/td>\n<\/tr>\n<tr>\n<td><span style=\"font-weight: 400;\">Fecha 1<\/span><\/td>\n<td><span style=\"font-weight: 400;\">mi\u00e9rcoles, 6 de mayo<\/span><\/td>\n<td><span style=\"font-weight: 400;\">viernes, 8 de mayo<\/span><\/td>\n<td><span style=\"font-weight: 400;\">mi\u00e9rcoles, 13 de mayo<\/span><\/td>\n<td><span style=\"font-weight: 400;\">lunes, 18 de mayo<\/span><\/td>\n<td><span style=\"font-weight: 400;\">jueves, 21 de mayo<\/span><\/td>\n<td><span style=\"font-weight: 400;\">martes, 26 de mayo<\/span><\/td>\n<td><span style=\"font-weight: 400;\">mi\u00e9rcoles, 27 de mayo<\/span><\/td>\n<td><span style=\"font-weight: 400;\">martes, 2 de junio<\/span><\/td>\n<td><span style=\"font-weight: 400;\">martes, 16 de junio<\/span><\/td>\n<\/tr>\n<tr>\n<td><span style=\"font-weight: 400;\">Fecha 2<\/span><\/td>\n<td><span style=\"font-weight: 400;\">lunes, 11 de mayo<\/span><\/td>\n<td><span style=\"font-weight: 400;\">mi\u00e9rcoles, 13 de mayo<\/span><\/td>\n<td><span style=\"font-weight: 400;\">lunes, 18 de mayo<\/span><\/td>\n<td><span style=\"font-weight: 400;\">jueves, 21 de mayo<\/span><\/td>\n<td><span style=\"font-weight: 400;\">mi\u00e9rcoles, 27 de mayo<\/span><\/td>\n<td><span style=\"font-weight: 400;\">viernes, 29 de mayo<\/span><\/td>\n<td><span style=\"font-weight: 400;\">lunes, 1 de junio<\/span><\/td>\n<td><span style=\"font-weight: 400;\">lunes, 8 de junio<\/span><\/td>\n<td><span style=\"font-weight: 400;\">lunes, 22 de junio<\/span><\/td>\n<\/tr>\n<\/tbody>\n<\/table>\n<h3 style=\"text-align: center;\">Segundo llamado<\/h3>\n<table>\n<tbody>\n<tr>\n<td rowspan=\"2\"><b>2026<\/b><\/td>\n<td colspan=\"2\"><b>segundo llamado<\/b><\/td>\n<\/tr>\n<tr>\n<td><b>inicio<\/b><\/td>\n<td><b>fin<\/b><\/td>\n<\/tr>\n<tr>\n<td><span style=\"font-weight: 400;\">Per\u00edodo de Inscripciones:<\/span><\/td>\n<td><span style=\"font-weight: 400;\">lunes, 1 de junio<\/span><\/td>\n<td><span style=\"font-weight: 400;\">mi\u00e9rcoles, 10 de junio<\/span><\/td>\n<\/tr>\n<tr>\n<td><span style=\"font-weight: 400;\">Per\u00edodo de Notificaciones de fechas de sorteos:<\/span><\/td>\n<td><span style=\"font-weight: 400;\">martes, 16 de junio<\/span><\/td>\n<td><span style=\"font-weight: 400;\">mi\u00e9rcoles, 17 de junio<\/span><\/td>\n<\/tr>\n<\/tbody>\n<\/table>\n<table>\n<tbody>\n<tr>\n<td><\/td>\n<td><b>Sorteo Temas<\/b><\/td>\n<td><b>Sustanciaci\u00f3n<\/b><\/td>\n<td><b>Elevaci\u00f3n Dict\u00e1menes<\/b><\/p>\n<p><b>(3 d\u00edas h\u00e1biles)<\/b><\/td>\n<td><b>Notificaci\u00f3n de dictamen<\/b><\/p>\n<p><b>(3 d\u00edas h\u00e1biles)<\/b><\/td>\n<td><b>Presentaci\u00f3n de impugnaciones<\/b><\/p>\n<p><b>(3 d\u00edas h\u00e1biles)<\/b><\/td>\n<td><b>Env\u00edo tr\u00e1mites a Mesa de Entradas<\/b><\/td>\n<td><b>mesa a concurso<\/b><\/td>\n<td><b>concurso a consejo<\/b><\/td>\n<td><b>CD para resolver<\/b><\/p>\n<p><b>hasta el<\/b><\/td>\n<\/tr>\n<tr>\n<td><span style=\"font-weight: 400;\">Fecha 1<\/span><\/td>\n<td><span style=\"font-weight: 400;\">lunes, 22 de junio<\/span><\/td>\n<td><span style=\"font-weight: 400;\">mi\u00e9rcoles, 24 de junio<\/span><\/td>\n<td><span style=\"font-weight: 400;\">lunes, 29 de junio<\/span><\/td>\n<td><span style=\"font-weight: 400;\">jueves, 2 de julio<\/span><\/td>\n<td><span style=\"font-weight: 400;\">martes, 7 de julio<\/span><\/td>\n<td><span style=\"font-weight: 400;\">mi\u00e9rcoles, 8 de julio<\/span><\/td>\n<td><span style=\"font-weight: 400;\">lunes, 27 de julio<\/span><\/td>\n<td><span style=\"font-weight: 400;\">mi\u00e9rcoles, 5 de agosto<\/span><\/td>\n<td><span style=\"font-weight: 400;\">mi\u00e9rcoles, 19 de agosto<\/span><\/td>\n<\/tr>\n<\/tbody>\n<\/table>\n","protected":false},"excerpt":{"rendered":"<p>Primer llamado Las inscripciones de los postulantes se realizar\u00e1 a trav\u00e9s de un \u00fanico formulario que se confecciona desde la Secretar\u00eda Acad\u00e9mica: https:\/\/forms.gle\/v5gcn123Yw3sQmta8, a partir del 20 de abril. Documentaci\u00f3n Requerida para inscripci\u00f3n: 1. Ser Alumno Regular de la UNT 2. Presentar constancia de alumno regular con firma de director de Direcci\u00f3n Alumnos 3. Presentar [&hellip;]<\/p>\n","protected":false},"author":6,"featured_media":0,"parent":0,"menu_order":0,"comment_status":"closed","ping_status":"closed","template":"","meta":[],"_links":{"self":[{"href":"https:\/\/www.facet.unt.edu.ar\/sbe\/wp-json\/wp\/v2\/pages\/5059"}],"collection":[{"href":"https:\/\/www.facet.unt.edu.ar\/sbe\/wp-json\/wp\/v2\/pages"}],"about":[{"href":"https:\/\/www.facet.unt.edu.ar\/sbe\/wp-json\/wp\/v2\/types\/page"}],"author":[{"embeddable":true,"href":"https:\/\/www.facet.unt.edu.ar\/sbe\/wp-json\/wp\/v2\/users\/6"}],"replies":[{"embeddable":true,"href":"https:\/\/www.facet.unt.edu.ar\/sbe\/wp-json\/wp\/v2\/comments?post=5059"}],"version-history":[{"count":10,"href":"https:\/\/www.facet.unt.edu.ar\/sbe\/wp-json\/wp\/v2\/pages\/5059\/revisions"}],"predecessor-version":[{"id":5069,"href":"https:\/\/www.facet.unt.edu.ar\/sbe\/wp-json\/wp\/v2\/pages\/5059\/revisions\/5069"}],"wp:attachment":[{"href":"https:\/\/www.facet.unt.edu.ar\/sbe\/wp-json\/wp\/v2\/media?parent=5059"}],"curies":[{"name":"wp","href":"https:\/\/api.w.org\/{rel}","templated":true}]}}