{"id":8,"date":"2021-07-07T04:03:37","date_gmt":"2021-07-07T04:03:37","guid":{"rendered":"https:\/\/www.facet.unt.edu.ar\/sbe\/?page_id=8"},"modified":"2026-03-09T21:33:55","modified_gmt":"2026-03-10T00:33:55","slug":"sobre-nosotros","status":"publish","type":"page","link":"https:\/\/www.facet.unt.edu.ar\/sbe\/sobre-nosotros\/","title":{"rendered":"Sobre nosotros"},"content":{"rendered":"<div id=\"pl-8\"  class=\"panel-layout\" ><div id=\"pg-8-0\"  class=\"panel-grid panel-no-style\" ><div id=\"pgc-8-0-0\"  class=\"panel-grid-cell\" ><div id=\"panel-8-0-0-0\" class=\"so-panel widget widget_sow-editor panel-first-child panel-last-child\" data-index=\"0\" ><div\n\t\t\t\n\t\t\tclass=\"so-widget-sow-editor so-widget-sow-editor-base\"\n\t\t\t\n\t\t>\n<div class=\"siteorigin-widget-tinymce textwidget\">\n\t<p><span style=\"font-weight: 400;\">La Secretar\u00eda de Bienestar Estudiantil (S.B.E) de la Facultad de Ciencias Exactas y Tecnolog\u00eda (FACET) de la UNT, tiene como funci\u00f3n principal ser el nexo entre los estudiantes y la unidad acad\u00e9mica, mediante el apoyo y acompa\u00f1amiento a los alumnos, con el fin de que el paso por nuestra instituci\u00f3n sea una experiencia gratificante para los futuros profesionales.<\/span><\/p>\n<p>La SBE est\u00e1 conformada por los siguientes integrantes:<\/p>\n<div id=\"attachment_935\" style=\"width: 205px\" class=\"wp-caption aligncenter\"><img aria-describedby=\"caption-attachment-935\" decoding=\"async\" loading=\"lazy\" class=\"wp-image-935\" src=\"https:\/\/www.facet.unt.edu.ar\/sbe\/wp-content\/uploads\/sites\/77\/2022\/05\/FF-Ayarde.jpg\" alt=\"\" width=\"195\" height=\"195\" \/><p id=\"caption-attachment-935\" class=\"wp-caption-text\">Secretario de Bienestar Estudiantil: Fabi\u00e1n Fernando Ayarde<\/p><\/div>\n<p style=\"text-align: center;\">\n<\/div>\n<\/div><\/div><\/div><\/div><div id=\"pg-8-1\"  class=\"panel-grid panel-no-style\" ><div id=\"pgc-8-1-0\"  class=\"panel-grid-cell\" ><div id=\"panel-8-1-0-0\" class=\"so-panel widget widget_siteorigin-panels-builder panel-first-child panel-last-child\" data-index=\"1\" ><div id=\"pl-w69af66bb92fdc\"  class=\"panel-layout\" ><div id=\"pg-w69af66bb92fdc-0\"  class=\"panel-grid panel-no-style\" ><div id=\"pgc-w69af66bb92fdc-0-0\"  class=\"panel-grid-cell\" ><div id=\"panel-w69af66bb92fdc-0-0-0\" class=\"so-panel widget widget_black-studio-tinymce widget_black_studio_tinymce panel-first-child panel-last-child\" data-index=\"0\" ><h3 class=\"widget-title\">Coordinadores Generales<\/h3><div class=\"textwidget\"><\/div><\/div><\/div><\/div><div id=\"pg-w69af66bb92fdc-1\"  class=\"panel-grid panel-no-style\" ><div id=\"pgc-w69af66bb92fdc-1-0\"  class=\"panel-grid-cell\" ><div id=\"panel-w69af66bb92fdc-1-0-0\" class=\"so-panel widget widget_black-studio-tinymce widget_black_studio_tinymce panel-first-child panel-last-child\" data-index=\"1\" ><div class=\"textwidget\"><p><div id=\"attachment_934\" style=\"width: 201px\" class=\"wp-caption aligncenter\"><img aria-describedby=\"caption-attachment-934\" class=\"wp-image-934\" src=\"https:\/\/www.facet.unt.edu.ar\/sbe\/wp-content\/uploads\/sites\/77\/2022\/05\/Fabian-Osvaldo-Gallardo.jpg\" alt=\"\" width=\"191\" height=\"201\" \/><p id=\"caption-attachment-934\" class=\"wp-caption-text\">Fabi\u00e1n Gallardo (Expedientes)<\/p><\/div><\/p>\n<\/div><\/div><\/div><div id=\"pgc-w69af66bb92fdc-1-1\"  class=\"panel-grid-cell\" ><div id=\"panel-w69af66bb92fdc-1-1-0\" class=\"so-panel widget widget_black-studio-tinymce widget_black_studio_tinymce panel-first-child panel-last-child\" data-index=\"2\" ><div class=\"textwidget\"><p><div id=\"attachment_47\" style=\"width: 195px\" class=\"wp-caption aligncenter\"><img aria-describedby=\"caption-attachment-47\" class=\"wp-image-47\" src=\"https:\/\/www.facet.unt.edu.ar\/sbe\/wp-content\/uploads\/sites\/77\/2021\/08\/Fanny-Diaz-SBE-1.jpg\" alt=\"\" width=\"185\" height=\"185\" \/><p id=\"caption-attachment-47\" class=\"wp-caption-text\">Fanny D\u00edaz (Comunicadora y Desarrolladora Web - Atenci\u00f3n al p\u00fablico)<\/p><\/div><\/p>\n<\/div><\/div><\/div><div id=\"pgc-w69af66bb92fdc-1-2\"  class=\"panel-grid-cell\" ><div id=\"panel-w69af66bb92fdc-1-2-0\" class=\"so-panel widget widget_black-studio-tinymce widget_black_studio_tinymce panel-first-child panel-last-child\" data-index=\"3\" ><div class=\"textwidget\"><p><div id=\"attachment_2433\" style=\"width: 195px\" class=\"wp-caption aligncenter\"><img aria-describedby=\"caption-attachment-2433\" class=\"wp-image-2433\" src=\"https:\/\/www.facet.unt.edu.ar\/sbe\/wp-content\/uploads\/sites\/77\/2023\/05\/valeria-biazzo.jpg\" alt=\"\" width=\"185\" height=\"179\" \/><p id=\"caption-attachment-2433\" class=\"wp-caption-text\">Valeria Biazzo (Pasant\u00edas, PPS y Seguros - Atenci\u00f3n al p\u00fablico)<\/p><\/div><\/p>\n<\/div><\/div><\/div><div id=\"pgc-w69af66bb92fdc-1-3\"  class=\"panel-grid-cell\" ><div id=\"panel-w69af66bb92fdc-1-3-0\" class=\"so-panel widget widget_black-studio-tinymce widget_black_studio_tinymce panel-first-child panel-last-child\" data-index=\"4\" ><div class=\"textwidget\"><p><div id=\"attachment_3017\" style=\"width: 195px\" class=\"wp-caption aligncenter\"><img aria-describedby=\"caption-attachment-3017\" class=\"wp-image-3017\" src=\"https:\/\/www.facet.unt.edu.ar\/sbe\/wp-content\/uploads\/sites\/77\/2023\/12\/fer-decima.jpg\" alt=\"\" width=\"185\" height=\"185\" \/><p id=\"caption-attachment-3017\" class=\"wp-caption-text\">Fernando D\u00e9cima (Reserva de Espacios)<\/p><\/div><\/p>\n<\/div><\/div><\/div><\/div><\/div><\/div><\/div><\/div><\/div>","protected":false},"excerpt":{"rendered":"<p>La Secretar\u00eda de Bienestar Estudiantil (S.B.E) de la Facultad de Ciencias Exactas y Tecnolog\u00eda (FACET) de la UNT, tiene como funci\u00f3n principal ser el nexo entre los estudiantes y la unidad acad\u00e9mica, mediante el apoyo y acompa\u00f1amiento a los alumnos, con el fin de que el paso por nuestra instituci\u00f3n sea una experiencia gratificante para [&hellip;]<\/p>\n","protected":false},"author":6,"featured_media":0,"parent":0,"menu_order":0,"comment_status":"closed","ping_status":"closed","template":"","meta":[],"_links":{"self":[{"href":"https:\/\/www.facet.unt.edu.ar\/sbe\/wp-json\/wp\/v2\/pages\/8"}],"collection":[{"href":"https:\/\/www.facet.unt.edu.ar\/sbe\/wp-json\/wp\/v2\/pages"}],"about":[{"href":"https:\/\/www.facet.unt.edu.ar\/sbe\/wp-json\/wp\/v2\/types\/page"}],"author":[{"embeddable":true,"href":"https:\/\/www.facet.unt.edu.ar\/sbe\/wp-json\/wp\/v2\/users\/6"}],"replies":[{"embeddable":true,"href":"https:\/\/www.facet.unt.edu.ar\/sbe\/wp-json\/wp\/v2\/comments?post=8"}],"version-history":[{"count":56,"href":"https:\/\/www.facet.unt.edu.ar\/sbe\/wp-json\/wp\/v2\/pages\/8\/revisions"}],"predecessor-version":[{"id":5008,"href":"https:\/\/www.facet.unt.edu.ar\/sbe\/wp-json\/wp\/v2\/pages\/8\/revisions\/5008"}],"wp:attachment":[{"href":"https:\/\/www.facet.unt.edu.ar\/sbe\/wp-json\/wp\/v2\/media?parent=8"}],"curies":[{"name":"wp","href":"https:\/\/api.w.org\/{rel}","templated":true}]}}