{"id":86,"date":"2021-09-29T21:26:15","date_gmt":"2021-09-29T21:26:15","guid":{"rendered":"https:\/\/www.facet.unt.edu.ar\/sbe\/?page_id=86"},"modified":"2026-03-03T09:56:21","modified_gmt":"2026-03-03T12:56:21","slug":"ingreso-facet","status":"publish","type":"page","link":"https:\/\/www.facet.unt.edu.ar\/sbe\/ingreso-facet\/","title":{"rendered":"Ingreso FACET"},"content":{"rendered":"<div id=\"pl-86\"  class=\"panel-layout\" ><div id=\"pg-86-0\"  class=\"panel-grid panel-no-style\" ><div id=\"pgc-86-0-0\"  class=\"panel-grid-cell\" ><div id=\"panel-86-0-0-0\" class=\"so-panel widget widget_sow-editor panel-first-child\" data-index=\"0\" ><div\n\t\t\t\n\t\t\tclass=\"so-widget-sow-editor so-widget-sow-editor-base\"\n\t\t\t\n\t\t>\n<div class=\"siteorigin-widget-tinymce textwidget\">\n\t<p style=\"text-align: justify;\">La Facultad de Ciencias Exactas y Tecnolog\u00eda de la UNT ofrece <a href=\"https:\/\/www.facet.unt.edu.ar\/sbe\/oferta-academica-facet\/\">16 carreras de grado y 4 carreras de pregrado o cortas<\/a>.<\/p>\n<p style=\"text-align: justify;\">El aspirante que desee inscribirse en cualquier carrera (grado o pregrado) de la FACET, deber\u00e1 superar la nivelaci\u00f3n en matem\u00e1tica.\u00a0 Quedan eximidos de superar la nivelaci\u00f3n en matem\u00e1tica los egresados de las Escuelas Experimentales de la UNT.<\/p>\n<p>La facultad ofrece distintas instancias para superar la Nivelaci\u00f3n en Matem\u00e1tica:<\/p>\n<ul>\n<li><strong>Cursos de Nivelaci\u00f3n en Matem\u00e1tica<\/strong><\/li>\n<li><strong>Pruebas de Suficiencia en Matem\u00e1tica<\/strong><\/li>\n<\/ul>\n<\/div>\n<\/div><\/div><div id=\"panel-86-0-0-1\" class=\"so-panel widget widget_sow-button\" data-index=\"1\" ><div\n\t\t\t\n\t\t\tclass=\"so-widget-sow-button so-widget-sow-button-flat-02ea6d10e9e4-86\"\n\t\t\t\n\t\t><div class=\"ow-button-base ow-button-align-center\">\n\t<a href=\"https:\/\/www.facet.unt.edu.ar\/ingreso\/\" class=\"ow-icon-placement-left ow-button-hover\" target=\"_blank\" rel=\"noopener noreferrer\" \t\t>\n\t\t<span>\n\t\t\t\n\t\t\tSITIO WEB \u00c1REA INGRESO FACET\t\t<\/span>\n\t<\/a>\n<\/div>\n<\/div><\/div><div id=\"panel-86-0-0-2\" class=\"so-panel widget widget_sow-editor panel-last-child\" data-index=\"2\" ><div\n\t\t\t\n\t\t\tclass=\"so-widget-sow-editor so-widget-sow-editor-base\"\n\t\t\t\n\t\t>\n<div class=\"siteorigin-widget-tinymce textwidget\">\n\t<p><span style=\"text-decoration: underline;\">Consultas a<\/span>: <a href=\"mailto:ingresofacet@herrera.unt.edu.ar\" target=\"_blank\" rel=\"noopener noreferrer\">ingresofacet@herrera.unt.edu.ar<\/a><\/p>\n<p style=\"text-align: justify;\"><span style=\"text-decoration: underline;\">Nota<\/span>: Quedan eximidos de superar la nivelaci\u00f3n en matem\u00e1tica los egresados de las Escuelas Experimentales de la Universidad Nacional de Tucum\u00e1n.<\/p>\n<\/div>\n<\/div><\/div><\/div><\/div><\/div>","protected":false},"excerpt":{"rendered":"<p>La Facultad de Ciencias Exactas y Tecnolog\u00eda de la UNT ofrece 16 carreras de grado y 4 carreras de pregrado o cortas. El aspirante que desee inscribirse en cualquier carrera (grado o pregrado) de la FACET, deber\u00e1 superar la nivelaci\u00f3n en matem\u00e1tica.\u00a0 Quedan eximidos de superar la nivelaci\u00f3n en matem\u00e1tica los egresados de las Escuelas [&hellip;]<\/p>\n","protected":false},"author":6,"featured_media":0,"parent":0,"menu_order":0,"comment_status":"closed","ping_status":"closed","template":"","meta":[],"_links":{"self":[{"href":"https:\/\/www.facet.unt.edu.ar\/sbe\/wp-json\/wp\/v2\/pages\/86"}],"collection":[{"href":"https:\/\/www.facet.unt.edu.ar\/sbe\/wp-json\/wp\/v2\/pages"}],"about":[{"href":"https:\/\/www.facet.unt.edu.ar\/sbe\/wp-json\/wp\/v2\/types\/page"}],"author":[{"embeddable":true,"href":"https:\/\/www.facet.unt.edu.ar\/sbe\/wp-json\/wp\/v2\/users\/6"}],"replies":[{"embeddable":true,"href":"https:\/\/www.facet.unt.edu.ar\/sbe\/wp-json\/wp\/v2\/comments?post=86"}],"version-history":[{"count":71,"href":"https:\/\/www.facet.unt.edu.ar\/sbe\/wp-json\/wp\/v2\/pages\/86\/revisions"}],"predecessor-version":[{"id":323,"href":"https:\/\/www.facet.unt.edu.ar\/sbe\/wp-json\/wp\/v2\/pages\/86\/revisions\/323"}],"wp:attachment":[{"href":"https:\/\/www.facet.unt.edu.ar\/sbe\/wp-json\/wp\/v2\/media?parent=86"}],"curies":[{"name":"wp","href":"https:\/\/api.w.org\/{rel}","templated":true}]}}