{"id":112,"date":"2017-10-18T18:53:37","date_gmt":"2017-10-18T21:53:37","guid":{"rendered":"https:\/\/www.facet.unt.edu.ar\/scad-cti\/?page_id=112"},"modified":"2019-02-12T22:04:35","modified_gmt":"2019-02-13T01:04:35","slug":"autoridades","status":"publish","type":"page","link":"https:\/\/www.facet.unt.edu.ar\/scad-cti\/autoridades\/","title":{"rendered":"Autoridades"},"content":{"rendered":"<p><a id=\"Director\"><\/a><span style=\"color: #ffffff;\">fisla<\/span><\/p>\n<h3>1. Directora<\/h3>\n<p>Dra. Mar\u00eda Graciela Molina<\/p>\n<p>Dpto. de Ciencias de la Computaci\u00f3n -FACET-UNT-CONICET<\/p>\n<p>gmolina@herrera.unt.edu.ar<\/p>\n<p><a id=\"direccion_tecnica\"><\/a><span style=\"color: #ffffff;\">fisla<\/span><\/p>\n<h3>2. Direcci\u00f3n T\u00e9cnica<\/h3>\n<table style=\"width: 1040px;\">\n<tbody>\n<tr>\n<td style=\"width: 235px;\">Mg. Ticiano Torres Peralta<\/p>\n<p>ttorres@herrera.unt.edu.ar<\/p>\n<p>&nbsp;<\/p>\n<p>&nbsp;<\/td>\n<td style=\"width: 393px;\">Coordinador T\u00e9cnico y Administrador<\/td>\n<td style=\"width: 390px;\">Docente\/Investigador<\/p>\n<p>Dpto. de Ciencias de la Computaci\u00f3n<\/p>\n<p>FACET-UNT<\/td>\n<\/tr>\n<tr>\n<td style=\"width: 235px;\">Ezequiel Tosi<\/p>\n<p>etosi@herrera.unt.edu.ar<\/td>\n<td style=\"width: 393px;\">Administrador<\/td>\n<td style=\"width: 390px;\">Docente FACET-UNT<\/p>\n<p>Posdoc CONICET<\/td>\n<\/tr>\n<tr>\n<td style=\"width: 235px;\">Paolini, Maximiliano<\/td>\n<td style=\"width: 393px;\">Administrador<\/td>\n<td style=\"width: 390px;\">Director del Centro de Tecnolog\u00eda de Informaci\u00f3n<\/td>\n<\/tr>\n<tr>\n<td style=\"width: 235px;\">Bilbao, Javier Ignacio<\/td>\n<td style=\"width: 393px;\">Administrador<\/td>\n<td style=\"width: 390px;\">Vice-Director del Centro de Tecnolog\u00eda de Informaci\u00f3n<\/td>\n<\/tr>\n<\/tbody>\n<\/table>\n<p><a id=\"consejo_asesor\"><\/a><span style=\"color: #ffffff;\">fisla<\/span><\/p>\n<h3>3. Consejo Asesor<\/h3>\n<table>\n<tbody>\n<tr>\n<td style=\"width: 236px;\">Manzano, Eduardo<\/td>\n<td style=\"width: 400px;\">Director del Departamento de Ciencia y T\u00e9cnica<\/td>\n<\/tr>\n<tr>\n<td style=\"width: 236px;\">Madariaga, Gerardo C\u00e9sar<\/td>\n<td style=\"width: 400px;\">Secretario de Gesti\u00f3n y Extensi\u00f3n<\/td>\n<\/tr>\n<tr>\n<td style=\"width: 236px;\">Cesca, Mario Rodolfo<\/td>\n<td style=\"width: 400px;\">Investigador de la FACET-UNT<\/td>\n<\/tr>\n<tr>\n<td style=\"width: 236px;\">Tirado, M\u00f3nica Cecilia<\/td>\n<td style=\"width: 400px;\">Investigador de la FACET-UNT<\/td>\n<\/tr>\n<tr>\n<td style=\"width: 236px;\">Cabrera, Miguel \u00c1ngel<\/td>\n<td style=\"width: 400px;\">Investigador de la FACET-UNT<\/td>\n<\/tr>\n<tr>\n<td style=\"width: 236px;\">\u00c1vila, C\u00e9sar Luis<\/td>\n<td style=\"width: 400px;\">Rep. Unidades Academicas Externas a la FACET<\/td>\n<\/tr>\n<\/tbody>\n<\/table>\n<p>&nbsp;<\/p>\n","protected":false},"excerpt":{"rendered":"<p>fisla 1. Directora Dra. Mar\u00eda Graciela Molina Dpto. de Ciencias de la Computaci\u00f3n -FACET-UNT-CONICET gmolina@herrera.unt.edu.ar fisla 2. Direcci\u00f3n T\u00e9cnica Mg. Ticiano Torres Peralta ttorres@herrera.unt.edu.ar &nbsp; &nbsp; Coordinador T\u00e9cnico y Administrador Docente\/Investigador Dpto. de Ciencias de la Computaci\u00f3n FACET-UNT Ezequiel Tosi etosi@herrera.unt.edu.ar Administrador Docente FACET-UNT Posdoc CONICET Paolini, Maximiliano Administrador Director del Centro de Tecnolog\u00eda de [&hellip;]<\/p>\n","protected":false},"author":20,"featured_media":0,"parent":0,"menu_order":1,"comment_status":"closed","ping_status":"closed","template":"","meta":[],"_links":{"self":[{"href":"https:\/\/www.facet.unt.edu.ar\/scad-cti\/wp-json\/wp\/v2\/pages\/112"}],"collection":[{"href":"https:\/\/www.facet.unt.edu.ar\/scad-cti\/wp-json\/wp\/v2\/pages"}],"about":[{"href":"https:\/\/www.facet.unt.edu.ar\/scad-cti\/wp-json\/wp\/v2\/types\/page"}],"author":[{"embeddable":true,"href":"https:\/\/www.facet.unt.edu.ar\/scad-cti\/wp-json\/wp\/v2\/users\/20"}],"replies":[{"embeddable":true,"href":"https:\/\/www.facet.unt.edu.ar\/scad-cti\/wp-json\/wp\/v2\/comments?post=112"}],"version-history":[{"count":17,"href":"https:\/\/www.facet.unt.edu.ar\/scad-cti\/wp-json\/wp\/v2\/pages\/112\/revisions"}],"predecessor-version":[{"id":732,"href":"https:\/\/www.facet.unt.edu.ar\/scad-cti\/wp-json\/wp\/v2\/pages\/112\/revisions\/732"}],"wp:attachment":[{"href":"https:\/\/www.facet.unt.edu.ar\/scad-cti\/wp-json\/wp\/v2\/media?parent=112"}],"curies":[{"name":"wp","href":"https:\/\/api.w.org\/{rel}","templated":true}]}}