{"id":126,"date":"2017-10-18T19:18:02","date_gmt":"2017-10-18T22:18:02","guid":{"rendered":"https:\/\/www.facet.unt.edu.ar\/scad-cti\/?page_id=126"},"modified":"2018-08-17T17:45:09","modified_gmt":"2018-08-17T20:45:09","slug":"solicitud-de-cuenta","status":"publish","type":"page","link":"https:\/\/www.facet.unt.edu.ar\/scad-cti\/solicitud-de-cuenta\/","title":{"rendered":"Solicitud de Cuenta"},"content":{"rendered":"<h2>1. Tipos de Solicitud de cuenta<\/h2>\n<h5 style=\"padding-left: 30px;\">1.1. Usuarios UNT<\/h5>\n<p style=\"padding-left: 30px; text-align: justify;\">Los usuarios pertenecientes a la UNT con acceso a la red herrera, solamente debe completar el\u00a0<a href=\"https:\/\/www.facet.unt.edu.ar\/scad-cti\/solicitud-cuenta-usuario\/\">formulario<\/a> de solicitud\u00a0de cuenta.<\/p>\n<p>&nbsp;<\/p>\n<h5 style=\"padding-left: 30px;\">1.2. Usuario externo UNT<\/h5>\n<p style=\"padding-left: 30px; text-align: justify;\">Los usuarios externos a la UNT, pueden requerir acceso a clusterTUCU mediante la cuota del Sistema Nacional de Computaci\u00f3n de Alto Desempe\u00f1o (<a href=\"http:\/\/www.supercalculo.mincyt.gob.ar\/\" target=\"_blank\" rel=\"noopener\">SNCAD<\/a>).<\/p>\n<p style=\"padding-left: 30px; text-align: justify;\">Para ello, el director o responsable de la Unidad Ejecutora (UE) a la que pertenece el personal que requiere acceso, debe enviar una nota escrita (<a href=\"#nota_usuario_ext_unt\">ver modelo nota<\/a>) al Director del Sistema de C\u00f3mputo de Alto Desempe\u00f1o de la Universidad Nacional de Tucum\u00e1n (SCADUNT). Esta nota firmada y escaneada se debe adjuntar en formato pdf en el <a href=\"https:\/\/www.facet.unt.edu.ar\/scad-cti\/solicitud-cuenta-usuario-externo-unt\/\">formulario<\/a> de solicitud de cuenta de usuario y tambi\u00e9n completar los datos requeridos en el mismo formulario.\u00a0Para finalizar el tr\u00e1mite se debe presentar la nota formal escrita.<\/p>\n<p>&nbsp;<\/p>\n<h2>2. Formulario de Solicitud de Cuenta<\/h2>\n<p style=\"padding-left: 30px;\">2.1. Usuarios UNT, ir a\u00a0<a href=\"https:\/\/www.facet.unt.edu.ar\/scad-cti\/solicitud-cuenta-usuario\/\">formulario<\/a><\/p>\n<p style=\"padding-left: 30px;\">2.2. Usuario externo UNT, ir a <a href=\"https:\/\/www.facet.unt.edu.ar\/scad-cti\/solicitud-cuenta-usuario-externo-unt\/\">formulario<\/a><\/p>\n<p><a id=\"nota_usuario_ext_unt\"><\/a><span style=\"color: #ffffff;\">fisla<\/span><\/p>\n<h2>3. Nota para Usuario externo a la UNT<\/h2>\n<p style=\"padding-left: 30px; text-align: justify;\">[Membrete del instituto\/UE]<\/p>\n<p style=\"padding-left: 30px; text-align: justify;\">Sr. Director del Sistema de C\u00f3mputo de Alto Desempe\u00f1o de la Universidad Nacional de Tucum\u00e1n<\/p>\n<p style=\"padding-left: 30px; text-align: justify;\">Por la presente solicito se le brinde acceso al sistema de c\u00e1lculo clusterTUCU administrado por el Sistema de Computo de Alto Desempe\u00f1o de la Universidad Nacional de Tucum\u00e1n a ________________________________________ _____________________________________(de ahora en adelante \u201cel USUARIO\u201d) quien es [Becario\/Docente\/Investigador\/Profesional] de nuestra instituci\u00f3n a fin de realizar c\u00e1lculos para: [investigaci\u00f3n\/proyecto\/tesis].<\/p>\n<p style=\"padding-left: 30px; text-align: justify;\">El USUARIO se compromete a cumplir con el Reglamento del Sistema de C\u00f3mputo de Alto Desempe\u00f1o de la Universidad Nacional de Tucum\u00e1n (disponible en <a href=\"http:\/\/www.facet.unt.edu.ar\/scad-cti\/reglamento\/\">www.facet.unt.edu.ar\/scad-cti\/reglamento\/<\/a>).<\/p>\n<p style=\"padding-left: 30px; text-align: justify;\">Por la presente tomamos conocimiento que los recursos asignados al USUARIO son parte de la cuota del Sistema Nacional de Computaci\u00f3n de Alto Desempe\u00f1o (SNCAD) para usuarios externos.<\/p>\n<p style=\"padding-left: 30px; text-align: justify;\">Atte.<\/p>\n<p>&nbsp;<\/p>\n<h2>4. Duraci\u00f3n de Cuenta y Renovaci\u00f3n<\/h2>\n<p style=\"text-align: justify; padding-left: 30px;\">Cada cuenta tendr\u00e1 valides de 4 meses, finalizado el plazo el usuario podr\u00e1 solicitar una renovaci\u00f3n. En caso de no solicitar renovaci\u00f3n, el usuario ser\u00e1 informado para que retire sus archivos del cl\u00faster, disponiendo de un mes para ejecutar la tarea, posterior a este plazo los archivos ser\u00e1n eliminados.<\/p>\n","protected":false},"excerpt":{"rendered":"<p>1. Tipos de Solicitud de cuenta 1.1. Usuarios UNT Los usuarios pertenecientes a la UNT con acceso a la red herrera, solamente debe completar el\u00a0formulario de solicitud\u00a0de cuenta. &nbsp; 1.2. Usuario externo UNT Los usuarios externos a la UNT, pueden requerir acceso a clusterTUCU mediante la cuota del Sistema Nacional de Computaci\u00f3n de Alto Desempe\u00f1o [&hellip;]<\/p>\n","protected":false},"author":20,"featured_media":0,"parent":0,"menu_order":4,"comment_status":"closed","ping_status":"closed","template":"","meta":[],"_links":{"self":[{"href":"https:\/\/www.facet.unt.edu.ar\/scad-cti\/wp-json\/wp\/v2\/pages\/126"}],"collection":[{"href":"https:\/\/www.facet.unt.edu.ar\/scad-cti\/wp-json\/wp\/v2\/pages"}],"about":[{"href":"https:\/\/www.facet.unt.edu.ar\/scad-cti\/wp-json\/wp\/v2\/types\/page"}],"author":[{"embeddable":true,"href":"https:\/\/www.facet.unt.edu.ar\/scad-cti\/wp-json\/wp\/v2\/users\/20"}],"replies":[{"embeddable":true,"href":"https:\/\/www.facet.unt.edu.ar\/scad-cti\/wp-json\/wp\/v2\/comments?post=126"}],"version-history":[{"count":16,"href":"https:\/\/www.facet.unt.edu.ar\/scad-cti\/wp-json\/wp\/v2\/pages\/126\/revisions"}],"predecessor-version":[{"id":456,"href":"https:\/\/www.facet.unt.edu.ar\/scad-cti\/wp-json\/wp\/v2\/pages\/126\/revisions\/456"}],"wp:attachment":[{"href":"https:\/\/www.facet.unt.edu.ar\/scad-cti\/wp-json\/wp\/v2\/media?parent=126"}],"curies":[{"name":"wp","href":"https:\/\/api.w.org\/{rel}","templated":true}]}}