{"id":128,"date":"2017-10-18T19:21:15","date_gmt":"2017-10-18T22:21:15","guid":{"rendered":"https:\/\/www.facet.unt.edu.ar\/scad-cti\/?page_id=128"},"modified":"2018-08-17T17:04:37","modified_gmt":"2018-08-17T20:04:37","slug":"guia-de-usuario","status":"publish","type":"page","link":"https:\/\/www.facet.unt.edu.ar\/scad-cti\/guia-de-usuario\/","title":{"rendered":"Gu\u00eda de Usuario"},"content":{"rendered":"<p><a href=\"#introducion\">1. Introducci\u00f3n<\/a><\/p>\n<p><a href=\"#asistencia_tecnica\">2. Asistencia T\u00e9cnica de Administradores<\/a><\/p>\n<p><a href=\"#conexion_cluster_TUCU\">3. Conexi\u00f3n a clusterTUCU<\/a><\/p>\n<p><a href=\"#home\">4. Directorio Personal (home)<\/a><\/p>\n<p><a href=\"#copias_archivo_entre_cliente_y_servidor\">5. Copias de archivo entre cliente y servidor<\/a><\/p>\n<p><a href=\"#ejecucion_trabajos\">6. Ejecuci\u00f3n de Trabajos<\/a><\/p>\n<p><a href=\"#monitoreo\">7. Monitoreo<\/a><\/p>\n<p><a href=\"#como_citar_el_cluster\">8. Como citar el clusterTUCU<\/a><\/p>\n<p><a href=\"#contacto\">9. Contacto<\/a><\/p>\n<hr \/>\n<p><a id=\"introduccion\"><\/a><span style=\"color: #ffffff;\">Introducci\u00f3n<\/span><\/p>\n<h2>1. Introducci\u00f3n<\/h2>\n<p style=\"text-align: justify;\">Esta gu\u00eda de usuario tiene por objetivo transmitir las nociones b\u00e1sicas para el uso del cluster. Contiene instrucciones para la conexi\u00f3n al cluster, transferencia de archivos, ejecuci\u00f3n de trabajos y monitorio.<\/p>\n<p><a id=\"asistencia_tecnica\"><\/a><span style=\"color: #ffffff;\">asistencia_tecnica<\/span><\/p>\n<h2>2. Asistencia T\u00e9cnica de Administradores<\/h2>\n<p style=\"text-align: justify;\">La asistencia t\u00e9cnica proporcionada por los administradores del cluster se limita a\u00a0conexi\u00f3n al cluster, transferencia de archivos, ejecuci\u00f3n de trabajos y monitorio. Tambi\u00e9n esta a cargo de los administradores la instalaci\u00f3n de librer\u00edas y dependiendo de la disponibilidad de los administradores realizaran recomendaciones para optimizar la ejecuci\u00f3n las aplicaciones de los usuarios.<\/p>\n<p><a id=\"conexion_cluster_TUCU\"><\/a><span style=\"color: #ffffff;\">conexion_cluster_TUCU<\/span><\/p>\n<h2>3. Conexi\u00f3n a clusterTUCU<\/h2>\n<h3>3.1. Acceso desde red UNT<\/h3>\n<p style=\"padding-left: 30px;\">Se accedera mediante IP privada a trav\u00e9s del protocolo SSH (puerto 22), en linux esto puede realizarce directamente desde una terminal y en Windows mediante las aplicaciones\u00a0<a href=\"https:\/\/mobaxterm.mobatek.net\/download.html\" target=\"_blank\" rel=\"noopener\">MobaXterm<\/a>\u00a0o\u00a0<a href=\"http:\/\/www.putty.org\/\" target=\"_blank\" rel=\"noopener\">putyy<\/a>.<\/p>\n<p>&nbsp;<\/p>\n<ul>\n<li>Acceso desde cliente windows<\/li>\n<\/ul>\n<p style=\"padding-left: 30px;\">1. Mediante <strong>MobaXterm<\/strong><\/p>\n<p style=\"padding-left: 60px;\">Abrir MobaXterm e inciar terminal<\/p>\n<p style=\"padding-left: 60px;\"><img decoding=\"async\" loading=\"lazy\" class=\"alignnone wp-image-298 size-large\" src=\"https:\/\/www.facet.unt.edu.ar\/scad-cti\/wp-content\/uploads\/sites\/59\/2017\/11\/1-MobaXterm-1024x559.jpg\" alt=\"\" width=\"720\" height=\"393\" srcset=\"https:\/\/www.facet.unt.edu.ar\/scad-cti\/wp-content\/uploads\/sites\/59\/2017\/11\/1-MobaXterm-1024x559.jpg 1024w, https:\/\/www.facet.unt.edu.ar\/scad-cti\/wp-content\/uploads\/sites\/59\/2017\/11\/1-MobaXterm-300x164.jpg 300w, https:\/\/www.facet.unt.edu.ar\/scad-cti\/wp-content\/uploads\/sites\/59\/2017\/11\/1-MobaXterm-768x419.jpg 768w, https:\/\/www.facet.unt.edu.ar\/scad-cti\/wp-content\/uploads\/sites\/59\/2017\/11\/1-MobaXterm.jpg 1103w\" sizes=\"(max-width: 720px) 100vw, 720px\" \/><\/p>\n<p style=\"padding-left: 60px;\"><img decoding=\"async\" loading=\"lazy\" class=\"alignnone wp-image-300 size-large\" src=\"https:\/\/www.facet.unt.edu.ar\/scad-cti\/wp-content\/uploads\/sites\/59\/2017\/11\/2-MobaXterm-1024x559.jpg\" alt=\"\" width=\"720\" height=\"393\" srcset=\"https:\/\/www.facet.unt.edu.ar\/scad-cti\/wp-content\/uploads\/sites\/59\/2017\/11\/2-MobaXterm-1024x559.jpg 1024w, https:\/\/www.facet.unt.edu.ar\/scad-cti\/wp-content\/uploads\/sites\/59\/2017\/11\/2-MobaXterm-300x164.jpg 300w, https:\/\/www.facet.unt.edu.ar\/scad-cti\/wp-content\/uploads\/sites\/59\/2017\/11\/2-MobaXterm-768x419.jpg 768w, https:\/\/www.facet.unt.edu.ar\/scad-cti\/wp-content\/uploads\/sites\/59\/2017\/11\/2-MobaXterm.jpg 1103w\" sizes=\"(max-width: 720px) 100vw, 720px\" \/><\/p>\n<p style=\"padding-left: 60px;\">Introducir comando <span style=\"color: #008000;\">ssh<\/span> + <span style=\"color: #ff0000;\">nombre de usuario<\/span> + @ + <span style=\"color: #0000ff;\">IP<\/span> (<span style=\"color: #008000;\">ssh<\/span> <span style=\"color: #ff0000;\">usuario<\/span>@<span style=\"color: #0000ff;\">10.10.4.21<\/span>) y luego contrase\u00f1a de usuario<\/p>\n<p style=\"padding-left: 60px;\"><img decoding=\"async\" loading=\"lazy\" class=\"alignnone wp-image-302 size-large\" src=\"https:\/\/www.facet.unt.edu.ar\/scad-cti\/wp-content\/uploads\/sites\/59\/2017\/11\/3-MobaXterm-1024x559.jpg\" alt=\"\" width=\"720\" height=\"393\" srcset=\"https:\/\/www.facet.unt.edu.ar\/scad-cti\/wp-content\/uploads\/sites\/59\/2017\/11\/3-MobaXterm-1024x559.jpg 1024w, https:\/\/www.facet.unt.edu.ar\/scad-cti\/wp-content\/uploads\/sites\/59\/2017\/11\/3-MobaXterm-300x164.jpg 300w, https:\/\/www.facet.unt.edu.ar\/scad-cti\/wp-content\/uploads\/sites\/59\/2017\/11\/3-MobaXterm-768x419.jpg 768w, https:\/\/www.facet.unt.edu.ar\/scad-cti\/wp-content\/uploads\/sites\/59\/2017\/11\/3-MobaXterm.jpg 1103w\" sizes=\"(max-width: 720px) 100vw, 720px\" \/><\/p>\n<p style=\"padding-left: 60px;\"><img decoding=\"async\" loading=\"lazy\" class=\"alignnone wp-image-306 size-large\" src=\"https:\/\/www.facet.unt.edu.ar\/scad-cti\/wp-content\/uploads\/sites\/59\/2017\/11\/5-MobaXterm-1024x559.jpg\" alt=\"\" width=\"720\" height=\"393\" srcset=\"https:\/\/www.facet.unt.edu.ar\/scad-cti\/wp-content\/uploads\/sites\/59\/2017\/11\/5-MobaXterm-1024x559.jpg 1024w, https:\/\/www.facet.unt.edu.ar\/scad-cti\/wp-content\/uploads\/sites\/59\/2017\/11\/5-MobaXterm-300x164.jpg 300w, https:\/\/www.facet.unt.edu.ar\/scad-cti\/wp-content\/uploads\/sites\/59\/2017\/11\/5-MobaXterm-768x419.jpg 768w, https:\/\/www.facet.unt.edu.ar\/scad-cti\/wp-content\/uploads\/sites\/59\/2017\/11\/5-MobaXterm.jpg 1103w\" sizes=\"(max-width: 720px) 100vw, 720px\" \/><\/p>\n<p>&nbsp;<\/p>\n<p style=\"padding-left: 30px;\">2. Mediante <strong>Putty<\/strong><\/p>\n<p style=\"padding-left: 60px;\">Abrir Putty, introducir <span style=\"color: #0000ff;\">IP<\/span> (<span style=\"color: #0000ff;\">10.10.4.21<\/span>) e inciar conexi\u00f3n (Open)<\/p>\n<p style=\"padding-left: 60px;\"><img decoding=\"async\" loading=\"lazy\" class=\"alignnone wp-image-299 size-full\" src=\"https:\/\/www.facet.unt.edu.ar\/scad-cti\/wp-content\/uploads\/sites\/59\/2017\/11\/1-Putty.jpg\" alt=\"\" width=\"466\" height=\"448\" srcset=\"https:\/\/www.facet.unt.edu.ar\/scad-cti\/wp-content\/uploads\/sites\/59\/2017\/11\/1-Putty.jpg 466w, https:\/\/www.facet.unt.edu.ar\/scad-cti\/wp-content\/uploads\/sites\/59\/2017\/11\/1-Putty-300x288.jpg 300w\" sizes=\"(max-width: 466px) 100vw, 466px\" \/><\/p>\n<p style=\"padding-left: 60px;\"><img decoding=\"async\" loading=\"lazy\" class=\"alignnone wp-image-301 size-full\" src=\"https:\/\/www.facet.unt.edu.ar\/scad-cti\/wp-content\/uploads\/sites\/59\/2017\/11\/2-Putty.jpg\" alt=\"\" width=\"466\" height=\"448\" srcset=\"https:\/\/www.facet.unt.edu.ar\/scad-cti\/wp-content\/uploads\/sites\/59\/2017\/11\/2-Putty.jpg 466w, https:\/\/www.facet.unt.edu.ar\/scad-cti\/wp-content\/uploads\/sites\/59\/2017\/11\/2-Putty-300x288.jpg 300w\" sizes=\"(max-width: 466px) 100vw, 466px\" \/><\/p>\n<p style=\"padding-left: 60px;\">Se abrir\u00e1 la siguiente terminal, donde se ingresa <span style=\"color: #ff0000;\">nombre de usuario<\/span> (<span style=\"color: #ff0000;\">usuario<\/span>)\u00a0y luego contrase\u00f1a de usuario<\/p>\n<p style=\"padding-left: 60px;\"><img decoding=\"async\" loading=\"lazy\" class=\"alignnone wp-image-305 size-full\" src=\"https:\/\/www.facet.unt.edu.ar\/scad-cti\/wp-content\/uploads\/sites\/59\/2017\/11\/4-Putty.jpg\" alt=\"\" width=\"675\" height=\"424\" srcset=\"https:\/\/www.facet.unt.edu.ar\/scad-cti\/wp-content\/uploads\/sites\/59\/2017\/11\/4-Putty.jpg 675w, https:\/\/www.facet.unt.edu.ar\/scad-cti\/wp-content\/uploads\/sites\/59\/2017\/11\/4-Putty-300x188.jpg 300w\" sizes=\"(max-width: 675px) 100vw, 675px\" \/><\/p>\n<p style=\"padding-left: 60px;\"><img decoding=\"async\" loading=\"lazy\" class=\"alignnone wp-image-307 size-full\" src=\"https:\/\/www.facet.unt.edu.ar\/scad-cti\/wp-content\/uploads\/sites\/59\/2017\/11\/5-Putty.jpg\" alt=\"\" width=\"675\" height=\"424\" srcset=\"https:\/\/www.facet.unt.edu.ar\/scad-cti\/wp-content\/uploads\/sites\/59\/2017\/11\/5-Putty.jpg 675w, https:\/\/www.facet.unt.edu.ar\/scad-cti\/wp-content\/uploads\/sites\/59\/2017\/11\/5-Putty-300x188.jpg 300w\" sizes=\"(max-width: 675px) 100vw, 675px\" \/><\/p>\n<p>&nbsp;<\/p>\n<p>&nbsp;<\/p>\n<h3>3.2. Acceso externo a UNT por SNCAD<\/h3>\n<p style=\"padding-left: 30px;\">Se accedera mediante IP publica (en este caso la IP con puerto no est\u00e1ndar, esta redireccionada al puero 22 de la IP privada) a trav\u00e9s del protocolo SSH (puerto 22), en linux esto puede realizarce directamente desde una terminal y en Windows mediante las aplicaciones\u00a0<a href=\"https:\/\/mobaxterm.mobatek.net\/download.html\" target=\"_blank\" rel=\"noopener\">MobaXterm<\/a>,\u00a0<a href=\"http:\/\/www.putty.org\/\" target=\"_blank\" rel=\"noopener\">putyy<\/a>\u00a0o\u00a0<a href=\"https:\/\/wiki.x2go.org\/doku.php\/download:start\" target=\"_blank\" rel=\"noopener\">X2Go Client<\/a>.<\/p>\n<p style=\"padding-left: 30px;\"><span style=\"color: #ff0000;\">&gt;&gt;&gt; Tipo de acceso en implementaci\u00f3n<\/span><\/p>\n<p><a id=\"home\"><\/a><span style=\"color: #ffffff;\">home<\/span><\/p>\n<h2>4. Directorio Personal (home)<\/h2>\n<p style=\"padding-left: 30px;\">El directorio personal es de uso exclusivo del usuario propietario, ning\u00fan otro usuario tiene acceso de edici\u00f3n, ni de visualizaci\u00f3n. El mismo esta ubicado en <span style=\"color: #0000ff;\">\/home\/&lt;nombre usuario&gt;<\/span>.<\/p>\n<p><a id=\"copias_archivo_entre_cliente_y_servidor\"><\/a><span style=\"color: #ffffff;\">copias_archivo_entre_cliente_y_servidor<\/span><\/p>\n<h2>5. Copias de archivo entre cliente y servidor<\/h2>\n<p style=\"padding-left: 30px;\">Cliente windows: la copia de archivos entre cliente-servidor y servidor-cliente se puede usar la aplicaci\u00f3n <a href=\"https:\/\/winscp.net\/eng\/download.php\" target=\"_blank\" rel=\"noopener\">WinSCP<\/a>.<\/p>\n<p style=\"padding-left: 60px;\">Abrir WinSCP, crear una sesi\u00f3n con los datos de conexi\u00f3n: IP, nombre usuario, puerto y contrase\u00f1a de usuario (este ultimo es opcional)<\/p>\n<p style=\"padding-left: 60px;\"><img decoding=\"async\" loading=\"lazy\" class=\"alignnone wp-image-310 size-full\" src=\"https:\/\/www.facet.unt.edu.ar\/scad-cti\/wp-content\/uploads\/sites\/59\/2017\/11\/1-winSCP.jpg\" alt=\"\" width=\"640\" height=\"430\" srcset=\"https:\/\/www.facet.unt.edu.ar\/scad-cti\/wp-content\/uploads\/sites\/59\/2017\/11\/1-winSCP.jpg 640w, https:\/\/www.facet.unt.edu.ar\/scad-cti\/wp-content\/uploads\/sites\/59\/2017\/11\/1-winSCP-300x202.jpg 300w, https:\/\/www.facet.unt.edu.ar\/scad-cti\/wp-content\/uploads\/sites\/59\/2017\/11\/1-winSCP-272x182.jpg 272w\" sizes=\"(max-width: 640px) 100vw, 640px\" \/><\/p>\n<p style=\"padding-left: 60px;\"><img decoding=\"async\" loading=\"lazy\" class=\"alignnone size-full wp-image-311\" src=\"https:\/\/www.facet.unt.edu.ar\/scad-cti\/wp-content\/uploads\/sites\/59\/2017\/11\/2-winSCP.jpg\" alt=\"\" width=\"640\" height=\"430\" srcset=\"https:\/\/www.facet.unt.edu.ar\/scad-cti\/wp-content\/uploads\/sites\/59\/2017\/11\/2-winSCP.jpg 640w, https:\/\/www.facet.unt.edu.ar\/scad-cti\/wp-content\/uploads\/sites\/59\/2017\/11\/2-winSCP-300x202.jpg 300w, https:\/\/www.facet.unt.edu.ar\/scad-cti\/wp-content\/uploads\/sites\/59\/2017\/11\/2-winSCP-272x182.jpg 272w\" sizes=\"(max-width: 640px) 100vw, 640px\" \/><\/p>\n<p>&nbsp;<\/p>\n<p style=\"padding-left: 60px;\">Guardar sesi\u00f3n para que este disponible en futuros ingresos.<\/p>\n<p style=\"padding-left: 60px;\"><img decoding=\"async\" loading=\"lazy\" class=\"alignnone size-full wp-image-312\" src=\"https:\/\/www.facet.unt.edu.ar\/scad-cti\/wp-content\/uploads\/sites\/59\/2017\/11\/3-winSCP.jpg\" alt=\"\" width=\"640\" height=\"430\" srcset=\"https:\/\/www.facet.unt.edu.ar\/scad-cti\/wp-content\/uploads\/sites\/59\/2017\/11\/3-winSCP.jpg 640w, https:\/\/www.facet.unt.edu.ar\/scad-cti\/wp-content\/uploads\/sites\/59\/2017\/11\/3-winSCP-300x202.jpg 300w, https:\/\/www.facet.unt.edu.ar\/scad-cti\/wp-content\/uploads\/sites\/59\/2017\/11\/3-winSCP-272x182.jpg 272w\" sizes=\"(max-width: 640px) 100vw, 640px\" \/><\/p>\n<p>&nbsp;<\/p>\n<p style=\"padding-left: 60px;\">Seleccionar sesi\u00f3n y conectar<\/p>\n<p style=\"padding-left: 60px;\"><img decoding=\"async\" loading=\"lazy\" class=\"alignnone size-full wp-image-313\" src=\"https:\/\/www.facet.unt.edu.ar\/scad-cti\/wp-content\/uploads\/sites\/59\/2017\/11\/4-winSCP.jpg\" alt=\"\" width=\"955\" height=\"771\" srcset=\"https:\/\/www.facet.unt.edu.ar\/scad-cti\/wp-content\/uploads\/sites\/59\/2017\/11\/4-winSCP.jpg 955w, https:\/\/www.facet.unt.edu.ar\/scad-cti\/wp-content\/uploads\/sites\/59\/2017\/11\/4-winSCP-300x242.jpg 300w, https:\/\/www.facet.unt.edu.ar\/scad-cti\/wp-content\/uploads\/sites\/59\/2017\/11\/4-winSCP-768x620.jpg 768w\" sizes=\"(max-width: 955px) 100vw, 955px\" \/><\/p>\n<p style=\"text-align: justify; padding-left: 60px;\">En la ventana de la izquierda se encuentran los directorios de la PC cliente, a partir de la cual se pueden <span style=\"color: #008000;\"><strong>Subir<\/strong><\/span>\u00a0los archivos al servidor. En la ventana de la derecha se encuentran los directorio del servidor, a partir del cual se pueden <span style=\"color: #008000;\"><strong>Descargar<\/strong><\/span> los archivos a la PC cliente.<\/p>\n<p><a id=\"ejecucion_trabajos\"><\/a><span style=\"color: #ffffff;\">ejecucion_trabajos<\/span><\/p>\n<h2>6. Ejecuci\u00f3n de Trabajos<\/h2>\n<ul>\n<li>Enviar trabajos a ejecuci\u00f3n mediante script.<\/li>\n<\/ul>\n<p style=\"padding-left: 60px;\"><span style=\"color: #008000;\">qsub<\/span> archivo_script.sh<\/p>\n<p style=\"padding-left: 60px;\">Nota: al enviar el trabajo a ejecuci\u00f3n, se genera un numero de identificaci\u00f3n ID.<\/p>\n<ul>\n<li>Eliminar trabajos en ejecuci\u00f3n.<\/li>\n<\/ul>\n<p style=\"padding-left: 60px;\"><span style=\"color: #008000;\">qdel<\/span> ID<\/p>\n<ul>\n<li>Suspender ejecuci\u00f3n de trabajos (hibernar trabajo).<\/li>\n<\/ul>\n<p style=\"padding-left: 60px;\"><span style=\"color: #008000;\">qmod -sj<\/span>\u00a0ID<\/p>\n<ul>\n<li>Reanudar ejecuci\u00f3n de trabajos.<\/li>\n<\/ul>\n<p style=\"padding-left: 60px;\"><span style=\"color: #008000;\">qmod -usj<\/span>\u00a0ID<\/p>\n<p>&nbsp;<\/p>\n<ul>\n<li>Configuraci\u00f3n de <em>script<\/em> para trabajos de ejecuci\u00f3n en serie.<\/li>\n<\/ul>\n<p style=\"padding-left: 60px;\"><span style=\"color: #0000ff;\">#!bin\/bash<\/span><\/p>\n<p style=\"padding-left: 60px;\"><span style=\"color: #0000ff;\">#$ -N &lt;nombre de trabajo&gt;<\/span><\/p>\n<p style=\"padding-left: 60px;\"><span style=\"color: #0000ff;\">#$ -cwd<\/span><\/p>\n<p style=\"padding-left: 60px;\"><span style=\"color: #0000ff;\">.\/mi_aplicacion<\/span><\/p>\n<ul>\n<li>Configuraci\u00f3n de <em>script<\/em> para trabajos de ejecuci\u00f3n en paralelo con MPI.<\/li>\n<\/ul>\n<p style=\"padding-left: 60px;\"><span style=\"color: #0000ff;\">#!bin\/bash<\/span><\/p>\n<p style=\"padding-left: 60px;\"><span style=\"color: #0000ff;\">#$ -N &lt;nombre de trabajo&gt;<\/span><\/p>\n<p style=\"padding-left: 60px;\"><span style=\"color: #0000ff;\">#$ -cwd<\/span><\/p>\n<p style=\"padding-left: 60px;\"><span style=\"color: #0000ff;\">#$ -pe mpich &lt;numero de cores&gt;<\/span><\/p>\n<p style=\"padding-left: 60px;\"><span style=\"color: #0000ff;\">#$ -l h_vmem=&lt;cantidad en GB&gt;G\u00a0 \u00a0 \u00a0#L\u00edmite de memoria por core<\/span><\/p>\n<p style=\"padding-left: 60px;\"><span style=\"color: #0000ff;\">#$ -l mem_free=&lt;cantidad en GB&gt;G\u00a0 \u00a0#L\u00edmite de memoria por core (indicar mismo valor que h_vmem)<\/span><\/p>\n<p>&nbsp;<\/p>\n<p style=\"padding-left: 60px;\"><span style=\"color: #0000ff;\">mpirun -np\u00a0 $NSLOTS .\/mi_aplicacion<\/span><\/p>\n<ul>\n<li>Configuraci\u00f3n de <em>script<\/em> para trabajos de ejecuci\u00f3n en paralelo con OpenMP.<\/li>\n<\/ul>\n<p style=\"padding-left: 60px;\"><span style=\"color: #0000ff;\">#!bin\/bash<\/span><\/p>\n<p style=\"padding-left: 60px;\"><span style=\"color: #0000ff;\">#$ -N &lt;nombre de trabajo&gt;<\/span><\/p>\n<p style=\"padding-left: 60px;\"><span style=\"color: #0000ff;\">#$ -cwd<\/span><\/p>\n<p style=\"padding-left: 60px;\"><span style=\"color: #0000ff;\">#$ -pe mpich &lt;numero de cores&gt;<\/span><\/p>\n<p style=\"padding-left: 60px;\"><span style=\"color: #0000ff;\">#$ -l h_vmem=&lt;cantidad en GB&gt;G\u00a0 \u00a0 \u00a0#L\u00edmite de memoria por core<\/span><\/p>\n<p style=\"padding-left: 60px;\"><span style=\"color: #0000ff;\">#$ -l mem_free=&lt;cantidad en GB&gt;G\u00a0 \u00a0#L\u00edmite de memoria por core (indicar mismo valor que h_vmem)<\/span><\/p>\n<p>&nbsp;<\/p>\n<p style=\"padding-left: 60px;\"><span style=\"color: #0000ff;\">setenv\u00a0 OMP_NUM_THREADS $NSLOTS<\/span><\/p>\n<p style=\"padding-left: 60px;\"><span style=\"color: #0000ff;\">.\/mi_aplicaci\u00f3n<\/span><\/p>\n<ul>\n<li>Agregar librer\u00edas para ejecuci\u00f3n en serie, MPI o OpenMP<\/li>\n<\/ul>\n<p style=\"padding-left: 60px;\"><span style=\"color: #333333;\">Agregar las siguientes lineas al <em>script<\/em> antes del comando de ejecuci\u00f3n de la aplicaci\u00f3n.<\/span><\/p>\n<p style=\"padding-left: 60px;\"><span style=\"color: #0000ff;\">#Librer\u00edas<\/span><\/p>\n<p style=\"padding-left: 60px;\"><span style=\"color: #0000ff;\">source &lt;ubicaci\u00f3n de librer\u00eda&gt;\/&lt;librer\u00eda&gt; -arch intel64 -platform linux<\/span><\/p>\n<p>&nbsp;<\/p>\n<p><a id=\"monitoreo\"><\/a><span style=\"color: #ffffff;\">monitoreo<\/span><\/p>\n<h2>7. Monitoreo<\/h2>\n<ul>\n<li>Funciones de SGE<\/li>\n<\/ul>\n<p style=\"padding-left: 30px;\">Son comandos del gestor de colas SGE y se ejecutan desde terminal<\/p>\n<p style=\"padding-left: 60px;\">Visualizaci\u00f3n de configuraci\u00f3n e informaci\u00f3n de trabajos en ejecuci\u00f3n o en cola de espera.<\/p>\n<p style=\"padding-left: 90px;\"><span style=\"color: #008000;\">qstat -j<\/span> ID<\/p>\n<p style=\"padding-left: 60px;\">Visualizaci\u00f3n de configuraci\u00f3n e informaci\u00f3n de trabajos terminados.<\/p>\n<p style=\"padding-left: 90px;\"><span style=\"color: #008000;\">qacct -j<\/span> ID<\/p>\n<p style=\"padding-left: 60px;\">Visualizaci\u00f3n de trabajos en ejecuci\u00f3n del usuario indicado.<\/p>\n<p style=\"padding-left: 90px;\"><span style=\"color: #008000;\">qstat -u<\/span> &lt;nombre de usuario&gt;<\/p>\n<p style=\"padding-left: 60px;\">Visualizaci\u00f3n de nodos de calculo activos y lista de trabajos en ejecuci\u00f3n.<\/p>\n<p style=\"padding-left: 90px;\"><span style=\"color: #008000;\">qstat -f<\/span><\/p>\n<p style=\"padding-left: 60px;\">Visualizaci\u00f3n en tiempo real (<span style=\"color: #008000;\">watch<\/span>) de nodos de calculo activos y lista de trabajos en ejecuci\u00f3n. Lanzar ubicado en directorio \/home.<\/p>\n<p style=\"padding-left: 90px;\"><span style=\"color: #008000;\">watch qstat -f -u &#8216;*&#8217;<\/span><\/p>\n<p>&nbsp;<\/p>\n<ul>\n<li>Mediante Ganglia<\/li>\n<\/ul>\n<p style=\"padding-left: 30px;\"><a href=\"http:\/\/10.10.4.21\/ganglia\/\" target=\"_blank\" rel=\"noopener\">Ganglia<\/a> es un servicio de monitoreo de uso del cluster, el cual se uso a trav\u00e9s de un navegador web. De momento solo esta activo para conectarse desde la red interna de FACET.<\/p>\n<p><a id=\"como_citar_el_cluster\"><\/a><span style=\"color: #ffffff;\">como_citar_el_cluster<\/span><\/p>\n<h2>8. Como citar el clusterTUCU<\/h2>\n<p style=\"padding-left: 30px; text-align: justify;\">Todo desarrollo acad\u00e9mico-cient\u00edfico-tecnol\u00f3gico generado con equipamiento del SCADUNT deber\u00e1 incluir una referencia al mismo y en las versiones digitales debe estar activo el enlace a la web indicada . A continuaci\u00f3n un ejemplo de c\u00f3mo citar el clusterTUCU un paper o trabajo:<\/p>\n<p style=\"padding-left: 30px; text-align: justify;\"><span style=\"font-family: 'times new roman', times, serif;\"><em>El presente trabajo utiliz\u00f3 recursos computacionales de clusterTUCU del SCADUNT (<a href=\"http:\/\/www.facet.unt.edu.ar\/scad-cti\">www.facet.unt.edu.ar\/scad-cti<\/a>)<\/em><\/span><\/p>\n<p><a id=\"contacto\"><\/a><span style=\"color: #ffffff;\">Contacto<\/span><\/p>\n<h2>9. Contacto<\/h2>\n<p style=\"padding-left: 30px;\">Coordinador Tecnico y Administrador<\/p>\n<p style=\"padding-left: 30px;\">Dr. Ing. Facundo Isla<\/p>\n<p style=\"padding-left: 30px;\">admin_scad@herrera.unt.edu.ar<\/p>\n","protected":false},"excerpt":{"rendered":"<p>1. Introducci\u00f3n 2. Asistencia T\u00e9cnica de Administradores 3. Conexi\u00f3n a clusterTUCU 4. Directorio Personal (home) 5. Copias de archivo entre cliente y servidor 6. Ejecuci\u00f3n de Trabajos 7. Monitoreo 8. Como citar el clusterTUCU 9. Contacto Introducci\u00f3n 1. Introducci\u00f3n Esta gu\u00eda de usuario tiene por objetivo transmitir las nociones b\u00e1sicas para el uso del cluster. [&hellip;]<\/p>\n","protected":false},"author":20,"featured_media":0,"parent":0,"menu_order":7,"comment_status":"closed","ping_status":"closed","template":"","meta":[],"_links":{"self":[{"href":"https:\/\/www.facet.unt.edu.ar\/scad-cti\/wp-json\/wp\/v2\/pages\/128"}],"collection":[{"href":"https:\/\/www.facet.unt.edu.ar\/scad-cti\/wp-json\/wp\/v2\/pages"}],"about":[{"href":"https:\/\/www.facet.unt.edu.ar\/scad-cti\/wp-json\/wp\/v2\/types\/page"}],"author":[{"embeddable":true,"href":"https:\/\/www.facet.unt.edu.ar\/scad-cti\/wp-json\/wp\/v2\/users\/20"}],"replies":[{"embeddable":true,"href":"https:\/\/www.facet.unt.edu.ar\/scad-cti\/wp-json\/wp\/v2\/comments?post=128"}],"version-history":[{"count":57,"href":"https:\/\/www.facet.unt.edu.ar\/scad-cti\/wp-json\/wp\/v2\/pages\/128\/revisions"}],"predecessor-version":[{"id":446,"href":"https:\/\/www.facet.unt.edu.ar\/scad-cti\/wp-json\/wp\/v2\/pages\/128\/revisions\/446"}],"wp:attachment":[{"href":"https:\/\/www.facet.unt.edu.ar\/scad-cti\/wp-json\/wp\/v2\/media?parent=128"}],"curies":[{"name":"wp","href":"https:\/\/api.w.org\/{rel}","templated":true}]}}