{"id":130,"date":"2017-10-18T19:22:06","date_gmt":"2017-10-18T22:22:06","guid":{"rendered":"https:\/\/www.facet.unt.edu.ar\/scad-cti\/?page_id=130"},"modified":"2018-08-17T18:07:55","modified_gmt":"2018-08-17T21:07:55","slug":"reglamento","status":"publish","type":"page","link":"https:\/\/www.facet.unt.edu.ar\/scad-cti\/reglamento\/","title":{"rendered":"Reglamento"},"content":{"rendered":"<h2>Reglamentos<\/h2>\n<ol>\n<li style=\"text-align: justify;\"><a href=\"#reglamento_usuario\">Reglamento de Usuario clusterTUCU.<\/a><\/li>\n<li style=\"text-align: justify;\"><a href=\"#reglamento_scadunt\">Reglamento SCADUNT.<\/a><\/li>\n<li style=\"text-align: justify;\"><a href=\"#compromiso_scadunt\">Compromisos del SCADUNT para formar parte del SNCAD.<\/a><\/li>\n<\/ol>\n<hr \/>\n<p><a id=\"reglamento_usuario\"><\/a><span style=\"color: #ffffff;\">fisla<\/span><\/p>\n<h2>1. Reglamento de Usuario clusterTUCU<\/h2>\n<h2>1.1. Introduccion<\/h2>\n<p style=\"padding-left: 30px; text-align: justify;\">ClusterTUCU es un equipo de computo de alto desempe\u00f1o administrado por el Sistema de Calculo de Alto Desempe\u00f1o de la Universidad Nacional de Tucum\u00e1n (SCADUNT), dependiente de la FACET, cuyos objetivos son prestar servicios de c\u00f3mputo avanzado a usuarios del sistema cient\u00edfico.<\/p>\n<p>&nbsp;<\/p>\n<h2>1.2. Derechos y Obligaciones de los Usuarios del Equipamiento del SCADUNT<\/h2>\n<ol>\n<li style=\"padding-left: 30px; text-align: justify;\">Todo estudiante de posgrado, becario, investigador o visitante que pertenezca a un proyecto asociado a la FACET tiene acceso directo a los recursos del SCADUNT. Su cuenta y contrase\u00f1a ser\u00e1 otorgada por el Administrador del SCADUNT.<\/li>\n<li style=\"padding-left: 30px; text-align: justify;\">Estudiantes de posgrado, becarios e investigadores de otras instituciones, podr\u00e1n ser usuarios de los recursos del SCADUNT por medio de los mecanismos establecidos dentro del Sistema Nacional de Computaci\u00f3n de Alto Desempe\u00f1o (SNCAD).<\/li>\n<li style=\"padding-left: 30px; text-align: justify;\">No est\u00e1 permitido acceder a cualquiera de los equipamientos del SCADUNT con la cuenta de otro usuario, excepto los administradores y s\u00f3lo con el prop\u00f3sito de diagn\u00f3stico o correcci\u00f3n de problemas.<\/li>\n<li style=\"padding-left: 30px; text-align: justify;\">Ning\u00fan usuario est\u00e1 autorizado a pasar su contrase\u00f1a a otras personas a\u00fan trat\u00e1ndose de otro usuario del Sistema.<\/li>\n<li style=\"padding-left: 30px; text-align: justify;\">Los usuarios son responsables de elegir contrase\u00f1as seguras para sus cuentas, y de mantener dichas contrase\u00f1as de forma segura todo el tiempo. Las contrase\u00f1as deben ser cambiadas regularmente.<\/li>\n<li style=\"padding-left: 30px; text-align: justify;\">Toda cuenta de usuario creada para la realizaci\u00f3n puntual de una actividad sobre los equipos, ser\u00e1 mantenida a lo sumo 60 d\u00edas posteriores a terminada la actividad.<\/li>\n<li style=\"padding-left: 30px; text-align: justify;\">Est\u00e1 absolutamente prohibido navegar en Internet o descargar archivos a trav\u00e9s del equipamiento del SCADUNT, debiendo quedar restringido su uso a las aplicaciones de c\u00e1lculo.<\/li>\n<li style=\"padding-left: 30px; text-align: justify;\">S\u00f3lo est\u00e1n permitidas las conexiones hacia equipamiento del SCADUNT a trav\u00e9s de protocolos seguros y por puerto 22 (ssh, sftp, etc.).<\/li>\n<li style=\"padding-left: 30px; text-align: justify;\">Esta prohibido lanzar aplicaciones en el Frontend. Para un mayor aprovechamiento de los recursos se recomienda compilar la aplicaci\u00f3n, en caso de disponer de los c\u00f3digos fuentes, en los nodos de calculo y no en el Frontend.<\/li>\n<li style=\"padding-left: 30px; text-align: justify;\">El usuario debe adherir y cumplir con las reglas de uso de la red del servicio del CTI de la FACET.<\/li>\n<li style=\"padding-left: 30px; text-align: justify;\">Toda cuesti\u00f3n no contemplada en este reglamento respecto al uso del equipamiento, ser\u00e1 resuelta por el Administrador del SCADUNT.<\/li>\n<li style=\"padding-left: 30px; text-align: justify;\">Esta prohibido quebrantar los controles administrativos y la seguridad establecida por el administrador, como tambi\u00e9n esta prohibido utilizar los servicios del SCADUNT con fines ilegales.<\/li>\n<li style=\"padding-left: 30px; text-align: justify;\">Respetar las patentes y acuerdos de confidencialidad de los que tenga conocimiento como consecuencia de la utilizaci\u00f3n del Cluster, as\u00ed como los datos y ficheros que por su contenido puedan considerarse especialmente sensibles.<\/li>\n<li style=\"padding-left: 30px; text-align: justify;\">Notificar a la administraci\u00f3n del Cluster cualquier mal uso o quebrantamientos de las medidas de seguridad de los recursos del mismo o de los credenciales de usuario mediante el correo admin_scad@herrera.unt.edu.ar.<\/li>\n<li style=\"padding-left: 30px; text-align: justify;\">Reconocer el derecho de la administraci\u00f3n del Cluster a regular y denegar el acceso al sistema por razones administrativas, operacionales y de seguridad.<\/li>\n<\/ol>\n<p>&nbsp;<\/p>\n<h2>1.3. Responsabilidades<\/h2>\n<p style=\"padding-left: 30px; text-align: justify;\">Los usuarios de la infraestructura del SCADUNT ser\u00e1n responsables de cualquier violaci\u00f3n que realicen de las condiciones de uso establecidas en el presente documento.<\/p>\n<p style=\"padding-left: 30px; text-align: justify;\">En caso de demostrarse un uso incorrecto o no aceptable del Cluster de Computaci\u00f3n, la administraci\u00f3n del mismo proceder\u00e1 a la interrupci\u00f3n de los servicios que se est\u00e9n desarrollando en \u00e9l mediante alguna de las siguientes actuaciones:<\/p>\n<ol style=\"list-style-type: lower-alpha; text-align: justify;\">\n<li style=\"padding-left: 30px;\">Suspensi\u00f3n temporal del servicio: proceder\u00e1 en los casos en que tenga lugar la violaci\u00f3n de alguna de las condiciones establecidas de acceso al Cluster de Computaci\u00f3n. Tal decisi\u00f3n ser\u00e1 adoptada por la administraci\u00f3n del SCADUNT, restableci\u00e9ndose el acceso al mismo cuando la causa de adopci\u00f3n de la medida haya desaparecido.<\/li>\n<li style=\"padding-left: 30px;\">Retirada indefinida del servicio: ser\u00e1 de aplicaci\u00f3n cuando la administraci\u00f3n del SCADUNT considere que se ha incurrido en una reiterada violaci\u00f3n de las condiciones de uso establecidas para la utilizaci\u00f3n del Cluster de Computaci\u00f3n.<\/li>\n<\/ol>\n<p style=\"padding-left: 30px; text-align: justify;\">En cualquier caso, el usuario responder\u00e1 de todos los da\u00f1os y perjuicios, directos e indirectos, que se pudieran ocasionar al SCADUNT y a cualesquiera otros terceros, por raz\u00f3n de un uso inadecuado, incorrecto o negligente del Cluster de Computaci\u00f3n, oblig\u00e1ndose en todo momento a mantener a los mismos indemnes de cualquier menoscabo, p\u00e9rdida o deterioro patrimonial que pudieran sufrir por tales causas.<\/p>\n<p>&nbsp;<\/p>\n<h2>1.4. Cl\u00e1usula de cierre<\/h2>\n<p style=\"text-align: justify; padding-left: 30px;\">Si alguna de estas condiciones de la Pol\u00edtica de Uso resultara inv\u00e1lida o impracticable tras su firma, el resto de las condiciones no se ver\u00e1n afectadas.<\/p>\n<p>&nbsp;<\/p>\n<h2>1.5. Instalacion de Librerias y Actualizacion de Sistema<\/h2>\n<h3 style=\"padding-left: 30px;\">1.5.1. Librerias y aplicaciones exclusivas para cada usurio<\/h3>\n<p style=\"text-align: justify; padding-left: 30px;\">Los usuarios prodran instalar libreiras o aplicaciones en sus directorios personales, simpre que tengas las licencias de las mismas.<\/p>\n<p>&nbsp;<\/p>\n<h3 style=\"padding-left: 30px;\">1.5.2. Librerias y aplicaciones para todos los usuarios<\/h3>\n<p style=\"text-align: justify; padding-left: 30px;\">En la web de clusterTUCU (www.facet.unt.edu.ar\/scad-cti\/) se encuentra disponible un OVA para montar en VirtualBox y emular el sistema de archivos del cluster. El objetivo es poder realizar pruebas de aplicaciones y tambi\u00e9n instalaci\u00f3n y configuraci\u00f3n de librer\u00edas, por parte del administrador o de usuarios. El acceso a descarga de esta OVA requiere una contrase\u00f1a distribuida por el administrador.<\/p>\n<p style=\"text-align: justify; padding-left: 30px;\">El cluster virtual dispondr\u00e1 de un sistema de chequeo mediante tests para controlar que las nuevas librer\u00edas o aplicaciones no perjudiquen a las ya instaladas. Reci\u00e9n cuando las nuevas librer\u00edas funcionen y se demuestre que no generan conflicto con las ya instaladas, el administrador (y solo el) proceder\u00e1 a instalar en el cluster f\u00edsico las nuevas librer\u00edas y aplicaciones.<\/p>\n<p style=\"text-align: justify; padding-left: 30px;\">En el cluster virtual el usuario podr\u00e1 loguearse como root para disponer de permisos de instalaci\u00f3n, las claves de acceso a root y las llaves de conexi\u00f3n del protocolo SSH ser\u00e1n diferentes al del cluster f\u00edsico para no comprometer la seguridad del mismo.<\/p>\n<p style=\"text-align: justify; padding-left: 30px;\">El sistema de chequeo mediante tests es una base de datos la cual evoluciona a medida que los usuarios necesitan instalar nuevas librer\u00edas y aplicaciones.<\/p>\n<p>&nbsp;<\/p>\n<p><a id=\"reglamento_scadunt\"><\/a><span style=\"color: #ffffff;\">fisla<\/span><\/p>\n<h2>2. Reglamento SCADUNT<\/h2>\n<h3 style=\"padding-left: 30px;\">Cap\u00edtulo I: Del Nombre y la Sede<\/h3>\n<p style=\"text-align: justify; padding-left: 60px;\"><strong> Art\u00edculo 1<\/strong>: El SCADUNT es una dependencia de la Facultad de Ciencias Exactas y Tecnolog\u00eda (FACET) de la Universidad Nacional de Tucum\u00e1n (UNT), destinada fundamentalmente a la investigaci\u00f3n b\u00e1sica y aplicada en \u00e1reas que requieran del uso de t\u00e9cnicas y enfoques propios de la Computaci\u00f3n de Alto Rendimiento, as\u00ed como a la formaci\u00f3n de recursos humanos en tales \u00e1reas.<\/p>\n<p style=\"text-align: justify; padding-left: 60px;\"><strong>Art\u00edculo 2:<\/strong> El SCADUNT estar\u00e1 ubicado en:\u00a0 Centro de Tecnolog\u00eda de la Informaci\u00f3n (CTI) Av. Independencia 1800 Block I, Planta Baja, Of. 1-0-03 Campus Universitario Ing. Roberto Herrera (Ex Quinta Agron\u00f3mica) FACET-UNT Av. Independencia 1800 San Miguel de Tucum\u00e1n (CP4000) Tucum\u00e1n, Argentina Tel: +54 381 4107598.<\/p>\n<h3 style=\"padding-left: 30px;\"><\/h3>\n<h3 style=\"padding-left: 30px;\">Cap\u00edtulo II: De Los Objetivos<\/h3>\n<p style=\"padding-left: 60px;\"><strong>Art\u00edculo 3:<\/strong> El SCADUNT tendr\u00e1 por objetivos:<\/p>\n<ul>\n<li style=\"padding-left: 60px; text-align: justify;\">Promover, desarrollar y realizar investigaciones b\u00e1sicas y aplicadas que involucren la Computaci\u00f3n de Alto Rendimiento, utilizando para tales fines al personal ordinario de la Facultad de Ciencias Exactas y Tecnolog\u00eda, a personal visitante y al que pudiese contratar espec\u00edficamente para estas tareas.<\/li>\n<li style=\"padding-left: 60px; text-align: justify;\">Contribuir a la formaci\u00f3n de estudiantes universitarios, profesionales o investigadores a trav\u00e9s de cursos de especializaci\u00f3n, cursos de posgrado o pasant\u00edas, en disciplinas que hagan uso de la Computaci\u00f3n de Alto Rendimiento o en \u00e1reas afines que se consideren necesarias para el cumplimiento de los fines del Sistema.<\/li>\n<li style=\"padding-left: 60px; text-align: justify;\">Estudiar y buscar soluciones por iniciativa propia o a solicitud de otras instituciones p\u00fablicas o privadas a problemas que puedan ser abordados con t\u00e9cnicas, procesos o metodolog\u00edas derivadas de sus l\u00edneas de investigaci\u00f3n.<\/li>\n<li style=\"padding-left: 60px; text-align: justify;\">Brindar apoyo t\u00e9cnico a investigadores o instituciones que as\u00ed lo requieran, cuando esto sea pertinente o posible.<\/li>\n<li style=\"padding-left: 60px; text-align: justify;\">Gestionar y administrar los fondos provenientes de organismos estatales y privados del pa\u00eds y del exterior, requeridos para el cumplimiento de estos objetivos.<\/li>\n<li style=\"padding-left: 60px; text-align: justify;\">Cooperar y participar activamente en los programas nacionales e internacionales de desarrollo de la Computaci\u00f3n de Alto Rendimiento y \u00e1reas afines.<\/li>\n<li style=\"padding-left: 60px; text-align: justify;\">Brindar servicios y asesor\u00edas a la comunidad cient\u00edfica y tecnol\u00f3gica del pa\u00eds.<\/li>\n<li style=\"padding-left: 60px; text-align: justify;\">Realizar otras actividades complementarias derivadas de sus objetivos.<\/li>\n<\/ul>\n<h3><\/h3>\n<h3 style=\"padding-left: 30px;\">Cap\u00edtulo III: De los Miembros y sus Atribuciones<\/h3>\n<p style=\"padding-left: 60px; text-align: justify;\"><strong>Art\u00edculo 4 &#8211; ORGANIZACI\u00d3N DEL SCADUNT<\/strong><br \/>\nEl SCAD estar\u00e1 integrado por:<br \/>\n\u2022 Un Director<br \/>\n\u2022 Un Consejo Asesor<br \/>\n\u2022 Una Coordinaci\u00f3n T\u00e9cnica<br \/>\n\u2022 Profesionales de Apoyo<br \/>\n\u2022 Becarios y Pasantes<br \/>\n\u2022 Personal Auxiliar<\/p>\n<p style=\"padding-left: 60px; text-align: justify;\"><strong>Art\u00edculo 5 &#8211; DEL DIRECTOR<\/strong><br \/>\n\u2022 El Director, es el representante del Decanato, y ser\u00e1 designado por el Decano.<br \/>\n\u2022 La Direcci\u00f3n ser\u00e1 por un periodo de tres a\u00f1os y, en ning\u00fan caso, podr\u00e1 ser ejercida por m\u00e1s de dos periodos consecutivos.<br \/>\n\u2022 El Director asume la ejecuci\u00f3n de las pol\u00edticas y tareas fijadas por el Consejo Asesor, informando del grado de avance de la gesti\u00f3n en cada reuni\u00f3n del Consejo Asesor.<br \/>\n\u2022 El Director podr\u00e1 convocar reuniones extraordinarias del Consejo Asesor si lo considera conveniente.<br \/>\n\u2022 En caso de darse paridad en las sesiones del Consejo Asesor, ya sea en mociones de orden, o decisiones que involucren la conformaci\u00f3n de una mayor\u00eda simple, el director deber\u00e1 buscar alternativas a fin de promover un consenso, en caso de no ser posible, deber\u00e1 emitir voto rompiendo la paridad.<br \/>\n\u2022 El Director tendr\u00e1 a su cargo todas las actividades contables, administrativas y organizativas que hagan al buen funcionamiento del SCADUNT. Entre ellas, est\u00e1 la funcione de proponer los aranceles de servicios que adem\u00e1s deber\u00e1n contar con la aprobaci\u00f3n del Consejo Asesor.<br \/>\n\u2022 El Director promover\u00e1 la vinculaci\u00f3n y contactos con otras Instituciones.<br \/>\n\u2022 El Director informar\u00e1 acerca de la gesti\u00f3n al Consejo Asesor y al Decano con un Informe Anual de Gesti\u00f3n.<br \/>\n\u2022 El Director ser\u00e1 asistido por una Coordinaci\u00f3n T\u00e9cnica, en la preparaci\u00f3n de los contratos, convenios, licitaciones y en todo otro aspecto que hagan a su competencia.<\/p>\n<p style=\"padding-left: 60px; text-align: justify;\"><strong>Art\u00edculo 6 &#8211; DEL CONSEJO ASESOR<\/strong><br \/>\n\u2022 El Consejo Asesor del SCADUNT estar\u00e1 compuesto por el Director de Ciencia y T\u00e9cnica de la FACET, el director de Extensi\u00f3n y Trasferencia de la FACET, 3 (tres) investigadores designados por el Decano y un representante de Instituciones o Unidades Acad\u00e9micas externas a la FACET; todos con sus respectivos suplentes.<\/p>\n<p style=\"padding-left: 60px; text-align: justify;\">\u2022 Los integrantes del Consejo Asesor cumplir\u00e1n sus funciones por periodos de tres a\u00f1os. Dichos cargos podr\u00e1n ser reelegibles por un solo periodo consecutivo, y sin limitaci\u00f3n por per\u00edodos alternados.<br \/>\n\u2022 El Consejo Asesor sesionar\u00e1 bimestralmente en forma ordinaria con, al menos, la mitad de sus miembros.<br \/>\n\u2022 Ser\u00e1n funciones del Consejo Asesor:<br \/>\n&#8211; Fijar pol\u00edticas globales, de designaciones y de presupuesto, en cumplimiento de los objetivos se\u00f1alados en el Art. 1\u00b0.<br \/>\n&#8211; Aprobar el presupuesto anual.<br \/>\n&#8211; Revisar en forma bimestral las acciones del sistema y su Director.<br \/>\n&#8211; Aprobar la designaci\u00f3n de personal de la Secretar\u00eda T\u00e9cnica y personal espec\u00edfico del SCADUNT.<br \/>\n&#8211; Aprobar la incorporaci\u00f3n de nuevas instituciones como miembros del SCADUNT.<br \/>\n&#8211; Decidir sobre la incorporaci\u00f3n de nuevos miembros.<\/p>\n<p style=\"text-align: justify; padding-left: 60px;\"><strong>Art\u00edculo 7 &#8211; DE LA COORDINACI\u00d3N T\u00c9CNICA<\/strong><br \/>\nSus funciones ser\u00e1n:<br \/>\n\u2022 Asistir al Director en todo lo referente a los aspectos t\u00e9cnicos y cient\u00edficos del sistema.<br \/>\n\u2022 Asistir al Director en la preparaci\u00f3n del plan anual de actividades de desarrollo del sistema.<br \/>\n\u2022 Coordinar la prestaci\u00f3n de servicios.<br \/>\n\u2022 Entender, juntamente con el Director, en la preparaci\u00f3n de los contratos, convenios, licitaciones y en todo otro aspecto que hagan a su competencia.<\/p>\n<p style=\"text-align: justify; padding-left: 60px;\"><strong>Art\u00edculo 9 &#8211; DEL PERSONAL DEL CENTRO<\/strong><br \/>\nEl personal de SCADUNT estar\u00e1 integrado por las siguientes categor\u00edas:<br \/>\n\u2022 Profesionales de Apoyo<br \/>\n\u2022 Becarios y Pasantes<br \/>\n\u2022 Personal Auxiliar<br \/>\nPodr\u00e1n ser Profesionales de Apoyo: aquellos profesionales y\/o estudiantes que desarrollen sus actividades en el SCADUNT, contratados por el centro o financiados externamente.<br \/>\nPodr\u00e1n ser personal auxiliar: quienes se desempe\u00f1en en tareas t\u00e9cnicas, mantenimiento y otras funciones accesorias al funcionamiento del SCADUNT.<br \/>\nEl personal del SCADUNT ser\u00e1 designado por la v\u00eda administrativa que corresponda a propuesta del Directorio del SCADUNT.<\/p>\n<h3><\/h3>\n<h3 style=\"padding-left: 30px;\">Cap\u00edtulo IV: De los Bienes del SCADUNT y su Uso<\/h3>\n<p style=\"padding-left: 60px; text-align: justify;\"><strong>Art\u00edculo 10 &#8211; DE LOS RECURSOS<\/strong><br \/>\nEl equipamiento inicial del SCADUNT, a la fecha de aprobaci\u00f3n del presente Reglamento (adquirido a trav\u00e9s del proyecto PICT-2014-0224; Resol. 472\/14 Agencia de Promoci\u00f3n Cient\u00edfica y Tecnol\u00f3gica) incluye:<\/p>\n<p style=\"padding-left: 60px; text-align: justify;\">-Dos servidores Lenovo modelo x3750M4 (Modelo y Tipo: 8753-C1U), cada uno equipado con 4 procesadores Intel Xeon E5-4640v2 con frecuencia de reloj de 2.2GHz y 10 n\u00facleos con hyper-threading; es decir, 80 procesadores l\u00f3gicos por servidor. -Memoria RAM de 256 GigaBytes de tipo DDR3 con ECC. El almacenamiento secundario consiste en un Storage IBM Storwize V5000 (Modelo y Tipo: 2078-24C) compartido por ambos servidores mediante conexiones Fiber Channel de 8Gbps. La capacidad total, instalada en el \u201cstorage\u201d es de 10800 Gigabytes.<\/p>\n<p style=\"padding-left: 60px; text-align: justify;\"><strong>Art\u00edculo 11<\/strong> &#8211; Los recursos del SCADUNT provendr\u00e1n de:<br \/>\n\u2022 Fondos espec\u00edficos asignados por la Universidad Nacional de Tucum\u00e1n y las Instituciones Miembros.<br \/>\n\u2022 Fondos provenientes de otros organismos.<br \/>\n\u2022 Aranceles provenientes de cursos de capacitaci\u00f3n dictados en el seno del SCADUNT.<br \/>\n\u2022 Aranceles provenientes de la prestaci\u00f3n de servicios de c\u00f3mputo de alto desempe\u00f1o a entidades que se encuentren fuera del Sistema Cient\u00edfico.<br \/>\n\u2022 Aranceles provenientes de la utilizaci\u00f3n de servicios de c\u00f3mputo de alto desempe\u00f1o por parte de docentes o investigadores que presenten servicios de consultor\u00eda a terceros.<br \/>\n\u2022 Subsidios o donaciones.<\/p>\n<p style=\"text-align: justify; padding-left: 60px;\"><strong>Art\u00edculo 12<\/strong> \u2013 Los investigadores de FACET no abonar\u00e1n aranceles por el uso del SCADUNT.<\/p>\n<p style=\"text-align: justify; padding-left: 60px;\"><strong>Art\u00edculo 13<\/strong> \u2013 Los ingresos obtenidos por Servicios Externos del SCADUNT se distribuir\u00e1n de la siguiente manera:<br \/>\n-17,5% para la FACET (distribuido de la siguiente forma: 2,5% se aplicar\u00e1 a la Biblioteca de Unidad Acad\u00e9mica; el 10% se utilizar\u00e1 por la administraci\u00f3n de la FACET y el 5% restante para la administraci\u00f3n del SCADUNT).<br \/>\n-82,5% para el SCADUNT (50% se aplicar\u00e1 a la adquisici\u00f3n de bienes inventariables y el 50% restante ser\u00e1 un subsidio para el personal involucrado en las tareas del Centro).<\/p>\n<p style=\"text-align: justify; padding-left: 60px;\"><strong>Art\u00edculo 14<\/strong> \u2013 De forma Todo aspecto no incorporado en este Reglamento ser\u00e1 tratado por el Consejo Asesor con intervenci\u00f3n del Director y el Decano.<\/p>\n<p><a id=\"compromiso_scadunt\"><\/a><span style=\"color: #ffffff;\">fisla<\/span><\/p>\n<h2>3. Compromisos del SCADUNT para formar parte del SNCAD<\/h2>\n<p style=\"text-align: justify; padding-left: 60px;\">1. Declarar las caracter\u00edsticas y los datos de radicaci\u00f3n de los conjuntos de recursos de c\u00f3mputo bajo mi responsabilidad, equipados con sistemas operativos u otras aplicaciones inform\u00e1ticas que permitan el procesamiento concurrente de aplicaciones.<br \/>\n2. Aportar la informaci\u00f3n que pudiera solicitar el SNCAD sobre la prestaci\u00f3n de servicios realizadas por los equipos bajo mi responsabilidad y garantizar la continua actualizaci\u00f3n de dicha informaci\u00f3n.<br \/>\n3. Participar en las actividades necesarias para contribuir a un eficiente funcionamiento del SNCAD.<br \/>\n4. Desarrollar actividades de car\u00e1cter cient\u00edfico tecnol\u00f3gico vinculadas a las \u00e1reas de almacenamiento, computaci\u00f3n en malla, de alto desempe\u00f1o y de alto rendimiento, de visualizaci\u00f3n y otras tecnolog\u00edas emergentes y sus aportes al sector productivo y a la sociedad en general.<br \/>\n5. Contribuir en el dise\u00f1o, coordinaci\u00f3n e implementaci\u00f3n de programas de formaci\u00f3n y perfeccionamiento de recursos humanos en funci\u00f3n de los lineamientos establecidos anualmente a tal fin por el Consejo Asesor del SNCAD.<br \/>\n6. Participar de estrategias comunes para la adquisici\u00f3n y mantenimiento de equipos, repuestos y accesorios.<br \/>\n7. Contribuir al dise\u00f1o e implementaci\u00f3n de un sistema que promueva similares metodolog\u00edas para establecer costos y precios de los servicios.<br \/>\n8. Propender a la utilizaci\u00f3n de protocolos y procedimientos de uso eficiente de los equipos, recomendados por el SNCAD.<br \/>\n9. Fomentar la divulgaci\u00f3n de las aplicaciones vinculadas a las \u00e1reas de almacenamiento, computaci\u00f3n en malla, de alto desempe\u00f1o y de alto rendimiento, de visualizaci\u00f3n y otras tecnolog\u00edas emergentes.<br \/>\n10. Aportar elementos para la evaluaci\u00f3n y mejora continua del SNCAD.<br \/>\n11. Aportar a la difusi\u00f3n del SNCAD a trav\u00e9s de la publicaci\u00f3n del link del sistema en la p\u00e1gina del Centro.<br \/>\n12. Mantener una actividad anual m\u00ednima del 80%, salvo que hubiere desperfectos en el suministro el\u00e9ctrico y\/ o tareas de mantenimiento propias del centro y que fueran debidamente reportados al SNCAD.<br \/>\n13. Brindar servicios en al menos una de las siguientes \u00e1reas: almacenamiento, computaci\u00f3n de alto desempe\u00f1o (high performance computing), computaci\u00f3n en malla (grid computing), computaci\u00f3n de alto rendimiento (high throughput computing).<br \/>\n14. Mantener un responsable, y un comit\u00e9 cient\u00edfico con al menos tres miembros.<br \/>\n15. Asignar, de existir la demanda, al menos 20% de sus recursos de c\u00f3mputo a investigadores externos a la instituci\u00f3n. Cada centro evaluar\u00e1, a trav\u00e9s de su comit\u00e9 cient\u00edfico, la asignaci\u00f3n de esos recursos. Dicha asignaci\u00f3n, y la forma de implementaci\u00f3n, estar\u00e1 sujeta a est\u00e1ndares b\u00e1sicos comunes entre los centros.<br \/>\n16. Contar con un portal web que permita solicitar y monitorear el uso de los recursos.<br \/>\n17. Respetar las responsabilidades asumidas con el SNCAD en cuanto al uso del equipamiento, por sobre los convenios establecidos con terceros que involucren un compromiso temporal y\/o f\u00edsico del mismo.<\/p>\n<p>&nbsp;<\/p>\n","protected":false},"excerpt":{"rendered":"<p>Reglamentos Reglamento de Usuario clusterTUCU. Reglamento SCADUNT. Compromisos del SCADUNT para formar parte del SNCAD. fisla 1. Reglamento de Usuario clusterTUCU 1.1. Introduccion ClusterTUCU es un equipo de computo de alto desempe\u00f1o administrado por el Sistema de Calculo de Alto Desempe\u00f1o de la Universidad Nacional de Tucum\u00e1n (SCADUNT), dependiente de la FACET, cuyos objetivos son [&hellip;]<\/p>\n","protected":false},"author":20,"featured_media":0,"parent":0,"menu_order":8,"comment_status":"closed","ping_status":"closed","template":"","meta":[],"_links":{"self":[{"href":"https:\/\/www.facet.unt.edu.ar\/scad-cti\/wp-json\/wp\/v2\/pages\/130"}],"collection":[{"href":"https:\/\/www.facet.unt.edu.ar\/scad-cti\/wp-json\/wp\/v2\/pages"}],"about":[{"href":"https:\/\/www.facet.unt.edu.ar\/scad-cti\/wp-json\/wp\/v2\/types\/page"}],"author":[{"embeddable":true,"href":"https:\/\/www.facet.unt.edu.ar\/scad-cti\/wp-json\/wp\/v2\/users\/20"}],"replies":[{"embeddable":true,"href":"https:\/\/www.facet.unt.edu.ar\/scad-cti\/wp-json\/wp\/v2\/comments?post=130"}],"version-history":[{"count":22,"href":"https:\/\/www.facet.unt.edu.ar\/scad-cti\/wp-json\/wp\/v2\/pages\/130\/revisions"}],"predecessor-version":[{"id":459,"href":"https:\/\/www.facet.unt.edu.ar\/scad-cti\/wp-json\/wp\/v2\/pages\/130\/revisions\/459"}],"wp:attachment":[{"href":"https:\/\/www.facet.unt.edu.ar\/scad-cti\/wp-json\/wp\/v2\/media?parent=130"}],"curies":[{"name":"wp","href":"https:\/\/api.w.org\/{rel}","templated":true}]}}