{"id":137,"date":"2017-10-18T19:37:41","date_gmt":"2017-10-18T22:37:41","guid":{"rendered":"https:\/\/www.facet.unt.edu.ar\/scad-cti\/?page_id=137"},"modified":"2018-03-19T17:19:07","modified_gmt":"2018-03-19T20:19:07","slug":"gonzalez-vanessa","status":"publish","type":"page","link":"https:\/\/www.facet.unt.edu.ar\/scad-cti\/gonzalez-vanessa\/","title":{"rendered":"GONZALEZ Vanessa"},"content":{"rendered":"<h2>Dr. Ing. GONZALEZ LEMUS Nasly Vanessa<\/h2>\n<div>\n<table style=\"width: 750px; border-color: #ffffff;\">\n<tbody>\n<tr>\n<td style=\"width: 350px; height: 300px; background-color: #ffffff; border-color: #ffffff; text-align: center; vertical-align: middle;\"><img decoding=\"async\" loading=\"lazy\" class=\"alignnone size-medium wp-image-223\" src=\"https:\/\/www.facet.unt.edu.ar\/scad-cti\/wp-content\/uploads\/sites\/59\/2017\/10\/vane_gonzalez-300x300.png\" alt=\"\" width=\"300\" height=\"300\" srcset=\"https:\/\/www.facet.unt.edu.ar\/scad-cti\/wp-content\/uploads\/sites\/59\/2017\/10\/vane_gonzalez-300x300.png 300w, https:\/\/www.facet.unt.edu.ar\/scad-cti\/wp-content\/uploads\/sites\/59\/2017\/10\/vane_gonzalez-150x150.png 150w, https:\/\/www.facet.unt.edu.ar\/scad-cti\/wp-content\/uploads\/sites\/59\/2017\/10\/vane_gonzalez.png 389w\" sizes=\"(max-width: 300px) 100vw, 300px\" \/><\/td>\n<td style=\"width: 400px; height: 300px; border-color: #ffffff; vertical-align: top;\">\n<p style=\"padding-left: 30px;\"><a href=\"http:\/\/departamentodefisica.herrera.unt.edu.ar\" target=\"_blank\" rel=\"noopener\"><span style=\"font-family: 'times new roman', times;\">Departamento de F\u00edsica<\/span><\/a><\/p>\n<p style=\"padding-left: 30px;\"><a href=\"https:\/\/www.facet.unt.edu.ar\/\" target=\"_blank\" rel=\"noopener\">Facultad de Ciencias Exactas y Tecnolog\u00eda<\/a><\/p>\n<p style=\"padding-left: 30px;\"><span style=\"font-family: 'times new roman', times; font-size: 12pt;\"><a href=\"http:\/\/www.unt.edu.ar\/\" target=\"_blank\" rel=\"noopener\">Universidad Nacional de Tucum\u00e1n<\/a><\/span><\/p>\n<p style=\"padding-left: 30px;\"><span style=\"font-family: 'times new roman', times; font-size: 12pt;\">Av. Independencia 1800 \u2013 CP 4000<\/span><\/p>\n<p style=\"padding-left: 30px;\"><span style=\"font-family: 'times new roman', times; font-size: 12pt;\">San Miguel de Tucum\u00e1n, Tucum\u00e1n, Argentina<\/span><\/p>\n<p style=\"padding-left: 30px;\"><span style=\"font-family: 'times new roman', times; font-size: 12pt;\">Tel\/Fax Lab.: +54 (0) 381 4364093 &#8211; Int. 7575 \/ 7726<\/span><\/p>\n<p style=\"padding-left: 30px;\"><span style=\"font-family: 'times new roman', times; font-size: 12pt;\">e-mail: vanessa.gonzalez@herrera.unt.edu.ar,\u00a0 \u00a0 \u00a0 \u00a0 \u00a0 \u00a0 \u00a0 \u00a0 \u00a0 \u00a0 \u00a0 \u00a0 \u00a0 \u00a0 \u00a0 vanessa.g.lemus@gmail.com <\/span><\/p>\n<\/td>\n<\/tr>\n<\/tbody>\n<\/table>\n<\/div>\n<p>&nbsp;<\/p>\n<h2>Formaci\u00f3n Academica<\/h2>\n<ul>\n<li><strong>post-DOCTORADO<\/strong><\/li>\n<\/ul>\n<p style=\"padding-left: 60px;\"><strong>INFINOA-Nanoproject<\/strong><\/p>\n<p style=\"padding-left: 60px;\">Universidad NACIONAL DEL Tucuman- Facultad de Ciencias Exactas y Tecnolog\u00eda<\/p>\n<p style=\"padding-left: 60px;\">San Miguel de Tucum\u00e1n, Argentina, acutualidad<strong>\u00a0<\/strong><\/p>\n<ul>\n<li><strong>post-DOCTORADO<\/strong><\/li>\n<\/ul>\n<p style=\"padding-left: 60px;\"><strong>fisica de la materia condensada<\/strong><\/p>\n<p style=\"padding-left: 60px;\">Universidad NACIONAL DEL Comahue- Facultad de Ingenier\u00eda<\/p>\n<p style=\"padding-left: 60px;\">Neuqu\u00e9n, Argentina, febrero de\u00a0 2017<\/p>\n<ul>\n<li><strong>DOCTORADO<\/strong><\/li>\n<\/ul>\n<p style=\"padding-left: 60px;\"><strong>Doctor en Tecnolog\u00eda Qu\u00edmica<\/strong><\/p>\n<p style=\"padding-left: 60px;\">Universidad NACIONAL DEL LITORAL- Facultad de Ingenier\u00eda Qu\u00edmica<\/p>\n<p style=\"padding-left: 60px;\">Santa fe, Argentina, noviembre de\u00a0 2013<\/p>\n<ul>\n<li><strong>PREGRADO<\/strong><\/li>\n<\/ul>\n<p style=\"padding-left: 60px;\"><strong>Ingeniero Qu\u00edmico<\/strong><\/p>\n<p style=\"padding-left: 60px;\">Universidad de Am\u00e9rica<\/p>\n<p style=\"padding-left: 60px;\">Bogot\u00e1 DC, Colombia, marzo de\u00a0 2007<\/p>\n<ul>\n<li><strong>Otros estudios<\/strong><\/li>\n<\/ul>\n<p style=\"padding-left: 60px;\"><strong>CEDUPAL- Instituto de matem\u00e1ticas<\/strong><\/p>\n<p style=\"padding-left: 60px;\">Diplomado en Matem\u00e1ticas b\u00e1sicas y avanzadas,\u00a0Bogot\u00e1 DC 2001.<\/p>\n<p style=\"padding-left: 60px;\">Diplomado en Sistemas de gesti\u00f3n de calidad y normas ISO 9000,\u00a0Bogot\u00e1 DC 2001.<\/p>\n<p>&nbsp;<\/p>\n<h2><strong>Experiencia Acad\u00e9mica y de investigaci\u00f3n<\/strong><\/h2>\n<p><em><strong><u>Cargos acad\u00e9micos<\/u><\/strong><\/em><\/p>\n<ul>\n<li style=\"text-align: justify;\">Docente colaborador de la c\u00e1tedra de Doctorado en Ingenier\u00eda de la facultad de ingeniera, ciencias agropecuarias y ciencias de la alimentaci\u00f3n de la Universidad Nacional de Entre R\u00edos (FI-UNER): \u201cT\u00f3picos de F\u00edsica y Matem\u00e1tica Aplicadas: Dise\u00f1o de nanomateriales con teor\u00eda cu\u00e1ntica de s\u00f3lidos\u201d.<\/li>\n<\/ul>\n<p>&nbsp;<\/p>\n<p><strong><em><u>Experiencia en investigaci\u00f3n<\/u><\/em><\/strong><\/p>\n<ul>\n<li><strong><em>Agencia Nacional de Promoci\u00f3n Cient\u00edfica y Tecnol\u00f3gica \u2013<\/em> ANPCyT<\/strong><\/li>\n<\/ul>\n<p style=\"padding-left: 60px; text-align: justify;\"><em>Becaria de posgrado en el desarrollo del proyecto titulado \u201c<\/em>Integraci\u00f3n de nanomateriales con microdispositivos implantables para la generaci\u00f3n de energ\u00eda por movimientos humanos\u201d &#8211; Universidad Nacional de Entre R\u00edos (Argentina) \/ Facultad de Ingenier\u00eda \/ Departamento de Bioingenier\u00eda (2007-2009)<\/p>\n<ul>\n<li>\u00a0<strong style=\"font-size: 16px;\">Consejo Nacional de Investigaciones<\/strong><strong style=\"font-size: 16px;\"> Cient\u00edficas y T\u00e9cnicas &#8211; CONICET<\/strong><\/li>\n<\/ul>\n<p style=\"padding-left: 60px; text-align: justify;\">Becaria de posgrado en el desarrollo del proyecto titulado<em> \u201c<\/em>Investigaci\u00f3n computacional de materiales a nano y microescala, mediante la teor\u00eda cu\u00e1ntica de s\u00f3lidos y elementos finitos, para el dise\u00f1o multiescala de estructuras y dispositivos micro-electro-mec\u00e1nicos (MEMS) con funcionalidad \u00f3ptica\u201d &#8211; Centro Cient\u00edfico y Tecnol\u00f3gico CCT-Santa Fe (Argentina) \u00a0\/ Instituto de\u00a0 Desarrollo Tecnol\u00f3gico para la Industria Qu\u00edmica INTEC e\u00a0 Instituto de F\u00edsica &#8211; Santa Fe (2010-2012)<\/p>\n<ul>\n<li><strong>Consejo Nacional de Investigaciones Cient\u00edficas y T\u00e9cnicas &#8211; CONICET<\/strong><\/li>\n<\/ul>\n<p style=\"padding-left: 60px; text-align: justify;\">Becaria de Investigaci\u00f3n posdoctoral en el desarrollo del proyecto titulado \u201cTermof\u00edsica Ab-Initio para el estudio de compuestos intermet\u00e1licos de los sistemas Cu-In-Sn y afines\u201d &#8211; Instituto de Investigaci\u00f3n y Desarrollo en Ingenier\u00eda de Procesos, Biotecnolog\u00eda y Energ\u00edas Alternativas &#8211; Universidad Nacional del Comahue \/ CCT-Patagonia Norte (Argentina) (2014- 2017)<\/p>\n<ul>\n<li><strong><em>Agencia Nacional de Promoci\u00f3n Cient\u00edfica y Tecnol\u00f3gica \u2013<\/em> ANPCyT<\/strong><\/li>\n<\/ul>\n<p style=\"padding-left: 60px; text-align: justify;\"><em>Descripci\u00f3n: Investigadora en el desarrollo del proyecto titulado \u201c<\/em>Nuevas Nanoestructuras de Semiconductores: Fabricaci\u00f3n, Propiedades y Dispositivos\u201d -Laboratorio F\u00edsica del S\u00f3lido, Departamento de F\u00edsica, Facultad de Ciencias Exactas y Tecnolog\u00eda &#8211; Universidad Nacional de Tucum\u00e1n (Actualidad)<\/p>\n<p><em>\u00a0<\/em><\/p>\n<p><em><strong><u>Participaci\u00f3n en proyectos de investigaci\u00f3n <\/u><\/strong><\/em><\/p>\n<ul>\n<li><strong>PICTO ANPCyT, 30755 (08\/2007 &#8211; 08\/2009)<\/strong><\/li>\n<\/ul>\n<p style=\"padding-left: 60px; text-align: justify;\">Integraci\u00f3n de nanomateriales con microdispositivos implantables para la generaci\u00f3n de energ\u00eda por movimientos humanos.<\/p>\n<ul>\n<li><strong>Proyecto I+D CONICET 11220090100526 (03\/2010 \u2013 03\/2013) <\/strong><\/li>\n<\/ul>\n<p style=\"text-align: justify; padding-left: 60px;\">Modelizaci\u00f3n de la respuesta estructural, \u00f3ptica y magn\u00e9tica de nanomateriales.<\/p>\n<ul>\n<li><strong>Proyecto I+D CONICET (04\/2014 \u2013 11\/2016)<\/strong><\/li>\n<\/ul>\n<p style=\"text-align: justify; padding-left: 60px;\">Estudio de propiedades termodin\u00e1micas, estructurales y el\u00e9ctricas de nanoestructuras, aleaciones e intermet\u00e1licos.<\/p>\n<ul>\n<li><strong>Proyecto I+ <\/strong><strong>D (01\/2014 &#8211; 12\/2017)<\/strong><\/li>\n<\/ul>\n<p style=\"text-align: justify; padding-left: 60px;\">Modelado te\u00f3rico-computacional para la caracterizaci\u00f3n de propiedades f\u00edsicas y qu\u00edmicas de mol\u00e9culas, nanoestructuras, aleaciones e intermet\u00e1licos\u201d.<\/p>\n<ul>\n<li><strong>Proyecto PICT 0865 -2015<\/strong><\/li>\n<\/ul>\n<p style=\"text-align: justify; padding-left: 60px;\"><em>T\u00edtulo:<\/em> \u201cNuevas Nanoestructuras de Semiconductores: Fabricaci\u00f3n, Propiedades y Dispositivos\u201d.<\/p>\n<p>&nbsp;<\/p>\n<p><em><strong><u>Experiencia laboral<\/u><\/strong><\/em><\/p>\n<ul>\n<li><strong>METALQUIMICA COLOMBIANA LTDA <\/strong>(Bogot\u00e1 &#8211; Colombia)<\/li>\n<\/ul>\n<p style=\"text-align: justify; padding-left: 60px;\">Ingeniero de normatividad: Febrero de 2005- Diciembre de 2005.<\/p>\n<ul>\n<li><strong>FAL INGENIEROS CONSTRUCTORES Y AMBIENTALES <\/strong>(Bogot\u00e1 -Colombia)<\/li>\n<\/ul>\n<p style=\"text-align: justify; padding-left: 60px;\">Ingeniero de norma: Febrero de 2006- Noviembre de 2006.<\/p>\n<p>&nbsp;<\/p>\n<h2><strong>Producci\u00f3n cientifica y tecnologica<\/strong><\/h2>\n<p><em><strong><u>Presentaciones de divulgaci\u00f3n<\/u><\/strong><\/em><\/p>\n<ul>\n<li style=\"text-align: justify;\">A. Naudi, L. Makinistian, M.V. Walz, N.V. Gonz\u00e1lez Lemus, E.A. Albanesi, Calculo de propiedades de s\u00f3lidos cristalinos: estado, tendencias y aplicaciones, IV Jornadas de Divulgaci\u00f3n Cient\u00edfica y Acad\u00e9mica del Dpto. F\u00edsico-Qu\u00edmica, FI-UNER, Oro Verde, Argentina, 09\/12\/08.<\/li>\n<li style=\"text-align: justify;\">V. Gonz\u00e1lez Lemus L. Makinistian, E. A. Albanesi, A.A. Naudi, Caracterizaci\u00f3n electro\u00f3ptica del compuesto In<sub>4<\/sub>Se<sub>3<\/sub>, IV Jornadas de Divulgaci\u00f3n Cient\u00edfica y Acad\u00e9mica del Dpto. F\u00edsico-Qu\u00edmica, FI-UNER, Oro Verde, Argentina, 09\/12\/08.<\/li>\n<li style=\"text-align: justify;\">Neuqu\u00e9n Innova 2014 &#8211; Muestra Provincial de Inventores, Innovadores y Emprendedores, Descubriendo el mundo a escala nanom\u00e9trica: promesa desde lo m\u00e1s peque\u00f1o. Espacio DUAM, Neuqu\u00e9n, Argentina, 12-14\/09\/14.<strong>\u00a0<\/strong><\/li>\n<\/ul>\n<p><strong>\u00a0<\/strong><\/p>\n<p><em><strong><u>Trabajos Publicados en revistas indexadas<\/u><\/strong><\/em><\/p>\n<ul>\n<li style=\"text-align: justify;\"><strong>\u201cAb initio calculations and ellipsometry measurements of the optical properties of layered semiconductor In<sub>4<\/sub>Se<sub>3<\/sub>\u201d,<\/strong> Physical Review B 81, 2010. Autores: L. Makinistian, E.A. Albanesi, N.V. Gonz\u00e1lez Lemus, A.G. Petukhov, et al.<\/li>\n<\/ul>\n<p style=\"padding-left: 30px; text-align: justify;\"><em>(<\/em><em>DOI: 10.1103\/PhysRevB.81.075217)<\/em><\/p>\n<ul style=\"text-align: justify;\">\n<li><strong>\u201cEstudio de las propiedades estructurales, el\u00e1sticas y piezoel\u00e9ctricas del compuesto CdSe\u201d<\/strong>. Anales de la AFA, 2012. Autores: V. Gonz\u00e1lez Lemus, E.A. Albanesi.<\/li>\n<\/ul>\n<p style=\"text-align: justify; padding-left: 30px;\"><em>(http:\/\/anales.fisica.org.ar\/journal\/index.php\/analesafa\/article\/view\/1041)<\/em><\/p>\n<ul style=\"text-align: justify;\">\n<li><strong>&#8220;Ab initio study of the compound-energy modeling of multisublattice structures: The (hP6) Ni<sub>2<\/sub>In-type intermetallics of the Ni-In-Sn system&#8221;<\/strong>. Journal of Alloys and Compounds. (619): 464-473, 2015. Autores: B Ramos de Debiaggi, N.V. Gonz\u00e1lez Lemus, <a href=\"http:\/\/www.sciencedirect.com\/science\/article\/pii\/S0925838814020921\">C. Deluque Toro<\/a>, <a href=\"http:\/\/www.sciencedirect.com\/science\/article\/pii\/S0925838814020921\">A. Fern\u00e1ndez Guillerme<\/a>t.<\/li>\n<\/ul>\n<p style=\"text-align: justify; padding-left: 30px;\"><em>(<\/em><a href=\"http:\/\/dx.doi.org\/10.1016\/j.jallcom.2014.08.217\"><em>http:\/\/dx.doi.org\/10.1016\/j.jallcom.2014.08.217<\/em><\/a><em>)<\/em><\/p>\n<ul style=\"text-align: justify;\">\n<li><strong>\u201c<\/strong><strong>Cohesive properties of (Cu,Ni)-(In,Sn) intermetallics: Database, electron-density correlations and interpretation of bonding trends\u201d<\/strong>. Journal of Physics and Chemistry of Solids, 93, 40-51, 2016. Autores:B. Ramos, N.V. Gonz\u00e1lez Lemus, G.F. Cabeza, A. Fern\u00e1ndez Guillermet.<\/li>\n<\/ul>\n<p style=\"text-align: justify; padding-left: 30px;\"><em>(<\/em><a href=\"http:\/\/dx.doi.org\/10.1016\/j.jpcs.2016.01.017\"><em>http:\/\/dx.doi.org\/10.1016\/j.jpcs.2016.01.017<\/em><\/a><em>)<\/em><\/p>\n<ul style=\"text-align: justify;\">\n<li><strong>\u201cCohesive Properties of Cu-X and Ni-X (In,Sn) Intermetallics: Ab Initio Systematics, Correlations and \u201cUniversality\u201d Features\u201d.<\/strong> Journal of Phase Equilibria and Diffusion, 16, Autores: D. Bertoldi, S.B. Ramos, N.V. Gonz\u00e1lez Lemus, A. Fern\u00e1ndez Guillermet.<\/li>\n<\/ul>\n<p style=\"text-align: justify; padding-left: 30px;\"><em>(Doi:10.1007\/s11669-017-0536-9)<\/em><\/p>\n<ul style=\"text-align: justify;\">\n<li>\u201c<strong>Systematics of structural, phase-stability and cohesive properties of the Cu<sub>6 <\/sub>(Sn, In)<sub>5 <\/sub>\u03b7\u00b4-structure compounds occurring in In-Sn\/Cu solder joints\u201d<\/strong>. Journal of electronic materials, 46, 2017. Autores:B. Ramos, N.V. Gonz\u00e1lez Lemus, A. Fern\u00e1ndez Guillermet.<\/li>\n<\/ul>\n<p style=\"text-align: justify; padding-left: 30px;\"><em>\u00a0\u00a0\u00a0\u00a0 (Doi:<\/em><em>10.1007\/s11664-017-5380-5<\/em><em>)<\/em><\/p>\n<p>&nbsp;<\/p>\n<p><em><strong><u>Trabajos presentados en eventos cientificos y congresos<\/u><\/strong><\/em><\/p>\n<ul>\n<li>93 Reuni\u00f3n Nacional Asociaci\u00f3n F\u00edsica Argentina, <strong>Efectos de la presi\u00f3n sobre las propiedades estructurales y electr\u00f3nicas de la fase wurtzita del ZnO<\/strong>, A.A. Naudi, A. Albanesi, N.V. Gonz\u00e1lez Lemus, Buenos Aires, Argentina, 15-19\/09\/08.<\/li>\n<li>93 Reuni\u00f3n Nacional Asociaci\u00f3n F\u00edsica Argentina, <strong>Modelizaci\u00f3n de las funciones diel\u00e9ctricas y \u00f3pticas del semiconductor In<sub>4<\/sub>Se<sub>3<\/sub><\/strong>, N.V. Gonz\u00e1lez Lemus, L. Makinistian, E.A. Albanesi, A.A. Naudi, Buenos Aires, Argentina, 15-19\/09\/08.<\/li>\n<li>IV Jornadas de Divulgaci\u00f3n Cient\u00edfica y Acad\u00e9mica del Dpto. F\u00edsico-Qu\u00edmica, E.A. Albanesi, <strong>C\u00e1lculo de propiedades de s\u00f3lidos cristalinos: estado, tendencias y aplicaciones<\/strong>, A.A. Naudi, L. Makinistian, M.V. Walz, N.V. Gonz\u00e1lez Lemus, FI-UNER, Oro Verde, Argentina, 09\/12\/08.<\/li>\n<li>IV Jornadas de Divulgaci\u00f3n Cient\u00edfica y Acad\u00e9mica del Dpto. F\u00edsico-Qu\u00edmica, <strong>Caracterizaci\u00f3n electro\u00f3ptica del compuesto In<sub>4<\/sub>Se<sub>3<\/sub><\/strong>, Gonz\u00e1lez Lemus V., L. Makinistian, E. A. Albanesi, A.A. Naudi, FI-UNER, Oro Verde, Argentina, 09\/12\/08.<\/li>\n<li>Segundo Taller-Escuela Latinoamericano de Materia Condensada: <em>Espines en Solidos<\/em>, <strong>Calculos <em>ab initio<\/em> de las propiedades electronicas y opticas del In<sub>4<\/sub>Se<sub>3<\/sub><\/strong>, L. Makinistian, N.V. Gonz\u00e1lez Lemus y E.A. Albanesi, Corrientes, 10-22\/08\/2009.<\/li>\n<li>94 Reuni\u00f3n Nacional de la Asociaci\u00f3n F\u00edsica Argentina, <strong>Modelizaci\u00f3n de un microgenerador piezoel\u00e9ctrico de ZnO,<\/strong>V. Gonz\u00e1lez Lemus, E.A. Albanesi, Rosario, Argentina, 14-18\/09\/2009.<\/li>\n<li>95 Reuni\u00f3n Nacional de la Asociaci\u00f3n F\u00edsica Argentina, <strong>Propiedades estructurales y electr\u00f3nicas del semiconductor In<sub>4<\/sub>Te<sub>3<\/sub><\/strong>, N.V. Gonz\u00e1lez Lemus, E.A. Albanesi, Malarg\u00fce, Argentina, 27\/09-01\/10\/2010.<\/li>\n<li>II Reuni\u00f3n Conjunta SUF_AFA, <strong>Estudio de las propiedades \u00f3pticas del In<sub>4<\/sub>Te<sub>3<\/sub> y correcci\u00f3n electr\u00f3n-electr\u00f3n en la estructura de bandas de los compuestos In<sub>4<\/sub>Te<sub>3<\/sub> e In<sub>4<\/sub>Se<sub>3<\/sub><\/strong>, N.V. Gonz\u00e1lez Lemus, E.A. Albanesi, Montevideo, Uruguay, 20-23\/09\/2011.<\/li>\n<li>II Reuni\u00f3n Conjunta SUF_AFA, <strong>Estudio ab-initio de las propiedades estructurales, el\u00e1sticas y piezoel\u00e9ctricas de los compuestos In<sub>4<\/sub>Te<sub>3<\/sub>, In<sub>4<\/sub>Se<sub>3<\/sub> y CdSe<\/strong>, N.V. Gonz\u00e1lez Lemus, E.A. Albanesi, Montevideo, Uruguay, 20-23\/09\/2011.<\/li>\n<li>97 Reuni\u00f3n Nacional de la Asociaci\u00f3n F\u00edsica Argentina, <strong>Estudio te\u00f3rico de un microcantilever piezo-\u00f3ptico tipo MEMS<\/strong>, N.V. Gonz\u00e1lez Lemus, E.A. Albanesi, Carlos Paz, Argentina, 25-28\/09\/2012.<\/li>\n<li>97 Reuni\u00f3n Nacional de la Asociaci\u00f3n F\u00edsica Argentina, <strong>Estudio computacional desde primeros principios de las propiedades electr\u00f3nicas del <\/strong><strong>a<\/strong><strong>-AlF3<\/strong>, L. Navarro S\u00e1nchez, N.V. Gonz\u00e1lez Lemus, E.A. Albanesi, Carlos Paz, Argentina, 25-28\/09\/2012.<\/li>\n<li>99 Reuni\u00f3n Nacional de la Asociaci\u00f3n F\u00edsica Argentina, <strong>Correlaciones <em>ab initio<\/em> entre estructura electr\u00f3nica, propiedades cohesivas y enlace qu\u00edmico para fases intermet\u00e1licas de los sistemas Cu-In-Sn y Ni-In-Sn<\/strong>, Ramos de Debiaggi, N. V. Gonz\u00e1lez Lemus, G. Cabeza, A. Fern\u00e1ndez Guillermet, Tandil, Argentina, 20-23\/09\/2014.<\/li>\n<li>Congreso internacional de metalurgia y materiales, <strong>Estudio<em> ab initio<\/em> de fases intermet\u00e1licas de Ni-In-Sn: propiedades termodin\u00e1micas y comparaci\u00f3n con experimentos y modelado tipo CALPHAD<\/strong>, S. Ramos, N. V. Gonz\u00e1lez Lemus, C. Deluque Toro, A. Fern\u00e1ndez Guillermet, Santa Fe, Argentina, 21-24\/10\/2014.<\/li>\n<li>Congreso Regional de F\u00edsica Estad\u00edstica y aplicaciones a la Materia Condensada, XIII TREFEMAC, <strong>Correlaciones de par\u00e1metros de la ecuaci\u00f3n de estado de elementos e intermet\u00e1licos: Predicciones de un modelo cuasiarm\u00f3nico versus experimentos y resultados ab initio<\/strong>, Bertoldi D S, Ramos de Debiaggi S, Gonz\u00e1lez Lemus N V, Fern\u00e1ndez Guillermet A, Argentina, 6-8\/5\/2015.<\/li>\n<li>100 Reuni\u00f3n Nacional de la Asociaci\u00f3n F\u00edsica Argentina, <strong>Estudio ab initio del efecto de la temperatura sobre las propiedades termof\u00edsicas de los elementos Ni e In y la energ\u00eda de formaci\u00f3n del intermet\u00e1lico Ni<sub>2<\/sub>In<sub>3<\/sub> (hp5)<\/strong>, Ramos, N. V. Gonz\u00e1lez Lemus, A. Fern\u00e1ndez Guillermet, Merlo, Argentina, 22-25\/09\/2015.<\/li>\n<li>100 Reuni\u00f3n Nacional de la Asociaci\u00f3n F\u00edsica Argentina, <strong>Propiedades cohesivas de los intermet\u00e1licos (Cu, Ni)-(In, Sn): base de datos, tendencias y correlaciones con la densidad electr\u00f3nica<\/strong>, Ramos de Debiaggi, N. V. Gonz\u00e1lez Lemus, G. Cabeza, A. Fern\u00e1ndez Guillermet, Merlo, Argentina, 22-25\/09\/2015.<\/li>\n<li>Quantum Espresso Spring School, Cordoba, <strong>Cohesive properties of (Cu,Ni)-(In,Sn) intermetalics: database, trends and correlations with the electronic density<\/strong>, Ramos, N. V. Gonz\u00e1lez Lemus, A. Fern\u00e1ndez Guillermet, Cordoba, Argentina, 28\/09-2\/10\/2015.<\/li>\n<li>VI Workshop on Novel Methods for Electronic Structure Calculations, <strong>Ab initio study of Cu-In-Sn and Ni-In-Sn intermetallics: Systematics and correlations in the cohesive and electronic properties<\/strong>, Ramos, N. V. Gonz\u00e1lez Lemus, G. Cabeza, A. Fern\u00e1ndez Guillermet, La plata, Argentina, 12-14\/11\/2015.<\/li>\n<li>42nd International Congress of Theoretical Chemists of Latin Expression &#8211; QUITEL 2016, <strong>Thermodynamic and mechanical properties of Ni3(In,Sn) DO19 compounds: ab initio ground state calculations and finite temperature effects<\/strong>, Ramos, N. V. Gonz\u00e1lez Lemus, G. Cabeza, A. Fern\u00e1ndez Guillermet, Montevideo, Uruguay,20-25\/11\/2016.<\/li>\n<li>Discussion Meeting on Thermodynamics of Alloys &#8211; TOFA 2016, <strong>Structural and thermodynamic effects of incorporating In atoms into the (mC44) Cu6Sn5-type structure phase: Ab initio study, correlations and chemical-bonding trends<\/strong>, Ramos, N. V. Gonz\u00e1lez Lemus, C. Deluque Toro, A. Fern\u00e1ndez Guillermet, Santos, Brasil, 4-9\/9\/2016.<\/li>\n<\/ul>\n<p>&nbsp;<\/p>\n<p><em><strong><u>Seminarios y actualizaciones<\/u><\/strong><\/em><\/p>\n<ul>\n<li>Seminario sobre biocombustibles con el Dr. Stephan Koch. UNIVERSIDAD NACIONAL DE COLOMBIA, Bogot\u00e1 DC abril de 2007<\/li>\n<li>NANOTECNOLOGIA E INGENIERIA QUIMICA, Seminario sobre nanociencias con el Dr. Edgar E. Gonz\u00e1lez y el doctor Jairo Giraldo Gallo, UNIVERSIDAD NACIONAL DE COLOMBIA, Bogot\u00e1 DC abril de 2007<\/li>\n<li>M\u00c1S ALLA DE LAS MOLECULAS, Seminario sobre inmunol\u00f3gica con el Dr. Manuel Elkin Patarroyo. UNIVERSIDAD NACIONAL DE COLOMBIA, Bogot\u00e1 DC marzo de 2007<\/li>\n<li>BIOINGENIERIA, Seminario sobre ingenier\u00eda qu\u00edmica en bioingenier\u00eda con el Dr. Juan C. Brice\u00f1o en el marco de los nuevos escenarios de la ingenier\u00eda qu\u00edmica. UNIVERSIDAD NACIONAL DE COLOMBIA, Bogot\u00e1 DC marzo de 2007<\/li>\n<li>CELDAS DE COMBUSTION, Seminario sobre celdas de combusti\u00f3n con el Dr. Luca Fadi en el marco de los nuevos escenarios de la ingenier\u00eda qu\u00edmica. UNIVERSIDAD NACIONAL DE COLOMBIA, Bogot\u00e1 DC marzo de 2007<\/li>\n<li>1st Argentine-German Workshop on Nanotechnology and Nanobiosensors, Instituto Nacional de Tecnolog\u00eda Industrial (INTI), Buenos Aires, Argentina- 4-7\/7\/2017<\/li>\n<\/ul>\n<p>&nbsp;<\/p>\n<p><em><span style=\"text-decoration: underline;\"><strong>Otros cursos de educaci\u00f3n continuada<\/strong><\/span><\/em><\/p>\n<ul>\n<li>Introducci\u00f3n al m\u00e9todo de los elementos finitos<\/li>\n<\/ul>\n<p style=\"padding-left: 60px;\">2011- Organismo: F.I.C.H. \u2013 U. N .L.<\/p>\n<ul>\n<li>Programaci\u00f3n orientada a objetos con C++<\/li>\n<\/ul>\n<p style=\"padding-left: 60px;\">2008 Organismo: F.I.C.H. \u2013 U. N .L.<\/p>\n<ul>\n<li>Computaci\u00f3n cient\u00edfica con fortran 95<\/li>\n<\/ul>\n<p style=\"padding-left: 60px;\">\/2008 &#8211; Organismo: F.I.Q. \u2013 U. N .L.<\/p>\n<ul>\n<li>Introducci\u00f3n a la simulaci\u00f3n computacional: M\u00e9todos cl\u00e1sicos<\/li>\n<\/ul>\n<p style=\"padding-left: 60px;\">2011- Organismo: F.B.C.B. \u2013 U. N. L. (Facultad de Bioqu\u00edmica y Ciencias Biol\u00f3gicas &#8211; Universidad Nacional del Litoral).<\/p>\n<ul>\n<li>T\u00f3picos de ingenier\u00eda biom\u00e9dica I \u2013Dise\u00f1o de biomems<\/li>\n<\/ul>\n<p style=\"padding-left: 60px;\">2009 &#8211; Organismo: F. I. \u2013 U. N. E. R. (Facultad de Ingenier\u00eda- Universidad Nacional de Entre R\u00edos).<\/p>\n<ul>\n<li>Quantum Espresso<\/li>\n<\/ul>\n<p style=\"padding-left: 60px;\">2015 &#8211; Organismo: Departamento de Matem\u00e1tica y F\u00edsica \u2013 U. N. C. (- Universidad<\/p>\n","protected":false},"excerpt":{"rendered":"<p>Dr. Ing. GONZALEZ LEMUS Nasly Vanessa Departamento de F\u00edsica Facultad de Ciencias Exactas y Tecnolog\u00eda Universidad Nacional de Tucum\u00e1n Av. Independencia 1800 \u2013 CP 4000 San Miguel de Tucum\u00e1n, Tucum\u00e1n, Argentina Tel\/Fax Lab.: +54 (0) 381 4364093 &#8211; Int. 7575 \/ 7726 e-mail: vanessa.gonzalez@herrera.unt.edu.ar,\u00a0 \u00a0 \u00a0 \u00a0 \u00a0 \u00a0 \u00a0 \u00a0 \u00a0 \u00a0 \u00a0 \u00a0 [&hellip;]<\/p>\n","protected":false},"author":20,"featured_media":0,"parent":0,"menu_order":100,"comment_status":"closed","ping_status":"closed","template":"","meta":[],"_links":{"self":[{"href":"https:\/\/www.facet.unt.edu.ar\/scad-cti\/wp-json\/wp\/v2\/pages\/137"}],"collection":[{"href":"https:\/\/www.facet.unt.edu.ar\/scad-cti\/wp-json\/wp\/v2\/pages"}],"about":[{"href":"https:\/\/www.facet.unt.edu.ar\/scad-cti\/wp-json\/wp\/v2\/types\/page"}],"author":[{"embeddable":true,"href":"https:\/\/www.facet.unt.edu.ar\/scad-cti\/wp-json\/wp\/v2\/users\/20"}],"replies":[{"embeddable":true,"href":"https:\/\/www.facet.unt.edu.ar\/scad-cti\/wp-json\/wp\/v2\/comments?post=137"}],"version-history":[{"count":10,"href":"https:\/\/www.facet.unt.edu.ar\/scad-cti\/wp-json\/wp\/v2\/pages\/137\/revisions"}],"predecessor-version":[{"id":366,"href":"https:\/\/www.facet.unt.edu.ar\/scad-cti\/wp-json\/wp\/v2\/pages\/137\/revisions\/366"}],"wp:attachment":[{"href":"https:\/\/www.facet.unt.edu.ar\/scad-cti\/wp-json\/wp\/v2\/media?parent=137"}],"curies":[{"name":"wp","href":"https:\/\/api.w.org\/{rel}","templated":true}]}}