{"id":176,"date":"2017-10-19T22:45:44","date_gmt":"2017-10-20T01:45:44","guid":{"rendered":"https:\/\/www.facet.unt.edu.ar\/scad-cti\/?page_id=176"},"modified":"2018-08-17T17:38:13","modified_gmt":"2018-08-17T20:38:13","slug":"solicitud-cuenta-usuario","status":"publish","type":"page","link":"https:\/\/www.facet.unt.edu.ar\/scad-cti\/solicitud-cuenta-usuario\/","title":{"rendered":"Solicitud Cuenta Usuario UNT"},"content":{"rendered":"<h2>Solicitud de Cuenta de Usuario UNT<\/h2>\n<p><span style=\"color: #ff0000;\">Todos los campos de la solicitud son obligatorios<\/span><\/p>\n<p><span style=\"color: #ff0000;\">Una vez enviada la solicitud recibir\u00e1 un mail autom\u00e1tico con el mensaje &#8220;<em>Su solicitud sera procesada.<\/em>&#8220;, si no recibe este mail reenvi\u00e9 la solicitud.<\/span><\/p>\n<hr \/>\n<div role=\"form\" class=\"wpcf7\" id=\"wpcf7-f175-o1\" lang=\"es-ES\" dir=\"ltr\">\n<div class=\"screen-reader-response\"><p role=\"status\" aria-live=\"polite\" aria-atomic=\"true\"><\/p> <ul><\/ul><\/div>\n<form action=\"\/scad-cti\/wp-json\/wp\/v2\/pages\/176#wpcf7-f175-o1\" method=\"post\" class=\"wpcf7-form init\" novalidate=\"novalidate\" data-status=\"init\">\n<div style=\"display: none;\">\n<input type=\"hidden\" name=\"_wpcf7\" value=\"175\" \/>\n<input type=\"hidden\" name=\"_wpcf7_version\" value=\"5.5.6\" \/>\n<input type=\"hidden\" name=\"_wpcf7_locale\" value=\"es_ES\" \/>\n<input type=\"hidden\" name=\"_wpcf7_unit_tag\" value=\"wpcf7-f175-o1\" \/>\n<input type=\"hidden\" name=\"_wpcf7_container_post\" value=\"0\" \/>\n<input type=\"hidden\" name=\"_wpcf7_posted_data_hash\" value=\"\" \/>\n<\/div>\n<p>1. DATOS DE USUARIO<\/p>\n<p><label> Nombres<br \/>\n        <span class=\"wpcf7-form-control-wrap your-name\"><input type=\"text\" name=\"your-name\" value=\"\" size=\"40\" class=\"wpcf7-form-control wpcf7-text wpcf7-validates-as-required\" aria-required=\"true\" aria-invalid=\"false\" \/><\/span> <\/label><\/p>\n<p><label> Apellidos<br \/>\n        <span class=\"wpcf7-form-control-wrap your-lastname\"><input type=\"text\" name=\"your-lastname\" value=\"\" size=\"40\" class=\"wpcf7-form-control wpcf7-text wpcf7-validates-as-required\" aria-required=\"true\" aria-invalid=\"false\" \/><\/span> <\/label><\/p>\n<p><label> Correo electr\u00f3nico<br \/>\n        <span class=\"wpcf7-form-control-wrap your-email\"><input type=\"email\" name=\"your-email\" value=\"\" size=\"40\" class=\"wpcf7-form-control wpcf7-text wpcf7-email wpcf7-validates-as-required wpcf7-validates-as-email\" aria-required=\"true\" aria-invalid=\"false\" \/><\/span> <\/label><\/p>\n<p>        <label> Funci\u00f3n o rol: <span class=\"wpcf7-form-control-wrap menu-115\"><select name=\"menu-115\" class=\"wpcf7-form-control wpcf7-select wpcf7-validates-as-required\" aria-required=\"true\" aria-invalid=\"false\"><option value=\"\"><\/option><option value=\"Docente-Investigador\">Docente-Investigador<\/option><option value=\"Docente\">Docente<\/option><option value=\"Investigador\">Investigador<\/option><option value=\"Becario de Grado\">Becario de Grado<\/option><option value=\"Becario de Posgrado\">Becario de Posgrado<\/option><option value=\"Becario Postdoc\">Becario Postdoc<\/option><\/select><\/span><\/p>\n<p>2. SOBRE EL PROYECTO DE INVESTIGACION<\/p>\n<p><label> Proyecto de investigaci\u00f3n para el cual usara el cl\u00faster<br \/>\n     <span class=\"wpcf7-form-control-wrap text-744\"><input type=\"text\" name=\"text-744\" value=\"\" size=\"40\" class=\"wpcf7-form-control wpcf7-text wpcf7-validates-as-required\" aria-required=\"true\" aria-invalid=\"false\" \/><\/span><\/p>\n<p><label> Breve descripci\u00f3n del proyecto de investigaci\u00f3n<br \/>\n     <span class=\"wpcf7-form-control-wrap textarea-902\"><textarea name=\"textarea-902\" cols=\"40\" rows=\"10\" class=\"wpcf7-form-control wpcf7-textarea wpcf7-validates-as-required\" aria-required=\"true\" aria-invalid=\"false\"><\/textarea><\/span><\/p>\n<p><label> Fuente de Financiamiento del Proyecto<br \/>\n     <span class=\"wpcf7-form-control-wrap text-159\"><input type=\"text\" name=\"text-159\" value=\"\" size=\"40\" class=\"wpcf7-form-control wpcf7-text wpcf7-validates-as-required\" aria-required=\"true\" aria-invalid=\"false\" \/><\/span><\/p>\n<p><label> \u00bfPor qu\u00e9 considera que este proyecto no se puede llevar a cabo sin una computadora de altas prestaciones?<br \/>\n     <span class=\"wpcf7-form-control-wrap textarea-373\"><textarea name=\"textarea-373\" cols=\"40\" rows=\"10\" class=\"wpcf7-form-control wpcf7-textarea wpcf7-validates-as-required\" aria-required=\"true\" aria-invalid=\"false\"><\/textarea><\/span><\/p>\n<p><label> Director responsable<br \/>\n     <span class=\"wpcf7-form-control-wrap text-160\"><input type=\"text\" name=\"text-160\" value=\"\" size=\"40\" class=\"wpcf7-form-control wpcf7-text wpcf7-validates-as-required\" aria-required=\"true\" aria-invalid=\"false\" \/><\/span><\/p>\n<p><label> Correo electr\u00f3nico del Director responsable<br \/>\n     <span class=\"wpcf7-form-control-wrap email-425\"><input type=\"email\" name=\"email-425\" value=\"\" size=\"40\" class=\"wpcf7-form-control wpcf7-text wpcf7-email wpcf7-validates-as-required wpcf7-validates-as-email\" aria-required=\"true\" aria-invalid=\"false\" \/><\/span><\/p>\n<p>3. RECURSOS DE CLUSTER QUE SOLICITA<\/p>\n<p><label> Horas CPU (mensuales)<br \/>\n     <span class=\"wpcf7-form-control-wrap text-162\"><input type=\"text\" name=\"text-162\" value=\"\" size=\"40\" class=\"wpcf7-form-control wpcf7-text wpcf7-validates-as-required\" aria-required=\"true\" aria-invalid=\"false\" \/><\/span><\/p>\n<p><label> Almacenamiento Total Necesario en GB (mensual)<br \/>\n     <span class=\"wpcf7-form-control-wrap text-163\"><input type=\"text\" name=\"text-163\" value=\"\" size=\"40\" class=\"wpcf7-form-control wpcf7-text wpcf7-validates-as-required\" aria-required=\"true\" aria-invalid=\"false\" \/><\/span><\/p>\n<p><label> N\u00fameros estimados de n\u00facleos<br \/>\n     <span class=\"wpcf7-form-control-wrap text-164\"><input type=\"text\" name=\"text-164\" value=\"\" size=\"40\" class=\"wpcf7-form-control wpcf7-text wpcf7-validates-as-required\" aria-required=\"true\" aria-invalid=\"false\" \/><\/span><\/p>\n<p>4. SOBRE LA APLICACION A EJECUTAR EN EL CLUSTER<\/p>\n<p><label> Aplicaci\u00f3n a correr en cluster<br \/>\n     <span class=\"wpcf7-form-control-wrap text-165\"><input type=\"text\" name=\"text-165\" value=\"\" size=\"40\" class=\"wpcf7-form-control wpcf7-text wpcf7-validates-as-required\" aria-required=\"true\" aria-invalid=\"false\" \/><\/span><\/p>\n<p><label> Lenguaje de programaci\u00f3n<br \/>\n     <span class=\"wpcf7-form-control-wrap text-166\"><input type=\"text\" name=\"text-166\" value=\"\" size=\"40\" class=\"wpcf7-form-control wpcf7-text wpcf7-validates-as-required\" aria-required=\"true\" aria-invalid=\"false\" \/><\/span><\/p>\n<p><label> C\u00f3mo est\u00e1 paralelizado<br \/>\n     <span class=\"wpcf7-form-control-wrap text-167\"><input type=\"text\" name=\"text-167\" value=\"\" size=\"40\" class=\"wpcf7-form-control wpcf7-text wpcf7-validates-as-required\" aria-required=\"true\" aria-invalid=\"false\" \/><\/span><\/p>\n<p><label> Informaci\u00f3n sobre la eficiencia de ejecuci\u00f3n en paralelo<br \/>\n     <span class=\"wpcf7-form-control-wrap text-168\"><input type=\"text\" name=\"text-168\" value=\"\" size=\"40\" class=\"wpcf7-form-control wpcf7-text wpcf7-validates-as-required\" aria-required=\"true\" aria-invalid=\"false\" \/><\/span><\/p>\n<p><label> Otros datos que considere que tenemos que tener en cuenta<br \/>\n     <span class=\"wpcf7-form-control-wrap textarea-347\"><textarea name=\"textarea-347\" cols=\"40\" rows=\"10\" class=\"wpcf7-form-control wpcf7-textarea wpcf7-validates-as-required\" aria-required=\"true\" aria-invalid=\"false\"><\/textarea><\/span><\/p>\n<p><span class=\"wpcf7-form-control-wrap acceptance-683\"><span class=\"wpcf7-form-control wpcf7-acceptance\"><span class=\"wpcf7-list-item\"><input type=\"checkbox\" name=\"acceptance-683\" value=\"1\" aria-invalid=\"false\" \/><\/span><\/span><\/span> Aceptaci\u00f3n de Pol\u00edticas de Uso: He le\u00eddo y acepto el reglamento de uso del cl\u00faster del SCAD. <\/p>\n<p><input type=\"submit\" value=\"Enviar\" class=\"wpcf7-form-control has-spinner wpcf7-submit\" \/><\/p>\n<div class=\"inv-recaptcha-holder\"><\/div><div class=\"wpcf7-response-output\" aria-hidden=\"true\"><\/div><\/form><\/div>\n<hr \/>\n<h2 style=\"text-align: center;\"><a href=\"https:\/\/www.facet.unt.edu.ar\/scad-cti\/reglamento\/\" target=\"_blank\" rel=\"noopener\">Reglamento<\/a><\/h2>\n<hr \/>\n<p><span style=\"color: #ff0000;\">Una vez enviada la solicitud recibir\u00e1 un mail autom\u00e1tico con el mensaje &#8220;<em>Su solicitud sera procesada.<\/em>&#8220;, si no recibe este mail reenvi\u00e9 la solicitud.<\/span><\/p>\n","protected":false},"excerpt":{"rendered":"<p>Solicitud de Cuenta de Usuario UNT Todos los campos de la solicitud son obligatorios Una vez enviada la solicitud recibir\u00e1 un mail autom\u00e1tico con el mensaje &#8220;Su solicitud sera procesada.&#8220;, si no recibe este mail reenvi\u00e9 la solicitud. Reglamento Una vez enviada la solicitud recibir\u00e1 un mail autom\u00e1tico con el mensaje &#8220;Su solicitud sera procesada.&#8220;, [&hellip;]<\/p>\n","protected":false},"author":20,"featured_media":0,"parent":0,"menu_order":10,"comment_status":"closed","ping_status":"closed","template":"","meta":[],"_links":{"self":[{"href":"https:\/\/www.facet.unt.edu.ar\/scad-cti\/wp-json\/wp\/v2\/pages\/176"}],"collection":[{"href":"https:\/\/www.facet.unt.edu.ar\/scad-cti\/wp-json\/wp\/v2\/pages"}],"about":[{"href":"https:\/\/www.facet.unt.edu.ar\/scad-cti\/wp-json\/wp\/v2\/types\/page"}],"author":[{"embeddable":true,"href":"https:\/\/www.facet.unt.edu.ar\/scad-cti\/wp-json\/wp\/v2\/users\/20"}],"replies":[{"embeddable":true,"href":"https:\/\/www.facet.unt.edu.ar\/scad-cti\/wp-json\/wp\/v2\/comments?post=176"}],"version-history":[{"count":19,"href":"https:\/\/www.facet.unt.edu.ar\/scad-cti\/wp-json\/wp\/v2\/pages\/176\/revisions"}],"predecessor-version":[{"id":455,"href":"https:\/\/www.facet.unt.edu.ar\/scad-cti\/wp-json\/wp\/v2\/pages\/176\/revisions\/455"}],"wp:attachment":[{"href":"https:\/\/www.facet.unt.edu.ar\/scad-cti\/wp-json\/wp\/v2\/media?parent=176"}],"curies":[{"name":"wp","href":"https:\/\/api.w.org\/{rel}","templated":true}]}}