{"id":65,"date":"2014-08-04T09:14:33","date_gmt":"2014-08-04T12:14:33","guid":{"rendered":"https:\/\/www.facet.unt.edu.ar\/scadcti\/home\/"},"modified":"2019-02-12T21:57:51","modified_gmt":"2019-02-13T00:57:51","slug":"home","status":"publish","type":"page","link":"https:\/\/www.facet.unt.edu.ar\/scad-cti\/","title":{"rendered":"Inicio"},"content":{"rendered":"<p>&nbsp;<\/p>\n<hr \/>\n<p style=\"text-align: center;\"><a href=\"https:\/\/www.facet.unt.edu.ar\/scad-cti\/solicitud-de-cuenta\/\"><img decoding=\"async\" loading=\"lazy\" class=\"wp-image-385 alignleft\" src=\"https:\/\/www.facet.unt.edu.ar\/scad-cti\/wp-content\/uploads\/sites\/59\/2018\/03\/usuario_OK.jpg\" alt=\"\" width=\"143\" height=\"124\" srcset=\"https:\/\/www.facet.unt.edu.ar\/scad-cti\/wp-content\/uploads\/sites\/59\/2018\/03\/usuario_OK.jpg 351w, https:\/\/www.facet.unt.edu.ar\/scad-cti\/wp-content\/uploads\/sites\/59\/2018\/03\/usuario_OK-300x260.jpg 300w\" sizes=\"(max-width: 143px) 100vw, 143px\" \/><\/a><\/p>\n<p style=\"text-align: center;\">El Sistema de C\u00f3mputos de Alto Desempe\u00f1o de la Universidad Nacional de Tucum\u00e1n (SCADUNT) permite que docentes e investigadores de la UNT realizar tareas de c\u00f3mputo intensivo. Este sistema forma parte del <a href=\"http:\/\/www.supercalculo.mincyt.gob.ar\/\">Sistema Nacional de Computaci\u00f3n de Alto Desempe\u00f1o (SNCAD)<\/a>.<\/p>\n<p>&nbsp;<\/p>\n<p>&nbsp;<\/p>\n<hr \/>\n<h2>Los objetivos principales de SCADUNT son:<\/h2>\n<ul>\n<li style=\"text-align: justify;\">Promover, desarrollar y realizar investigaciones b\u00e1sicas y aplicadas que involucren la Computaci\u00f3n de Alto Rendimiento, utilizando para tales fines al personal de la Facultad de Ciencias Exactas y Tecnolog\u00eda, a personal visitante y al que pudiese contratar espec\u00edficamente para estas tareas.<\/li>\n<li style=\"text-align: justify;\">Contribuir a la formaci\u00f3n de estudiantes universitarios, profesionales o investigadores a trav\u00e9s de cursos de especializaci\u00f3n, cursos de posgrado o pasant\u00edas, en disciplinas que hagan uso de la Computaci\u00f3n de Alto Rendimiento o en \u00e1reas afines que se consideren necesarias para el cumplimiento de los fines del Sistema.<\/li>\n<li style=\"text-align: justify;\">Estudiar y buscar soluciones por iniciativa propia o a solicitud de otras instituciones p\u00fablicas o privadas a problemas que puedan ser abordados con t\u00e9cnicas, procesos o metodolog\u00edas derivadas de sus l\u00edneas de investigaci\u00f3n.<\/li>\n<li style=\"text-align: justify;\">Brindar apoyo t\u00e9cnico a investigadores o instituciones que as\u00ed lo requieran, cuando esto sea pertinente o posible.<\/li>\n<li style=\"text-align: justify;\">Gestionar y administrar los fondos provenientes de organismos estatales y privados del pa\u00eds y del exterior, requeridos para el cumplimiento de estos objetivos.<\/li>\n<li style=\"text-align: justify;\">Cooperar y participar activamente en los programas nacionales e internacionales de desarrollo de la Computaci\u00f3n de Alto Rendimiento y \u00e1reas afines.<\/li>\n<li style=\"text-align: justify;\">Brindar servicios y asesor\u00edas a la comunidad cient\u00edfica y tecnol\u00f3gica del pa\u00eds.<\/li>\n<li style=\"text-align: justify;\">Realizar otras actividades complementarias derivadas de sus objetivos.<\/li>\n<\/ul>\n<p>&nbsp;<\/p>\n<hr \/>\n<h2>Un poco de historia<\/h2>\n<p style=\"text-align: justify;\">El 6 de junio de 2016, la Facultad de Ciencias Exactas y Tecnolog\u00eda, de la Universidad Nacional de Tucum\u00e1n, adquiere dos Servidores Lenovo tipo X3750M4. Este equipamiento permite desarrollar actividades de Investigaci\u00f3n y Servicios por parte de la FACET, en el campo de modelado computacional y calculo avanzado. Los fondos para la adquisici\u00f3n se consiguieron a trav\u00e9s del Ministerio de Ciencia y Tecnolog\u00eda con un proyecto PICT-E-2014, de la Agencia Nacional de Ciencia y Tecnolog\u00eda. El Investigador responsable del proyecto PICT-E es el Dr. Miguel A. Cabrera, y como Grupo responsable del proyecto la Dra. Marta Pesa, Dra. Mariela Luegue, Dra. Luc\u00eda del C. Tonello, Dr. Jose Barraza, Dr. Luis Issolio y Dr. Fernando D. Farf\u00e1n.<\/p>\n<p style=\"text-align: justify;\">El 24 de Octubre de 2016 el equipo entra en funcionamiento bajo sistema operativo Ubuntu, luego en Agosto de 2017 se cambia el sistema operativo a centOS, mediante la instalaci\u00f3n de Rocks 6.2. En Septiembre de 2017, administradores del cluster participan como asistentes en la Escuela de Computaci\u00f3n de Alto Rendimiento 2017 (ECAR2017), mediante beca financiada por el SNCAD y con fondos de la FACET-UNT.<\/p>\n<p>El 16 de marzo de 2018 se realiza la presentaci\u00f3n del Sistema de C\u00f3mputo de Alto Rendimiento de la Universidad Nacional de Tucum\u00e1n (SCADUNT) a la comunidad universitaria, cient\u00edfica e industrial de Tucum\u00e1n.<\/p>\n","protected":false},"excerpt":{"rendered":"<p>&nbsp; El Sistema de C\u00f3mputos de Alto Desempe\u00f1o de la Universidad Nacional de Tucum\u00e1n (SCADUNT) permite que docentes e investigadores de la UNT realizar tareas de c\u00f3mputo intensivo. Este sistema forma parte del Sistema Nacional de Computaci\u00f3n de Alto Desempe\u00f1o (SNCAD). &nbsp; &nbsp; Los objetivos principales de SCADUNT son: Promover, desarrollar y realizar investigaciones b\u00e1sicas [&hellip;]<\/p>\n","protected":false},"author":1,"featured_media":0,"parent":0,"menu_order":0,"comment_status":"closed","ping_status":"closed","template":"","meta":[],"_links":{"self":[{"href":"https:\/\/www.facet.unt.edu.ar\/scad-cti\/wp-json\/wp\/v2\/pages\/65"}],"collection":[{"href":"https:\/\/www.facet.unt.edu.ar\/scad-cti\/wp-json\/wp\/v2\/pages"}],"about":[{"href":"https:\/\/www.facet.unt.edu.ar\/scad-cti\/wp-json\/wp\/v2\/types\/page"}],"author":[{"embeddable":true,"href":"https:\/\/www.facet.unt.edu.ar\/scad-cti\/wp-json\/wp\/v2\/users\/1"}],"replies":[{"embeddable":true,"href":"https:\/\/www.facet.unt.edu.ar\/scad-cti\/wp-json\/wp\/v2\/comments?post=65"}],"version-history":[{"count":28,"href":"https:\/\/www.facet.unt.edu.ar\/scad-cti\/wp-json\/wp\/v2\/pages\/65\/revisions"}],"predecessor-version":[{"id":703,"href":"https:\/\/www.facet.unt.edu.ar\/scad-cti\/wp-json\/wp\/v2\/pages\/65\/revisions\/703"}],"wp:attachment":[{"href":"https:\/\/www.facet.unt.edu.ar\/scad-cti\/wp-json\/wp\/v2\/media?parent=65"}],"curies":[{"name":"wp","href":"https:\/\/api.w.org\/{rel}","templated":true}]}}