{"id":141,"date":"2015-03-16T22:04:45","date_gmt":"2015-03-17T01:04:45","guid":{"rendered":"https:\/\/www.facet.unt.edu.ar\/secgestion\/?page_id=141"},"modified":"2015-04-20T18:44:39","modified_gmt":"2015-04-20T21:44:39","slug":"libro-legado-centenario","status":"publish","type":"page","link":"https:\/\/www.facet.unt.edu.ar\/secgestion\/libro-legado-centenario\/","title":{"rendered":"Libro &#8220;Legado Centenario&#8221;"},"content":{"rendered":"<p>Invitamos a Ud. a ver el Libro &#8220;Legado Centenario&#8221; online, el cu\u00e1l es una compilaci\u00f3n de notas de los distintos estamentos de la Facultad de Ciencias Exactas y Tecnolog\u00eda y autoridades de \u00a0la Universidad Nacional de Tucum\u00e1n, donde los autores transmiten un mensaje a sus pares dentro de 100 a\u00f1os,\u00a0 desde la\u00a0perspectiva\u00a0 personal y profesional de cada\u00a0 uno de ellos:<\/p>\n<p><a href=\"http:\/\/www.erolesweb.com\/facet\/legado_centenario_facet\" target=\"_blank\"><img decoding=\"async\" loading=\"lazy\" class=\"aligncenter wp-image-147 size-full\" title=\"CLICK AQU\u00cd PARA VER\" src=\"https:\/\/www.facet.unt.edu.ar\/secgestion\/wp-content\/uploads\/sites\/24\/2015\/03\/libro-online-1.jpg\" alt=\"libro online 1\" width=\"336\" height=\"442\" srcset=\"https:\/\/www.facet.unt.edu.ar\/secgestion\/wp-content\/uploads\/sites\/24\/2015\/03\/libro-online-1.jpg 336w, https:\/\/www.facet.unt.edu.ar\/secgestion\/wp-content\/uploads\/sites\/24\/2015\/03\/libro-online-1-228x300.jpg 228w\" sizes=\"(max-width: 336px) 100vw, 336px\" \/><\/a><\/p>\n<p>&nbsp;<\/p>\n","protected":false},"excerpt":{"rendered":"<p>Invitamos a Ud. a ver el Libro &#8220;Legado Centenario&#8221; online, el cu\u00e1l es una compilaci\u00f3n de notas de los distintos estamentos de la Facultad de Ciencias Exactas y Tecnolog\u00eda y autoridades de \u00a0la Universidad Nacional de Tucum\u00e1n, donde los autores transmiten un mensaje a sus pares dentro de 100 a\u00f1os,\u00a0 desde la\u00a0perspectiva\u00a0 personal y profesional [&hellip;]<\/p>\n","protected":false},"author":6,"featured_media":0,"parent":0,"menu_order":0,"comment_status":"closed","ping_status":"closed","template":"","meta":[],"_links":{"self":[{"href":"https:\/\/www.facet.unt.edu.ar\/secgestion\/wp-json\/wp\/v2\/pages\/141"}],"collection":[{"href":"https:\/\/www.facet.unt.edu.ar\/secgestion\/wp-json\/wp\/v2\/pages"}],"about":[{"href":"https:\/\/www.facet.unt.edu.ar\/secgestion\/wp-json\/wp\/v2\/types\/page"}],"author":[{"embeddable":true,"href":"https:\/\/www.facet.unt.edu.ar\/secgestion\/wp-json\/wp\/v2\/users\/6"}],"replies":[{"embeddable":true,"href":"https:\/\/www.facet.unt.edu.ar\/secgestion\/wp-json\/wp\/v2\/comments?post=141"}],"version-history":[{"count":8,"href":"https:\/\/www.facet.unt.edu.ar\/secgestion\/wp-json\/wp\/v2\/pages\/141\/revisions"}],"predecessor-version":[{"id":148,"href":"https:\/\/www.facet.unt.edu.ar\/secgestion\/wp-json\/wp\/v2\/pages\/141\/revisions\/148"}],"wp:attachment":[{"href":"https:\/\/www.facet.unt.edu.ar\/secgestion\/wp-json\/wp\/v2\/media?parent=141"}],"curies":[{"name":"wp","href":"https:\/\/api.w.org\/{rel}","templated":true}]}}