{"id":155,"date":"2015-03-16T22:17:27","date_gmt":"2015-03-17T01:17:27","guid":{"rendered":"https:\/\/www.facet.unt.edu.ar\/secgestion\/?page_id=155"},"modified":"2015-03-16T22:17:27","modified_gmt":"2015-03-17T01:17:27","slug":"charla-informativa-panorama-general-de-la-biotecnologia-aplicada-al-desarrollo-de-bioproductos-para-la-agricultura-en-cuba","status":"publish","type":"page","link":"https:\/\/www.facet.unt.edu.ar\/secgestion\/charla-informativa-panorama-general-de-la-biotecnologia-aplicada-al-desarrollo-de-bioproductos-para-la-agricultura-en-cuba\/","title":{"rendered":"Charla Informativa \u201cPanorama General de la Biotecnolog\u00eda Aplicada al Desarrollo de Bioproductos para la Agricultura en Cuba\u201d"},"content":{"rendered":"<p>La charla se realizar\u00e1 ma\u00f1ana viernes 16 de Agosto, en el horario de 12 a 14 hs, en el Aula 1, Planta Baja, Block 1 (Docencia), de la Facultad de Ciencias Exactas y Tecnolog\u00eda de la UNT, Av. Independencia 1800.<\/p>\n<p><b>Disertante<\/b>: MSC Mar\u00eda Elena D\u00edaz de Villegas.<\/p>\n<p>La entrada es libre y gratuita.<\/p>\n<p><a href=\"http:\/\/www1.herrera.unt.edu.ar\/faceyt\/secgestion\/files\/panorama.jpg\" target=\"_blank\"><img decoding=\"async\" loading=\"lazy\" class=\"aligncenter size-medium wp-image-131\" src=\"http:\/\/www1.herrera.unt.edu.ar\/faceyt\/secgestion\/files\/panorama-212x300.jpg\" alt=\"panorama\" width=\"212\" height=\"300\" \/><\/a><\/p>\n","protected":false},"excerpt":{"rendered":"<p>La charla se realizar\u00e1 ma\u00f1ana viernes 16 de Agosto, en el horario de 12 a 14 hs, en el Aula 1, Planta Baja, Block 1 (Docencia), de la Facultad de Ciencias Exactas y Tecnolog\u00eda de la UNT, Av. Independencia 1800. Disertante: MSC Mar\u00eda Elena D\u00edaz de Villegas. La entrada es libre y gratuita.<\/p>\n","protected":false},"author":6,"featured_media":0,"parent":0,"menu_order":0,"comment_status":"closed","ping_status":"closed","template":"","meta":[],"_links":{"self":[{"href":"https:\/\/www.facet.unt.edu.ar\/secgestion\/wp-json\/wp\/v2\/pages\/155"}],"collection":[{"href":"https:\/\/www.facet.unt.edu.ar\/secgestion\/wp-json\/wp\/v2\/pages"}],"about":[{"href":"https:\/\/www.facet.unt.edu.ar\/secgestion\/wp-json\/wp\/v2\/types\/page"}],"author":[{"embeddable":true,"href":"https:\/\/www.facet.unt.edu.ar\/secgestion\/wp-json\/wp\/v2\/users\/6"}],"replies":[{"embeddable":true,"href":"https:\/\/www.facet.unt.edu.ar\/secgestion\/wp-json\/wp\/v2\/comments?post=155"}],"version-history":[{"count":1,"href":"https:\/\/www.facet.unt.edu.ar\/secgestion\/wp-json\/wp\/v2\/pages\/155\/revisions"}],"predecessor-version":[{"id":156,"href":"https:\/\/www.facet.unt.edu.ar\/secgestion\/wp-json\/wp\/v2\/pages\/155\/revisions\/156"}],"wp:attachment":[{"href":"https:\/\/www.facet.unt.edu.ar\/secgestion\/wp-json\/wp\/v2\/media?parent=155"}],"curies":[{"name":"wp","href":"https:\/\/api.w.org\/{rel}","templated":true}]}}