{"id":161,"date":"2015-03-16T22:20:17","date_gmt":"2015-03-17T01:20:17","guid":{"rendered":"https:\/\/www.facet.unt.edu.ar\/secgestion\/?page_id=161"},"modified":"2015-03-16T22:20:17","modified_gmt":"2015-03-17T01:20:17","slug":"ciclo-de-conciertos-de-la-orquesta-juvenil-de-la-unt-en-la-facet","status":"publish","type":"page","link":"https:\/\/www.facet.unt.edu.ar\/secgestion\/ciclo-de-conciertos-de-la-orquesta-juvenil-de-la-unt-en-la-facet\/","title":{"rendered":"Ciclo de Conciertos de la Orquesta Juvenil de la UNT en la FACET"},"content":{"rendered":"<ul>\n<li><b>29 de Agosto de 2013<\/b><\/li>\n<\/ul>\n<p><a href=\"http:\/\/www1.herrera.unt.edu.ar\/faceyt\/secgestion\/files\/AFICHE-CONCIERTO-FINAL-100-A%C3%91OS-UNT.jpg\"><img decoding=\"async\" loading=\"lazy\" class=\"aligncenter size-medium wp-image-138\" src=\"http:\/\/www1.herrera.unt.edu.ar\/faceyt\/secgestion\/files\/AFICHE-CONCIERTO-FINAL-100-A%C3%91OS-UNT-300x212.jpg\" alt=\"AFICHE CONCIERTO FINAL 100 A\u00d1OS UNT\" width=\"300\" height=\"212\" \/><\/a><\/p>\n<p>Con el nombre \u201cAnticip\u00e1ndonos a la Primavera\u201d, la Orquesta Juvenil de la UNT bajo la Direcci\u00f3n del Maestro Gustavo Guersman, se presentar\u00e1 este a\u00f1o nuevamente, en el Block 2 de nuestra Facultad el d\u00eda <b>Jueves 29 de Agosto<\/b> del corriente.<\/p>\n<p>Durante \u00a0la misma, los prestigiosos m\u00fasicos que la integran, brindaran un concierto cuyo repertorio abarcar\u00e1 obras de grandes maestros de la m\u00fasica cl\u00e1sica y contempor\u00e1nea que resalten la alegr\u00eda y la esperanza.<\/p>\n<p>Esta actividad cultural, se realiza en nuestra Facultad a trav\u00e9s de la Secretar\u00eda de Gesti\u00f3n y Extensi\u00f3n de la FACET, con el apoyo de la Secretar\u00eda de Extensi\u00f3n Universitaria de la UNT.<\/p>\n<p>La entrada al concierto ser\u00e1 libre y gratuita.<\/p>\n<ul>\n<li><b>14 de Setiembre de 2012<\/b><\/li>\n<\/ul>\n<p><a href=\"http:\/\/www1.herrera.unt.edu.ar\/faceyt\/secgestion\/files\/AFICHE-CONCIERTO-Completo.jpg\"><img decoding=\"async\" loading=\"lazy\" class=\"aligncenter size-medium wp-image-100\" src=\"http:\/\/www1.herrera.unt.edu.ar\/faceyt\/secgestion\/files\/AFICHE-CONCIERTO-Completo-300x212.jpg\" alt=\"AFICHE CONCIERTO Completo\" width=\"300\" height=\"212\" \/><\/a><\/p>\n<p>Dentro del marco de las actividades que la Universidad Nacional de Tucum\u00e1n viene desarrollando, con motivo de encontrarse pr\u00f3xima a celebrar su primer siglo de vida, la Orquesta Juvenil de la misma, bajo la Direcci\u00f3n del Maestro Gustavo Guersman, brind\u00f3 un Concierto el d\u00eda Viernes 14 del corriente, a horas 12:00, en el Block 2 de la Facultad de Ciencias Exactas y Tecnolog\u00eda, sito en Centro Herrera, Avenida Independencia 1.800 de esta ciudad.<\/p>\n<p>La Orquesta Juvenil de la UNT, creada en el a\u00f1o 1985, cumple de manera ininterrumpida una intensa labor de difusi\u00f3n de la m\u00fasica en manos de los j\u00f3venes que la integran. En esta oportunidad interpretar\u00e1 temas de Mozart, Gireig, Agust\u00edn Lara y M\u00e1rquez entre otros, como un anticipo de la primavera.<\/p>\n<p>Este concierto cuenta con el auspicio de las Facultades de Ciencias Exactas y Tecnolog\u00eda, Arquitectura y Urbanismo, Agronom\u00eda y Zootecnia, Ciencias Econ\u00f3micas, Bioqu\u00edmica, Qu\u00edmica y Farmacia, como as\u00ed tambi\u00e9n de la Secretar\u00eda de Extensi\u00f3n Universitaria de la UNT.<\/p>\n<p>La entrada es libre y gratuita.<\/p>\n","protected":false},"excerpt":{"rendered":"<p>29 de Agosto de 2013 Con el nombre \u201cAnticip\u00e1ndonos a la Primavera\u201d, la Orquesta Juvenil de la UNT bajo la Direcci\u00f3n del Maestro Gustavo Guersman, se presentar\u00e1 este a\u00f1o nuevamente, en el Block 2 de nuestra Facultad el d\u00eda Jueves 29 de Agosto del corriente. Durante \u00a0la misma, los prestigiosos m\u00fasicos que la integran, brindaran [&hellip;]<\/p>\n","protected":false},"author":6,"featured_media":0,"parent":0,"menu_order":0,"comment_status":"closed","ping_status":"closed","template":"","meta":[],"_links":{"self":[{"href":"https:\/\/www.facet.unt.edu.ar\/secgestion\/wp-json\/wp\/v2\/pages\/161"}],"collection":[{"href":"https:\/\/www.facet.unt.edu.ar\/secgestion\/wp-json\/wp\/v2\/pages"}],"about":[{"href":"https:\/\/www.facet.unt.edu.ar\/secgestion\/wp-json\/wp\/v2\/types\/page"}],"author":[{"embeddable":true,"href":"https:\/\/www.facet.unt.edu.ar\/secgestion\/wp-json\/wp\/v2\/users\/6"}],"replies":[{"embeddable":true,"href":"https:\/\/www.facet.unt.edu.ar\/secgestion\/wp-json\/wp\/v2\/comments?post=161"}],"version-history":[{"count":1,"href":"https:\/\/www.facet.unt.edu.ar\/secgestion\/wp-json\/wp\/v2\/pages\/161\/revisions"}],"predecessor-version":[{"id":162,"href":"https:\/\/www.facet.unt.edu.ar\/secgestion\/wp-json\/wp\/v2\/pages\/161\/revisions\/162"}],"wp:attachment":[{"href":"https:\/\/www.facet.unt.edu.ar\/secgestion\/wp-json\/wp\/v2\/media?parent=161"}],"curies":[{"name":"wp","href":"https:\/\/api.w.org\/{rel}","templated":true}]}}