{"id":163,"date":"2015-03-16T22:21:12","date_gmt":"2015-03-17T01:21:12","guid":{"rendered":"https:\/\/www.facet.unt.edu.ar\/secgestion\/?page_id=163"},"modified":"2015-03-16T22:21:12","modified_gmt":"2015-03-17T01:21:12","slug":"curso-de-redaccion-de-tesis","status":"publish","type":"page","link":"https:\/\/www.facet.unt.edu.ar\/secgestion\/curso-de-redaccion-de-tesis\/","title":{"rendered":"Curso de Redacci\u00f3n de Tesis"},"content":{"rendered":"<p>El curso se realizar\u00e1 los d\u00edas <b>29 y 31 de Agosto<\/b> del corriente a\u00f1o, de 8 a 12:30 hs., en la Sala de Audiovisuales, 1er. Piso Block Decanato, de la Facultad de Ciencias Exactas y Tecnolog\u00eda de la UNT, Av. Independencia 1800.<\/p>\n<p>Disertante: Dra. Ricarda Hirte<\/p>\n<p>Duraci\u00f3n: 10 hs. c\u00e1tedra.<\/p>\n<p>Cupo: 40<\/p>\n<p><a href=\"http:\/\/www1.herrera.unt.edu.ar\/faceyt\/secgestion\/files\/Curso-Tesis.jpg\"><img decoding=\"async\" loading=\"lazy\" class=\"aligncenter size-medium wp-image-149\" src=\"http:\/\/www1.herrera.unt.edu.ar\/faceyt\/secgestion\/files\/Curso-Tesis-212x300.jpg\" alt=\"Curso Redacci\u00f3n de Tesis\" width=\"212\" height=\"300\" \/><\/a><\/p>\n","protected":false},"excerpt":{"rendered":"<p>El curso se realizar\u00e1 los d\u00edas 29 y 31 de Agosto del corriente a\u00f1o, de 8 a 12:30 hs., en la Sala de Audiovisuales, 1er. Piso Block Decanato, de la Facultad de Ciencias Exactas y Tecnolog\u00eda de la UNT, Av. Independencia 1800. Disertante: Dra. Ricarda Hirte Duraci\u00f3n: 10 hs. c\u00e1tedra. Cupo: 40<\/p>\n","protected":false},"author":6,"featured_media":0,"parent":0,"menu_order":0,"comment_status":"closed","ping_status":"closed","template":"","meta":[],"_links":{"self":[{"href":"https:\/\/www.facet.unt.edu.ar\/secgestion\/wp-json\/wp\/v2\/pages\/163"}],"collection":[{"href":"https:\/\/www.facet.unt.edu.ar\/secgestion\/wp-json\/wp\/v2\/pages"}],"about":[{"href":"https:\/\/www.facet.unt.edu.ar\/secgestion\/wp-json\/wp\/v2\/types\/page"}],"author":[{"embeddable":true,"href":"https:\/\/www.facet.unt.edu.ar\/secgestion\/wp-json\/wp\/v2\/users\/6"}],"replies":[{"embeddable":true,"href":"https:\/\/www.facet.unt.edu.ar\/secgestion\/wp-json\/wp\/v2\/comments?post=163"}],"version-history":[{"count":1,"href":"https:\/\/www.facet.unt.edu.ar\/secgestion\/wp-json\/wp\/v2\/pages\/163\/revisions"}],"predecessor-version":[{"id":164,"href":"https:\/\/www.facet.unt.edu.ar\/secgestion\/wp-json\/wp\/v2\/pages\/163\/revisions\/164"}],"wp:attachment":[{"href":"https:\/\/www.facet.unt.edu.ar\/secgestion\/wp-json\/wp\/v2\/media?parent=163"}],"curies":[{"name":"wp","href":"https:\/\/api.w.org\/{rel}","templated":true}]}}