{"id":165,"date":"2015-03-16T22:22:03","date_gmt":"2015-03-17T01:22:03","guid":{"rendered":"https:\/\/www.facet.unt.edu.ar\/secgestion\/?page_id=165"},"modified":"2015-03-16T22:22:03","modified_gmt":"2015-03-17T01:22:03","slug":"curso-liderazgo-situacional-formacion-y-coordinacion-de-grupos-de-trabajo","status":"publish","type":"page","link":"https:\/\/www.facet.unt.edu.ar\/secgestion\/curso-liderazgo-situacional-formacion-y-coordinacion-de-grupos-de-trabajo\/","title":{"rendered":"Curso Liderazgo Situacional \u2013 Formaci\u00f3n y Coordinaci\u00f3n de Grupos de Trabajo"},"content":{"rendered":"<p>El curso se llevar\u00e1 a cabo los d\u00edas <b>27, 28 y 30 de Agosto<\/b> del corriente a\u00f1o, en el horario de 9 a 13 hs., en la Sala de Audiovisuales, 1er. Piso Block Decanato de la Facultad de Ciencias Exactas y Tecnolog\u00eda de la UNT, Av. Independencia 1800.<\/p>\n<p>Disertante: Ing. Manuel Eduardo Budeguer.<\/p>\n<p>Duraci\u00f3n: 12 hs.<\/p>\n<p>Cupo: 25<\/p>\n<p><a href=\"http:\/\/www1.herrera.unt.edu.ar\/faceyt\/secgestion\/files\/Curso-Liderazgo.jpg\"><img decoding=\"async\" loading=\"lazy\" class=\"aligncenter size-medium wp-image-144\" src=\"http:\/\/www1.herrera.unt.edu.ar\/faceyt\/secgestion\/files\/Curso-Liderazgo-212x300.jpg\" alt=\"Curso Liderazgo Situacional\" width=\"212\" height=\"300\" \/><\/a><\/p>\n","protected":false},"excerpt":{"rendered":"<p>El curso se llevar\u00e1 a cabo los d\u00edas 27, 28 y 30 de Agosto del corriente a\u00f1o, en el horario de 9 a 13 hs., en la Sala de Audiovisuales, 1er. Piso Block Decanato de la Facultad de Ciencias Exactas y Tecnolog\u00eda de la UNT, Av. Independencia 1800. Disertante: Ing. Manuel Eduardo Budeguer. Duraci\u00f3n: 12 [&hellip;]<\/p>\n","protected":false},"author":6,"featured_media":0,"parent":0,"menu_order":0,"comment_status":"closed","ping_status":"closed","template":"","meta":[],"_links":{"self":[{"href":"https:\/\/www.facet.unt.edu.ar\/secgestion\/wp-json\/wp\/v2\/pages\/165"}],"collection":[{"href":"https:\/\/www.facet.unt.edu.ar\/secgestion\/wp-json\/wp\/v2\/pages"}],"about":[{"href":"https:\/\/www.facet.unt.edu.ar\/secgestion\/wp-json\/wp\/v2\/types\/page"}],"author":[{"embeddable":true,"href":"https:\/\/www.facet.unt.edu.ar\/secgestion\/wp-json\/wp\/v2\/users\/6"}],"replies":[{"embeddable":true,"href":"https:\/\/www.facet.unt.edu.ar\/secgestion\/wp-json\/wp\/v2\/comments?post=165"}],"version-history":[{"count":2,"href":"https:\/\/www.facet.unt.edu.ar\/secgestion\/wp-json\/wp\/v2\/pages\/165\/revisions"}],"predecessor-version":[{"id":167,"href":"https:\/\/www.facet.unt.edu.ar\/secgestion\/wp-json\/wp\/v2\/pages\/165\/revisions\/167"}],"wp:attachment":[{"href":"https:\/\/www.facet.unt.edu.ar\/secgestion\/wp-json\/wp\/v2\/media?parent=165"}],"curies":[{"name":"wp","href":"https:\/\/api.w.org\/{rel}","templated":true}]}}