{"id":171,"date":"2015-03-16T22:24:11","date_gmt":"2015-03-17T01:24:11","guid":{"rendered":"https:\/\/www.facet.unt.edu.ar\/secgestion\/?page_id=171"},"modified":"2015-03-16T22:24:11","modified_gmt":"2015-03-17T01:24:11","slug":"curso-de-mantenimiento-industrial-mecanica","status":"publish","type":"page","link":"https:\/\/www.facet.unt.edu.ar\/secgestion\/curso-de-mantenimiento-industrial-mecanica\/","title":{"rendered":"Curso de Mantenimiento Industrial-Mec\u00e1nica"},"content":{"rendered":"<div class=\"post-bodycopy clearfix\">\n<p>La C\u00e1tedra de Elementos y Proyectos\u00a0M\u00e1quinas del Departamento de Ingenier\u00eda Mec\u00e1nica de la Facultad de Ciencias Exactas y Tecnolog\u00eda de la Universidad Nacional de Tucum\u00e1n, tiene el agrado de invitarlos a participar del \u201c<b>Curso de Mantenimiento Industrial-Nuevas Tendencias\u201d\u00a0<\/b>que ha organizado para los d\u00edas <b>9, 10 y 11 de Septiembre <\/b>del corriente a\u00f1o<i>.<\/i><\/p>\n<div id=\"dc_vk_code\">\n<p>La informaci\u00f3n necesaria est\u00e1 en el archivo adjunto: \u2013 <a href=\"http:\/\/http:\/\/www1.herrera.unt.edu.ar\/facetinforma\/wp-content\/uploads\/2013\/08\/Curso-Mantenimiento-Industrial-FACET-2013.pdf\" target=\"_blank\">Curso Mantenimiento Industrial FACET 2013.pdf<\/a><\/p>\n<p>La pre-inscripci\u00f3n puede realizarse v\u00eda web accediendo al link:<\/p>\n<p><a href=\"https:\/\/docs.google.com\/forms\/d\/18PCNaUTp22kE-3_4ve2kcZ6gecyqV_tsc4mgNJc_5no\/viewform\" target=\"_blank\">https:\/\/docs.google.com\/forms\/d\/18PCNaUTp22kE-3_4ve2kcZ6gecyqV_tsc4mgNJc_5no\/viewform<\/a><\/p>\n<\/div>\n<\/div>\n","protected":false},"excerpt":{"rendered":"<p>La C\u00e1tedra de Elementos y Proyectos\u00a0M\u00e1quinas del Departamento de Ingenier\u00eda Mec\u00e1nica de la Facultad de Ciencias Exactas y Tecnolog\u00eda de la Universidad Nacional de Tucum\u00e1n, tiene el agrado de invitarlos a participar del \u201cCurso de Mantenimiento Industrial-Nuevas Tendencias\u201d\u00a0que ha organizado para los d\u00edas 9, 10 y 11 de Septiembre del corriente a\u00f1o. La informaci\u00f3n necesaria [&hellip;]<\/p>\n","protected":false},"author":6,"featured_media":0,"parent":0,"menu_order":0,"comment_status":"closed","ping_status":"closed","template":"","meta":[],"_links":{"self":[{"href":"https:\/\/www.facet.unt.edu.ar\/secgestion\/wp-json\/wp\/v2\/pages\/171"}],"collection":[{"href":"https:\/\/www.facet.unt.edu.ar\/secgestion\/wp-json\/wp\/v2\/pages"}],"about":[{"href":"https:\/\/www.facet.unt.edu.ar\/secgestion\/wp-json\/wp\/v2\/types\/page"}],"author":[{"embeddable":true,"href":"https:\/\/www.facet.unt.edu.ar\/secgestion\/wp-json\/wp\/v2\/users\/6"}],"replies":[{"embeddable":true,"href":"https:\/\/www.facet.unt.edu.ar\/secgestion\/wp-json\/wp\/v2\/comments?post=171"}],"version-history":[{"count":2,"href":"https:\/\/www.facet.unt.edu.ar\/secgestion\/wp-json\/wp\/v2\/pages\/171\/revisions"}],"predecessor-version":[{"id":173,"href":"https:\/\/www.facet.unt.edu.ar\/secgestion\/wp-json\/wp\/v2\/pages\/171\/revisions\/173"}],"wp:attachment":[{"href":"https:\/\/www.facet.unt.edu.ar\/secgestion\/wp-json\/wp\/v2\/media?parent=171"}],"curies":[{"name":"wp","href":"https:\/\/api.w.org\/{rel}","templated":true}]}}