{"id":177,"date":"2015-03-16T22:26:55","date_gmt":"2015-03-17T01:26:55","guid":{"rendered":"https:\/\/www.facet.unt.edu.ar\/secgestion\/?page_id=177"},"modified":"2015-03-16T22:26:55","modified_gmt":"2015-03-17T01:26:55","slug":"taller-de-empleabilidad","status":"publish","type":"page","link":"https:\/\/www.facet.unt.edu.ar\/secgestion\/taller-de-empleabilidad\/","title":{"rendered":"Taller de Empleabilidad"},"content":{"rendered":"<p align=\"center\"><b>COMO CONSEGUIR Y MANTENER EL EMPLEO<\/b><\/p>\n<p>El taller se llevar\u00e1 a cabo en la Sala de Audiovisuales de la FACET en las siguientes fechas y horario:<\/p>\n<p>1er. M\u00f3dulo: <b>Mi\u00e9rcoles 23\/10\/13<\/b><br \/>\n2do. M\u00f3dulo: <b>Jueves 24\/10\/13<\/b><br \/>\n3er. M\u00f3dulo: <b>Viernes 25\/10\/13<\/b><br \/>\n4to. M\u00f3dulo: <b>Mi\u00e9rcoles 30\/10\/13<\/b><\/p>\n<p>Horario: <b>19 a 22 hs.<\/b><\/p>\n<p>El disertante del taller ser\u00e1 el<b> Lic. Jos\u00e9 Mar\u00eda Blunda<\/b>.<b> <\/b><\/p>\n<p>El curso est\u00e1 dirigido a j\u00f3venes profesionales y estudiantes de los \u00faltimos a\u00f1os de Ingenier\u00eda y carreras afines.<\/p>\n<p>Para m\u00e1s informaci\u00f3n, se adjunta afiche del taller: \u2013 <a href=\"http:\/\/www1.herrera.unt.edu.ar\/faceyt\/secgestion\/files\/Afiche-Empleabilidad-2013-Mod2.pdf\" target=\"_blank\">Afiche Taller de Empleabilidad.pdf<\/a><\/p>\n","protected":false},"excerpt":{"rendered":"<p>COMO CONSEGUIR Y MANTENER EL EMPLEO El taller se llevar\u00e1 a cabo en la Sala de Audiovisuales de la FACET en las siguientes fechas y horario: 1er. M\u00f3dulo: Mi\u00e9rcoles 23\/10\/13 2do. M\u00f3dulo: Jueves 24\/10\/13 3er. M\u00f3dulo: Viernes 25\/10\/13 4to. M\u00f3dulo: Mi\u00e9rcoles 30\/10\/13 Horario: 19 a 22 hs. El disertante del taller ser\u00e1 el Lic. Jos\u00e9 [&hellip;]<\/p>\n","protected":false},"author":6,"featured_media":0,"parent":0,"menu_order":0,"comment_status":"closed","ping_status":"closed","template":"","meta":[],"_links":{"self":[{"href":"https:\/\/www.facet.unt.edu.ar\/secgestion\/wp-json\/wp\/v2\/pages\/177"}],"collection":[{"href":"https:\/\/www.facet.unt.edu.ar\/secgestion\/wp-json\/wp\/v2\/pages"}],"about":[{"href":"https:\/\/www.facet.unt.edu.ar\/secgestion\/wp-json\/wp\/v2\/types\/page"}],"author":[{"embeddable":true,"href":"https:\/\/www.facet.unt.edu.ar\/secgestion\/wp-json\/wp\/v2\/users\/6"}],"replies":[{"embeddable":true,"href":"https:\/\/www.facet.unt.edu.ar\/secgestion\/wp-json\/wp\/v2\/comments?post=177"}],"version-history":[{"count":1,"href":"https:\/\/www.facet.unt.edu.ar\/secgestion\/wp-json\/wp\/v2\/pages\/177\/revisions"}],"predecessor-version":[{"id":178,"href":"https:\/\/www.facet.unt.edu.ar\/secgestion\/wp-json\/wp\/v2\/pages\/177\/revisions\/178"}],"wp:attachment":[{"href":"https:\/\/www.facet.unt.edu.ar\/secgestion\/wp-json\/wp\/v2\/media?parent=177"}],"curies":[{"name":"wp","href":"https:\/\/api.w.org\/{rel}","templated":true}]}}