{"id":180,"date":"2015-03-16T22:28:18","date_gmt":"2015-03-17T01:28:18","guid":{"rendered":"https:\/\/www.facet.unt.edu.ar\/secgestion\/?page_id=180"},"modified":"2015-03-16T22:28:18","modified_gmt":"2015-03-17T01:28:18","slug":"conferencia-taller-el-liderazgo","status":"publish","type":"page","link":"https:\/\/www.facet.unt.edu.ar\/secgestion\/conferencia-taller-el-liderazgo\/","title":{"rendered":"Conferencia \u2013 Taller: El Liderazgo"},"content":{"rendered":"<p>Organizado por la Secretar\u00eda de Gesti\u00f3n y Extensi\u00f3n de la FACET, el pr\u00f3ximo d\u00eda Martes 19 del corriente, en la Sala de Medios Audiovisuales \u201cDr. Orlando Bravo\u201d del decanato de esta Facultad, se llevar\u00e1 a cabo la Conferencia-Taller: El Liderazgo.<\/p>\n<p>Horario: 10:30 a 13:00 Hs.<\/p>\n<p>Disertante: <b>Fernando Bach<\/b>, Empresario, Dirigente Social, Ing. Civil y Prof. de la U.N.T. (*).<\/p>\n<p>(*) Postgrado en Econom\u00eda (Beca Bco Mundial);\u00a0\u00a0Liderazgo y Desarrollo Sustentable (INCAE, Harvard en Costa Rica); Organizaci\u00f3n Educacional (Manhattan Institute N.Y. y en Univ. Del Desarrollo, Chile);\u00a0\u00a0Responsabilidad Social Empresaria\u00a0(Universidades Jesuitas: Javeriana de Bogot\u00e1 y Boston Collage).<\/p>\n<p>Desarrollo<b>:<\/b><\/p>\n<p>* QUIEN ES UN(A) \u201cL\u00cdDER\u201d<\/p>\n<p>* ESCUELA DE LIDERAZGO<\/p>\n<p>* LIDERAZGO PARA QU\u00c9<\/p>\n<p>* INGENIER\u00cdA Y LIDERAZGO<\/p>\n<p>* EL L\u00cdDER PARA PROCESOS DE CAMBIOS<\/p>\n<p>* SOCIEDADES SUSTENTABLES<\/p>\n<p>La entrada es libre y gratuita y se otorgar\u00e1n certificados de asistencia.<\/p>\n<p><a href=\"http:\/\/www1.herrera.unt.edu.ar\/faceyt\/secgestion\/files\/Afiche-conferencia-Liderazgo2.png\"><img decoding=\"async\" loading=\"lazy\" class=\"aligncenter size-large wp-image-228\" src=\"http:\/\/www1.herrera.unt.edu.ar\/faceyt\/secgestion\/files\/Afiche-conferencia-Liderazgo2-724x1024.png\" alt=\"Afiche Conferencia El Liderazgo2\" width=\"286\" height=\"405\" \/><\/a><\/p>\n","protected":false},"excerpt":{"rendered":"<p>Organizado por la Secretar\u00eda de Gesti\u00f3n y Extensi\u00f3n de la FACET, el pr\u00f3ximo d\u00eda Martes 19 del corriente, en la Sala de Medios Audiovisuales \u201cDr. Orlando Bravo\u201d del decanato de esta Facultad, se llevar\u00e1 a cabo la Conferencia-Taller: El Liderazgo. Horario: 10:30 a 13:00 Hs. Disertante: Fernando Bach, Empresario, Dirigente Social, Ing. Civil y Prof. [&hellip;]<\/p>\n","protected":false},"author":6,"featured_media":0,"parent":0,"menu_order":0,"comment_status":"closed","ping_status":"closed","template":"","meta":[],"_links":{"self":[{"href":"https:\/\/www.facet.unt.edu.ar\/secgestion\/wp-json\/wp\/v2\/pages\/180"}],"collection":[{"href":"https:\/\/www.facet.unt.edu.ar\/secgestion\/wp-json\/wp\/v2\/pages"}],"about":[{"href":"https:\/\/www.facet.unt.edu.ar\/secgestion\/wp-json\/wp\/v2\/types\/page"}],"author":[{"embeddable":true,"href":"https:\/\/www.facet.unt.edu.ar\/secgestion\/wp-json\/wp\/v2\/users\/6"}],"replies":[{"embeddable":true,"href":"https:\/\/www.facet.unt.edu.ar\/secgestion\/wp-json\/wp\/v2\/comments?post=180"}],"version-history":[{"count":1,"href":"https:\/\/www.facet.unt.edu.ar\/secgestion\/wp-json\/wp\/v2\/pages\/180\/revisions"}],"predecessor-version":[{"id":181,"href":"https:\/\/www.facet.unt.edu.ar\/secgestion\/wp-json\/wp\/v2\/pages\/180\/revisions\/181"}],"wp:attachment":[{"href":"https:\/\/www.facet.unt.edu.ar\/secgestion\/wp-json\/wp\/v2\/media?parent=180"}],"curies":[{"name":"wp","href":"https:\/\/api.w.org\/{rel}","templated":true}]}}