{"id":182,"date":"2015-03-16T22:29:45","date_gmt":"2015-03-17T01:29:45","guid":{"rendered":"https:\/\/www.facet.unt.edu.ar\/secgestion\/?page_id=182"},"modified":"2015-03-16T22:29:45","modified_gmt":"2015-03-17T01:29:45","slug":"capacitacion-para-sofocar-incendios","status":"publish","type":"page","link":"https:\/\/www.facet.unt.edu.ar\/secgestion\/capacitacion-para-sofocar-incendios\/","title":{"rendered":"Capacitaci\u00f3n para Sofocar Incendios"},"content":{"rendered":"<div class=\"post-bodycopy clearfix\">\n<p>El d\u00eda Viernes 14 del corriente mes, en el Taller de Mec\u00e1nica de la FACET, se llev\u00f3 a cabo una capacitaci\u00f3n sobre extinci\u00f3n de incendios y evacuaci\u00f3n del personal destinado a los laboratorios y talleres del Sector Este de esta Facultad.<\/p>\n<p>Dicha actividad se realiz\u00f3 como parte de la pol\u00edtica de mejora continua que lleva a cabo la Comisi\u00f3n de Seguridad y Salud Ocupacional (SySO) de la Facultad de Ciencias Exactas y Tecnolog\u00eda\u00a0 y cont\u00f3 con la presencia de docentes, alumnos y personal de apoyo de las siguientes dependencias:<\/p>\n<ul>\n<li>Departamento. Luminotecnia, Luz y Visi\u00f3n<\/li>\n<li>Laboratorio de Ensayo de Materiales<\/li>\n<li>Taller de Mec\u00e1nica<\/li>\n<li>Laboratorio de Const. Hidr\u00e1ulicas<\/li>\n<li>Inst. de Alta Tensi\u00f3n y Transmisi\u00f3n de Energ\u00eda<\/li>\n<li>Servicio de Vigilancia<\/li>\n<li>\u00c1rea Seguridad y Gesti\u00f3n Institucional FACET<\/li>\n<li>Taller de Mec\u00e1nica<\/li>\n<li>Laboratorio de Instrumentaci\u00f3n Industrial<\/li>\n<li>Intendencia FACET<\/li>\n<li>Dir. Administrativa, Mantenimiento y Funciones FACET<\/li>\n<li>Rectorado \u2013 Higiene y Seguridad Laboral<\/li>\n<li>Laboratorio de Mec\u00e1nica de Suelos<\/li>\n<li>Laboratorio de T\u00e9cnicas Satelitales<\/li>\n<\/ul>\n<p>Durante el mismo, el Consultor Externo, experto en incendios y t\u00e9cnicas de rescate, Sr. Carlos Cambera contratado por la FACET para tal fin, desarroll\u00f3 de manera te\u00f3rico pr\u00e1ctica conocimientos y metodolog\u00edas destinadas a morigerar el riesgo frente a un incendio.<\/p>\n<p>Pr\u00f3ximamente, se brindar\u00e1 una nueva capacitaci\u00f3n destinada a laboratorios y talleres ubicados en los cuatro bloques que ocupa nuestra unidad acad\u00e9mica.<\/p>\n<p><a href=\"http:\/\/www1.herrera.unt.edu.ar\/faceyt\/secgestion\/files\/Capacitaci%C3%B3n.jpg\"><img decoding=\"async\" loading=\"lazy\" class=\"aligncenter size-full wp-image-241\" src=\"http:\/\/www1.herrera.unt.edu.ar\/faceyt\/secgestion\/files\/Capacitaci%C3%B3n.jpg\" alt=\"Capacitaci\u00f3n para sofocar incendios\" width=\"700\" height=\"772\" \/><\/a><\/p>\n<div id=\"dc_vk_code\"><a href=\"http:\/\/www.erolesweb.com\/facet\/wp-content\/uploads\/2014\/03\/Simulacro-de-Sofocacion-de-fuego.mp4\" target=\"_blank\">Simulacro de Sofocaci\u00f3n de Incendios<\/a> (Video)<\/div>\n<\/div>\n","protected":false},"excerpt":{"rendered":"<p>El d\u00eda Viernes 14 del corriente mes, en el Taller de Mec\u00e1nica de la FACET, se llev\u00f3 a cabo una capacitaci\u00f3n sobre extinci\u00f3n de incendios y evacuaci\u00f3n del personal destinado a los laboratorios y talleres del Sector Este de esta Facultad. Dicha actividad se realiz\u00f3 como parte de la pol\u00edtica de mejora continua que lleva [&hellip;]<\/p>\n","protected":false},"author":6,"featured_media":0,"parent":0,"menu_order":0,"comment_status":"closed","ping_status":"closed","template":"","meta":[],"_links":{"self":[{"href":"https:\/\/www.facet.unt.edu.ar\/secgestion\/wp-json\/wp\/v2\/pages\/182"}],"collection":[{"href":"https:\/\/www.facet.unt.edu.ar\/secgestion\/wp-json\/wp\/v2\/pages"}],"about":[{"href":"https:\/\/www.facet.unt.edu.ar\/secgestion\/wp-json\/wp\/v2\/types\/page"}],"author":[{"embeddable":true,"href":"https:\/\/www.facet.unt.edu.ar\/secgestion\/wp-json\/wp\/v2\/users\/6"}],"replies":[{"embeddable":true,"href":"https:\/\/www.facet.unt.edu.ar\/secgestion\/wp-json\/wp\/v2\/comments?post=182"}],"version-history":[{"count":1,"href":"https:\/\/www.facet.unt.edu.ar\/secgestion\/wp-json\/wp\/v2\/pages\/182\/revisions"}],"predecessor-version":[{"id":183,"href":"https:\/\/www.facet.unt.edu.ar\/secgestion\/wp-json\/wp\/v2\/pages\/182\/revisions\/183"}],"wp:attachment":[{"href":"https:\/\/www.facet.unt.edu.ar\/secgestion\/wp-json\/wp\/v2\/media?parent=182"}],"curies":[{"name":"wp","href":"https:\/\/api.w.org\/{rel}","templated":true}]}}