{"id":200,"date":"2015-06-17T20:56:46","date_gmt":"2015-06-17T23:56:46","guid":{"rendered":"https:\/\/www.facet.unt.edu.ar\/secgestion\/?page_id=200"},"modified":"2015-06-17T20:56:46","modified_gmt":"2015-06-17T23:56:46","slug":"1ra-jornada-inti-unt-fomento-al-uso-de-la-biomasa-como-recurso-energetico-en-el-noa","status":"publish","type":"page","link":"https:\/\/www.facet.unt.edu.ar\/secgestion\/1ra-jornada-inti-unt-fomento-al-uso-de-la-biomasa-como-recurso-energetico-en-el-noa\/","title":{"rendered":"1ra Jornada INTI-UNT \u201cFomento al uso de la biomasa como recurso energ\u00e9tico en el NOA"},"content":{"rendered":"<div>\n<p>El d\u00eda jueves 18 de Junio se llevar\u00e1 a cabo la <strong>1ra Jornada INTI-UNT \u201cFomento al uso de la biomasa como recurso energ\u00e9tico en el NOA\u201d<\/strong>, en el Aula Multimedia del Dpto. de Construcciones y Obras Civiles, Planta Baja, Block 4 de la Facultad de Ciencias Exactas y Tecnolog\u00eda de la UNT.<span id=\"more-8335\"><\/span><\/p>\n<p>En la jornada expondr\u00e1n cient\u00edficos y profesores que trabajan en energ\u00edas renovables y en conjunto con el INTI se debatir\u00e1n ideas para futuros proyectos e involucrar en el tema a j\u00f3venes profesionales de diferentes especialidades.<\/p>\n<p><u>Programa de la jornada<\/u>:<br \/>\n9:00: Acreditaci\u00f3n<\/p>\n<p>9:30: \u201cValorizaci\u00f3n Energ\u00e9tica de Recursos Agro y Foresto Industriales \u2013 Usos y Tecnolog\u00edas de Aprovechamiento\u201d<br \/>\n<u>Disertantes<\/u>:<br \/>\nIng. Guillermo Mart\u00ednez Pulido \u2013 INTI Tucum\u00e1n<br \/>\nIng. Mart\u00edn Rearte \u2013 INTI Tucum\u00e1n<\/p>\n<p>10:30 Break<\/p>\n<p>11:00 \u201cDesarrollo de negocios sustentables basados en la utilizaci\u00f3n de biomasa como recurso energ\u00e9tico\u201d<br \/>\n<u>Disertante<\/u>: Ing. Miguel Broto Cartagena \u2013 Experto Uni\u00f3n Europea<\/p>\n<p>La entrada es libre y gratuita.<\/p>\n<p><a href=\"https:\/\/www.facet.unt.edu.ar\/secgestion\/wp-content\/uploads\/sites\/24\/2015\/06\/AFICHE-JORNADA.jpg\" target=\"_blank\"><img decoding=\"async\" loading=\"lazy\" class=\"aligncenter wp-image-201 size-large\" src=\"https:\/\/www.facet.unt.edu.ar\/secgestion\/wp-content\/uploads\/sites\/24\/2015\/06\/AFICHE-JORNADA-725x1024.jpg\" alt=\"AFICHE JORNADA\" width=\"720\" height=\"1017\" srcset=\"https:\/\/www.facet.unt.edu.ar\/secgestion\/wp-content\/uploads\/sites\/24\/2015\/06\/AFICHE-JORNADA-725x1024.jpg 725w, https:\/\/www.facet.unt.edu.ar\/secgestion\/wp-content\/uploads\/sites\/24\/2015\/06\/AFICHE-JORNADA-212x300.jpg 212w, https:\/\/www.facet.unt.edu.ar\/secgestion\/wp-content\/uploads\/sites\/24\/2015\/06\/AFICHE-JORNADA.jpg 1000w\" sizes=\"(max-width: 720px) 100vw, 720px\" \/><\/a><\/p>\n<\/div>\n","protected":false},"excerpt":{"rendered":"<p>El d\u00eda jueves 18 de Junio se llevar\u00e1 a cabo la 1ra Jornada INTI-UNT \u201cFomento al uso de la biomasa como recurso energ\u00e9tico en el NOA\u201d, en el Aula Multimedia del Dpto. de Construcciones y Obras Civiles, Planta Baja, Block 4 de la Facultad de Ciencias Exactas y Tecnolog\u00eda de la UNT. En la jornada [&hellip;]<\/p>\n","protected":false},"author":6,"featured_media":0,"parent":0,"menu_order":0,"comment_status":"closed","ping_status":"closed","template":"","meta":[],"_links":{"self":[{"href":"https:\/\/www.facet.unt.edu.ar\/secgestion\/wp-json\/wp\/v2\/pages\/200"}],"collection":[{"href":"https:\/\/www.facet.unt.edu.ar\/secgestion\/wp-json\/wp\/v2\/pages"}],"about":[{"href":"https:\/\/www.facet.unt.edu.ar\/secgestion\/wp-json\/wp\/v2\/types\/page"}],"author":[{"embeddable":true,"href":"https:\/\/www.facet.unt.edu.ar\/secgestion\/wp-json\/wp\/v2\/users\/6"}],"replies":[{"embeddable":true,"href":"https:\/\/www.facet.unt.edu.ar\/secgestion\/wp-json\/wp\/v2\/comments?post=200"}],"version-history":[{"count":1,"href":"https:\/\/www.facet.unt.edu.ar\/secgestion\/wp-json\/wp\/v2\/pages\/200\/revisions"}],"predecessor-version":[{"id":202,"href":"https:\/\/www.facet.unt.edu.ar\/secgestion\/wp-json\/wp\/v2\/pages\/200\/revisions\/202"}],"wp:attachment":[{"href":"https:\/\/www.facet.unt.edu.ar\/secgestion\/wp-json\/wp\/v2\/media?parent=200"}],"curies":[{"name":"wp","href":"https:\/\/api.w.org\/{rel}","templated":true}]}}