{"id":204,"date":"2015-06-17T21:03:09","date_gmt":"2015-06-18T00:03:09","guid":{"rendered":"https:\/\/www.facet.unt.edu.ar\/secgestion\/?page_id=204"},"modified":"2015-06-17T21:03:09","modified_gmt":"2015-06-18T00:03:09","slug":"semana-de-la-ingenieria-argentina-agenda-de-actividades-2015","status":"publish","type":"page","link":"https:\/\/www.facet.unt.edu.ar\/secgestion\/semana-de-la-ingenieria-argentina-agenda-de-actividades-2015\/","title":{"rendered":"Semana de la Ingenier\u00eda Argentina &#8211; Agenda de Actividades 2015"},"content":{"rendered":"<div>La Facultad de Ciencias Exactas y Tecnolog\u00eda invita a toda su comunidad a participar de los eventos en la Semana de la Ingenier\u00eda Argentina.<br \/>\nTodas las conferencias y charlas son de entrada libre y gratuita.<\/div>\n<div><a href=\"https:\/\/www.facet.unt.edu.ar\/secgestion\/wp-content\/uploads\/sites\/24\/2015\/06\/AGENDA-DE-ACTIVIDADES-2015.jpg\"><img decoding=\"async\" loading=\"lazy\" class=\"aligncenter size-full wp-image-205\" src=\"https:\/\/www.facet.unt.edu.ar\/secgestion\/wp-content\/uploads\/sites\/24\/2015\/06\/AGENDA-DE-ACTIVIDADES-2015.jpg\" alt=\"AGENDA-DE-ACTIVIDADES-2015\" width=\"750\" height=\"824\" srcset=\"https:\/\/www.facet.unt.edu.ar\/secgestion\/wp-content\/uploads\/sites\/24\/2015\/06\/AGENDA-DE-ACTIVIDADES-2015.jpg 750w, https:\/\/www.facet.unt.edu.ar\/secgestion\/wp-content\/uploads\/sites\/24\/2015\/06\/AGENDA-DE-ACTIVIDADES-2015-273x300.jpg 273w\" sizes=\"(max-width: 750px) 100vw, 750px\" \/><\/a><\/div>\n","protected":false},"excerpt":{"rendered":"<p>La Facultad de Ciencias Exactas y Tecnolog\u00eda invita a toda su comunidad a participar de los eventos en la Semana de la Ingenier\u00eda Argentina. Todas las conferencias y charlas son de entrada libre y gratuita.<\/p>\n","protected":false},"author":6,"featured_media":0,"parent":0,"menu_order":0,"comment_status":"closed","ping_status":"closed","template":"","meta":[],"_links":{"self":[{"href":"https:\/\/www.facet.unt.edu.ar\/secgestion\/wp-json\/wp\/v2\/pages\/204"}],"collection":[{"href":"https:\/\/www.facet.unt.edu.ar\/secgestion\/wp-json\/wp\/v2\/pages"}],"about":[{"href":"https:\/\/www.facet.unt.edu.ar\/secgestion\/wp-json\/wp\/v2\/types\/page"}],"author":[{"embeddable":true,"href":"https:\/\/www.facet.unt.edu.ar\/secgestion\/wp-json\/wp\/v2\/users\/6"}],"replies":[{"embeddable":true,"href":"https:\/\/www.facet.unt.edu.ar\/secgestion\/wp-json\/wp\/v2\/comments?post=204"}],"version-history":[{"count":1,"href":"https:\/\/www.facet.unt.edu.ar\/secgestion\/wp-json\/wp\/v2\/pages\/204\/revisions"}],"predecessor-version":[{"id":206,"href":"https:\/\/www.facet.unt.edu.ar\/secgestion\/wp-json\/wp\/v2\/pages\/204\/revisions\/206"}],"wp:attachment":[{"href":"https:\/\/www.facet.unt.edu.ar\/secgestion\/wp-json\/wp\/v2\/media?parent=204"}],"curies":[{"name":"wp","href":"https:\/\/api.w.org\/{rel}","templated":true}]}}