{"id":223,"date":"2015-08-04T20:58:21","date_gmt":"2015-08-04T23:58:21","guid":{"rendered":"https:\/\/www.facet.unt.edu.ar\/secgestion\/?page_id=223"},"modified":"2015-08-04T21:00:25","modified_gmt":"2015-08-05T00:00:25","slug":"24-horas-de-innovacion-facet","status":"publish","type":"page","link":"https:\/\/www.facet.unt.edu.ar\/secgestion\/24-horas-de-innovacion-facet\/","title":{"rendered":"24 Horas de Innovaci\u00f3n FACET"},"content":{"rendered":"<div>\n<div><a href=\"https:\/\/www.facet.unt.edu.ar\/facetinforma\/wp-content\/uploads\/sites\/9\/2015\/05\/unnamed1.png\"><img decoding=\"async\" loading=\"lazy\" class=\"aligncenter  wp-image-8040\" src=\"https:\/\/www.facet.unt.edu.ar\/facetinforma\/wp-content\/uploads\/sites\/9\/2015\/05\/unnamed1.png\" alt=\"unnamed\" width=\"202\" height=\"97\" \/><\/a><\/div>\n<p>Con amplia participaci\u00f3n de estudiantes y marcado \u00e9xito, se desarroll\u00f3 durante los d\u00edas 26 y 27 de Mayo en la Facultad de Ciencias Exactas y Tecnolog\u00eda de la UNT la competencia internacional \u201c24 horas de Innovaci\u00f3n\u201d, tras lo cual ocho equipos de esta unidad acad\u00e9mica, m\u00e1s cuatro equipos pertenecientes al Bur\u00f3 Coworking Tucum\u00e1n representaron a nuestra provincia en el certamen.\u00a0\u00a0 <span id=\"more-8064\"><\/span><\/p>\n<p>El equipo ganador de la FACET estuvo integrado por estudiantes de las Carreras de Ingenier\u00eda Industrial, Qu\u00edmica y Mec\u00e1nica, ellos son: Luis Iv\u00e1n Acevedo; Carlos Chamut; Ricardo Lord; Christian Otero y Leonardo Miguel Segu\u00ed, bajo el seud\u00f3nimo Norte ARG con el trabajo Aerogeneradores.<\/p>\n<p>El video del equipo ganador lo puede ver en el siguiente link:<br \/>\n<a href=\"https:\/\/youtu.be\/XBEKNlEKVVU?list=PLOXzJ0VWxycTkkotb2NhdQHT52a8Kk2kl\" target=\"_blank\"> https:\/\/youtu.be\/XBEKNlEKVVU?list=PLOXzJ0VWxycTkkotb2NhdQHT52a8Kk2kl<\/a><\/p>\n<div>\n<table class=\"footable-loaded footable\">\n<tbody>\n<tr>\n<td><a href=\"https:\/\/www.facet.unt.edu.ar\/facetinforma\/wp-content\/uploads\/sites\/9\/2015\/05\/IMG_20150526_100733160_HDR.jpg\"><img decoding=\"async\" loading=\"lazy\" class=\"aligncenter  wp-image-8065\" src=\"https:\/\/www.facet.unt.edu.ar\/facetinforma\/wp-content\/uploads\/sites\/9\/2015\/05\/IMG_20150526_100733160_HDR-1024x576.jpg\" alt=\"IMG_20150526_100733160_HDR\" width=\"446\" height=\"251\" \/><\/a>Apertura del evento \u201c24 hs de Innovaci\u00f3n\u201d en la Sala de Audiovisuales \u2013\u00a0 FACET<\/td>\n<td><a href=\"https:\/\/www.facet.unt.edu.ar\/facetinforma\/wp-content\/uploads\/sites\/9\/2015\/05\/20150527_091123.jpg\"><img decoding=\"async\" loading=\"lazy\" class=\"aligncenter  wp-image-8068\" src=\"https:\/\/www.facet.unt.edu.ar\/facetinforma\/wp-content\/uploads\/sites\/9\/2015\/05\/20150527_091123-1024x768.jpg\" alt=\"20150527_091123\" width=\"332\" height=\"249\" \/><\/a>Jurado del evento en la sede del Bur\u00f3 Coworking<\/td>\n<\/tr>\n<tr>\n<td style=\"text-align: center\" colspan=\"2\"><a href=\"https:\/\/www.facet.unt.edu.ar\/facetinforma\/wp-content\/uploads\/sites\/9\/2015\/05\/IMG_20150527_102216419.jpg\"><img decoding=\"async\" loading=\"lazy\" class=\"aligncenter  wp-image-8067\" src=\"https:\/\/www.facet.unt.edu.ar\/facetinforma\/wp-content\/uploads\/sites\/9\/2015\/05\/IMG_20150527_102216419-1024x576.jpg\" alt=\"IMG_20150527_102216419\" width=\"545\" height=\"306\" \/><\/a>Equipo ganador \u201cNorte ARG\u201d junto al Ing. Carlos A. Rodr\u00edguez<\/td>\n<\/tr>\n<\/tbody>\n<\/table>\n<\/div>\n<\/div>\n","protected":false},"excerpt":{"rendered":"<p>Con amplia participaci\u00f3n de estudiantes y marcado \u00e9xito, se desarroll\u00f3 durante los d\u00edas 26 y 27 de Mayo en la Facultad de Ciencias Exactas y Tecnolog\u00eda de la UNT la competencia internacional \u201c24 horas de Innovaci\u00f3n\u201d, tras lo cual ocho equipos de esta unidad acad\u00e9mica, m\u00e1s cuatro equipos pertenecientes al Bur\u00f3 Coworking Tucum\u00e1n representaron a [&hellip;]<\/p>\n","protected":false},"author":6,"featured_media":0,"parent":0,"menu_order":0,"comment_status":"closed","ping_status":"closed","template":"","meta":[],"_links":{"self":[{"href":"https:\/\/www.facet.unt.edu.ar\/secgestion\/wp-json\/wp\/v2\/pages\/223"}],"collection":[{"href":"https:\/\/www.facet.unt.edu.ar\/secgestion\/wp-json\/wp\/v2\/pages"}],"about":[{"href":"https:\/\/www.facet.unt.edu.ar\/secgestion\/wp-json\/wp\/v2\/types\/page"}],"author":[{"embeddable":true,"href":"https:\/\/www.facet.unt.edu.ar\/secgestion\/wp-json\/wp\/v2\/users\/6"}],"replies":[{"embeddable":true,"href":"https:\/\/www.facet.unt.edu.ar\/secgestion\/wp-json\/wp\/v2\/comments?post=223"}],"version-history":[{"count":4,"href":"https:\/\/www.facet.unt.edu.ar\/secgestion\/wp-json\/wp\/v2\/pages\/223\/revisions"}],"predecessor-version":[{"id":228,"href":"https:\/\/www.facet.unt.edu.ar\/secgestion\/wp-json\/wp\/v2\/pages\/223\/revisions\/228"}],"wp:attachment":[{"href":"https:\/\/www.facet.unt.edu.ar\/secgestion\/wp-json\/wp\/v2\/media?parent=223"}],"curies":[{"name":"wp","href":"https:\/\/api.w.org\/{rel}","templated":true}]}}