{"id":260,"date":"2015-08-26T11:30:02","date_gmt":"2015-08-26T14:30:02","guid":{"rendered":"https:\/\/www.facet.unt.edu.ar\/secgestion\/?page_id=260"},"modified":"2015-08-26T11:30:02","modified_gmt":"2015-08-26T14:30:02","slug":"mision","status":"publish","type":"page","link":"https:\/\/www.facet.unt.edu.ar\/secgestion\/mision\/","title":{"rendered":"MISI\u00d3N"},"content":{"rendered":"<p>Analizar, proponer y gestionar planes de acci\u00f3n destinados a incentivar la vinculaci\u00f3n activa entre Universidad, Sociedad y Empresa respetando los valores sociales, culturales, \u00e9ticos y medioambientales.<\/p>\n","protected":false},"excerpt":{"rendered":"<p>Analizar, proponer y gestionar planes de acci\u00f3n destinados a incentivar la vinculaci\u00f3n activa entre Universidad, Sociedad y Empresa respetando los valores sociales, culturales, \u00e9ticos y medioambientales.<\/p>\n","protected":false},"author":6,"featured_media":0,"parent":0,"menu_order":0,"comment_status":"closed","ping_status":"closed","template":"","meta":[],"_links":{"self":[{"href":"https:\/\/www.facet.unt.edu.ar\/secgestion\/wp-json\/wp\/v2\/pages\/260"}],"collection":[{"href":"https:\/\/www.facet.unt.edu.ar\/secgestion\/wp-json\/wp\/v2\/pages"}],"about":[{"href":"https:\/\/www.facet.unt.edu.ar\/secgestion\/wp-json\/wp\/v2\/types\/page"}],"author":[{"embeddable":true,"href":"https:\/\/www.facet.unt.edu.ar\/secgestion\/wp-json\/wp\/v2\/users\/6"}],"replies":[{"embeddable":true,"href":"https:\/\/www.facet.unt.edu.ar\/secgestion\/wp-json\/wp\/v2\/comments?post=260"}],"version-history":[{"count":1,"href":"https:\/\/www.facet.unt.edu.ar\/secgestion\/wp-json\/wp\/v2\/pages\/260\/revisions"}],"predecessor-version":[{"id":261,"href":"https:\/\/www.facet.unt.edu.ar\/secgestion\/wp-json\/wp\/v2\/pages\/260\/revisions\/261"}],"wp:attachment":[{"href":"https:\/\/www.facet.unt.edu.ar\/secgestion\/wp-json\/wp\/v2\/media?parent=260"}],"curies":[{"name":"wp","href":"https:\/\/api.w.org\/{rel}","templated":true}]}}